{"id":3824,"date":"2026-03-18T17:07:53","date_gmt":"2026-03-18T16:07:53","guid":{"rendered":"https:\/\/www.ego-3d.de\/modellbau\/?page_id=3824"},"modified":"2026-03-25T08:59:40","modified_gmt":"2026-03-25T07:59:40","slug":"stadtmodell-lindlar","status":"publish","type":"page","link":"https:\/\/www.ego-3d.de\/modellbau\/stadtmodell-lindlar\/","title":{"rendered":"Stadtmodell Lindlar"},"content":{"rendered":"<p>[et_pb_section fb_built=&#8220;1&#8243; _builder_version=&#8220;4.19.4&#8243; _module_preset=&#8220;default&#8220; background_color=&#8220;RGBA(255,255,255,0)&#8220; background_enable_image=&#8220;off&#8220; background_size=&#8220;initial&#8220; background_position=&#8220;top_center&#8220; background_repeat=&#8220;repeat-y&#8220; global_colors_info=&#8220;{}&#8220;][et_pb_row column_structure=&#8220;1_2,1_2&#8243; _builder_version=&#8220;4.19.4&#8243; _module_preset=&#8220;default&#8220; background_color=&#8220;rgba(255,255,255,0.65)&#8220; custom_margin=&#8220;0px||20px|&#8220; custom_padding=&#8220;15px|15px|15px|15px&#8220; box_shadow_style=&#8220;preset1&#8243; global_colors_info=&#8220;{}&#8220;][et_pb_column type=&#8220;1_2&#8243; _builder_version=&#8220;4.19.4&#8243; _module_preset=&#8220;default&#8220; global_colors_info=&#8220;{}&#8220;][et_pb_text _builder_version=&#8220;4.19.4&#8243; _module_preset=&#8220;default&#8220; global_colors_info=&#8220;{}&#8220;]<\/p>\n<h2 style=\"margin-bottom: 0cm;\"><strong>Stadtmodell Lindlar<\/strong><\/h2>\n<h2>Ein Blick in die Geschichte<\/h2>\n<p>[\/et_pb_text][et_pb_code _builder_version=&#8220;4.19.4&#8243; _module_preset=&#8220;default&#8220; global_colors_info=&#8220;{}&#8220;]<script><!-- [et_pb_line_break_holder] -->jQuery(document).ready(function($) {<!-- [et_pb_line_break_holder] -->    var $videoBoxes = $('.dm-autoplay-btn .et_pb_video_box');<!-- [et_pb_line_break_holder] -->    <!-- [et_pb_line_break_holder] -->    if ($videoBoxes.length !== 0) {<!-- [et_pb_line_break_holder] -->        $videoBoxes.find('video')<!-- [et_pb_line_break_holder] -->            .prop('muted', true)<!-- [et_pb_line_break_holder] -->            .prop('loop', true)<!-- [et_pb_line_break_holder] -->            .prop('playsInline', true);<!-- [et_pb_line_break_holder] -->        <!-- [et_pb_line_break_holder] -->        $videoBoxes.each(function() {<!-- [et_pb_line_break_holder] -->            this.querySelector('video').play();<!-- [et_pb_line_break_holder] -->        });<!-- [et_pb_line_break_holder] -->    }<!-- [et_pb_line_break_holder] -->});<!-- [et_pb_line_break_holder] --><\/script>[\/et_pb_code][et_pb_text _builder_version=&#8220;4.19.4&#8243; _module_preset=&#8220;default&#8220; global_colors_info=&#8220;{}&#8220;]<\/p>\n<p style=\"margin-bottom: 0cm;\" align=\"justify\">Die meisten Stadtmodelle dienen allein zur Veranschaulichung der Sehensw\u00fcrdigkeiten. Sch\u00f6ne Altst\u00e4dte mit markanten baulichen Denkm\u00e4lern eignen sich wunderbar zur Umsetzung in einem Bronzemodell, dass von neugierigen Besuchern bestaunt werden kann und touristisch relevante Informationen liefert.<br \/>\nDoch nicht jede Gemeinde ist ein Touristenmagnet. Die Mehrzahl kleiner St\u00e4dte und D\u00f6rfer bietet kaum Sehensw\u00fcrdigkeiten auf den ersten Blick. Doch ein Stadtmodell kann noch viel mehr, als nur die Sch\u00f6nheit einer Stadt darzustellen. Stadtmodelle k\u00f6nnen auch Geschichte erlebbar machen, auch und gerade in Gemeinden, die auf den ersten Blick nicht gl\u00e4nzen und strahlen.<\/p>\n<p>[\/et_pb_text][et_pb_image src=&#8220;https:\/\/www.ego-3d.de\/modellbau\/wp-content\/uploads\/2026\/03\/EGO3D_digitale_Vorschau_mit_Farbkodierten_Modellbereichen.jpg&#8220; alt=&#8220;EGO3D_digitale_Vorschau_mit_Farbkodierten_Modellbereichen&#8220; title_text=&#8220;EGO3D_digitale_Vorschau_mit_Farbkodierten_Modellbereichen&#8220; align_tablet=&#8220;center&#8220; align_phone=&#8220;center&#8220; align_last_edited=&#8220;on|desktop&#8220; _builder_version=&#8220;4.19.4&#8243; _module_preset=&#8220;default&#8220; custom_margin=&#8220;||15px||false|false&#8220; custom_padding=&#8220;||||false|false&#8220; box_shadow_style=&#8220;preset1&#8243; box_shadow_blur=&#8220;10px&#8220; global_colors_info=&#8220;{}&#8220;][\/et_pb_image][et_pb_text _builder_version=&#8220;4.19.4&#8243; _module_preset=&#8220;default&#8220; global_colors_info=&#8220;{}&#8220;]<\/p>\n<p style=\"line-height: 100%; margin-bottom: 0cm;\" align=\"justify\"><em>Dieses digitale Vorschaubild hat farbkodierte Einzelbereiche, die dem Kunden eine besonders leichte Pr\u00fcfung der verschiedenen Modellbereiche erm\u00f6glicht.<\/em><\/p>\n<p>[\/et_pb_text][et_pb_text _builder_version=&#8220;4.19.4&#8243; _module_preset=&#8220;default&#8220; hover_enabled=&#8220;0&#8243; global_colors_info=&#8220;{}&#8220; sticky_enabled=&#8220;0&#8243;]<\/p>\n<p style=\"margin-bottom: 0cm;\" align=\"justify\">Lindlar ist so eine Gemeinde. Ein kleines beschauliches St\u00e4dtchen mitten im bergischen Land. Hier wird nicht mit Sehensw\u00fcrdikeiten geprotzt. Eine kleine Ruine in der N\u00e4he sowie ein eher schlichtes Lanschloss mit einem \u00f6ffentlich zug\u00e4nglichen Schlosspark sind die bemerkenswertesten Baudenkm\u00e4ler, sicher einen Besuch wert, aber ein Stadtmodell?<\/p>\n<p style=\"margin-bottom: 0cm;\" align=\"justify\">Ja, denn Lindlars Geschichte ist stark mit dem Tagebau verbunden. Hier wird seit \u00fcber 1000 Jahren Grauwacke abgebaut. Bis vor hundert Jahren war der Gro\u00dfteil der Bev\u00f6lkerung Lindlars in den Abbau dieses Baumaterials involviert. Bis nach K\u00f6ln und dar\u00fcber hinaus exportierte man die Grauwacke, die 2023 sogar zum Gestein des Jahres gew\u00e4hlt wurde. Staumauern, Bahntrassen, Pflastersteine und vieles mehr wurde und wird mit Grauwacke gebaut.<\/p>\n<p style=\"margin-bottom: 0cm;\" align=\"justify\">Unsere Auftraggeber w\u00fcnschten sich ein Stadtmodell, das insbesondere diesen Teil der Geschichte Lindlars wiederspiegelt. Und so haben wir nicht nur das nahegelegene Schloss, die Dorfkirche und \u00e4hnliche Geb\u00e4ude durch detailreiche Modellierung hervorgehoben, sondern auch den Steinbruch, das Betriebsgel\u00e4nde der Basalt AG Linz und den alten Bahnhof nebst angedeutetem Streckenverlauf modelliert. Das gesamte Modell stellt Lindlar au\u00dferdem im Jahr 1900 dar und ist f\u00fcr Betrachter somit ein Fenster in die Vergangenheit des Ortes.<\/p>\n<p style=\"margin-bottom: 0cm;\" align=\"justify\">Finanziert wurde das Modell \u00fcbrigens auf Spendenbasis, wie auch zahlreiche weitere Modelle und Skulpturen, die wir \u00fcber die Jahre umsetzen durften. Gerade f\u00fcr kleine Gemeinden, Vereine und Privatpersonen ist dies eine M\u00f6glichkeit, vergleichbare Projekte umzusetzen und ihre Heimat zu versch\u00f6nern.<\/p>\n<p>[\/et_pb_text][et_pb_image src=&#8220;https:\/\/www.ego-3d.de\/modellbau\/wp-content\/uploads\/2026\/03\/EGO3D_fertiger_3D-Druck_des_Stadtmodells.jpg&#8220; alt=&#8220;EGO3D_fertiger_3D-Druck_des_Stadtmodells&#8220; title_text=&#8220;EGO3D_fertiger_3D-Druck_des_Stadtmodells&#8220; align_tablet=&#8220;center&#8220; align_phone=&#8220;center&#8220; align_last_edited=&#8220;on|desktop&#8220; _builder_version=&#8220;4.19.4&#8243; _module_preset=&#8220;default&#8220; custom_margin=&#8220;||15px||false|false&#8220; custom_padding=&#8220;||||false|false&#8220; box_shadow_style=&#8220;preset1&#8243; box_shadow_blur=&#8220;10px&#8220; global_colors_info=&#8220;{}&#8220;][\/et_pb_image][et_pb_text _builder_version=&#8220;4.19.4&#8243; _module_preset=&#8220;default&#8220; global_colors_info=&#8220;{}&#8220;]<\/p>\n<p style=\"line-height: 100%; margin-bottom: 0cm;\" align=\"justify\"><em>Der fertige 3D-Druck des Stadtmodells<\/em><\/p>\n<p>[\/et_pb_text][\/et_pb_column][et_pb_column type=&#8220;1_2&#8243; _builder_version=&#8220;4.19.4&#8243; _module_preset=&#8220;default&#8220; global_colors_info=&#8220;{}&#8220;][et_pb_image src=&#8220;https:\/\/www.ego-3d.de\/modellbau\/wp-content\/uploads\/2026\/03\/EGO3D_Steinbruch_im_Bronzemodell.jpg&#8220; alt=&#8220;EGO3D_Steinbruch_im_Bronzemodell&#8220; title_text=&#8220;EGO3D_Steinbruch_im_Bronzemodell&#8220; align_tablet=&#8220;center&#8220; align_phone=&#8220;center&#8220; align_last_edited=&#8220;on|desktop&#8220; _builder_version=&#8220;4.19.4&#8243; _module_preset=&#8220;default&#8220; custom_margin=&#8220;||15px||false|false&#8220; custom_padding=&#8220;||||false|false&#8220; box_shadow_style=&#8220;preset1&#8243; box_shadow_blur=&#8220;10px&#8220; global_colors_info=&#8220;{}&#8220;][\/et_pb_image][et_pb_text _builder_version=&#8220;4.19.4&#8243; _module_preset=&#8220;default&#8220; global_colors_info=&#8220;{}&#8220;]<\/p>\n<p style=\"line-height: 100%; margin-bottom: 0cm;\" align=\"justify\"><em>Der alte Grauwacke-Steinbruch in Lindlar, wie er um 1900 herum aussah.<\/em><\/p>\n<p>[\/et_pb_text][et_pb_text _builder_version=&#8220;4.19.4&#8243; _module_preset=&#8220;default&#8220; global_colors_info=&#8220;{}&#8220;]<\/p>\n<p style=\"margin-bottom: 0cm;\" align=\"justify\">Da einige der dargestellten Details nicht im Ortszentrum liegen, haben wir bei diesem Modell die Gestaltung angepasst. Der Ortskern ist topografisch realistisch mit seiner leichten Tal-Lage dargestellt. Doch die umliegenden Bereiche haben wir glatt gelassen, um sie visuell davon zu trennen. In diesen abgeflachten Arealen modellierten wir dann die weiter au\u00dfen liegenden Objekte und veranschaulichten bei jedem mit einem Pfeil und einer Entfernungsangabe, wo im Verh\u00e4ltnis zum Kernort sich diese damals befanden. Diese Ausf\u00fchrung ist ein probates Mittel, um weitl\u00e4ufigere Darstellungen in Stadtmodellen vern\u00fcnftig zu b\u00fcndeln.<\/p>\n<p>[\/et_pb_text][et_pb_image src=&#8220;https:\/\/www.ego-3d.de\/modellbau\/wp-content\/uploads\/2026\/03\/EGO3D_Detailgebaeude_mit_Entfernungsangabe.jpg&#8220; alt=&#8220;EGO3D_Detailgeb\u00e4ude_mit_Entfernungsangabe&#8220; title_text=&#8220;EGO3D_Detailgeb\u00e4ude_mit_Entfernungsangabe&#8220; align_tablet=&#8220;center&#8220; align_phone=&#8220;center&#8220; align_last_edited=&#8220;on|desktop&#8220; _builder_version=&#8220;4.19.4&#8243; _module_preset=&#8220;default&#8220; custom_margin=&#8220;||15px||false|false&#8220; custom_padding=&#8220;||||false|false&#8220; box_shadow_style=&#8220;preset1&#8243; box_shadow_blur=&#8220;10px&#8220; global_colors_info=&#8220;{}&#8220;][\/et_pb_image][et_pb_text _builder_version=&#8220;4.19.4&#8243; _module_preset=&#8220;default&#8220; global_colors_info=&#8220;{}&#8220;]<\/p>\n<p style=\"line-height: 100%; margin-bottom: 0cm;\" align=\"justify\"><em>Das Schloss Heiligenhoven, das au\u00dferhalb des Kernortes liegt. Die Entfernungsangabe darunter zeigt dem Betrachter, wo es im Verh\u00e4ltnis zum dargestellten Kernort zu verorten ist.<\/em><\/p>\n<p>[\/et_pb_text][et_pb_text _builder_version=&#8220;4.19.4&#8243; _module_preset=&#8220;default&#8220; global_colors_info=&#8220;{}&#8220;]<\/p>\n<p style=\"margin-bottom: 0cm;\" align=\"justify\">All die detailiert modellierten Geb\u00e4ude wurden dann in der Legende sowohl in Klarschrift als auch in Braille-Schrift f\u00fcr Menschen mit Sehbeeintr\u00e4chtigung aufgef\u00fchrt. Zus\u00e4tzlich f\u00fcgten wir den damaligen Stra\u00dfenverlauf hinzu, sowie den Bachverlauf und einige weitere Details. F\u00fcr alle Betrachter, die gerne noch mehr erfahren wollen, wurde schlie\u00dflich ein QR-Code hinzugef\u00fcgt, der auf zus\u00e4tzliche Informationen im Web verlinkt.<\/p>\n<p>[\/et_pb_text][et_pb_image src=&#8220;https:\/\/www.ego-3d.de\/modellbau\/wp-content\/uploads\/2026\/03\/EGO3D_fertiger_Bronzeguss_des_Stadtmodells.jpg&#8220; alt=&#8220;EGO3D_fertiger_Bronzeguss_des_Stadtmodells&#8220; title_text=&#8220;EGO3D_fertiger_Bronzeguss_des_Stadtmodells&#8220; align_tablet=&#8220;center&#8220; align_phone=&#8220;center&#8220; align_last_edited=&#8220;on|desktop&#8220; _builder_version=&#8220;4.19.4&#8243; _module_preset=&#8220;default&#8220; custom_margin=&#8220;||15px||false|false&#8220; custom_padding=&#8220;||||false|false&#8220; box_shadow_style=&#8220;preset1&#8243; box_shadow_blur=&#8220;10px&#8220; global_colors_info=&#8220;{}&#8220;][\/et_pb_image][et_pb_text _builder_version=&#8220;4.19.4&#8243; _module_preset=&#8220;default&#8220; global_colors_info=&#8220;{}&#8220;]<\/p>\n<p style=\"line-height: 100%; margin-bottom: 0cm;\" align=\"justify\"><em>Das fertig gegossene Stadtmodell Lindlars<\/em><\/p>\n<p>[\/et_pb_text][et_pb_text _builder_version=&#8220;4.19.4&#8243; _module_preset=&#8220;default&#8220; hover_enabled=&#8220;0&#8243; global_colors_info=&#8220;{}&#8220; sticky_enabled=&#8220;0&#8243;]<\/p>\n<p style=\"margin-bottom: 0cm;\" align=\"justify\">Das Stadtmodell Lindlar ist somit ein gutes Beispiel daf\u00fcr, dass nicht nur st\u00e4dtebauliche Perlen mit beeindruckenden Baudenkm\u00e4lern und Altst\u00e4dten sich f\u00fcr ein Stadtmodell eignen. Auch geschichtlich spannende Orte k\u00f6nnen in Bronze verewigt werden. Fast jede Gemeinde d\u00fcrfte etwas zu erz\u00e4hlen haben, was in einem Stadtmodell wunderbar visualisiert werden kann. Und das sch\u00f6nste ist ja: So ein Bronzemodell ist unverw\u00fcstlich. Es wird im Laufe der Zeit selbst zu einem kleinen Baudenkmal werden, dass die Menschen von nah und fern gerne besuchen und bestaunen.<\/p>\n<p>[\/et_pb_text][\/et_pb_column][\/et_pb_row][et_pb_row _builder_version=&#8220;4.19.4&#8243; _module_preset=&#8220;default&#8220; custom_padding=&#8220;|||13px|false|false&#8220; global_colors_info=&#8220;{}&#8220;][et_pb_column type=&#8220;4_4&#8243; _builder_version=&#8220;4.19.4&#8243; _module_preset=&#8220;default&#8220; global_colors_info=&#8220;{}&#8220;][et_pb_image src=&#8220;https:\/\/www.ego-3d.de\/modellbau\/wp-content\/uploads\/2026\/03\/EGO3D_fertiger_3D-Druck_des_Stadtmodells.jpg&#8220; alt=&#8220;EGO3D_fertiger_3D-Druck_des_Stadtmodells&#8220; title_text=&#8220;EGO3D_fertiger_3D-Druck_des_Stadtmodells&#8220; _builder_version=&#8220;4.19.4&#8243; _module_preset=&#8220;default&#8220; global_colors_info=&#8220;{}&#8220;][\/et_pb_image][\/et_pb_column][\/et_pb_row][et_pb_row _builder_version=&#8220;4.19.4&#8243; _module_preset=&#8220;default&#8220; custom_padding=&#8220;|||13px|false|false&#8220; global_colors_info=&#8220;{}&#8220;][et_pb_column type=&#8220;4_4&#8243; _builder_version=&#8220;4.19.4&#8243; _module_preset=&#8220;default&#8220; global_colors_info=&#8220;{}&#8220;][et_pb_image src=&#8220;https:\/\/www.ego-3d.de\/modellbau\/wp-content\/uploads\/2026\/03\/EGO3D_fertiger_Bronzeguss_des_Stadtmodells.jpg&#8220; alt=&#8220;EGO3D_fertiger_Bronzeguss_des_Stadtmodells&#8220; title_text=&#8220;EGO3D_fertiger_Bronzeguss_des_Stadtmodells&#8220; _builder_version=&#8220;4.19.4&#8243; _module_preset=&#8220;default&#8220; global_colors_info=&#8220;{}&#8220;][\/et_pb_image][\/et_pb_column][\/et_pb_row][\/et_pb_section]<\/p>\n","protected":false},"excerpt":{"rendered":"<p>Stadtmodell Lindlar Ein Blick in die GeschichteDie meisten Stadtmodelle dienen allein zur Veranschaulichung der Sehensw\u00fcrdigkeiten. Sch\u00f6ne Altst\u00e4dte mit markanten baulichen Denkm\u00e4lern eignen sich wunderbar zur Umsetzung in einem Bronzemodell, dass von neugierigen Besuchern bestaunt werden kann und touristisch relevante Informationen liefert. Doch nicht jede Gemeinde ist ein Touristenmagnet. Die Mehrzahl kleiner St\u00e4dte und D\u00f6rfer bietet [&hellip;]<\/p>\n","protected":false},"author":1,"featured_media":0,"parent":0,"menu_order":0,"comment_status":"closed","ping_status":"closed","template":"","meta":{"_et_pb_use_builder":"on","_et_pb_old_content":"","_et_gb_content_width":""},"_links":{"self":[{"href":"https:\/\/www.ego-3d.de\/modellbau\/wp-json\/wp\/v2\/pages\/3824"}],"collection":[{"href":"https:\/\/www.ego-3d.de\/modellbau\/wp-json\/wp\/v2\/pages"}],"about":[{"href":"https:\/\/www.ego-3d.de\/modellbau\/wp-json\/wp\/v2\/types\/page"}],"author":[{"embeddable":true,"href":"https:\/\/www.ego-3d.de\/modellbau\/wp-json\/wp\/v2\/users\/1"}],"replies":[{"embeddable":true,"href":"https:\/\/www.ego-3d.de\/modellbau\/wp-json\/wp\/v2\/comments?post=3824"}],"version-history":[{"count":5,"href":"https:\/\/www.ego-3d.de\/modellbau\/wp-json\/wp\/v2\/pages\/3824\/revisions"}],"predecessor-version":[{"id":3837,"href":"https:\/\/www.ego-3d.de\/modellbau\/wp-json\/wp\/v2\/pages\/3824\/revisions\/3837"}],"wp:attachment":[{"href":"https:\/\/www.ego-3d.de\/modellbau\/wp-json\/wp\/v2\/media?parent=3824"}],"curies":[{"name":"wp","href":"https:\/\/api.w.org\/{rel}","templated":true}]}}