{"id":3787,"date":"2026-01-20T15:34:07","date_gmt":"2026-01-20T14:34:07","guid":{"rendered":"https:\/\/www.ego-3d.de\/modellbau\/?page_id=3787"},"modified":"2026-01-22T11:26:34","modified_gmt":"2026-01-22T10:26:34","slug":"stadtmodell-ehingen","status":"publish","type":"page","link":"https:\/\/www.ego-3d.de\/modellbau\/stadtmodell-ehingen\/","title":{"rendered":"Stadtmodell Ehingen"},"content":{"rendered":"<p>[et_pb_section fb_built=&#8220;1&#8243; _builder_version=&#8220;4.19.4&#8243; _module_preset=&#8220;default&#8220; background_color=&#8220;RGBA(255,255,255,0)&#8220; background_enable_image=&#8220;off&#8220; background_size=&#8220;initial&#8220; background_position=&#8220;top_center&#8220; background_repeat=&#8220;repeat-y&#8220; global_colors_info=&#8220;{}&#8220;][et_pb_row column_structure=&#8220;1_2,1_2&#8243; _builder_version=&#8220;4.19.4&#8243; _module_preset=&#8220;default&#8220; background_color=&#8220;rgba(255,255,255,0.65)&#8220; custom_margin=&#8220;0px||20px|&#8220; custom_padding=&#8220;15px|15px|15px|15px&#8220; box_shadow_style=&#8220;preset1&#8243; global_colors_info=&#8220;{}&#8220;][et_pb_column type=&#8220;1_2&#8243; _builder_version=&#8220;4.19.4&#8243; _module_preset=&#8220;default&#8220; global_colors_info=&#8220;{}&#8220;][et_pb_text _builder_version=&#8220;4.19.4&#8243; _module_preset=&#8220;default&#8220; global_colors_info=&#8220;{}&#8220;]<\/p>\n<h2 style=\"margin-bottom: 0cm;\"><strong>Stadtmodell Ehingen<\/strong><\/h2>\n<h2>Ein Stadtmodell als Geschenk f\u00fcr die Gemeinde<\/h2>\n<p>[\/et_pb_text][et_pb_code _builder_version=&#8220;4.19.4&#8243; _module_preset=&#8220;default&#8220; global_colors_info=&#8220;{}&#8220;]<script><!-- [et_pb_line_break_holder] -->jQuery(document).ready(function($) {<!-- [et_pb_line_break_holder] -->    var $videoBoxes = $('.dm-autoplay-btn .et_pb_video_box');<!-- [et_pb_line_break_holder] -->    <!-- [et_pb_line_break_holder] -->    if ($videoBoxes.length !== 0) {<!-- [et_pb_line_break_holder] -->        $videoBoxes.find('video')<!-- [et_pb_line_break_holder] -->            .prop('muted', true)<!-- [et_pb_line_break_holder] -->            .prop('loop', true)<!-- [et_pb_line_break_holder] -->            .prop('playsInline', true);<!-- [et_pb_line_break_holder] -->        <!-- [et_pb_line_break_holder] -->        $videoBoxes.each(function() {<!-- [et_pb_line_break_holder] -->            this.querySelector('video').play();<!-- [et_pb_line_break_holder] -->        });<!-- [et_pb_line_break_holder] -->    }<!-- [et_pb_line_break_holder] -->});<!-- [et_pb_line_break_holder] --><\/script>[\/et_pb_code][et_pb_image src=&#8220;https:\/\/www.ego-3d.de\/modellbau\/wp-content\/uploads\/2026\/01\/EGO3D_fertiger_Guss_Stadtmodell_Ehingen_Ausschnitt_2.jpg&#8220; alt=&#8220;EGO3D_fertiger_Guss_Stadtmodell_Ehingen_Ausschnitt_2&#8243; title_text=&#8220;Bildvorlage_mit_Logo&#8220; align_tablet=&#8220;center&#8220; align_phone=&#8220;center&#8220; align_last_edited=&#8220;on|desktop&#8220; _builder_version=&#8220;4.19.4&#8243; _module_preset=&#8220;default&#8220; custom_margin=&#8220;||15px||false|false&#8220; custom_padding=&#8220;||||false|false&#8220; box_shadow_style=&#8220;preset1&#8243; box_shadow_blur=&#8220;10px&#8220; global_colors_info=&#8220;{}&#8220;][\/et_pb_image][et_pb_text _builder_version=&#8220;4.19.4&#8243; _module_preset=&#8220;default&#8220; global_colors_info=&#8220;{}&#8220;]<\/p>\n<p style=\"line-height: 100%; margin-bottom: 0cm;\" align=\"justify\"><em>Ein Detailausschnitt des fertig gegossenen Modells<\/em><\/p>\n<p>[\/et_pb_text][et_pb_text _builder_version=&#8220;4.19.4&#8243; _module_preset=&#8220;default&#8220; global_colors_info=&#8220;{}&#8220;]<\/p>\n<p style=\"margin-bottom: 0cm;\" align=\"justify\">Das Stadtmodell Ehingen sticht aus der Vielzahl der Stadtmodelle heraus, die EGO3D bisher gemacht hat. Diesmal ist es nicht die Gemeinde selbst, die uns beauftragte, sondern ein Gastgeber-Ehepaar, dessen Familie schon seit \u00fcber 100 Jahren in Ehingen Hotels betreibt und sich der Stadt besonders verbunden f\u00fchlt. Als Zeichen daf\u00fcr entschied sich das Ehepaar, Ehingen ein Stadtmodell aus Bronze f\u00fcr den \u00f6ffentlichen Raum zu schenken, f\u00fcr die sch\u00f6ne Fu\u00dfg\u00e4ngerzone, wo sich Einwohner wie Urlauber gerne aufhalten und das schw\u00e4bische Leben genie\u00dfen k\u00f6nnen.<\/p>\n<p>[\/et_pb_text][et_pb_image src=&#8220;https:\/\/www.ego-3d.de\/modellbau\/wp-content\/uploads\/2026\/01\/EGO3D_Ausschnitt_digitales_Vorschaubild_Stadtmodell_Ehingen.jpg&#8220; alt=&#8220;EGO3D_Ausschnitt_digitales_Vorschaubild_Stadtmodell_Ehingen&#8220; title_text=&#8220;Bildvorlage_mit_Logo&#8220; align_tablet=&#8220;center&#8220; align_phone=&#8220;center&#8220; align_last_edited=&#8220;on|desktop&#8220; _builder_version=&#8220;4.19.4&#8243; _module_preset=&#8220;default&#8220; custom_margin=&#8220;||15px||false|false&#8220; custom_padding=&#8220;||||false|false&#8220; box_shadow_style=&#8220;preset1&#8243; box_shadow_blur=&#8220;10px&#8220; global_colors_info=&#8220;{}&#8220;][\/et_pb_image][et_pb_text _builder_version=&#8220;4.19.4&#8243; _module_preset=&#8220;default&#8220; global_colors_info=&#8220;{}&#8220;]<\/p>\n<p><em>Ausschnitt des digitalen Vorschaubildes f\u00fcr die Kunden<\/em><\/p>\n<p>[\/et_pb_text][et_pb_text _builder_version=&#8220;4.19.4&#8243; _module_preset=&#8220;default&#8220; global_colors_info=&#8220;{}&#8220;]<\/p>\n<p style=\"margin-bottom: 0cm;\" align=\"justify\">In den meisten Stadtmodellen wird ein Ausschnitt des Stadtzentrums, oft einer Altstadt, dargestellt. Markante Geb\u00e4ude und Sehensw\u00fcrdigkeiten werden dabei besonders detailliert herausgearbeitet. Kirchen, Schl\u00f6sser, Kl\u00f6ster, Rath\u00e4user, Fachwerk-Ensembles und viele mehr ziehen auf diese Weise die Aufmerksamkeit aus sich und machen ein Stadtmodell zu einem kleinen Erkundungserlebnis.<\/p>\n<p style=\"margin-bottom: 0cm;\" align=\"justify\">Unsere Aufgabe war beim Ehinger Stadtmodell \u00e4hnlich, mit einer interessanten Ausnahme: Unsere Auftraggeber w\u00fcnschten sich als Detailgeb\u00e4ude nicht nur die bekannten Sehensw\u00fcrdigkeiten umgesetzt, sondern auch die zwei Hotelanlagen, die sie in Ehingen betreiben.<br \/>Ein Hotel war ein Ensemble aus alten und neuen Geb\u00e4uden inmitten der Altstadt, das durch viele \u00c4nderungen und Erweiterungen aus dem urspr\u00fcnglichen Hotel der Gastgeberfamilie hervorgegangen war. Neueren Datums ist das Sternplatzhotel am Rand der Altstadt. Auch hier ein Verbund mehrerer Geb\u00e4ude, die jedoch zeitgleich als Hotelanlage entstanden.<\/p>\n<p>[\/et_pb_text][et_pb_image src=&#8220;https:\/\/www.ego-3d.de\/modellbau\/wp-content\/uploads\/2026\/01\/EGO3D_fertiger_3D-Druck_Stadtmodell_Ehingen_Ausschnitt.jpg&#8220; alt=&#8220;EGO3D_fertiger_3D-Druck_Stadtmodell_Ehingen_Ausschnitt&#8220; title_text=&#8220;Bildvorlage_mit_Logo&#8220; align_tablet=&#8220;center&#8220; align_phone=&#8220;center&#8220; align_last_edited=&#8220;on|desktop&#8220; _builder_version=&#8220;4.19.4&#8243; _module_preset=&#8220;default&#8220; custom_margin=&#8220;||15px||false|false&#8220; custom_padding=&#8220;||||false|false&#8220; box_shadow_style=&#8220;preset1&#8243; box_shadow_blur=&#8220;10px&#8220; global_colors_info=&#8220;{}&#8220;][\/et_pb_image][et_pb_text _builder_version=&#8220;4.19.4&#8243; _module_preset=&#8220;default&#8220; global_colors_info=&#8220;{}&#8220;]<\/p>\n<p><em>Ausschnitt des 3D-gedruckten Modells<\/em><\/p>\n<p>[\/et_pb_text][\/et_pb_column][et_pb_column type=&#8220;1_2&#8243; _builder_version=&#8220;4.19.4&#8243; _module_preset=&#8220;default&#8220; global_colors_info=&#8220;{}&#8220;][et_pb_text _builder_version=&#8220;4.19.4&#8243; _module_preset=&#8220;default&#8220; global_colors_info=&#8220;{}&#8220;]<\/p>\n<p style=\"margin-bottom: 0cm;\" align=\"justify\">Beide Hotelanlagen modellierten wir mit dem selben Detailgrad wie die drei Kirchen innerhalb der Altstadt, das Rathaus und das Museum Ehingen. Der Gesamtausschnitt des Modells war bei diesem Stadtmodell auch etwas ungew\u00f6hnlich und folgte bestimmten Stra\u00dfen und Bereichen der Altstadt, anstatt einfach rechteckig ausgef\u00fchrt zu sein. Fast schon Standard dagegen war die zus\u00e4tzliche Braille-Schrift, die die normale Legende erg\u00e4nzt und das Modell auch f\u00fcr Menschen mit Sehbehinderung erfahrbar macht.<\/p>\n<p>[\/et_pb_text][et_pb_text _builder_version=&#8220;4.19.4&#8243; _module_preset=&#8220;default&#8220; global_colors_info=&#8220;{}&#8220;]<\/p>\n<p style=\"margin-bottom: 0cm;\" align=\"justify\">Eine weitere Besonderheit stellt der sogenannte Wolfert-Turm dar, der sich in einem Park au\u00dferhalb der dargestellten Modellgrenzen befindet. Um ihn ebenfalls darzustellen, modellierten wir ihn als Relief und platzierten ihn eingerahmt neben der Legende, mit einer Richtungs- und Entfernungsangabe. <\/p>\n<p>[\/et_pb_text][et_pb_image src=&#8220;https:\/\/www.ego-3d.de\/modellbau\/wp-content\/uploads\/2026\/01\/EGO3D_fertiger_Guss_Stadtmodell_Ehingen_Relief.jpg&#8220; alt=&#8220;EGO3D_fertiger_Guss_Stadtmodell_Ehingen_Relief&#8220; title_text=&#8220;Bildvorlage_mit_Logo&#8220; align_tablet=&#8220;center&#8220; align_phone=&#8220;center&#8220; align_last_edited=&#8220;on|desktop&#8220; _builder_version=&#8220;4.19.4&#8243; _module_preset=&#8220;default&#8220; custom_margin=&#8220;||15px||false|false&#8220; custom_padding=&#8220;||||false|false&#8220; box_shadow_style=&#8220;preset1&#8243; box_shadow_blur=&#8220;10px&#8220; global_colors_info=&#8220;{}&#8220;][\/et_pb_image][et_pb_text _builder_version=&#8220;4.19.4&#8243; _module_preset=&#8220;default&#8220; global_colors_info=&#8220;{}&#8220;]<\/p>\n<p style=\"line-height: 100%; margin-bottom: 0cm; text-align: left;\" align=\"justify\"><em>Das Relief des Wolfert-Turmes, rechts unten die Richtuns- und Entfernungsangabe, die anzeigt, wo sich der Turm vom dargestellten Stadtmodell aus befindet<\/em><\/p>\n<p>[\/et_pb_text][et_pb_text _builder_version=&#8220;4.19.4&#8243; _module_preset=&#8220;default&#8220; global_colors_info=&#8220;{}&#8220;]<\/p>\n<p style=\"margin-bottom: 0cm;\" align=\"justify\">Nachdem wir anhand von digitalen Vorschaubildern mit den Kunden das endg\u00fcltige Modell erarbeitet hatten, wurde es im SLA-Verfahren gedruckt, einer hochpr\u00e4zisen 3D-Drucktechnik. \u00c4hnlich wie moderne Zahnf\u00fcllungen mit UV-Licht innerhalb von Sekunden aush\u00e4rten, wird bei uns aus einem Becken fl\u00fcssigen Resins die Form des Modells mit einem Laserstrahl belichtet und h\u00e4rtet aus. Das fertig gedruckte Modell ist dann die ideale Vorlage f\u00fcr das Abformen in der Gie\u00dferei.<\/p>\n<p>[\/et_pb_text][et_pb_text _builder_version=&#8220;4.19.4&#8243; _module_preset=&#8220;default&#8220; global_colors_info=&#8220;{}&#8220;]<\/p>\n<p style=\"margin-bottom: 0cm;\" align=\"justify\">Abschlie\u00dfend erstellten wir noch eine kleine Stifter-Tafel, die auf die Schenkung des Stadtmodells hinweist und die bisherigen Generationen der Hotel-Familie auflistet. Diese Tafel wurde an einem der Beine des Modells angeschwei\u00dft.<\/p>\n<p style=\"margin-bottom: 0cm;\" align=\"justify\">September 2025 wurde schlie\u00dflich das Stadtmodell in Anwesenheit des Hotelier-Ehepaars und des Oberb\u00fcrgermeisters in Ehingen am Rande des Marktplatzes eingeweiht. Dieses Geschenk wird f\u00fcr die Stadt, seine B\u00fcrger und die zahlreichen Besucher f\u00fcr viele Jahrzehnte ein spannendes Kleinod mit Einblick ins Stadtbild darstellen.<\/p>\n<p>[\/et_pb_text][et_pb_image src=&#8220;https:\/\/www.ego-3d.de\/modellbau\/wp-content\/uploads\/2026\/01\/EGO3D_fertiger_3D-Druck_Stadtmodell_Ehingen.jpg&#8220; alt=&#8220;EGO3D_fertiger_3D-Druck_Stadtmodell_Ehingen&#8220; title_text=&#8220;Bildvorlage_mit_Logo&#8220; align_tablet=&#8220;center&#8220; align_phone=&#8220;center&#8220; align_last_edited=&#8220;on|desktop&#8220; _builder_version=&#8220;4.19.4&#8243; _module_preset=&#8220;default&#8220; custom_margin=&#8220;||15px||false|false&#8220; custom_padding=&#8220;||||false|false&#8220; box_shadow_style=&#8220;preset1&#8243; box_shadow_blur=&#8220;10px&#8220; global_colors_info=&#8220;{}&#8220;][\/et_pb_image][et_pb_text _builder_version=&#8220;4.19.4&#8243; _module_preset=&#8220;default&#8220; global_colors_info=&#8220;{}&#8220;]<\/p>\n<p><em>Das 3D-gedruckte Gie\u00dferei-Modell<\/em><\/p>\n<p>[\/et_pb_text][et_pb_image src=&#8220;https:\/\/www.ego-3d.de\/modellbau\/wp-content\/uploads\/2026\/01\/EGO3D_fertiger_Guss_Stadtmodell_Ehingen_Legende.jpg&#8220; alt=&#8220;EGO3D_fertiger_Guss_Stadtmodell_Ehingen_Legende&#8220; title_text=&#8220;Bildvorlage_mit_Logo&#8220; align_tablet=&#8220;center&#8220; align_phone=&#8220;center&#8220; align_last_edited=&#8220;on|desktop&#8220; _builder_version=&#8220;4.19.4&#8243; _module_preset=&#8220;default&#8220; custom_margin=&#8220;||15px||false|false&#8220; custom_padding=&#8220;||||false|false&#8220; box_shadow_style=&#8220;preset1&#8243; box_shadow_blur=&#8220;10px&#8220; global_colors_info=&#8220;{}&#8220;][\/et_pb_image][et_pb_text _builder_version=&#8220;4.19.4&#8243; _module_preset=&#8220;default&#8220; global_colors_info=&#8220;{}&#8220;]<\/p>\n<p><em>Die Legende im fertigen Bronzemodell, inklusive Brailleschrift f\u00fcr Menschen mit Sehbeeintr\u00e4chtigung<\/em><\/p>\n<p>[\/et_pb_text][et_pb_image src=&#8220;https:\/\/www.ego-3d.de\/modellbau\/wp-content\/uploads\/2026\/01\/EGO3D_fertiger_Guss_Stadtmodell_Ehingen.jpg&#8220; alt=&#8220;EGO3D_fertiger_Guss_Stadtmodell_Ehingen&#8220; title_text=&#8220;Bildvorlage_mit_Logo&#8220; align_tablet=&#8220;center&#8220; align_phone=&#8220;center&#8220; align_last_edited=&#8220;on|desktop&#8220; _builder_version=&#8220;4.19.4&#8243; _module_preset=&#8220;default&#8220; custom_margin=&#8220;||15px||false|false&#8220; custom_padding=&#8220;||||false|false&#8220; box_shadow_style=&#8220;preset1&#8243; box_shadow_blur=&#8220;10px&#8220; global_colors_info=&#8220;{}&#8220;][\/et_pb_image][et_pb_text _builder_version=&#8220;4.19.4&#8243; _module_preset=&#8220;default&#8220; global_colors_info=&#8220;{}&#8220;]<\/p>\n<p><em>Das fertige Bronzemodell<\/em><\/p>\n<p>[\/et_pb_text][\/et_pb_column][\/et_pb_row][et_pb_row _builder_version=&#8220;4.19.4&#8243; _module_preset=&#8220;default&#8220; custom_padding=&#8220;|||13px|false|false&#8220; global_colors_info=&#8220;{}&#8220;][et_pb_column type=&#8220;4_4&#8243; _builder_version=&#8220;4.19.4&#8243; _module_preset=&#8220;default&#8220; global_colors_info=&#8220;{}&#8220;][et_pb_image src=&#8220;https:\/\/www.ego-3d.de\/modellbau\/wp-content\/uploads\/2026\/01\/EGO3D_digitales_Vorschaubild_Stadtmodell_Ehingen.jpg&#8220; alt=&#8220;EGO3D_digitales_Vorschaubild_Stadtmodell_Ehingen&#8220; title_text=&#8220;Bildvorlage_mit_Logo&#8220; _builder_version=&#8220;4.19.4&#8243; _module_preset=&#8220;default&#8220; global_colors_info=&#8220;{}&#8220;][\/et_pb_image][\/et_pb_column][\/et_pb_row][\/et_pb_section]<\/p>\n","protected":false},"excerpt":{"rendered":"<p>Stadtmodell Ehingen Ein Stadtmodell als Geschenk f\u00fcr die GemeindeEin Detailausschnitt des fertig gegossenen ModellsDas Stadtmodell Ehingen sticht aus der Vielzahl der Stadtmodelle heraus, die EGO3D bisher gemacht hat. Diesmal ist es nicht die Gemeinde selbst, die uns beauftragte, sondern ein Gastgeber-Ehepaar, dessen Familie schon seit \u00fcber 100 Jahren in Ehingen Hotels betreibt und sich der [&hellip;]<\/p>\n","protected":false},"author":1,"featured_media":0,"parent":0,"menu_order":0,"comment_status":"closed","ping_status":"closed","template":"","meta":{"_et_pb_use_builder":"on","_et_pb_old_content":"","_et_gb_content_width":""},"_links":{"self":[{"href":"https:\/\/www.ego-3d.de\/modellbau\/wp-json\/wp\/v2\/pages\/3787"}],"collection":[{"href":"https:\/\/www.ego-3d.de\/modellbau\/wp-json\/wp\/v2\/pages"}],"about":[{"href":"https:\/\/www.ego-3d.de\/modellbau\/wp-json\/wp\/v2\/types\/page"}],"author":[{"embeddable":true,"href":"https:\/\/www.ego-3d.de\/modellbau\/wp-json\/wp\/v2\/users\/1"}],"replies":[{"embeddable":true,"href":"https:\/\/www.ego-3d.de\/modellbau\/wp-json\/wp\/v2\/comments?post=3787"}],"version-history":[{"count":10,"href":"https:\/\/www.ego-3d.de\/modellbau\/wp-json\/wp\/v2\/pages\/3787\/revisions"}],"predecessor-version":[{"id":3820,"href":"https:\/\/www.ego-3d.de\/modellbau\/wp-json\/wp\/v2\/pages\/3787\/revisions\/3820"}],"wp:attachment":[{"href":"https:\/\/www.ego-3d.de\/modellbau\/wp-json\/wp\/v2\/media?parent=3787"}],"curies":[{"name":"wp","href":"https:\/\/api.w.org\/{rel}","templated":true}]}}