{"id":3761,"date":"2025-12-11T17:54:23","date_gmt":"2025-12-11T16:54:23","guid":{"rendered":"https:\/\/www.ego-3d.de\/modellbau\/?page_id=3761"},"modified":"2026-01-19T07:12:13","modified_gmt":"2026-01-19T06:12:13","slug":"das-ellwanger-scheibenpferd","status":"publish","type":"page","link":"https:\/\/www.ego-3d.de\/modellbau\/das-ellwanger-scheibenpferd\/","title":{"rendered":"Das Ellwanger Scheibenpferd"},"content":{"rendered":"<p>[et_pb_section fb_built=&#8220;1&#8243; _builder_version=&#8220;4.19.4&#8243; _module_preset=&#8220;default&#8220; background_color=&#8220;RGBA(255,255,255,0)&#8220; background_enable_image=&#8220;off&#8220; background_size=&#8220;initial&#8220; background_position=&#8220;top_center&#8220; background_repeat=&#8220;repeat-y&#8220; global_colors_info=&#8220;{}&#8220;][et_pb_row column_structure=&#8220;1_2,1_2&#8243; _builder_version=&#8220;4.19.4&#8243; _module_preset=&#8220;default&#8220; background_color=&#8220;rgba(255,255,255,0.65)&#8220; custom_margin=&#8220;0px||20px|&#8220; custom_padding=&#8220;15px|15px|15px|15px&#8220; box_shadow_style=&#8220;preset1&#8243; global_colors_info=&#8220;{}&#8220;][et_pb_column type=&#8220;1_2&#8243; _builder_version=&#8220;4.19.4&#8243; _module_preset=&#8220;default&#8220; global_colors_info=&#8220;{}&#8220;][et_pb_text _builder_version=&#8220;4.19.4&#8243; _module_preset=&#8220;default&#8220; global_colors_info=&#8220;{}&#8220;]<\/p>\n<h2 style=\"margin-bottom: 0cm;\"><strong>Das Ellwanger Scheibenpferd<\/strong><\/h2>\n<h2>Kunst, optische Illusion und Statik in Einklang<\/h2>\n<p style=\"text-align: justify;\">F\u00fcr die Stadt Ellwangen realisierte EGO3D ein Kunstwerk, das einen Gr<span style=\"font-weight: normal;\">enzgang zwischen Kunst, optischer Illusion und technischer Machbarkeit auslotete: D<\/span><span style=\"font-weight: normal;\">as sogenannte Scheibenpferd.<\/span><\/p>\n<p>[\/et_pb_text][et_pb_image src=&#8220;https:\/\/www.ego-3d.de\/modellbau\/wp-content\/uploads\/2025\/12\/Das_fertige_Scheibenpferd_nach_der_Montage_2-1.jpg&#8220; alt=&#8220;Das_fertige_Scheibenpferd_nach_der_Montage_2&#8243; title_text=&#8220;Das_fertige_Scheibenpferd_nach_der_Montage_2&#8243; align_tablet=&#8220;center&#8220; align_phone=&#8220;center&#8220; align_last_edited=&#8220;on|desktop&#8220; _builder_version=&#8220;4.19.4&#8243; _module_preset=&#8220;default&#8220; custom_margin=&#8220;||15px||false|false&#8220; custom_padding=&#8220;||||false|false&#8220; box_shadow_style=&#8220;preset1&#8243; box_shadow_blur=&#8220;10px&#8220; global_colors_info=&#8220;{}&#8220;][\/et_pb_image][et_pb_text _builder_version=&#8220;4.19.4&#8243; _module_preset=&#8220;default&#8220; global_colors_info=&#8220;{}&#8220;]<\/p>\n<p style=\"text-align: justify;\"><em>Das fertige Scheibenpferd direkt nach dem Verschwei\u00dfen der einzelnen Aluminium-Platten. Alle Einzelscheiben waren 8 mm dick und bis zu 1,20 m hoch. 80 Scheiben bilden gemeinsam das lebensgro\u00dfe Fohlen, 1,70 m bis zu den Ohrspitzen.<\/em><\/p>\n<p>[\/et_pb_text][et_pb_text _builder_version=&#8220;4.19.4&#8243; _module_preset=&#8220;default&#8220; global_colors_info=&#8220;{}&#8220;]<\/p>\n<p style=\"text-align: justify;\"><span style=\"font-weight: normal;\">Ellwangen versteht sich als Pferdestadt. Seit fast 1250 Jahren werden hier die Pferdeheiligen Eleusippus, Meleusippus und Speusippus verehrt. Die Anzahl an Reitervereinen und renommierten Pferdez\u00fcchtern ist so zahlreich, dass es in Deutschland f\u00fcr eine Stadt dieser Gr\u00f6\u00dfe einzigartig ist. Und vor langer Zeit wurde hier eine Rosslotterie organisiert, die so erfolgreich war, dass es \u00c4rger mit der Regierung in Stuttgart gab. Das sind nur drei von vielen Beispielen, warum in Ellwangen das Pferd eine besondere Rolle spielt.<\/span><\/p>\n<p>[\/et_pb_text][et_pb_image src=&#8220;https:\/\/www.ego-3d.de\/modellbau\/wp-content\/uploads\/2025\/12\/EGO3D_digitale_Vorschau_des_Scheibenpferdes.jpg&#8220; alt=&#8220;EGO3D_digitale_Vorschau_des_Scheibenpferdes&#8220; title_text=&#8220;EGO3D_digitale_Vorschau_des_Scheibenpferdesrtige_Scheibenpferd_nach_der_Montage_2&#8243; align_tablet=&#8220;center&#8220; align_phone=&#8220;center&#8220; align_last_edited=&#8220;on|desktop&#8220; _builder_version=&#8220;4.19.4&#8243; _module_preset=&#8220;default&#8220; custom_margin=&#8220;||15px||false|false&#8220; custom_padding=&#8220;||||false|false&#8220; box_shadow_style=&#8220;preset1&#8243; box_shadow_blur=&#8220;10px&#8220; global_colors_info=&#8220;{}&#8220;][\/et_pb_image][et_pb_text _builder_version=&#8220;4.19.4&#8243; _module_preset=&#8220;default&#8220; global_colors_info=&#8220;{}&#8220;]<\/p>\n<p style=\"line-height: 100%; margin-bottom: 0cm;\" align=\"justify\"><em>Digitales Vorschaubild des Scheibenpferdes<\/em><\/p>\n<p>[\/et_pb_text][et_pb_text _builder_version=&#8220;4.19.4&#8243; _module_preset=&#8220;default&#8220; global_colors_info=&#8220;{}&#8220;]<\/p>\n<p style=\"text-align: justify;\"><span style=\"font-weight: normal;\">Und so wundert es nicht, dass es heute im Stadtbild an die 60 Pferdeskulpturen gibt. Eine davon ist nun von EGO3D, eine eher ungew\u00f6hnliche: Das 1,7 m gro\u00dfe Scheibenpferd <\/span><span style=\"font-weight: normal;\">besteht aus 80 pr\u00e4zise gefertigten Aluminiumscheiben. Die innovative Anordnung der Elemente erzeugt ein dynamisches visuelles Erlebnis: Je nach Blickwinkel erscheint das Pferd entweder als massive, <\/span><span style=\"font-weight: normal;\">wenngleich elegante<\/span><span style=\"font-weight: normal;\"> Skulptur <\/span><span style=\"font-weight: normal;\">eines Fohlens <\/span><span style=\"font-weight: normal;\">oder l\u00f6st sich in eine <\/span><span style=\"font-weight: normal;\">luftige, schwer greifbare Silhouette auf. Dennoch ist das Fohlen so robust gefertigt, dass man sich draufsetzen kann. Und so dient als ungew\u00f6hnlicher Blickfang und beliebter Foto-Spot in der Stadt .<\/span><\/p>\n<p>[\/et_pb_text][et_pb_image src=&#8220;https:\/\/www.ego-3d.de\/modellbau\/wp-content\/uploads\/2025\/12\/EGO3D_Detailausschnitt_mit_Bolzen-Verbindungen.jpg&#8220; alt=&#8220;EGO3D_Detailausschnitt_mit_Bolzen-Verbindungen&#8220; title_text=&#8220;EGO3D_Detailausschnitt_mit_Bolzen-Verbindungen&#8220; align_tablet=&#8220;center&#8220; align_phone=&#8220;center&#8220; align_last_edited=&#8220;on|desktop&#8220; _builder_version=&#8220;4.19.4&#8243; _module_preset=&#8220;default&#8220; custom_margin=&#8220;||15px||false|false&#8220; custom_padding=&#8220;||||false|false&#8220; box_shadow_style=&#8220;preset1&#8243; box_shadow_blur=&#8220;10px&#8220; global_colors_info=&#8220;{}&#8220;][\/et_pb_image][et_pb_text _builder_version=&#8220;4.19.4&#8243; _module_preset=&#8220;default&#8220; hover_enabled=&#8220;0&#8243; global_colors_info=&#8220;{}&#8220; sticky_enabled=&#8220;0&#8243;]<\/p>\n<p><em>Detailansicht der 344 Verbindungsbolzen, die nach statischen Vorgaben aber auch \u00e4sthetischen Gesichtspunkten von uns verteilt wurden<\/em><\/p>\n<p>[\/et_pb_text][\/et_pb_column][et_pb_column type=&#8220;1_2&#8243; _builder_version=&#8220;4.19.4&#8243; _module_preset=&#8220;default&#8220; global_colors_info=&#8220;{}&#8220;][et_pb_image src=&#8220;https:\/\/www.ego-3d.de\/modellbau\/wp-content\/uploads\/2025\/12\/EGO3D_Farbcodierte_Aufbauanleitung.jpg&#8220; alt=&#8220;EGO3D_Farbcodierte_Aufbauanleitung&#8220; title_text=&#8220;EGO3D_Farbcodierte_Aufbauanleitung&#8220; align_tablet=&#8220;center&#8220; align_phone=&#8220;center&#8220; align_last_edited=&#8220;on|desktop&#8220; _builder_version=&#8220;4.19.4&#8243; _module_preset=&#8220;default&#8220; custom_margin=&#8220;||15px||false|false&#8220; custom_padding=&#8220;||||false|false&#8220; box_shadow_style=&#8220;preset1&#8243; box_shadow_blur=&#8220;10px&#8220; global_colors_info=&#8220;{}&#8220;][\/et_pb_image][et_pb_text _builder_version=&#8220;4.19.4&#8243; _module_preset=&#8220;default&#8220; global_colors_info=&#8220;{}&#8220;]<\/p>\n<p><em>Farbcodierte Aufbauanleitung, zus\u00e4tzlich zu den von uns geplanten Markierungen auf jeder Platte<\/em><\/p>\n<p>[\/et_pb_text][et_pb_text _builder_version=&#8220;4.19.4&#8243; _module_preset=&#8220;default&#8220; global_colors_info=&#8220;{}&#8220;]<\/p>\n<h3 class=\"western\" style=\"font-weight: normal;\">Die Herausforderungen<\/h3>\n<p align=\"justify\" style=\"font-weight: normal;\">Die Umsetzung dieses Werks erforderte die Expertise von EGO3D, bereits am digitalen Modell alles vorausplanen zu k\u00f6nnen, was sp\u00e4ter nach der Fertigung der Einzelscheiben und der Endmontage gefordert war:<\/p>\n<p align=\"justify\" style=\"font-weight: normal;\">\n<ul>\n<li>\n<p align=\"justify\" style=\"font-weight: normal; text-align: justify;\">Design-Kontinuit\u00e4t: Das Aussehen der Scheiben basierte auf der fotografischen Vorlage eines Pferdefohlens. Die gr\u00f6\u00dfte Herausforderung bestand darin, die 80 Einzelscheiben so zu arrangieren, dass die Anmutung und Erkennbarkeit des Fohlens in jeder Perspektive erhalten blieb. In enger Absprache mit den Kunden anhand der bei uns \u00fcblichen zahlreichen digitalen Vorschaubilder wurde so das Scheibenpferd schon am Computer lebendig, bevor die erste Platte geschnitten und verschei\u00dft war.<\/p>\n<\/li>\n<li style=\"text-align: justify;\">\n<p align=\"justify\" style=\"font-weight: normal;\">Struktur und \u00c4sthetik: Eine weitere Schl\u00fcsselaufgabe war die Integration der Verbindungsbolzen zwischen den 80 Platten. Sie mussten in Anzahl und Position exakt den statischen Vorgaben entsprechen und gleichzeitig so angelegt werden, dass sie ein zuf\u00e4lliges und harmonisches Erscheinungsbild vermitteln. Die statischen Vorgaben waren notwendig, da das 1,7 m gro\u00dfe Pferd schlussendlich im \u00f6ffentlichen Raum aufgestellt werden w\u00fcrde und Kinder sowie Erwachsene darauf sitzen k\u00f6nnen sollten.\u00a0<\/p>\n<\/li>\n<li>\n<p style=\"font-weight: normal; text-align: justify;\">Das Verschwei\u00dfen der Platten mit den Bolzen musste nach einer exakten Reihenfolge durchgef\u00fchrt werden, da in den engen Spalten zwischen den Platten kein nachtr\u00e4gliches Schwei\u00dfen mehr m\u00f6glich war. Daf\u00fcr markierten wir jedes einzelne der weit \u00fcber 600 L\u00f6cher f\u00fcr die Bolzen so, dass f\u00fcr die Handwerker keine aufw\u00e4ndigen Aufbaupl\u00e4ne n\u00f6tig waren, sondern ein Blick auf die Markierung des Loches genug Information gab. Auf \u00e4hnliche Weise waren alle Platten markiert, damit auch deren Reihenfolge klar ersichtlich blieb<\/p>\n<\/li>\n<\/ul>\n<p>[\/et_pb_text][et_pb_image src=&#8220;https:\/\/www.ego-3d.de\/modellbau\/wp-content\/uploads\/2025\/12\/Einige_Scheiben_vor_der_Montage.jpg&#8220; alt=&#8220;Einige_Scheiben_vor_der_Montage&#8220; title_text=&#8220;Einige_Scheiben_vor_der_Montage&#8220; align_tablet=&#8220;center&#8220; align_phone=&#8220;center&#8220; align_last_edited=&#8220;on|desktop&#8220; _builder_version=&#8220;4.19.4&#8243; _module_preset=&#8220;default&#8220; custom_margin=&#8220;||15px||false|false&#8220; custom_padding=&#8220;||||false|false&#8220; box_shadow_style=&#8220;preset1&#8243; box_shadow_blur=&#8220;10px&#8220; global_colors_info=&#8220;{}&#8220;][\/et_pb_image][et_pb_text _builder_version=&#8220;4.19.4&#8243; _module_preset=&#8220;default&#8220; global_colors_info=&#8220;{}&#8220;]<\/p>\n<p style=\"line-height: 100%; margin-bottom: 0cm;\" align=\"justify\"><em>Einige der fertig geschnittenen Einzelscheiben aus Aluminium vor der Montage<\/em><\/p>\n<p>[\/et_pb_text][et_pb_text _builder_version=&#8220;4.19.4&#8243; _module_preset=&#8220;default&#8220; global_colors_info=&#8220;{}&#8220;]<\/p>\n<h3 class=\"western\" style=\"font-weight: normal;\">Von der 3D-Datei zum Aluminium-Kunstwerk<\/h3>\n<p style=\"font-weight: normal; text-align: justify;\">Die finalisierte 3D-Datei wurde in pr\u00e4zise Schneidepfade umgewandelt. Diese dienten als Steuerung f\u00fcr eine Wasserstrahl-Schneidemaschine, die jede Einzelform aus 8 mm starkem Aluminiumblech millimetergenau ausschnitt.<\/p>\n<p style=\"font-weight: normal; text-align: justify;\">Das Scheibenpferd ist ein herausragendes Beispiel, wie kreative Vision und ingenieursm\u00e4\u00dfige Pr\u00e4zision verschmelzen k\u00f6nnen, um ein ikonisches, dauerhaftes und visuell fesselndes Wahrzeichen f\u00fcr den \u00f6ffentlichen Raum zu schaffen. Aber was vielleicht noch wichtiger ist: Ellwangen hat nun 61 Pferde-Skulpturen im \u00f6ffentlichen Raum. Nun ist Ellwangen wirklich eine Pferdestadt, eine Scheibenpferdestadt!<\/p>\n<p>[\/et_pb_text][et_pb_image src=&#8220;https:\/\/www.ego-3d.de\/modellbau\/wp-content\/uploads\/2025\/12\/Das_fertige_Scheibenpferd_nach_der_Montage_1.jpg&#8220; alt=&#8220;Das_fertige_Scheibenpferd_nach_der_Montage_1&#8243; title_text=&#8220;Das_fertige_Scheibenpferd_nach_der_Montage_1&#8243; align_tablet=&#8220;center&#8220; align_phone=&#8220;center&#8220; align_last_edited=&#8220;on|desktop&#8220; _builder_version=&#8220;4.19.4&#8243; _module_preset=&#8220;default&#8220; custom_margin=&#8220;||15px||false|false&#8220; custom_padding=&#8220;||||false|false&#8220; box_shadow_style=&#8220;preset1&#8243; box_shadow_blur=&#8220;10px&#8220; global_colors_info=&#8220;{}&#8220;][\/et_pb_image][et_pb_text _builder_version=&#8220;4.19.4&#8243; _module_preset=&#8220;default&#8220; global_colors_info=&#8220;{}&#8220;]<\/p>\n<p style=\"line-height: 100%; margin-bottom: 0cm;\" align=\"justify\"><em>Das fertige Scheibenpferd in Aluminium, vor der Auslieferung<\/em><\/p>\n<p>[\/et_pb_text][\/et_pb_column][\/et_pb_row][et_pb_row _builder_version=&#8220;4.19.4&#8243; _module_preset=&#8220;default&#8220; background_color=&#8220;rgba(255,255,255,0.65)&#8220; custom_margin=&#8220;0px||20px|&#8220; custom_padding=&#8220;15px|15px|15px|15px&#8220; box_shadow_style=&#8220;preset1&#8243; global_colors_info=&#8220;{}&#8220;][et_pb_column type=&#8220;4_4&#8243; _builder_version=&#8220;4.19.4&#8243; _module_preset=&#8220;default&#8220; global_colors_info=&#8220;{}&#8220;][et_pb_image src=&#8220;https:\/\/www.ego-3d.de\/modellbau\/wp-content\/uploads\/2025\/12\/EGO3D_3_digitale_Vorschaubilder_des_Scheibenpferdes.jpg&#8220; alt=&#8220;EGO3D_3_digitale_Vorschaubilder_des_Scheibenpferdes&#8220; title_text=&#8220;EGO3D_3_digitale_Vorschaubilder_des_Scheibenpferdes&#8220; align_tablet=&#8220;center&#8220; align_phone=&#8220;center&#8220; align_last_edited=&#8220;on|desktop&#8220; _builder_version=&#8220;4.19.4&#8243; _module_preset=&#8220;default&#8220; custom_margin=&#8220;||15px||false|false&#8220; custom_padding=&#8220;||||false|false&#8220; box_shadow_style=&#8220;preset1&#8243; box_shadow_blur=&#8220;10px&#8220; global_colors_info=&#8220;{}&#8220;][\/et_pb_image][\/et_pb_column][\/et_pb_row][\/et_pb_section]<\/p>\n","protected":false},"excerpt":{"rendered":"<p>Das Ellwanger Scheibenpferd Kunst, optische Illusion und Statik in Einklang F\u00fcr die Stadt Ellwangen realisierte EGO3D ein Kunstwerk, das einen Grenzgang zwischen Kunst, optischer Illusion und technischer Machbarkeit auslotete: Das sogenannte Scheibenpferd.Das fertige Scheibenpferd direkt nach dem Verschwei\u00dfen der einzelnen Aluminium-Platten. Alle Einzelscheiben waren 8 mm dick und bis zu 1,20 m hoch. 80 Scheiben [&hellip;]<\/p>\n","protected":false},"author":1,"featured_media":0,"parent":0,"menu_order":0,"comment_status":"closed","ping_status":"closed","template":"","meta":{"_et_pb_use_builder":"on","_et_pb_old_content":"","_et_gb_content_width":""},"_links":{"self":[{"href":"https:\/\/www.ego-3d.de\/modellbau\/wp-json\/wp\/v2\/pages\/3761"}],"collection":[{"href":"https:\/\/www.ego-3d.de\/modellbau\/wp-json\/wp\/v2\/pages"}],"about":[{"href":"https:\/\/www.ego-3d.de\/modellbau\/wp-json\/wp\/v2\/types\/page"}],"author":[{"embeddable":true,"href":"https:\/\/www.ego-3d.de\/modellbau\/wp-json\/wp\/v2\/users\/1"}],"replies":[{"embeddable":true,"href":"https:\/\/www.ego-3d.de\/modellbau\/wp-json\/wp\/v2\/comments?post=3761"}],"version-history":[{"count":7,"href":"https:\/\/www.ego-3d.de\/modellbau\/wp-json\/wp\/v2\/pages\/3761\/revisions"}],"predecessor-version":[{"id":3785,"href":"https:\/\/www.ego-3d.de\/modellbau\/wp-json\/wp\/v2\/pages\/3761\/revisions\/3785"}],"wp:attachment":[{"href":"https:\/\/www.ego-3d.de\/modellbau\/wp-json\/wp\/v2\/media?parent=3761"}],"curies":[{"name":"wp","href":"https:\/\/api.w.org\/{rel}","templated":true}]}}