{"id":3745,"date":"2025-12-10T15:43:22","date_gmt":"2025-12-10T14:43:22","guid":{"rendered":"https:\/\/www.ego-3d.de\/modellbau\/?page_id=3745"},"modified":"2025-12-10T15:43:22","modified_gmt":"2025-12-10T14:43:22","slug":"zwei-koepfe-fuer-das-freilichtmuseum-hagen","status":"publish","type":"page","link":"https:\/\/www.ego-3d.de\/modellbau\/zwei-koepfe-fuer-das-freilichtmuseum-hagen\/","title":{"rendered":"Zwei K\u00f6pfe f\u00fcr das Freilichtmuseum Hagen"},"content":{"rendered":"<p>[et_pb_section fb_built=&#8220;1&#8243; _builder_version=&#8220;4.19.4&#8243; _module_preset=&#8220;default&#8220; background_color=&#8220;RGBA(255,255,255,0)&#8220; background_enable_image=&#8220;off&#8220; background_size=&#8220;initial&#8220; background_position=&#8220;top_center&#8220; background_repeat=&#8220;repeat-y&#8220; global_colors_info=&#8220;{}&#8220; theme_builder_area=&#8220;post_content&#8220;][et_pb_row column_structure=&#8220;1_2,1_2&#8243; _builder_version=&#8220;4.19.4&#8243; _module_preset=&#8220;default&#8220; background_color=&#8220;rgba(255,255,255,0.65)&#8220; custom_margin=&#8220;0px||20px|&#8220; custom_padding=&#8220;15px|15px|15px|15px&#8220; box_shadow_style=&#8220;preset1&#8243; global_colors_info=&#8220;{}&#8220; theme_builder_area=&#8220;post_content&#8220;][et_pb_column type=&#8220;1_2&#8243; _builder_version=&#8220;4.19.4&#8243; _module_preset=&#8220;default&#8220; global_colors_info=&#8220;{}&#8220; theme_builder_area=&#8220;post_content&#8220;][et_pb_text _builder_version=&#8220;4.19.4&#8243; _module_preset=&#8220;default&#8220; hover_enabled=&#8220;0&#8243; global_colors_info=&#8220;{}&#8220; theme_builder_area=&#8220;post_content&#8220; sticky_enabled=&#8220;0&#8243;]<\/p>\n<h2 style=\"margin-bottom: 0cm;\"><strong>Zwei K\u00f6pfe f\u00fcr das Freilichtmuseum Hagen<\/strong><\/h2>\n<h2>Wiedergeburt historischer Fassadenkunst<\/h2>\n<p style=\"font-weight: normal; text-align: justify;\">Das Freilichtmuseum Hagen bewahrt die Baukultur und Geschichte der Region. Um das historische Erscheinungsbild eines seiner Geb\u00e4ude originalgetreu wiederherzustellen, beauftragte das Museum EGO3D mit einem besonderen Projekt: der Rekonstruktion zweier nicht mehr vorhandener, historischer B\u00fcsten, die einst die Fassade schm\u00fcckten.<\/p>\n<p>[\/et_pb_text][et_pb_image src=&#8220;https:\/\/www.ego-3d.de\/modellbau\/wp-content\/uploads\/2025\/12\/Altes_Foto_der_Bueste_als_Modellier-Vorlage.jpg&#8220; alt=&#8220;Altes_Foto_der_B\u00fcste_als_Modellier-Vorlage&#8220; title_text=&#8220;Altes_Foto_der_B\u00fcste_als_Modellier-Vorlage&#8220; align_tablet=&#8220;center&#8220; align_phone=&#8220;center&#8220; align_last_edited=&#8220;on|desktop&#8220; _builder_version=&#8220;4.19.4&#8243; _module_preset=&#8220;default&#8220; custom_margin=&#8220;||15px||false|false&#8220; custom_padding=&#8220;||||false|false&#8220; hover_enabled=&#8220;0&#8243; box_shadow_style=&#8220;preset1&#8243; box_shadow_blur=&#8220;10px&#8220; global_colors_info=&#8220;{}&#8220; theme_builder_area=&#8220;post_content&#8220; sticky_enabled=&#8220;0&#8243;][\/et_pb_image][et_pb_text _builder_version=&#8220;4.19.4&#8243; _module_preset=&#8220;default&#8220; hover_enabled=&#8220;0&#8243; global_colors_info=&#8220;{}&#8220; theme_builder_area=&#8220;post_content&#8220; sticky_enabled=&#8220;0&#8243;]<\/p>\n<p style=\"line-height: 100%; margin-bottom: 0cm;\" align=\"justify\"><em>Eines der wenigen noch existierenden Fotos der urspr\u00fcnglichen B\u00fcste<\/em><\/p>\n<p>[\/et_pb_text][et_pb_text _builder_version=&#8220;4.19.4&#8243; _module_preset=&#8220;default&#8220; hover_enabled=&#8220;0&#8243; global_colors_info=&#8220;{}&#8220; theme_builder_area=&#8220;post_content&#8220; sticky_enabled=&#8220;0&#8243;]<\/p>\n<p style=\"font-weight: normal; text-align: justify;\">Die Aufgabe stellte uns vor eine besondere Herausforderung. Statt der verlorenen Originale befanden sich zwischenzeitlich sehr einfach gestaltete und bemalte K\u00f6pfe an der Fassade des Geb\u00e4udes, die uns nicht als Orientierung dienen konnten. Als Grundlage f\u00fcr die Modellierung lagen uns somit nur die alten, unscharfen Fotografien der Originalb\u00fcsten vor. Diese sp\u00e4rliche Dokumentation erforderte weit mehr als nur technisches K\u00f6nnen.<\/p>\n<p>[\/et_pb_text][et_pb_image src=&#8220;https:\/\/www.ego-3d.de\/modellbau\/wp-content\/uploads\/2025\/12\/Altes_Foto_der_Buesten_an_der_Fassade.jpg&#8220; alt=&#8220;Altes_Foto_der_B\u00fcsten_an_der_Fassade&#8220; title_text=&#8220;Altes_Foto_der_B\u00fcsten_an_der_Fassade&#8220; align_tablet=&#8220;center&#8220; align_phone=&#8220;center&#8220; align_last_edited=&#8220;on|desktop&#8220; _builder_version=&#8220;4.19.4&#8243; _module_preset=&#8220;default&#8220; custom_margin=&#8220;||15px||false|false&#8220; custom_padding=&#8220;||||false|false&#8220; hover_enabled=&#8220;0&#8243; box_shadow_style=&#8220;preset1&#8243; box_shadow_blur=&#8220;10px&#8220; global_colors_info=&#8220;{}&#8220; theme_builder_area=&#8220;post_content&#8220; sticky_enabled=&#8220;0&#8243;][\/et_pb_image][et_pb_text _builder_version=&#8220;4.19.4&#8243; _module_preset=&#8220;default&#8220; hover_enabled=&#8220;0&#8243; global_colors_info=&#8220;{}&#8220; theme_builder_area=&#8220;post_content&#8220; sticky_enabled=&#8220;0&#8243;]<\/p>\n<p><em>Altes Foto der Fassade mit den zwei B\u00fcsten<\/em><\/p>\n<p>[\/et_pb_text][et_pb_image src=&#8220;https:\/\/www.ego-3d.de\/modellbau\/wp-content\/uploads\/2025\/12\/Altes_Foto_der_Buesten_an_der_Fassade_2.jpg&#8220; alt=&#8220;Altes_Foto_der_B\u00fcsten_an_der_Fassade_2&#8243; title_text=&#8220;Altes_Foto_der_B\u00fcsten_an_der_Fassade_2&#8243; align_tablet=&#8220;center&#8220; align_phone=&#8220;center&#8220; align_last_edited=&#8220;on|desktop&#8220; _builder_version=&#8220;4.19.4&#8243; _module_preset=&#8220;default&#8220; custom_margin=&#8220;||15px||false|false&#8220; custom_padding=&#8220;||||false|false&#8220; hover_enabled=&#8220;0&#8243; box_shadow_style=&#8220;preset1&#8243; box_shadow_blur=&#8220;10px&#8220; global_colors_info=&#8220;{}&#8220; theme_builder_area=&#8220;post_content&#8220; sticky_enabled=&#8220;0&#8243;][\/et_pb_image][et_pb_text _builder_version=&#8220;4.19.4&#8243; _module_preset=&#8220;default&#8220; hover_enabled=&#8220;0&#8243; global_colors_info=&#8220;{}&#8220; theme_builder_area=&#8220;post_content&#8220; sticky_enabled=&#8220;0&#8243;]<\/p>\n<p><em>Altes Foto des Geb\u00e4udes, das heute noch im Freilichtmuseum steht<\/em><\/p>\n<p>[\/et_pb_text][\/et_pb_column][et_pb_column type=&#8220;1_2&#8243; _builder_version=&#8220;4.19.4&#8243; _module_preset=&#8220;default&#8220; global_colors_info=&#8220;{}&#8220; theme_builder_area=&#8220;post_content&#8220;][et_pb_text _builder_version=&#8220;4.19.4&#8243; _module_preset=&#8220;default&#8220; hover_enabled=&#8220;0&#8243; global_colors_info=&#8220;{}&#8220; theme_builder_area=&#8220;post_content&#8220; sticky_enabled=&#8220;0&#8243;]<\/p>\n<p style=\"font-weight: normal; text-align: justify;\">Doch es sind solche Auftr\u00e4ge, bei der wir unsere St\u00e4rken ausspielen k\u00f6nnen und mit der Kombination aus historischem Sachverstand und unserer k\u00fcnstlerischen Erfahrung mit unzureichenden Bilddaten ein sehenswertes und maximal akurates Modell erschaffen. Die Details der Gesichtsz\u00fcge, der Ausdruck und die spezifische Modellierung von Haar und Bart der historischen Figur wurden durch sorgf\u00e4ltige Sch\u00e4tzung und einf\u00fchlsame Nachbildung rekonstruiert, um dem urspr\u00fcnglichen Aussehen so nahe wie m\u00f6glich zu kommen.<\/p>\n<p>[\/et_pb_text][et_pb_image src=&#8220;https:\/\/www.ego-3d.de\/modellbau\/wp-content\/uploads\/2025\/12\/EGO3D_digitale_Vorschaubilder_der_Bueste.jpg&#8220; alt=&#8220;EGO3D_digitale_Vorschaubilder_der_B\u00fcste&#8220; title_text=&#8220;EGO3D_digitale_Vorschaubilder_der_B\u00fcste&#8220; align_tablet=&#8220;center&#8220; align_phone=&#8220;center&#8220; align_last_edited=&#8220;on|desktop&#8220; _builder_version=&#8220;4.19.4&#8243; _module_preset=&#8220;default&#8220; custom_margin=&#8220;||15px||false|false&#8220; custom_padding=&#8220;||||false|false&#8220; hover_enabled=&#8220;0&#8243; box_shadow_style=&#8220;preset1&#8243; box_shadow_blur=&#8220;10px&#8220; global_colors_info=&#8220;{}&#8220; theme_builder_area=&#8220;post_content&#8220; sticky_enabled=&#8220;0&#8243;][\/et_pb_image][et_pb_text _builder_version=&#8220;4.19.4&#8243; _module_preset=&#8220;default&#8220; hover_enabled=&#8220;0&#8243; global_colors_info=&#8220;{}&#8220; theme_builder_area=&#8220;post_content&#8220; sticky_enabled=&#8220;0&#8243;]<\/p>\n<p><em>Digitales Vorschaubild f\u00fcr unseren Kunden<\/em><\/p>\n<p>[\/et_pb_text][et_pb_text _builder_version=&#8220;4.19.4&#8243; _module_preset=&#8220;default&#8220; hover_enabled=&#8220;0&#8243; global_colors_info=&#8220;{}&#8220; theme_builder_area=&#8220;post_content&#8220; sticky_enabled=&#8220;0&#8243;]<\/p>\n<p style=\"font-weight: normal; text-align: justify;\">Wie \u00fcblich lieferten wir auch hier dem Kunden Vorschaubilder, um das Ergebnis abzustimmen und \u00c4nderungsw\u00fcnsche einzubringen. Insgesamt wurden zwei identische Exemplare angefertigt. Diese von EGO3D rekonstruierten B\u00fcsten ersetzen nun die fehlenden Originale und tragen ma\u00dfgeblich zur authentischen und vollst\u00e4ndigen Wiederherstellung der historischen Geb\u00e4udeansicht im Freilichtmuseum Eifel bei.<\/p>\n<p style=\"font-weight: normal; text-align: justify;\">Dieses Projekt ist ein klassisches Beispiel daf\u00fcr, wie wir von EGO3D moderne 3D-Technologie in Verbindung mit handwerklicher und k\u00fcnstlerischer Expertise nutzen, um unseren Kunden die Bewahrung von Kulturerbe zu erm\u00f6glichen, und es auch f\u00fcr zuk\u00fcnftige Generationen erlebbar machen.<\/p>\n<p>[\/et_pb_text][et_pb_image src=&#8220;https:\/\/www.ego-3d.de\/modellbau\/wp-content\/uploads\/2025\/12\/EGO3D_Die_zwei_Buesten_fertiger_3D-Druck.jpg&#8220; alt=&#8220;EGO3D_Die_zwei_B\u00fcsten_fertiger_3D-Druck&#8220; title_text=&#8220;EGO3D_Die_zwei_B\u00fcsten_fertiger_3D-Druck&#8220; align_tablet=&#8220;center&#8220; align_phone=&#8220;center&#8220; align_last_edited=&#8220;on|desktop&#8220; _builder_version=&#8220;4.19.4&#8243; _module_preset=&#8220;default&#8220; custom_margin=&#8220;||15px||false|false&#8220; custom_padding=&#8220;||||false|false&#8220; hover_enabled=&#8220;0&#8243; box_shadow_style=&#8220;preset1&#8243; box_shadow_blur=&#8220;10px&#8220; global_colors_info=&#8220;{}&#8220; theme_builder_area=&#8220;post_content&#8220; sticky_enabled=&#8220;0&#8243;][\/et_pb_image][et_pb_text _builder_version=&#8220;4.19.4&#8243; _module_preset=&#8220;default&#8220; hover_enabled=&#8220;0&#8243; global_colors_info=&#8220;{}&#8220; theme_builder_area=&#8220;post_content&#8220; sticky_enabled=&#8220;0&#8243;]<\/p>\n<p style=\"line-height: 100%; margin-bottom: 0cm;\" align=\"justify\"><em>Fertige 3D-Drucke der beiden B\u00fcsten vor der Auslieferung<\/em><\/p>\n<p>[\/et_pb_text][\/et_pb_column][\/et_pb_row][\/et_pb_section]<\/p>\n","protected":false},"excerpt":{"rendered":"<p>Zwei K\u00f6pfe f\u00fcr das Freilichtmuseum Hagen Wiedergeburt historischer Fassadenkunst Das Freilichtmuseum Hagen bewahrt die Baukultur und Geschichte der Region. Um das historische Erscheinungsbild eines seiner Geb\u00e4ude originalgetreu wiederherzustellen, beauftragte das Museum EGO3D mit einem besonderen Projekt: der Rekonstruktion zweier nicht mehr vorhandener, historischer B\u00fcsten, die einst die Fassade schm\u00fcckten.Eines der wenigen noch existierenden Fotos der [&hellip;]<\/p>\n","protected":false},"author":1,"featured_media":0,"parent":0,"menu_order":0,"comment_status":"closed","ping_status":"closed","template":"","meta":{"_et_pb_use_builder":"on","_et_pb_old_content":"","_et_gb_content_width":""},"_links":{"self":[{"href":"https:\/\/www.ego-3d.de\/modellbau\/wp-json\/wp\/v2\/pages\/3745"}],"collection":[{"href":"https:\/\/www.ego-3d.de\/modellbau\/wp-json\/wp\/v2\/pages"}],"about":[{"href":"https:\/\/www.ego-3d.de\/modellbau\/wp-json\/wp\/v2\/types\/page"}],"author":[{"embeddable":true,"href":"https:\/\/www.ego-3d.de\/modellbau\/wp-json\/wp\/v2\/users\/1"}],"replies":[{"embeddable":true,"href":"https:\/\/www.ego-3d.de\/modellbau\/wp-json\/wp\/v2\/comments?post=3745"}],"version-history":[{"count":4,"href":"https:\/\/www.ego-3d.de\/modellbau\/wp-json\/wp\/v2\/pages\/3745\/revisions"}],"predecessor-version":[{"id":3758,"href":"https:\/\/www.ego-3d.de\/modellbau\/wp-json\/wp\/v2\/pages\/3745\/revisions\/3758"}],"wp:attachment":[{"href":"https:\/\/www.ego-3d.de\/modellbau\/wp-json\/wp\/v2\/media?parent=3745"}],"curies":[{"name":"wp","href":"https:\/\/api.w.org\/{rel}","templated":true}]}}