{"id":3718,"date":"2025-12-09T15:35:57","date_gmt":"2025-12-09T14:35:57","guid":{"rendered":"https:\/\/www.ego-3d.de\/modellbau\/?page_id=3718"},"modified":"2025-12-09T17:47:31","modified_gmt":"2025-12-09T16:47:31","slug":"gedenktafeln-salzbergen","status":"publish","type":"page","link":"https:\/\/www.ego-3d.de\/modellbau\/gedenktafeln-salzbergen\/","title":{"rendered":"Gedenktafeln Salzbergen"},"content":{"rendered":"<p>[et_pb_section fb_built=&#8220;1&#8243; _builder_version=&#8220;4.19.4&#8243; _module_preset=&#8220;default&#8220; background_color=&#8220;RGBA(255,255,255,0)&#8220; background_enable_image=&#8220;off&#8220; background_size=&#8220;initial&#8220; background_position=&#8220;top_center&#8220; background_repeat=&#8220;repeat-y&#8220; global_colors_info=&#8220;{}&#8220;][et_pb_row column_structure=&#8220;1_3,1_3,1_3&#8243; module_id=&#8220;anker_kerkeling&#8220; _builder_version=&#8220;4.16&#8243; background_color=&#8220;rgba(255,255,255,0.65)&#8220; custom_margin=&#8220;0px||20px|&#8220; custom_padding=&#8220;15px|15px|15px|15px&#8220; box_shadow_style=&#8220;preset1&#8243; global_colors_info=&#8220;{}&#8220;][et_pb_column type=&#8220;1_3&#8243; _builder_version=&#8220;4.16&#8243; custom_padding=&#8220;|||&#8220; global_colors_info=&#8220;{}&#8220; custom_padding__hover=&#8220;|||&#8220;][et_pb_text _builder_version=&#8220;4.19.4&#8243; global_colors_info=&#8220;{}&#8220;]<\/p>\n<h2 class=\"western\">Gedenktafeln Salzbergen: Gestohlenes kehrt mit moderner Technik zur\u00fcck<\/h2>\n<p>[\/et_pb_text][et_pb_image src=&#8220;https:\/\/www.ego-3d.de\/modellbau\/wp-content\/uploads\/2025\/12\/Gedenkstaette_nach_dem_Diebstahl_der_Tafeln.jpg&#8220; alt=&#8220;Gedenkst\u00e4tte_nach_dem_Diebstahl_der_Tafeln&#8220; title_text=&#8220;Gedenkst\u00e4tte_nach_dem_Diebstahl_der_Tafeln&#8220; align_tablet=&#8220;center&#8220; align_phone=&#8220;&#8220; align_last_edited=&#8220;on|desktop&#8220; _builder_version=&#8220;4.19.4&#8243; custom_margin=&#8220;||15px|&#8220; box_shadow_style=&#8220;preset1&#8243; box_shadow_blur=&#8220;10px&#8220; box_shadow_color=&#8220;#000000&#8243; global_colors_info=&#8220;{}&#8220;][\/et_pb_image][et_pb_text _builder_version=&#8220;4.19.4&#8243; global_colors_info=&#8220;{}&#8220;]<\/p>\n<p><em>Die Gedenkst\u00e4tte nach dem Diebstahl<\/em><\/p>\n<p>[\/et_pb_text][et_pb_image src=&#8220;https:\/\/www.ego-3d.de\/modellbau\/wp-content\/uploads\/2025\/12\/EGO3D_digitale_Vorschau_der-3D-Modelle_der_Tafeln.jpg&#8220; alt=&#8220;EGO3D_digitale_Vorschau_der 3D-Modelle_der_Tafeln&#8220; title_text=&#8220;EGO3D_digitale_Vorschau_der 3D-Modelle_der_Tafeln&#8220; align_tablet=&#8220;center&#8220; align_phone=&#8220;&#8220; align_last_edited=&#8220;on|desktop&#8220; _builder_version=&#8220;4.19.4&#8243; custom_margin=&#8220;||15px|&#8220; box_shadow_style=&#8220;preset1&#8243; box_shadow_blur=&#8220;10px&#8220; box_shadow_color=&#8220;#000000&#8243; global_colors_info=&#8220;{}&#8220;][\/et_pb_image][et_pb_text _builder_version=&#8220;4.19.4&#8243; global_colors_info=&#8220;{}&#8220;]<\/p>\n<p>Vorschau der digitalen Modelle der Schrifttafeln<\/p>\n<p>[\/et_pb_text][et_pb_image src=&#8220;https:\/\/www.ego-3d.de\/modellbau\/wp-content\/uploads\/2025\/12\/EGO3D_Gedenktafel_Salzbergen_waehrend_des-Fraesens.jpg&#8220; alt=&#8220;EGO3D_Gedenktafel_Salzbergen_w\u00e4hrend_des Fr\u00e4sens&#8220; title_text=&#8220;EGO3D_Gedenktafel_Salzbergen_w\u00e4hrend_des Fr\u00e4sens&#8220; align_tablet=&#8220;center&#8220; align_phone=&#8220;&#8220; align_last_edited=&#8220;on|desktop&#8220; _builder_version=&#8220;4.19.4&#8243; custom_margin=&#8220;||15px|&#8220; box_shadow_style=&#8220;preset1&#8243; box_shadow_blur=&#8220;10px&#8220; box_shadow_color=&#8220;#000000&#8243; global_colors_info=&#8220;{}&#8220;][\/et_pb_image][et_pb_text _builder_version=&#8220;4.19.4&#8243; global_colors_info=&#8220;{}&#8220;]<\/p>\n<p>Eine der Tafeln wird gefr\u00e4st<\/p>\n<p>[\/et_pb_text][et_pb_image src=&#8220;https:\/\/www.ego-3d.de\/modellbau\/wp-content\/uploads\/2025\/12\/EGO3D_Gedenktafel_Salzbergen_Detailausschnitt_des_gefraesten_Modells.jpg&#8220; alt=&#8220;EGO3D_Gedenktafel_Salzbergen_Detailausschnitt_des_gefr\u00e4sten_Modells&#8220; title_text=&#8220;EGO3D_Gedenktafel_Salzbergen_Detailausschnitt_des_gefr\u00e4sten_Modells&#8220; align_tablet=&#8220;center&#8220; align_phone=&#8220;&#8220; align_last_edited=&#8220;on|desktop&#8220; _builder_version=&#8220;4.19.4&#8243; custom_margin=&#8220;||15px|&#8220; box_shadow_style=&#8220;preset1&#8243; box_shadow_blur=&#8220;10px&#8220; box_shadow_color=&#8220;#000000&#8243; global_colors_info=&#8220;{}&#8220;][\/et_pb_image][et_pb_text _builder_version=&#8220;4.19.4&#8243; global_colors_info=&#8220;{}&#8220;]<\/p>\n<p>Detailausschnitt des Fr\u00e4sergebnisses<\/p>\n<p>[\/et_pb_text][\/et_pb_column][et_pb_column type=&#8220;1_3&#8243; _builder_version=&#8220;4.16&#8243; custom_padding=&#8220;|||&#8220; global_colors_info=&#8220;{}&#8220; custom_padding__hover=&#8220;|||&#8220;][et_pb_text _builder_version=&#8220;4.19.4&#8243; hover_enabled=&#8220;0&#8243; global_colors_info=&#8220;{}&#8220; sticky_enabled=&#8220;0&#8243;]<\/p>\n<p style=\"text-align: justify;\">Das EGO3D-Projekt in Salzbergen umfasste die Rekonstruktion und Neuanfertigung von 22 Gedenktafeln, die aufgrund eines Diebstahls ersetzt werden mussten. Die urspr\u00fcnglichen Tafeln waren in Bronze gefertigt. Damit f\u00fcr die Zukunft ein Diebstahl aufgrund der Wertigkeit von Bronze ausgeschlossen werden konnte, entschied man sich, die rekonstruierten Tafeln in Aluminium zu gie\u00dfen.<\/p>\n<p style=\"text-align: justify;\">Die urspr\u00fcnglichen Tafeln listeten alle Salzbergener Opfer der Weltkriege sowie weiterer Kriege seit dem 19. Jahrhundert auf. Eine Zusatztafel erinnerte an Soldaten und zivile Opfer aller Nationen, die in Salzbergen ums Leben kamen. Das Hauptziel war die Herstellung identischer Ersatztafeln (abgesehen vom Material) unter Einsatz unserer modernen 3D-Modellierungs-Techniken und subtraktiver Fertigungsverfahren (CNC-Fr\u00e4sen).<\/p>\n<p style=\"text-align: justify;\">Der Endkunde gab uns detailierte Listen aller Namen, erweitert und korrigiert, basierend auf neuen Ergebnissen der historischen Forschung. Denn zahlreichen urspr\u00fcnglich als vermisst notierten Personen k\u00f6nnen inzwischen Sterbedaten und Sterbe-Ursachen zugewiesen werden.<\/p>\n<p>[\/et_pb_text][et_pb_text _builder_version=&#8220;4.19.4&#8243; global_colors_info=&#8220;{}&#8220;]<\/p>\n<h3 class=\"western\">Phase 1:<br \/>Typografische Schriftrekonstruktion und digitale Modellierung<\/h3>\n<p style=\"text-align: justify;\">Der Ausgangspunkt der Arbeit war die Rekonstruktion der originalen Typografie. Anhand historischer Aufnahmen und Dokumente analysierten unsere ausgebildeten 3D-Grafiker die charakteristischen Merkmale der Original-Inschriften. Schriftarten, wie sie auf alten Schriftplatten zu finden sind, sind in der Regel nicht identisch mit heutigen digitalen Schriftarten, trotz der schieren Menge an digitalen Schrifts\u00e4tzen, die erh\u00e4ltlich sind. Daher erstellten wir den digitalen Schriftsatz selbst, der im weiteren als verbindliche Grundlage f\u00fcr alle nachfolgenden Schritte diente.<\/p>\n<p style=\"text-align: justify;\">Anschlie\u00dfend erfolgte die Erstellung der digitalen Modelle aller 22 Platten. Wir modellierten sie entsprechend der vorgegebenen Ma\u00dfe, gew\u00fcnschten Materialst\u00e4rken und sonstigen Anforderungen, basierend auf den wenigen noch vorhandenen Tafeln, Fotos der gestohlenen Tafeln und der Namenslisten.<\/p>\n<p>[\/et_pb_text][et_pb_text _builder_version=&#8220;4.19.4&#8243; global_colors_info=&#8220;{}&#8220; custom_padding=&#8220;|1px||||&#8220;]<\/p>\n<h3 class=\"western\">Phase 2:<br \/>Qualit\u00e4tssicherung und Subtraktive Fertigung (CNC-Fr\u00e4sen)<\/h3>\n<p style=\"text-align: justify;\">Zur Sicherstellung der finalen Qualit\u00e4t erfolgte zun\u00e4chst die digitale Freigabe. Den Kunden wurden digitale Vorschaubilder der 3D-Modelle zur Verf\u00fcgung gestellt, um eine umfassende visuelle Kontrolle und die finale Freigabe vor der Fertigung zu erm\u00f6glichen.<\/p>\n<p style=\"text-align: justify;\">Hier konnten wir auch die Neuverteilung der Namenslisten abkl\u00e4ren, die durch die neuen historischen Forschungsergebnisse erforderlich waren. Durch geschickte Anordnung waren weiterhin nur 22 Tafel notwendig, trotz des Zuwachses an Text. Ein Neu-Arrangement vor Ort, um mehr Tafeln unterzubringen, konnte somit vermieden werden.<\/p>\n<p style=\"text-align: justify;\">Nach der abschlie\u00dfenden Best\u00e4tigung durch den Auftraggeber ging das digitale Modell in die Tats\u00e4chliche Fertigung. Aus hochverdichtetem PU-Material wurden Lage f\u00fcr Lage alle Platten ausgefr\u00e4st. Diese robusten und hochpr\u00e4zisen Modelle dienten im Anschluss der Gie\u00dferei als Grundlage f\u00fcr den Aluminiumguss.<\/p>\n<p>[\/et_pb_text][\/et_pb_column][et_pb_column type=&#8220;1_3&#8243; _builder_version=&#8220;4.16&#8243; custom_padding=&#8220;|||&#8220; global_colors_info=&#8220;{}&#8220; custom_padding__hover=&#8220;|||&#8220;][et_pb_image src=&#8220;https:\/\/www.ego-3d.de\/modellbau\/wp-content\/uploads\/2025\/12\/EGO3D_Gedenktafel_Salzbergen_Gefraestes_Modell_vor_dem_Versandt.jpg&#8220; alt=&#8220;EGO3D_Gedenktafel_Salzbergen_Gefr\u00e4stes_Modell_vor_dem_Versandt&#8220; title_text=&#8220;EGO3D_Gedenktafel_Salzbergen_Gefr\u00e4stes_Modell_vor_dem_Versandt&#8220; align_tablet=&#8220;center&#8220; align_phone=&#8220;&#8220; align_last_edited=&#8220;on|desktop&#8220; _builder_version=&#8220;4.19.4&#8243; custom_margin=&#8220;||15px|&#8220; box_shadow_style=&#8220;preset1&#8243; box_shadow_blur=&#8220;10px&#8220; box_shadow_color=&#8220;#000000&#8243; global_colors_info=&#8220;{}&#8220;][\/et_pb_image][et_pb_text _builder_version=&#8220;4.19.4&#8243; global_colors_info=&#8220;{}&#8220;]<\/p>\n<p><em>Fertig gefr\u00e4ste Platte vor dem Versandt<\/em><\/p>\n<p>[\/et_pb_text][et_pb_text _builder_version=&#8220;4.19.4&#8243; global_colors_info=&#8220;{}&#8220;]<\/p>\n<h3 class=\"western\">Phase 3: <br \/>Aluminiumguss<\/h3>\n<p style=\"text-align: justify;\">Unsere Modelle waren von vornherein optimiert auf den Abform-Prozess des Sandgusses. Die Flanken jedes einzelnen Buchstaben waren leicht angeschr\u00e4gt (Entformschr\u00e4ge) und erm\u00f6glichten ein problemloses Abformen. So konnte die Gie\u00dferei perfekte Negativ-Formen f\u00fcr den eigentlichen Guss erstellen.<\/p>\n<p style=\"text-align: justify;\">Das Projekt Salzbergen demonstriert eindr\u00fccklich, dass auch verloren geglaubte Kunstwerke der Erinnerungskultur wieder rekonstruiert werden k\u00f6nnen, solange noch ein paar Fotos und\/oder Daten erhalten sind. Durch den digitalen Prozess k\u00f6nnen dabei die Ergebnisse noch lange vor der physischen Herstellung begutachtet, optimiert und neuen Gegebenheiten angepasst werden. Die Kunden behalten bis zur endg\u00fcltigen Freigabe die volle Kontrolle \u00fcber die Gestaltung aller Modelle.<\/p>\n<p>[\/et_pb_text][et_pb_image src=&#8220;https:\/\/www.ego-3d.de\/modellbau\/wp-content\/uploads\/2025\/12\/Die_Negativ-Form_vor_dem_Guss.jpg&#8220; alt=&#8220;Die_Negativ-Form_vor_dem_Guss&#8220; title_text=&#8220;Die_Negativ-Form_vor_dem_Guss&#8220; align_tablet=&#8220;center&#8220; align_phone=&#8220;&#8220; align_last_edited=&#8220;on|desktop&#8220; _builder_version=&#8220;4.19.4&#8243; custom_margin=&#8220;||15px|&#8220; box_shadow_style=&#8220;preset1&#8243; box_shadow_blur=&#8220;10px&#8220; box_shadow_color=&#8220;#000000&#8243; global_colors_info=&#8220;{}&#8220;][\/et_pb_image][et_pb_text _builder_version=&#8220;4.19.4&#8243; global_colors_info=&#8220;{}&#8220;]<\/p>\n<p><em>Die Negativform aus Formsand. Gut zu erkennen sind die spiegelverkehrten vertieften Schriftzeichen<\/em><\/p>\n<p>[\/et_pb_text][et_pb_image src=&#8220;https:\/\/www.ego-3d.de\/modellbau\/wp-content\/uploads\/2025\/12\/Detailansicht_einer_fertig_gegossenen_Tafel.jpg&#8220; alt=&#8220;Detailansicht_einer_fertig_gegossenen_Tafel&#8220; title_text=&#8220;Detailansicht_einer_fertig_gegossenen_Tafel&#8220; align_tablet=&#8220;center&#8220; align_phone=&#8220;&#8220; align_last_edited=&#8220;on|desktop&#8220; _builder_version=&#8220;4.19.4&#8243; custom_margin=&#8220;||15px|&#8220; box_shadow_style=&#8220;preset1&#8243; box_shadow_blur=&#8220;10px&#8220; box_shadow_color=&#8220;#000000&#8243; global_colors_info=&#8220;{}&#8220;][\/et_pb_image][et_pb_text _builder_version=&#8220;4.19.4&#8243; global_colors_info=&#8220;{}&#8220;]<\/p>\n<p><em>Der fertige Aluminiumguss mit behandelter Oberfl\u00e4che<\/em><\/p>\n<p>[\/et_pb_text][\/et_pb_column][\/et_pb_row][et_pb_row module_id=&#8220;anker_kerkeling&#8220; _builder_version=&#8220;4.19.4&#8243; background_color=&#8220;rgba(255,255,255,0.65)&#8220; custom_margin=&#8220;0px||20px|&#8220; custom_padding=&#8220;15px|15px|15px|15px&#8220; box_shadow_style=&#8220;preset1&#8243; global_colors_info=&#8220;{}&#8220;][et_pb_column type=&#8220;4_4&#8243; _builder_version=&#8220;4.16&#8243; custom_padding=&#8220;|||&#8220; global_colors_info=&#8220;{}&#8220; custom_padding__hover=&#8220;|||&#8220;][et_pb_image src=&#8220;https:\/\/www.ego-3d.de\/modellbau\/wp-content\/uploads\/2025\/12\/Die_neuen_Tafeln_vor_Ort.jpg&#8220; alt=&#8220;Die_neuen_Tafeln_vor_Ort&#8220; title_text=&#8220;Die_neuen_Tafeln_vor_Ort&#8220; align_tablet=&#8220;center&#8220; align_phone=&#8220;center&#8220; align_last_edited=&#8220;on|desktop&#8220; _builder_version=&#8220;4.19.4&#8243; _module_preset=&#8220;default&#8220; custom_margin=&#8220;||15px|&#8220; box_shadow_style=&#8220;preset1&#8243; box_shadow_blur=&#8220;10px&#8220; box_shadow_color=&#8220;#000000&#8243; global_colors_info=&#8220;{}&#8220;][\/et_pb_image][et_pb_text _builder_version=&#8220;4.19.4&#8243; global_colors_info=&#8220;{}&#8220;]<\/p>\n<p><em>Die neuen Tafeln werden vor Ort intalliert<\/em><\/p>\n<p>[\/et_pb_text][\/et_pb_column][\/et_pb_row][\/et_pb_section]<\/p>\n","protected":false},"excerpt":{"rendered":"<p>Gedenktafeln Salzbergen: Gestohlenes kehrt mit moderner Technik zur\u00fcckDie Gedenkst\u00e4tte nach dem DiebstahlVorschau der digitalen Modelle der SchrifttafelnEine der Tafeln wird gefr\u00e4stDetailausschnitt des Fr\u00e4sergebnissesDas EGO3D-Projekt in Salzbergen umfasste die Rekonstruktion und Neuanfertigung von 22 Gedenktafeln, die aufgrund eines Diebstahls ersetzt werden mussten. Die urspr\u00fcnglichen Tafeln waren in Bronze gefertigt. Damit f\u00fcr die Zukunft ein Diebstahl aufgrund [&hellip;]<\/p>\n","protected":false},"author":1,"featured_media":0,"parent":0,"menu_order":0,"comment_status":"closed","ping_status":"closed","template":"","meta":{"_et_pb_use_builder":"on","_et_pb_old_content":"","_et_gb_content_width":""},"_links":{"self":[{"href":"https:\/\/www.ego-3d.de\/modellbau\/wp-json\/wp\/v2\/pages\/3718"}],"collection":[{"href":"https:\/\/www.ego-3d.de\/modellbau\/wp-json\/wp\/v2\/pages"}],"about":[{"href":"https:\/\/www.ego-3d.de\/modellbau\/wp-json\/wp\/v2\/types\/page"}],"author":[{"embeddable":true,"href":"https:\/\/www.ego-3d.de\/modellbau\/wp-json\/wp\/v2\/users\/1"}],"replies":[{"embeddable":true,"href":"https:\/\/www.ego-3d.de\/modellbau\/wp-json\/wp\/v2\/comments?post=3718"}],"version-history":[{"count":9,"href":"https:\/\/www.ego-3d.de\/modellbau\/wp-json\/wp\/v2\/pages\/3718\/revisions"}],"predecessor-version":[{"id":3744,"href":"https:\/\/www.ego-3d.de\/modellbau\/wp-json\/wp\/v2\/pages\/3718\/revisions\/3744"}],"wp:attachment":[{"href":"https:\/\/www.ego-3d.de\/modellbau\/wp-json\/wp\/v2\/media?parent=3718"}],"curies":[{"name":"wp","href":"https:\/\/api.w.org\/{rel}","templated":true}]}}