{"id":3668,"date":"2025-06-11T11:50:12","date_gmt":"2025-06-11T09:50:12","guid":{"rendered":"https:\/\/www.ego-3d.de\/modellbau\/?page_id=3668"},"modified":"2025-06-11T11:50:12","modified_gmt":"2025-06-11T09:50:12","slug":"stadtmodell-dietzenbach","status":"publish","type":"page","link":"https:\/\/www.ego-3d.de\/modellbau\/stadtmodell-dietzenbach\/","title":{"rendered":"Stadtmodell Dietzenbach"},"content":{"rendered":"<p>[et_pb_section fb_built=&#8220;1&#8243; _builder_version=&#8220;4.19.4&#8243; _module_preset=&#8220;default&#8220; background_color=&#8220;RGBA(255,255,255,0)&#8220; background_enable_image=&#8220;off&#8220; background_size=&#8220;initial&#8220; background_position=&#8220;top_center&#8220; background_repeat=&#8220;repeat-y&#8220; global_colors_info=&#8220;{}&#8220; theme_builder_area=&#8220;post_content&#8220;][et_pb_row column_structure=&#8220;1_2,1_2&#8243; _builder_version=&#8220;4.19.4&#8243; _module_preset=&#8220;default&#8220; background_color=&#8220;rgba(255,255,255,0.65)&#8220; custom_margin=&#8220;0px||20px|&#8220; custom_padding=&#8220;15px|15px|15px|15px&#8220; box_shadow_style=&#8220;preset1&#8243; global_colors_info=&#8220;{}&#8220; theme_builder_area=&#8220;post_content&#8220;][et_pb_column type=&#8220;1_2&#8243; _builder_version=&#8220;4.19.4&#8243; _module_preset=&#8220;default&#8220; global_colors_info=&#8220;{}&#8220; theme_builder_area=&#8220;post_content&#8220;][et_pb_text _builder_version=&#8220;4.19.4&#8243; _module_preset=&#8220;default&#8220; hover_enabled=&#8220;0&#8243; global_colors_info=&#8220;{}&#8220; theme_builder_area=&#8220;post_content&#8220; sticky_enabled=&#8220;0&#8243;]<\/p>\n<h2 style=\"margin-bottom: 0cm;\"><strong>Das Stadtmodell Dietzenbach<\/strong><\/h2>\n<h2>Echtes Fachwerk in klein<\/h2>\n<p style=\"margin-bottom: 0cm; text-align: justify;\">Die Erstellung von taktilen Stadtmodellen haben wir in den letzten 15 Jahren stets weiterentwickelt. Sowohl die digitalen Modellierungstechniken als auch die 3D-Drucktechniken unterliegen einem st\u00e4ndigem Wandel, und wir suchen uns aus neuen M\u00f6glichkeiten immer das Beste f\u00fcr unsere Projekte heraus. Ein gutes Beispiel f\u00fcr diese moderne Herangehensweise ist das Stadtmodell von Dietzenbach. <\/p>\n<p>[\/et_pb_text][et_pb_image src=&#8220;https:\/\/www.ego-3d.de\/modellbau\/wp-content\/uploads\/2025\/06\/EGO3D_3D-digitales_Vorschaubild_der_Detailgebaeude_3.jpg&#8220; alt=&#8220;EGO3D_3D-digitales_Vorschaubild_der_Detailgeb\u00e4ude_3&#8243; title_text=&#8220;Bildvorlage_mit_Logo&#8220; align_tablet=&#8220;center&#8220; align_phone=&#8220;center&#8220; align_last_edited=&#8220;on|desktop&#8220; _builder_version=&#8220;4.19.4&#8243; _module_preset=&#8220;default&#8220; custom_margin=&#8220;||15px||false|false&#8220; custom_padding=&#8220;||||false|false&#8220; hover_enabled=&#8220;0&#8243; box_shadow_style=&#8220;preset1&#8243; box_shadow_blur=&#8220;10px&#8220; global_colors_info=&#8220;{}&#8220; theme_builder_area=&#8220;post_content&#8220; sticky_enabled=&#8220;0&#8243;][\/et_pb_image][et_pb_text _builder_version=&#8220;4.19.4&#8243; _module_preset=&#8220;default&#8220; global_colors_info=&#8220;{}&#8220; theme_builder_area=&#8220;post_content&#8220;]<\/p>\n<p style=\"line-height: 100%; margin-bottom: 0cm;\" align=\"justify\"><em>Ein Detailausschnitt der digitalen Vorschau f\u00fcr den Kunden<\/em><\/p>\n<p>[\/et_pb_text][et_pb_text _builder_version=&#8220;4.19.4&#8243; _module_preset=&#8220;default&#8220; hover_enabled=&#8220;0&#8243; global_colors_info=&#8220;{}&#8220; theme_builder_area=&#8220;post_content&#8220; sticky_enabled=&#8220;0&#8243;]<\/p>\n<p style=\"margin-bottom: 0cm; text-align: justify;\">Anstatt das gesamte Terrain  und die komplette Bebauung von vornherein selbst zu modellieren, nutzten wir anfangs die Vermessungsdaten des Landes Hessen als Grundlage. Solche Daten sind entscheidend, um die topografischen Merkmale und die Architektur einer Stadt exakt digital abzubilden. Und trotzdem pr\u00fcfen wir das so entstandene Modell nochmal anhand von Satellitendaten und Fotos. Denn auch die Vermessungsdaten der L\u00e4nder sind nicht immer fehlerfrei.<\/p>\n<p>[\/et_pb_text][et_pb_text _builder_version=&#8220;4.19.4&#8243; _module_preset=&#8220;default&#8220; hover_enabled=&#8220;0&#8243; global_colors_info=&#8220;{}&#8220; theme_builder_area=&#8220;post_content&#8220; sticky_enabled=&#8220;0&#8243;]<\/p>\n<h3 style=\"margin-bottom: 0cm; text-align: justify;\">Die Kunst der Feinmodellierung<\/h3>\n<p style=\"margin-bottom: 0cm; text-align: justify;\">Nach der Erstellung des Grundmodells mittels dieser Geodaten folgte der aufwendige Prozess der Feinmodellierung. In Dietzenbach waren es knapp 20 Einzelgeb\u00e4ude, die detailierter ausgef\u00fchrt werden sollten, gr\u00f6\u00dftenteils alte Fachwerkh\u00e4user. Doch wie stellt man bei einem wenige Zentimeter gro\u00dfen Haus die Fachwerkstruktur auf eine Weise dar, die noch erkennbar und f\u00fcr den Bronzeguss abformbar bleibt?<\/p>\n<p>[\/et_pb_text][et_pb_image src=&#8220;https:\/\/www.ego-3d.de\/modellbau\/wp-content\/uploads\/2025\/06\/EGO3D_3D-digitales_Vorschaubild_der_Detailgebaeude_4.jpg&#8220; alt=&#8220;EGO3D_3D-digitales_Vorschaubild_der_Detailgeb\u00e4ude_4&#8243; title_text=&#8220;Bildvorlage_mit_Logo&#8220; align_tablet=&#8220;center&#8220; align_phone=&#8220;center&#8220; align_last_edited=&#8220;on|desktop&#8220; _builder_version=&#8220;4.19.4&#8243; _module_preset=&#8220;default&#8220; custom_margin=&#8220;||15px||false|false&#8220; custom_padding=&#8220;||||false|false&#8220; hover_enabled=&#8220;0&#8243; box_shadow_style=&#8220;preset1&#8243; box_shadow_blur=&#8220;10px&#8220; global_colors_info=&#8220;{}&#8220; theme_builder_area=&#8220;post_content&#8220; sticky_enabled=&#8220;0&#8243;][\/et_pb_image][et_pb_text _builder_version=&#8220;4.19.4&#8243; _module_preset=&#8220;default&#8220; global_colors_info=&#8220;{}&#8220; theme_builder_area=&#8220;post_content&#8220;]<\/p>\n<p style=\"line-height: 100%; margin-bottom: 0cm;\" align=\"justify\"><em>Ein Detailausschnitt der digitalen Vorschau f\u00fcr den Kunden<\/em><\/p>\n<p>[\/et_pb_text][et_pb_text _builder_version=&#8220;4.19.4&#8243; _module_preset=&#8220;default&#8220; hover_enabled=&#8220;0&#8243; global_colors_info=&#8220;{}&#8220; theme_builder_area=&#8220;post_content&#8220; sticky_enabled=&#8220;0&#8243;]<\/p>\n<p style=\"margin-bottom: 0cm; text-align: justify;\">Die L\u00f6sung ist eine \u201estilerhaltende\u201c Reduzierung. Daf\u00fcr wird ein Mindestgr\u00f6\u00dfenma\u00df f\u00fcr Details festgelegt und die wichtigsten charakteristischen Merkmale des Geb\u00e4udes werden entsprechend dieses Mindestma\u00dfes \u00fcbersteigert, um vom Auge noch gut erkennbar, und vom Bronzeguss darstellbar zu bleiben. Feinheiten, die f\u00fcr den charakteristischen Look nicht notwendig sind, werden reduziert oder gar nicht dargestellt.<\/p>\n<p>[\/et_pb_text][\/et_pb_column][et_pb_column type=&#8220;1_2&#8243; _builder_version=&#8220;4.19.4&#8243; _module_preset=&#8220;default&#8220; global_colors_info=&#8220;{}&#8220; theme_builder_area=&#8220;post_content&#8220;][et_pb_text _builder_version=&#8220;4.19.4&#8243; _module_preset=&#8220;default&#8220; hover_enabled=&#8220;0&#8243; global_colors_info=&#8220;{}&#8220; theme_builder_area=&#8220;post_content&#8220; sticky_enabled=&#8220;0&#8243;]<\/p>\n<p style=\"margin-bottom: 0cm; text-align: justify;\">Im Anschluss an die Detailgeb\u00e4ude wurde das Modell um eine Legende, das Stadtwappen und das Stifter-Logo erg\u00e4nzt. Zwischen der Bebauung f\u00fcgten wir die auff\u00e4lligsten B\u00e4ume ein, um das Stadtbild weiter zu optimieren. Sowohl die Legende als auch die Beschriftung zwischen den Geb\u00e4uden wurde zus\u00e4tzlich in Brailleschrift ausgef\u00fchrt, um das Modell auch f\u00fcr Menschen mit Sehbeeintr\u00e4chtigung erlebbar zu machen.<\/p>\n<p>[\/et_pb_text][et_pb_image src=&#8220;https:\/\/www.ego-3d.de\/modellbau\/wp-content\/uploads\/2025\/06\/EGO3D_3D-gedrucktes_Stadtmodell_Dietzenbachs_Detailansicht_2.jpg&#8220; alt=&#8220;EGO3D_3D-gedrucktes_Stadtmodell_Dietzenbachs_Detailansicht_2&#8243; title_text=&#8220;Bildvorlage_mit_Logo&#8220; align_tablet=&#8220;center&#8220; align_phone=&#8220;center&#8220; align_last_edited=&#8220;on|desktop&#8220; _builder_version=&#8220;4.19.4&#8243; _module_preset=&#8220;default&#8220; custom_margin=&#8220;||15px||false|false&#8220; custom_padding=&#8220;||||false|false&#8220; hover_enabled=&#8220;0&#8243; box_shadow_style=&#8220;preset1&#8243; box_shadow_blur=&#8220;10px&#8220; global_colors_info=&#8220;{}&#8220; theme_builder_area=&#8220;post_content&#8220; sticky_enabled=&#8220;0&#8243;][\/et_pb_image][et_pb_text _builder_version=&#8220;4.19.4&#8243; _module_preset=&#8220;default&#8220; hover_enabled=&#8220;0&#8243; global_colors_info=&#8220;{}&#8220; theme_builder_area=&#8220;post_content&#8220; sticky_enabled=&#8220;0&#8243;]<\/p>\n<p><em>Detailansicht des fertig gedruckten Stadtmodells Dietzenbach<\/em><\/p>\n<p>[\/et_pb_text][et_pb_text _builder_version=&#8220;4.19.4&#8243; _module_preset=&#8220;default&#8220; hover_enabled=&#8220;0&#8243; global_colors_info=&#8220;{}&#8220; theme_builder_area=&#8220;post_content&#8220; sticky_enabled=&#8220;0&#8243;]<\/p>\n<h3 style=\"margin-bottom: 0cm; text-align: justify;\">3D-Druck als Br\u00fccke zur physischen Form<\/h3>\n<p style=\"margin-bottom: 0cm; text-align: justify;\">Bis zur Freigabe ist ein Stadtmodell vollst\u00e4ndig digital. Mit Vorschaubildern geben wir unseren Kunden einen \u00dcberblick \u00fcber das Ergebnis der digitalen Modellierung. Jegliche \u00c4nderungsw\u00fcnsche und Erweiterungen sind bis zu diesem Punkt \u00fcberhaupt kein Problem. Unsere Kunden behalten bis zuletzt die volle Kontrolle \u00fcber die Modellausf\u00fchrung.<\/p>\n<p>[\/et_pb_text][et_pb_text _builder_version=&#8220;4.19.4&#8243; _module_preset=&#8220;default&#8220; hover_enabled=&#8220;0&#8243; global_colors_info=&#8220;{}&#8220; theme_builder_area=&#8220;post_content&#8220; sticky_enabled=&#8220;0&#8243;]<\/p>\n<p style=\"margin-bottom: 0cm; text-align: justify;\">Wenn schlie\u00dflich alles perfektioniert ist, gehen unsere Maschinen ans Werk. Unsere 3D-Drucker sind stets auf dem neusten Stand der Technik. So k\u00f6nnen wir jedes digitale Modell 1:1 in eine physische, greifbare Form \u00fcbersetzen. Der fertige 3D-Druck des Modells ist dabei nicht nur sehenswert und exakt, sondern auch perfekt vorbereitet f\u00fcr den letzten Schritt, den Bronzeguss.<\/p>\n<p>[\/et_pb_text][et_pb_image src=&#8220;https:\/\/www.ego-3d.de\/modellbau\/wp-content\/uploads\/2025\/06\/EGO3D_3D-gedrucktes_Stadtmodell_Dietzenbachs_Detailansicht.jpg&#8220; alt=&#8220;EGO3D_3D-gedrucktes_Stadtmodell_Dietzenbachs_Detailansicht&#8220; title_text=&#8220;Bildvorlage_mit_Logo&#8220; align_tablet=&#8220;center&#8220; align_phone=&#8220;center&#8220; align_last_edited=&#8220;on|desktop&#8220; _builder_version=&#8220;4.19.4&#8243; _module_preset=&#8220;default&#8220; custom_margin=&#8220;||15px||false|false&#8220; custom_padding=&#8220;||||false|false&#8220; hover_enabled=&#8220;0&#8243; box_shadow_style=&#8220;preset1&#8243; box_shadow_blur=&#8220;10px&#8220; global_colors_info=&#8220;{}&#8220; theme_builder_area=&#8220;post_content&#8220; sticky_enabled=&#8220;0&#8243;][\/et_pb_image][et_pb_text _builder_version=&#8220;4.19.4&#8243; _module_preset=&#8220;default&#8220; hover_enabled=&#8220;0&#8243; global_colors_info=&#8220;{}&#8220; theme_builder_area=&#8220;post_content&#8220; sticky_enabled=&#8220;0&#8243;]<\/p>\n<p><em>Detailansicht des fertig gedruckten Stadtmodells Dietzenbach<\/em><\/p>\n<p>[\/et_pb_text][et_pb_text _builder_version=&#8220;4.19.4&#8243; _module_preset=&#8220;default&#8220; hover_enabled=&#8220;0&#8243; global_colors_info=&#8220;{}&#8220; theme_builder_area=&#8220;post_content&#8220; sticky_enabled=&#8220;0&#8243;]<\/p>\n<p style=\"margin-bottom: 0cm; text-align: justify;\">Der Bronzeguss ist ein bew\u00e4hrtes Verfahren, das seit Jahrhunderten f\u00fcr seine Langlebigkeit und seine \u00e4sthetische Qualit\u00e4t gesch\u00e4tzt wird. Die Oberfl\u00e4che des Stadtmodells Dietzenbach wurde nach dem Guss patiniert, was dem Metall eine besondere Farbgebung und eine sch\u00fctzende Schicht verleiht. Diese Patinierung verleiht dem Modell zusammen mit dem Alterungsprozess der Bronze seinen unverwechselbaren Charakter. Das Ergebnis ist ein taktiles Stadtmodell von Dietzenbach in Bronze, das nicht nur ein Kunstwerk ist, sondern auch eine informative und dauerhafte Darstellung der Stadt bietet.<\/p>\n<p>[\/et_pb_text][\/et_pb_column][\/et_pb_row][et_pb_row _builder_version=&#8220;4.19.4&#8243; _module_preset=&#8220;default&#8220; background_color=&#8220;rgba(255,255,255,0.65)&#8220; custom_margin=&#8220;0px||20px|&#8220; custom_padding=&#8220;15px|15px|15px|15px&#8220; box_shadow_style=&#8220;preset1&#8243; global_colors_info=&#8220;{}&#8220; theme_builder_area=&#8220;post_content&#8220;][et_pb_column type=&#8220;4_4&#8243; _builder_version=&#8220;4.19.4&#8243; _module_preset=&#8220;default&#8220; global_colors_info=&#8220;{}&#8220; theme_builder_area=&#8220;post_content&#8220;][et_pb_image src=&#8220;https:\/\/www.ego-3d.de\/modellbau\/wp-content\/uploads\/2025\/06\/EGO3D_3D-digitales_Vorschaubild_des_Stadtmodells_Dietzenbachs.jpg&#8220; alt=&#8220;EGO3D_3D-digitales_Vorschaubild_des_Stadtmodells_Dietzenbachs&#8220; title_text=&#8220;Bildvorlage_mit_Logo&#8220; _builder_version=&#8220;4.19.4&#8243; _module_preset=&#8220;default&#8220; custom_margin=&#8220;||5px||false|false&#8220; hover_enabled=&#8220;0&#8243; global_colors_info=&#8220;{}&#8220; theme_builder_area=&#8220;post_content&#8220; sticky_enabled=&#8220;0&#8243;][\/et_pb_image][et_pb_text _builder_version=&#8220;4.19.4&#8243; _module_preset=&#8220;default&#8220; hover_enabled=&#8220;0&#8243; global_colors_info=&#8220;{}&#8220; theme_builder_area=&#8220;post_content&#8220; sticky_enabled=&#8220;0&#8243;]<\/p>\n<p><em>Vorschaubild des fertigen digitalen Modells<\/em><\/p>\n<p>[\/et_pb_text][et_pb_image src=&#8220;https:\/\/www.ego-3d.de\/modellbau\/wp-content\/uploads\/2025\/06\/EGO3D_3D-gedrucktes_Stadtmodell_Dietzenbachs.jpg&#8220; alt=&#8220;EGO3D_3D-gedrucktes_Stadtmodell_Dietzenbachs&#8220; title_text=&#8220;Bildvorlage_mit_Logo&#8220; _builder_version=&#8220;4.19.4&#8243; _module_preset=&#8220;default&#8220; custom_margin=&#8220;||5px||false|false&#8220; hover_enabled=&#8220;0&#8243; global_colors_info=&#8220;{}&#8220; theme_builder_area=&#8220;post_content&#8220; sticky_enabled=&#8220;0&#8243;][\/et_pb_image][et_pb_text _builder_version=&#8220;4.19.4&#8243; _module_preset=&#8220;default&#8220; hover_enabled=&#8220;0&#8243; global_colors_info=&#8220;{}&#8220; theme_builder_area=&#8220;post_content&#8220; sticky_enabled=&#8220;0&#8243;]<\/p>\n<p><em>Fertiger 3D-Druck des Stadtmodells Dietzenbach<\/em><\/p>\n<p>[\/et_pb_text][\/et_pb_column][\/et_pb_row][\/et_pb_section]<\/p>\n","protected":false},"excerpt":{"rendered":"<p>Das Stadtmodell Dietzenbach Echtes Fachwerk in klein Die Erstellung von taktilen Stadtmodellen haben wir in den letzten 15 Jahren stets weiterentwickelt. Sowohl die digitalen Modellierungstechniken als auch die 3D-Drucktechniken unterliegen einem st\u00e4ndigem Wandel, und wir suchen uns aus neuen M\u00f6glichkeiten immer das Beste f\u00fcr unsere Projekte heraus. Ein gutes Beispiel f\u00fcr diese moderne Herangehensweise ist [&hellip;]<\/p>\n","protected":false},"author":1,"featured_media":0,"parent":0,"menu_order":0,"comment_status":"closed","ping_status":"closed","template":"","meta":{"_et_pb_use_builder":"on","_et_pb_old_content":"","_et_gb_content_width":""},"_links":{"self":[{"href":"https:\/\/www.ego-3d.de\/modellbau\/wp-json\/wp\/v2\/pages\/3668"}],"collection":[{"href":"https:\/\/www.ego-3d.de\/modellbau\/wp-json\/wp\/v2\/pages"}],"about":[{"href":"https:\/\/www.ego-3d.de\/modellbau\/wp-json\/wp\/v2\/types\/page"}],"author":[{"embeddable":true,"href":"https:\/\/www.ego-3d.de\/modellbau\/wp-json\/wp\/v2\/users\/1"}],"replies":[{"embeddable":true,"href":"https:\/\/www.ego-3d.de\/modellbau\/wp-json\/wp\/v2\/comments?post=3668"}],"version-history":[{"count":2,"href":"https:\/\/www.ego-3d.de\/modellbau\/wp-json\/wp\/v2\/pages\/3668\/revisions"}],"predecessor-version":[{"id":3678,"href":"https:\/\/www.ego-3d.de\/modellbau\/wp-json\/wp\/v2\/pages\/3668\/revisions\/3678"}],"wp:attachment":[{"href":"https:\/\/www.ego-3d.de\/modellbau\/wp-json\/wp\/v2\/media?parent=3668"}],"curies":[{"name":"wp","href":"https:\/\/api.w.org\/{rel}","templated":true}]}}