{"id":3636,"date":"2025-06-10T13:03:30","date_gmt":"2025-06-10T11:03:30","guid":{"rendered":"https:\/\/www.ego-3d.de\/modellbau\/?page_id=3636"},"modified":"2025-07-03T12:39:32","modified_gmt":"2025-07-03T10:39:32","slug":"kostermodell-st-marienthal","status":"publish","type":"page","link":"https:\/\/www.ego-3d.de\/modellbau\/kostermodell-st-marienthal\/","title":{"rendered":"Kostermodell St. Marienthal"},"content":{"rendered":"<p>[et_pb_section fb_built=&#8220;1&#8243; _builder_version=&#8220;4.19.4&#8243; _module_preset=&#8220;default&#8220; background_color=&#8220;RGBA(255,255,255,0)&#8220; background_enable_image=&#8220;off&#8220; background_size=&#8220;initial&#8220; background_position=&#8220;top_center&#8220; background_repeat=&#8220;repeat-y&#8220; global_colors_info=&#8220;{}&#8220;][et_pb_row column_structure=&#8220;1_2,1_2&#8243; _builder_version=&#8220;4.19.4&#8243; _module_preset=&#8220;default&#8220; background_color=&#8220;rgba(255,255,255,0.65)&#8220; custom_margin=&#8220;0px||20px|&#8220; custom_padding=&#8220;15px|15px|15px|15px&#8220; box_shadow_style=&#8220;preset1&#8243; global_colors_info=&#8220;{}&#8220;][et_pb_column type=&#8220;1_2&#8243; _builder_version=&#8220;4.19.4&#8243; _module_preset=&#8220;default&#8220; global_colors_info=&#8220;{}&#8220;][et_pb_text _builder_version=&#8220;4.19.4&#8243; _module_preset=&#8220;default&#8220; global_colors_info=&#8220;{}&#8220;]<\/p>\n<h2 style=\"margin-bottom: 0cm;\"><strong>Klostermodell St. Marienthal<\/strong><\/h2>\n<h2>Detailreichtum bis in die hintersten Winkel<\/h2>\n<p style=\"margin-bottom: 0cm; text-align: justify;\">Das Modell der Klosteranlage St. Marienthal stellte an die Modellierung ganz andere Anforderungen als \u00fcbliche Stadtmodelle. Allein der deutlich gr\u00f6\u00dfere Ma\u00dfstab erm\u00f6glichte eine wesentlich h\u00f6here Detailvielfalt. Das Modell ist 1,6 x 1,0 m gro\u00df, zeigt aber nur ein Esemble von ca. 20 Geb\u00e4uden. Dementsprechend sind die Geb\u00e4ude 3 mal so gro\u00df wie bei den meisten Stadtmodellen. Anstatt nur einige Sehensw\u00fcrdigkeiten durch kleinteiligere Modellierung hervorzuheben, haben wir daher die gesamte Anlage hochdetailliert umgesetzt.<\/p>\n<p>[\/et_pb_text][et_pb_code _builder_version=&#8220;4.19.4&#8243; _module_preset=&#8220;default&#8220; hover_enabled=&#8220;0&#8243; sticky_enabled=&#8220;0&#8243;]<script><!-- [et_pb_line_break_holder] -->jQuery(document).ready(function($) {<!-- [et_pb_line_break_holder] -->    var $videoBoxes = $('.dm-autoplay-btn .et_pb_video_box');<!-- [et_pb_line_break_holder] -->    <!-- [et_pb_line_break_holder] -->    if ($videoBoxes.length !== 0) {<!-- [et_pb_line_break_holder] -->        $videoBoxes.find('video')<!-- [et_pb_line_break_holder] -->            .prop('muted', true)<!-- [et_pb_line_break_holder] -->            .prop('loop', true)<!-- [et_pb_line_break_holder] -->            .prop('playsInline', true);<!-- [et_pb_line_break_holder] -->        <!-- [et_pb_line_break_holder] -->        $videoBoxes.each(function() {<!-- [et_pb_line_break_holder] -->            this.querySelector('video').play();<!-- [et_pb_line_break_holder] -->        });<!-- [et_pb_line_break_holder] -->    }<!-- [et_pb_line_break_holder] -->});<!-- [et_pb_line_break_holder] --><\/script>[\/et_pb_code][et_pb_video src=&#8220;https:\/\/www.ego-3d.de\/modellbau\/wp-content\/uploads\/2025\/07\/EGO3D_Turntable_Marienthal_klein.mp4&#8243; _builder_version=&#8220;4.19.4&#8243; _module_preset=&#8220;default&#8220; title_text=&#8220;EGO3D_Turntable_Marienthal_klein&#8220; hover_enabled=&#8220;0&#8243; sticky_enabled=&#8220;0&#8243; module_class=&#8220;dm-autoplay-btn&#8220;][\/et_pb_video][et_pb_image src=&#8220;https:\/\/www.ego-3d.de\/modellbau\/wp-content\/uploads\/2025\/06\/Kloster_St._Marienthal_Panorama_500px.jpg&#8220; alt=&#8220;Kloster_St._Marienthal_Panorama&#8220; title_text=&#8220;Kloster_St._Marienthal_Panorama_500px&#8220; align_tablet=&#8220;center&#8220; align_phone=&#8220;center&#8220; align_last_edited=&#8220;on|desktop&#8220; _builder_version=&#8220;4.19.4&#8243; _module_preset=&#8220;default&#8220; custom_margin=&#8220;||15px||false|false&#8220; custom_padding=&#8220;||||false|false&#8220; box_shadow_style=&#8220;preset1&#8243; box_shadow_blur=&#8220;10px&#8220; global_colors_info=&#8220;{}&#8220;][\/et_pb_image][et_pb_text _builder_version=&#8220;4.19.4&#8243; _module_preset=&#8220;default&#8220; global_colors_info=&#8220;{}&#8220;]<\/p>\n<p style=\"line-height: 100%; margin-bottom: 0cm;\" align=\"justify\"><em>Das Kloster St. Marienthal bei Ostritz<br \/>\nQuelle: [Wikimedia: Kloster_St._Marienthal_Panorama.jpg],<br \/>\nLizenz: CC BY-SA 4.0<\/em><\/p>\n<p style=\"line-height: 100%; margin-bottom: 0cm;\" align=\"justify\"><em><\/em><\/p>\n<p>[\/et_pb_text][et_pb_image src=&#8220;https:\/\/www.ego-3d.de\/modellbau\/wp-content\/uploads\/2025\/06\/500px-KLG_0329_Ostritz_Kloster_Marienthal.jpg&#8220; alt=&#8220;Kloster St. Marienthal bei Ostritz&#8220; title_text=&#8220;500px-KLG_0329_Ostritz,_Kloster_Marienthal&#8220; align_tablet=&#8220;center&#8220; align_phone=&#8220;center&#8220; align_last_edited=&#8220;on|desktop&#8220; _builder_version=&#8220;4.19.4&#8243; _module_preset=&#8220;default&#8220; custom_margin=&#8220;||15px||false|false&#8220; custom_padding=&#8220;||||false|false&#8220; box_shadow_style=&#8220;preset1&#8243; box_shadow_blur=&#8220;10px&#8220; global_colors_info=&#8220;{}&#8220;][\/et_pb_image][et_pb_text _builder_version=&#8220;4.19.4&#8243; _module_preset=&#8220;default&#8220; global_colors_info=&#8220;{}&#8220;]<\/p>\n<p style=\"line-height: 100%; margin-bottom: 0cm;\" align=\"justify\"><em>Das Kloster St. Marienthal bei Ostritz<br \/>\nQuelle: [Wikimedia: 2560px-KLG_0329_Ostritz,_Kloster_Marienthal],<br \/>\nLizenz: CC BY-SA 4.0<\/em><\/p>\n<p style=\"line-height: 100%; margin-bottom: 0cm;\" align=\"justify\"><em><\/em><\/p>\n<p>[\/et_pb_text][et_pb_text _builder_version=&#8220;4.19.4&#8243; _module_preset=&#8220;default&#8220; global_colors_info=&#8220;{}&#8220;]<\/p>\n<p style=\"margin-bottom: 0cm; text-align: justify;\">Mehr als 800 Fenster und T\u00fcren haben wir modelliert, mit Laibungen und Sprossen, und mit Zierelementen umgeben an den vom Barock dominierten Sichtfassaden des Hauptgeb\u00e4udes. Komplizierte geziegelte Dachstrukturen, \u00fcber Jahrhunderte an der echten Anlage baulich gewachsen, mit  unz\u00e4hligen Gauben waren ebenso Teil der Modellerstellung, wie die gesamte Landschaftsgestaltung zwischen der Bebauung, mit Mauern, B\u00e4umen, B\u00fcschen, Brunnen, Wegef\u00fchrung, Beeten und vielen weiteren Merkmalen. Sogar Weinberge, eine alte Schleuse und auf dem Fluss eine Wellenstruktur, die die Flie\u00dfrichtung andeutet, haben wir dem Modell hinzugef\u00fcgt.<\/p>\n<p>[\/et_pb_text][et_pb_text _builder_version=&#8220;4.19.4&#8243; _module_preset=&#8220;default&#8220; global_colors_info=&#8220;{}&#8220;]<\/p>\n<p style=\"margin-bottom: 0cm; text-align: justify;\">Wir recherchierten im Netz m\u00f6glichst von jedem Geb\u00e4ude detailierte Fotos, auch von Nebengeb\u00e4uden, die den \u00fcblichen Besuchern verborgen bleiben. F\u00fcr eine perfekte Strukturierung der Gesamtanlage nutzten wir Luftbilder und Kartendaten. Auf diese Weise konnten wir das Modell in sehenswerter Qualit\u00e4t bis in die hintersten Winkel des Klostergel\u00e4ndes durchmodellieren.<\/p>\n<p>[\/et_pb_text][et_pb_image src=&#8220;https:\/\/www.ego-3d.de\/modellbau\/wp-content\/uploads\/2025\/06\/EGO3D_Digitale_Vorschaubilder_des_Klostermodells_St_Marienthal.jpg&#8220; alt=&#8220;Digitales Vorschaubild der Klosteranlage St. Marienthal&#8220; title_text=&#8220;Bildvorlage_mit_Logo&#8220; align_tablet=&#8220;center&#8220; align_phone=&#8220;center&#8220; align_last_edited=&#8220;on|desktop&#8220; _builder_version=&#8220;4.19.4&#8243; _module_preset=&#8220;default&#8220; custom_margin=&#8220;||15px||false|false&#8220; custom_padding=&#8220;||||false|false&#8220; box_shadow_style=&#8220;preset1&#8243; box_shadow_blur=&#8220;10px&#8220; global_colors_info=&#8220;{}&#8220;][\/et_pb_image][et_pb_text _builder_version=&#8220;4.19.4&#8243; _module_preset=&#8220;default&#8220; global_colors_info=&#8220;{}&#8220;]<\/p>\n<p style=\"line-height: 100%; margin-bottom: 0cm;\" align=\"justify\"><em>Digitale Vorschau des Klostermodells f\u00fcr den Kunden<\/em><\/p>\n<p style=\"line-height: 100%; margin-bottom: 0cm;\" align=\"justify\"><em><\/em><\/p>\n<p>[\/et_pb_text][\/et_pb_column][et_pb_column type=&#8220;1_2&#8243; _builder_version=&#8220;4.19.4&#8243; _module_preset=&#8220;default&#8220; global_colors_info=&#8220;{}&#8220;][et_pb_image src=&#8220;https:\/\/www.ego-3d.de\/modellbau\/wp-content\/uploads\/2025\/06\/EGO3D_Detailansicht_des_digitalen_Modells_des_Klosters_St_Marienthal.jpg&#8220; alt=&#8220;Digitales Vorschaubild der Klosteranlage St. Marienthal&#8220; title_text=&#8220;Bildvorlage_mit_Logo&#8220; align_tablet=&#8220;center&#8220; align_phone=&#8220;center&#8220; align_last_edited=&#8220;on|desktop&#8220; _builder_version=&#8220;4.19.4&#8243; _module_preset=&#8220;default&#8220; custom_margin=&#8220;||15px||false|false&#8220; custom_padding=&#8220;||||false|false&#8220; box_shadow_style=&#8220;preset1&#8243; box_shadow_blur=&#8220;10px&#8220; global_colors_info=&#8220;{}&#8220;][\/et_pb_image][et_pb_text _builder_version=&#8220;4.19.4&#8243; _module_preset=&#8220;default&#8220; global_colors_info=&#8220;{}&#8220;]<\/p>\n<p><em>Digitale Vorschau des Zentrums des Klostermodells<\/em><\/p>\n<p>[\/et_pb_text][et_pb_text _builder_version=&#8220;4.19.4&#8243; _module_preset=&#8220;default&#8220; global_colors_info=&#8220;{}&#8220;]<\/p>\n<p style=\"margin-bottom: 0cm; text-align: justify;\">Mit regelm\u00e4\u00dfigen Vorschaubildern bleiben wir im Kontakt mit unseren Kunden und sprechen Sonderw\u00fcnsche und \u00c4nderungsideen ab. Die digitale Modellierung erm\u00f6glicht ein Maximum an Flexibilit\u00e4t bis das gesamte digitale Modell fertig ist. Erst wenn unsere Kunden vom Ergebnis zu 100% angetan sind, gehen wir in die eigentliche Produktion. Diese Zweiteilung des Herstellungsprozesses ist der Schl\u00fcssel f\u00fcr die erfolgreiche Umsetzung all unserer Auftr\u00e4ge, von kleinsten Figuren, \u00fcber Reliefs und Stadtmodelle, bis hin zu 8,5 m gro\u00dfen Skulpturen und dar\u00fcber hinaus.<\/p>\n<p>[\/et_pb_text][et_pb_text _builder_version=&#8220;4.19.4&#8243; _module_preset=&#8220;default&#8220; global_colors_info=&#8220;{}&#8220;]<\/p>\n<h3 class=\"western\">Die Transformation:<br \/>Vom Pixel zum physischen Modell mittels 3D-Druck<\/h3>\n<p style=\"margin-bottom: 0cm; text-align: justify;\">Nachdem die digitale Perfektion erreicht war, folgte der entscheidende Schritt zur Materialisierung: der 3D-Druck. Seit \u00fcber 16 Jahren arbeiten wir mit 3D-Druckern. Seitdem ist kein Jahr vergangen, in dem wir unseren Maschinenpark nicht erweitert und vor allem modernisiert h\u00e4tten. Die 3D-Drucktechnik ist eine sehr innovationsfreudige Branche. Was vor drei Jahren noch das Neuste vom Neusten war, kann heute schon veraltet sein. Wir versuchen hier nicht nur Schritt zu halten, sondern gehen proaktiv voran und optimieren unsere 3D-Drucke durch den Einsatz selbst programmierter Software und individueller Maschinenl\u00f6sungen. Bei uns bekommen die Kunden nicht irgendwelche 3D-Drucke, bei uns bekommen sie das beste f\u00fcr genau ihren Auftrag.<\/p>\n<p>[\/et_pb_text][et_pb_image src=&#8220;https:\/\/www.ego-3d.de\/modellbau\/wp-content\/uploads\/2025\/06\/EGO3D_Detailansicht-des-Bronzemodells-Kloster-St-Marienthal.jpg&#8220; alt=&#8220;Detailansicht des fertigen Bronzegusses des Klostermodells&#8220; title_text=&#8220;Bildvorlage_mit_Logo&#8220; align_tablet=&#8220;center&#8220; align_phone=&#8220;center&#8220; align_last_edited=&#8220;on|desktop&#8220; _builder_version=&#8220;4.19.4&#8243; _module_preset=&#8220;default&#8220; custom_margin=&#8220;||15px||false|false&#8220; custom_padding=&#8220;||||false|false&#8220; box_shadow_style=&#8220;preset1&#8243; box_shadow_blur=&#8220;10px&#8220; global_colors_info=&#8220;{}&#8220;][\/et_pb_image][et_pb_text _builder_version=&#8220;4.19.4&#8243; _module_preset=&#8220;default&#8220; global_colors_info=&#8220;{}&#8220;]<\/p>\n<p><em>Detailansicht des Bronzegusses<\/em><\/p>\n<p>[\/et_pb_text][et_pb_text _builder_version=&#8220;4.19.4&#8243; _module_preset=&#8220;default&#8220; global_colors_info=&#8220;{}&#8220;]<\/p>\n<h3 class=\"western\">Das Modell als Br\u00fccke zur Geschichte<\/h3>\n<p style=\"margin-bottom: 0cm; text-align: justify;\">Das fertiggestellte Bronzemodell der Klosteranlage St. Marienthal ist weit mehr als nur ein Ausstellungsst\u00fcck. Es ist ein leistungsstarkes Vermittlungsinstrument, das Besuchern erm\u00f6glicht, die Dimensionen und die r\u00e4umliche Anordnung der Klosteranlage intuitiv zu erfassen. Das Modell dient als Ausgangspunkt f\u00fcr gef\u00fchrte Touren, als Orientierungshilfe f\u00fcr individuelle Erkundungen und als beeindruckendes Schaust\u00fcck, das die Sch\u00f6nheit und Komplexit\u00e4t der Klosteranlage in ihrer Gesamtheit hervorhebt. Es schafft eine direkte, haptische Verbindung zur Geschichte und l\u00e4dt dazu ein, die reiche Vergangenheit von St. Marienthal auf eine ganz besondere Weise zu entdecken.<\/p>\n<p>[\/et_pb_text][et_pb_image src=&#8220;https:\/\/www.ego-3d.de\/modellbau\/wp-content\/uploads\/2025\/06\/EGO3D_Detailansicht-der-Legende-des-Bronzemodells-St-Marienthals.jpg&#8220; alt=&#8220;Die Legende des fertigen Bronzemodells&#8220; title_text=&#8220;Bildvorlage_mit_Logo&#8220; align_tablet=&#8220;center&#8220; align_phone=&#8220;center&#8220; align_last_edited=&#8220;on|desktop&#8220; _builder_version=&#8220;4.19.4&#8243; _module_preset=&#8220;default&#8220; custom_margin=&#8220;||15px||false|false&#8220; custom_padding=&#8220;||||false|false&#8220; box_shadow_style=&#8220;preset1&#8243; box_shadow_blur=&#8220;10px&#8220; global_colors_info=&#8220;{}&#8220;][\/et_pb_image][et_pb_text _builder_version=&#8220;4.19.4&#8243; _module_preset=&#8220;default&#8220; global_colors_info=&#8220;{}&#8220;]<\/p>\n<p><em>Die Legende haben wir mit zus\u00e4tzlichen Zeilen in Braille-Schrift f\u00fcr sehbeeintr\u00e4chtigte Menschen modelliert<\/em><\/p>\n<p>[\/et_pb_text][\/et_pb_column][\/et_pb_row][et_pb_row _builder_version=&#8220;4.19.4&#8243; _module_preset=&#8220;default&#8220;][et_pb_column _builder_version=&#8220;4.19.4&#8243; _module_preset=&#8220;default&#8220; type=&#8220;4_4&#8243;][et_pb_video src=&#8220;https:\/\/www.ego-3d.de\/modellbau\/wp-content\/uploads\/2025\/07\/EGO3D_Turntable_Marienthal_gross.mp4&#8243; _builder_version=&#8220;4.19.4&#8243; _module_preset=&#8220;default&#8220; title_text=&#8220;EGO3D_Turntable_Marienthal_gross&#8220; hover_enabled=&#8220;0&#8243; sticky_enabled=&#8220;0&#8243;][\/et_pb_video][\/et_pb_column][\/et_pb_row][et_pb_row _builder_version=&#8220;4.19.4&#8243; _module_preset=&#8220;default&#8220; background_color=&#8220;rgba(255,255,255,0.65)&#8220; custom_margin=&#8220;0px||20px|&#8220; custom_padding=&#8220;15px|15px|15px|15px&#8220; box_shadow_style=&#8220;preset1&#8243; global_colors_info=&#8220;{}&#8220;][et_pb_column type=&#8220;4_4&#8243; _builder_version=&#8220;4.19.4&#8243; _module_preset=&#8220;default&#8220; global_colors_info=&#8220;{}&#8220;][et_pb_image src=&#8220;https:\/\/www.ego-3d.de\/modellbau\/wp-content\/uploads\/2025\/06\/EGO3D_Detailansicht-des-Bronzemodells-Kloster-St-Marienthal_gross.jpg&#8220; alt=&#8220;Ein Detailausschnitt des fertigen Bronzegusses des Klosters St. Marienthal&#8220; title_text=&#8220;Bildvorlage_mit_Logo&#8220; _builder_version=&#8220;4.19.4&#8243; _module_preset=&#8220;default&#8220; custom_margin=&#8220;||5px||false|false&#8220; global_colors_info=&#8220;{}&#8220;][\/et_pb_image][et_pb_text _builder_version=&#8220;4.19.4&#8243; _module_preset=&#8220;default&#8220; global_colors_info=&#8220;{}&#8220;]<\/p>\n<p><em>Ein Detailausschnitt des fertig gegossenen Klostermodells<\/em><\/p>\n<p>[\/et_pb_text][\/et_pb_column][\/et_pb_row][\/et_pb_section]<\/p>\n","protected":false},"excerpt":{"rendered":"<p>Klostermodell St. Marienthal Detailreichtum bis in die hintersten Winkel Das Modell der Klosteranlage St. Marienthal stellte an die Modellierung ganz andere Anforderungen als \u00fcbliche Stadtmodelle. Allein der deutlich gr\u00f6\u00dfere Ma\u00dfstab erm\u00f6glichte eine wesentlich h\u00f6here Detailvielfalt. Das Modell ist 1,6 x 1,0 m gro\u00df, zeigt aber nur ein Esemble von ca. 20 Geb\u00e4uden. Dementsprechend sind die [&hellip;]<\/p>\n","protected":false},"author":1,"featured_media":0,"parent":0,"menu_order":0,"comment_status":"closed","ping_status":"closed","template":"","meta":{"_et_pb_use_builder":"on","_et_pb_old_content":"","_et_gb_content_width":""},"_links":{"self":[{"href":"https:\/\/www.ego-3d.de\/modellbau\/wp-json\/wp\/v2\/pages\/3636"}],"collection":[{"href":"https:\/\/www.ego-3d.de\/modellbau\/wp-json\/wp\/v2\/pages"}],"about":[{"href":"https:\/\/www.ego-3d.de\/modellbau\/wp-json\/wp\/v2\/types\/page"}],"author":[{"embeddable":true,"href":"https:\/\/www.ego-3d.de\/modellbau\/wp-json\/wp\/v2\/users\/1"}],"replies":[{"embeddable":true,"href":"https:\/\/www.ego-3d.de\/modellbau\/wp-json\/wp\/v2\/comments?post=3636"}],"version-history":[{"count":13,"href":"https:\/\/www.ego-3d.de\/modellbau\/wp-json\/wp\/v2\/pages\/3636\/revisions"}],"predecessor-version":[{"id":3716,"href":"https:\/\/www.ego-3d.de\/modellbau\/wp-json\/wp\/v2\/pages\/3636\/revisions\/3716"}],"wp:attachment":[{"href":"https:\/\/www.ego-3d.de\/modellbau\/wp-json\/wp\/v2\/media?parent=3636"}],"curies":[{"name":"wp","href":"https:\/\/api.w.org\/{rel}","templated":true}]}}