{"id":3608,"date":"2025-05-20T09:42:23","date_gmt":"2025-05-20T07:42:23","guid":{"rendered":"https:\/\/www.ego-3d.de\/modellbau\/?page_id=3608"},"modified":"2025-06-11T11:56:32","modified_gmt":"2025-06-11T09:56:32","slug":"stadtmodell-weinheim","status":"publish","type":"page","link":"https:\/\/www.ego-3d.de\/modellbau\/stadtmodell-weinheim\/","title":{"rendered":"Stadtmodell Weinheim"},"content":{"rendered":"<p>[et_pb_section fb_built=&#8220;1&#8243; _builder_version=&#8220;4.19.4&#8243; _module_preset=&#8220;default&#8220; background_color=&#8220;RGBA(255,255,255,0)&#8220; background_enable_image=&#8220;off&#8220; background_size=&#8220;initial&#8220; background_position=&#8220;top_center&#8220; background_repeat=&#8220;repeat-y&#8220; global_colors_info=&#8220;{}&#8220;][et_pb_row column_structure=&#8220;1_2,1_2&#8243; _builder_version=&#8220;4.19.4&#8243; _module_preset=&#8220;default&#8220; background_color=&#8220;rgba(255,255,255,0.65)&#8220; custom_margin=&#8220;0px||20px|&#8220; custom_padding=&#8220;15px|15px|15px|15px&#8220; box_shadow_style=&#8220;preset1&#8243; global_colors_info=&#8220;{}&#8220;][et_pb_column type=&#8220;1_2&#8243; _builder_version=&#8220;4.19.4&#8243; _module_preset=&#8220;default&#8220; global_colors_info=&#8220;{}&#8220;][et_pb_text _builder_version=&#8220;4.19.4&#8243; _module_preset=&#8220;default&#8220; global_colors_info=&#8220;{}&#8220;]<\/p>\n<h2 style=\"margin-bottom: 0cm;\"><strong>Stadtmodell Weinheim<\/strong><\/h2>\n<h2>Ein prall gef\u00fcllter Quadratmeter<\/h2>\n<p style=\"margin-bottom: 0cm; text-align: justify;\">Wie ist das m\u00f6glich?<br \/>Eine Altstadt mit 11 detailiert ausgef\u00fchrten Wahrzeichen, einem Schlosspark, Hanglage und zwei Burgen au\u00dferhalb der Stadt auf Bergen, Zwei Legenden, eine in \u00fcblicher Schrift, eine in der Blindenschrift Braille, ein Stadtwappen, ein Stifterlogo und all das auf einem Quadratmeter, bei stadtmodell-\u00fcblichem Ma\u00dfstab und ohne Abstriche bei den Details zu machen. Das Stadtmodell der Altstadt Weinheims war eine Herausforderung.<\/p>\n<p>[\/et_pb_text][et_pb_image src=&#8220;https:\/\/www.ego-3d.de\/modellbau\/wp-content\/uploads\/2025\/05\/EGO3D_digitale_Vorschau_Detail_des_Stadtmodells_Weinheims.jpg&#8220; alt=&#8220;EGO3D_digitale_Vorschau_Detail_des_Stadtmodells_Weinheims&#8220; title_text=&#8220;Bildvorlage_mit_Logo&#8220; align_tablet=&#8220;center&#8220; align_phone=&#8220;center&#8220; align_last_edited=&#8220;on|desktop&#8220; _builder_version=&#8220;4.19.4&#8243; _module_preset=&#8220;default&#8220; custom_margin=&#8220;||15px||false|false&#8220; custom_padding=&#8220;||||false|false&#8220; box_shadow_style=&#8220;preset1&#8243; box_shadow_blur=&#8220;10px&#8220; global_colors_info=&#8220;{}&#8220;][\/et_pb_image][et_pb_text _builder_version=&#8220;4.19.4&#8243; _module_preset=&#8220;default&#8220; global_colors_info=&#8220;{}&#8220;]<\/p>\n<p style=\"line-height: 100%; margin-bottom: 0cm;\" align=\"justify\"><em>Ein Detailausschnitt der digitalen Vorschau f\u00fcr den Kunden<\/em><\/p>\n<p>[\/et_pb_text][et_pb_text _builder_version=&#8220;4.19.4&#8243; _module_preset=&#8220;default&#8220; global_colors_info=&#8220;{}&#8220;]<\/p>\n<p style=\"margin-bottom: 0cm; text-align: justify;\">Damit das Stadtmodell einen angenehmen Ma\u00dfstab behielt, kamen wir nicht umhin, dass es den gr\u00f6\u00dften Teil des Quadratmeters ausf\u00fcllt. Doch die beiden Burgen auf H\u00fcgeln jenseits der Altstadt waren auf diese Weise weit au\u00dferhalb des Modells. Um sie dennoch in Szene zu setzen, haben wir schon bei einigen Stadtmodellen auf den Trick zur\u00fcckgegriffen, sie als Reliefs darzustellen. Die Wahrzeichen k\u00f6nnen auf diese Weise besonders sehenswert umgesetzt werden und die Ausf\u00fchrungen als Reliefs lassen sich wie eine Legende dem Modell am Rand beif\u00fcgen. Mit Richtungspfeilen und Entfernungsangaben lassen sich dann die tats\u00e4chlichen Positionen dieser Wahrzeichen anzeigen.<\/p>\n<p>[\/et_pb_text][et_pb_image src=&#8220;https:\/\/www.ego-3d.de\/modellbau\/wp-content\/uploads\/2025\/05\/EGO3D_digitale_Vorschau_Relief_der_Wachenburg.jpg&#8220; alt=&#8220;EGO3D_digitale_Vorschau_Relief_der_Wachenburg&#8220; title_text=&#8220;Bildvorlage_mit_Logo&#8220; align_tablet=&#8220;center&#8220; align_phone=&#8220;center&#8220; align_last_edited=&#8220;on|desktop&#8220; _builder_version=&#8220;4.19.4&#8243; _module_preset=&#8220;default&#8220; custom_margin=&#8220;||15px||false|false&#8220; custom_padding=&#8220;||||false|false&#8220; box_shadow_style=&#8220;preset1&#8243; box_shadow_blur=&#8220;10px&#8220; global_colors_info=&#8220;{}&#8220;][\/et_pb_image][et_pb_text _builder_version=&#8220;4.19.4&#8243; _module_preset=&#8220;default&#8220; global_colors_info=&#8220;{}&#8220;]<\/p>\n<p><em>Digitales Vorschaubild des Reliefs der Wachenburg<\/em><em><\/em><\/p>\n<p>[\/et_pb_text][et_pb_text _builder_version=&#8220;4.19.4&#8243; _module_preset=&#8220;default&#8220; global_colors_info=&#8220;{}&#8220;]<\/p>\n<p style=\"margin-bottom: 0cm; text-align: justify;\">Da wir nicht allein auf Stadtmodelle spezialisiert sind, sondern in den letzten 15 Jahren auch mehrere hundert Reliefs umgesetzt haben, k\u00f6nnen wir auch in diesem Fall eine Qualit\u00e4t liefern, die ihresgleichen sucht. Eingebunden in die Stadtszene sind diese Reliefs also keine \u201eNotl\u00f6sung\u201c, sondern ein weiterer Hingucker, der das Modell aufwertet.<\/p>\n<p>[\/et_pb_text][et_pb_image src=&#8220;https:\/\/www.ego-3d.de\/modellbau\/wp-content\/uploads\/2025\/05\/EGO3D_digitale_Vorschau_Relief_der_Burgruine_Windeck.jpg&#8220; alt=&#8220;EGO3D_digitale_Vorschau_Relief_der_Burgruine_Windeck&#8220; title_text=&#8220;Bildvorlage_mit_Logo&#8220; align_tablet=&#8220;center&#8220; align_phone=&#8220;center&#8220; align_last_edited=&#8220;on|desktop&#8220; _builder_version=&#8220;4.19.4&#8243; _module_preset=&#8220;default&#8220; custom_margin=&#8220;||15px||false|false&#8220; custom_padding=&#8220;||||false|false&#8220; box_shadow_style=&#8220;preset1&#8243; box_shadow_blur=&#8220;10px&#8220; global_colors_info=&#8220;{}&#8220;][\/et_pb_image][et_pb_text _builder_version=&#8220;4.19.4&#8243; _module_preset=&#8220;default&#8220; global_colors_info=&#8220;{}&#8220;]<\/p>\n<p><em>Digitales Vorschaubild des Reliefs der Burgruine Windeck<\/em><\/p>\n<p>[\/et_pb_text][et_pb_text _builder_version=&#8220;4.19.4&#8243; _module_preset=&#8220;default&#8220; global_colors_info=&#8220;{}&#8220;]<\/p>\n<p style=\"margin-bottom: 0cm; text-align: justify;\">Bei den Legenden, dem Wappen und dem Stifterlogo war ebenfalls jeder Zentimeter entscheidend. Der begrenzende Faktor an dieser Stelle war vor allem die Legende mit der Blindenschrift Braille. Denn f\u00fcr diese gibt es genaue DIN-Richtlinien bez\u00fcglich der Gr\u00f6\u00dfe und den Zeichenabst\u00e4nden. W\u00e4hrend wir also bei der \u00fcblichen Schrift die Gr\u00f6\u00dfe variieren konnten, solange sie noch gut lesbar blieb, war dies mit der Brailleschrift nicht m\u00f6glich.<\/p>\n<p style=\"margin-bottom: 0cm; text-align: justify;\">Hier half uns eine Besonderheit der Brailleschrift. In Flie\u00dftext wird die Brailleschrift in der Regel mit verschiedenen Sonderzeichen umgesetzt, die bestimmte h\u00e4ufige Buchstabenkombinationen ersetzen und somit die W\u00f6rter eink\u00fcrzen. Auf diese Weise k\u00f6nnen Braille-Leser die Blindenschrift deutlich schneller lesen. Und in unserer Legende konnten wir ein paar Zentimeter einsparen und dennoch die DIN-Vorgaben der Schriftgr\u00f6\u00dfe problemlos einhalten.<\/p>\n<p>[\/et_pb_text][et_pb_image src=&#8220;https:\/\/www.ego-3d.de\/modellbau\/wp-content\/uploads\/2025\/05\/EGO3D_die_Braille-Legende_im_fertigen_Modell.jpg&#8220; alt=&#8220;EGO3D_die_Braille-Legende_im_fertigen_Modell&#8220; title_text=&#8220;Bildvorlage_mit_Logo&#8220; align_tablet=&#8220;center&#8220; align_phone=&#8220;center&#8220; align_last_edited=&#8220;on|desktop&#8220; _builder_version=&#8220;4.19.4&#8243; _module_preset=&#8220;default&#8220; custom_margin=&#8220;||15px||false|false&#8220; custom_padding=&#8220;||||false|false&#8220; box_shadow_style=&#8220;preset1&#8243; box_shadow_blur=&#8220;10px&#8220; global_colors_info=&#8220;{}&#8220;][\/et_pb_image][et_pb_text _builder_version=&#8220;4.19.4&#8243; _module_preset=&#8220;default&#8220; global_colors_info=&#8220;{}&#8220;]<\/p>\n<p><em>Die Legende mit der Brailleschrift im fertigen Guss<\/em><\/p>\n<p>[\/et_pb_text][\/et_pb_column][et_pb_column type=&#8220;1_2&#8243; _builder_version=&#8220;4.19.4&#8243; _module_preset=&#8220;default&#8220; global_colors_info=&#8220;{}&#8220;][et_pb_image src=&#8220;https:\/\/www.ego-3d.de\/modellbau\/wp-content\/uploads\/2025\/05\/EGO3D_Detailansicht_des_fertigen_Modells.jpg&#8220; alt=&#8220;EGO3D_Detailansicht_des_fertigen_Modells&#8220; title_text=&#8220;Bildvorlage_mit_Logo&#8220; align_tablet=&#8220;center&#8220; align_phone=&#8220;center&#8220; align_last_edited=&#8220;on|desktop&#8220; _builder_version=&#8220;4.19.4&#8243; _module_preset=&#8220;default&#8220; custom_margin=&#8220;||15px||false|false&#8220; custom_padding=&#8220;||||false|false&#8220; box_shadow_style=&#8220;preset1&#8243; box_shadow_blur=&#8220;10px&#8220; global_colors_info=&#8220;{}&#8220;][\/et_pb_image][et_pb_text _builder_version=&#8220;4.19.4&#8243; _module_preset=&#8220;default&#8220; hover_enabled=&#8220;0&#8243; global_colors_info=&#8220;{}&#8220; sticky_enabled=&#8220;0&#8243;]<\/p>\n<p><em>Detailansicht des Weinheimer Schlosses im fertig gegossenen Stadtmodell<\/em><\/p>\n<p>[\/et_pb_text][et_pb_text _builder_version=&#8220;4.19.4&#8243; _module_preset=&#8220;default&#8220; global_colors_info=&#8220;{}&#8220;]<\/p>\n<p style=\"margin-bottom: 0cm; text-align: justify;\">Da seitens des Kunden keine bildliche Konzipierung vorlag, und einige der Elemente, die in das Modell integriert werden mussten, erst w\u00e4hrend der Modellierungsphase spezifiziert wurden, konnten wir die Aufteilung all der Elemente erst sp\u00e4t durchspielen und pr\u00fcfen, was funtkioniert und was nicht m\u00f6glich ist. Zum Gl\u00fcck kann man ein digitales Modell auch in so einer sp\u00e4ten Phase noch umfangreich modifizieren, drehen, vergr\u00f6\u00dfern oder verkleinern. Anhand von Vorschaubildern konnten wir daher mit dem Kunden verschiedene Anordnungen der Legenden und der Reliefs, sowie des Stadtwappens und des Stifterlogos durchspielen, bis eine harmonische Gesamtl\u00f6sung gefunden war.<\/p>\n<p>[\/et_pb_text][et_pb_image src=&#8220;https:\/\/www.ego-3d.de\/modellbau\/wp-content\/uploads\/2025\/05\/EGO3D_fertiger_3D-Druck_des_Stadtmodells.jpg&#8220; alt=&#8220;EGO3D_fertiger_3D-Druck_des_Stadtmodells&#8220; title_text=&#8220;Bildvorlage_mit_Logo&#8220; align_tablet=&#8220;center&#8220; align_phone=&#8220;center&#8220; align_last_edited=&#8220;on|desktop&#8220; _builder_version=&#8220;4.19.4&#8243; _module_preset=&#8220;default&#8220; custom_margin=&#8220;||15px||false|false&#8220; custom_padding=&#8220;||||false|false&#8220; box_shadow_style=&#8220;preset1&#8243; box_shadow_blur=&#8220;10px&#8220; global_colors_info=&#8220;{}&#8220;][\/et_pb_image][et_pb_text _builder_version=&#8220;4.19.4&#8243; _module_preset=&#8220;default&#8220; global_colors_info=&#8220;{}&#8220;]<\/p>\n<p><em>Der fertige 3D-Druck des Stadtmodells. Gut sichtbar hier sind die zahlreichen rautenf\u00f6rmigen L\u00f6cher, die Position und Orientierung jedes einzelnen Baumes f\u00fcr die Endmontage nach dem Guss vorgeben.<\/em><\/p>\n<p>[\/et_pb_text][et_pb_text _builder_version=&#8220;4.19.4&#8243; _module_preset=&#8220;default&#8220; global_colors_info=&#8220;{}&#8220;]<\/p>\n<p style=\"margin-bottom: 0cm; text-align: justify;\">Bei solchen Abstimmungen mit dem Kunden haben wir stets auch schon die Anforderungen und Grenzen des Bronzegusses im Hinterkopf. Insbesondere wenn der Platz bei einem Stadtmodell eng wird, und man den Ma\u00dfstab, Schriften und andere Details verkleinern m\u00f6chte, sind dem im digitalen Modell keine Grenzen gesetzt. Nur mit langj\u00e4hriger Erfahrung kann man dann entscheiden, wie weit man ein Modell modifizieren darf, damit im abschlie\u00dfenden Guss alles noch umsetzbar und beim Endergebnis bestm\u00f6gliche Qualit\u00e4t garantiert bleibt.<\/p>\n<p>[\/et_pb_text][et_pb_image src=&#8220;https:\/\/www.ego-3d.de\/modellbau\/wp-content\/uploads\/2025\/05\/EGO3D_Relief_Wachenburg_fertig_gegossen.jpg&#8220; alt=&#8220;EGO3D_Relief_Wachenburg_fertig_gegossen&#8220; title_text=&#8220;Bildvorlage_mit_Logo&#8220; align_tablet=&#8220;center&#8220; align_phone=&#8220;center&#8220; align_last_edited=&#8220;on|desktop&#8220; _builder_version=&#8220;4.19.4&#8243; _module_preset=&#8220;default&#8220; custom_margin=&#8220;||15px||false|false&#8220; custom_padding=&#8220;||||false|false&#8220; box_shadow_style=&#8220;preset1&#8243; box_shadow_blur=&#8220;10px&#8220; global_colors_info=&#8220;{}&#8220;][\/et_pb_image][et_pb_text _builder_version=&#8220;4.19.4&#8243; _module_preset=&#8220;default&#8220; global_colors_info=&#8220;{}&#8220;]<\/p>\n<p><em>Relief der Wachenburg nach dem Guss<\/em><\/p>\n<p>[\/et_pb_text][et_pb_image src=&#8220;https:\/\/www.ego-3d.de\/modellbau\/wp-content\/uploads\/2025\/05\/EGO3D_Relief_Burgruine_Windeck_fertig_gegossen.jpg&#8220; alt=&#8220;EGO3D_Relief_Burgruine_Windeck_fertig_gegossen&#8220; title_text=&#8220;Bildvorlage_mit_Logo&#8220; align_tablet=&#8220;center&#8220; align_phone=&#8220;center&#8220; align_last_edited=&#8220;on|desktop&#8220; _builder_version=&#8220;4.19.4&#8243; _module_preset=&#8220;default&#8220; custom_margin=&#8220;||15px||false|false&#8220; custom_padding=&#8220;||||false|false&#8220; box_shadow_style=&#8220;preset1&#8243; box_shadow_blur=&#8220;10px&#8220; global_colors_info=&#8220;{}&#8220;][\/et_pb_image][et_pb_text _builder_version=&#8220;4.19.4&#8243; _module_preset=&#8220;default&#8220; global_colors_info=&#8220;{}&#8220;]<\/p>\n<p><em>Relief der Burgruine Windeck nach dem Guss<\/em><\/p>\n<p>[\/et_pb_text][et_pb_text _builder_version=&#8220;4.19.4&#8243; _module_preset=&#8220;default&#8220; global_colors_info=&#8220;{}&#8220;]<\/p>\n<p style=\"margin-bottom: 0cm; text-align: justify;\">Eine weitere Besonderheit bei dem Modell war die gro\u00dfe Anzahl an B\u00e4umen. Da die Gie\u00dferei die B\u00e4ume separat abformt und gie\u00dft, lieferten wir jede Baumvariante einzeln. Um die Platzierung der B\u00e4ume zu gew\u00e4hrleisten, bereiteten wir f\u00fcr jeden einzelnen Baum ein rautenf\u00f6rmiges Loch vor, das nicht nur die Position, sondern auch die Orientierung des jeweiligen Baumes exakt vorgab.<\/p>\n<p style=\"margin-bottom: 0cm; text-align: justify;\">Das fertig gegossene Modell wurde Ende 2023 in Weinheim enth\u00fcllt und steht nun einen Steinwurf vom dem Schloss entfernt, das als Wahrzeichen besonders detailreich im Modell ausgef\u00fchrt wurde.<\/p>\n<p>[\/et_pb_text][et_pb_image src=&#8220;https:\/\/www.ego-3d.de\/modellbau\/wp-content\/uploads\/2025\/05\/EGO3D_fertiges_Bronzemodell_Weinheims.jpg&#8220; alt=&#8220;EGO3D_fertiges_Bronzemodell_Weinheims&#8220; title_text=&#8220;Bildvorlage_mit_Logo&#8220; align_tablet=&#8220;center&#8220; align_phone=&#8220;center&#8220; align_last_edited=&#8220;on|desktop&#8220; _builder_version=&#8220;4.19.4&#8243; _module_preset=&#8220;default&#8220; custom_margin=&#8220;||15px||false|false&#8220; custom_padding=&#8220;||||false|false&#8220; box_shadow_style=&#8220;preset1&#8243; box_shadow_blur=&#8220;10px&#8220; global_colors_info=&#8220;{}&#8220;][\/et_pb_image][et_pb_text _builder_version=&#8220;4.19.4&#8243; _module_preset=&#8220;default&#8220; global_colors_info=&#8220;{}&#8220;]<\/p>\n<p><em>Das fertig gegossene Stadtmodell Weinheims<\/em><\/p>\n<p>[\/et_pb_text][\/et_pb_column][\/et_pb_row][et_pb_row _builder_version=&#8220;4.19.4&#8243; _module_preset=&#8220;default&#8220; background_color=&#8220;rgba(255,255,255,0.65)&#8220; custom_margin=&#8220;0px||20px|&#8220; custom_padding=&#8220;15px|15px|15px|15px&#8220; box_shadow_style=&#8220;preset1&#8243; global_colors_info=&#8220;{}&#8220;][et_pb_column type=&#8220;4_4&#8243; _builder_version=&#8220;4.19.4&#8243; _module_preset=&#8220;default&#8220; global_colors_info=&#8220;{}&#8220;][et_pb_image src=&#8220;https:\/\/www.ego-3d.de\/modellbau\/wp-content\/uploads\/2025\/05\/EGO3D_fertiges_Bronzemodell_Weinheims_gross.jpg&#8220; alt=&#8220;EGO3D_fertiges_Bronzemodell_Weinheims_gross&#8220; title_text=&#8220;Bildvorlage_mit_Logo&#8220; _builder_version=&#8220;4.19.4&#8243; _module_preset=&#8220;default&#8220; custom_margin=&#8220;||5px||false|false&#8220; global_colors_info=&#8220;{}&#8220;][\/et_pb_image][et_pb_text _builder_version=&#8220;4.19.4&#8243; _module_preset=&#8220;default&#8220; global_colors_info=&#8220;{}&#8220;]<\/p>\n<p><em>Das fertig gegossene Stadtmodell Weinheims<\/em><\/p>\n<p>[\/et_pb_text][\/et_pb_column][\/et_pb_row][\/et_pb_section]<\/p>\n","protected":false},"excerpt":{"rendered":"<p>Stadtmodell Weinheim Ein prall gef\u00fcllter Quadratmeter Wie ist das m\u00f6glich?Eine Altstadt mit 11 detailiert ausgef\u00fchrten Wahrzeichen, einem Schlosspark, Hanglage und zwei Burgen au\u00dferhalb der Stadt auf Bergen, Zwei Legenden, eine in \u00fcblicher Schrift, eine in der Blindenschrift Braille, ein Stadtwappen, ein Stifterlogo und all das auf einem Quadratmeter, bei stadtmodell-\u00fcblichem Ma\u00dfstab und ohne Abstriche bei [&hellip;]<\/p>\n","protected":false},"author":1,"featured_media":0,"parent":0,"menu_order":0,"comment_status":"closed","ping_status":"closed","template":"","meta":{"_et_pb_use_builder":"on","_et_pb_old_content":"","_et_gb_content_width":""},"_links":{"self":[{"href":"https:\/\/www.ego-3d.de\/modellbau\/wp-json\/wp\/v2\/pages\/3608"}],"collection":[{"href":"https:\/\/www.ego-3d.de\/modellbau\/wp-json\/wp\/v2\/pages"}],"about":[{"href":"https:\/\/www.ego-3d.de\/modellbau\/wp-json\/wp\/v2\/types\/page"}],"author":[{"embeddable":true,"href":"https:\/\/www.ego-3d.de\/modellbau\/wp-json\/wp\/v2\/users\/1"}],"replies":[{"embeddable":true,"href":"https:\/\/www.ego-3d.de\/modellbau\/wp-json\/wp\/v2\/comments?post=3608"}],"version-history":[{"count":6,"href":"https:\/\/www.ego-3d.de\/modellbau\/wp-json\/wp\/v2\/pages\/3608\/revisions"}],"predecessor-version":[{"id":3684,"href":"https:\/\/www.ego-3d.de\/modellbau\/wp-json\/wp\/v2\/pages\/3608\/revisions\/3684"}],"wp:attachment":[{"href":"https:\/\/www.ego-3d.de\/modellbau\/wp-json\/wp\/v2\/media?parent=3608"}],"curies":[{"name":"wp","href":"https:\/\/api.w.org\/{rel}","templated":true}]}}