{"id":3589,"date":"2025-02-05T15:05:22","date_gmt":"2025-02-05T14:05:22","guid":{"rendered":"https:\/\/www.ego-3d.de\/modellbau\/?page_id=3589"},"modified":"2025-02-05T15:05:22","modified_gmt":"2025-02-05T14:05:22","slug":"gedenktafeln-cronenberg","status":"publish","type":"page","link":"https:\/\/www.ego-3d.de\/modellbau\/gedenktafeln-cronenberg\/","title":{"rendered":"Gedenktafeln Cronenberg"},"content":{"rendered":"<p>[et_pb_section fb_built=&#8220;1&#8243; _builder_version=&#8220;4.19.4&#8243; _module_preset=&#8220;default&#8220; background_color=&#8220;RGBA(255,255,255,0)&#8220; background_enable_image=&#8220;off&#8220; background_size=&#8220;initial&#8220; background_position=&#8220;top_center&#8220; background_repeat=&#8220;repeat-y&#8220; global_colors_info=&#8220;{}&#8220; theme_builder_area=&#8220;post_content&#8220;][et_pb_row column_structure=&#8220;1_2,1_2&#8243; _builder_version=&#8220;4.16&#8243; background_color=&#8220;rgba(255,255,255,0.65)&#8220; custom_margin=&#8220;0px||20px|&#8220; custom_padding=&#8220;15px|15px|15px|15px&#8220; box_shadow_style=&#8220;preset1&#8243; global_colors_info=&#8220;{}&#8220; theme_builder_area=&#8220;post_content&#8220;][et_pb_column type=&#8220;1_2&#8243; _builder_version=&#8220;4.16&#8243; custom_padding=&#8220;|||&#8220; global_colors_info=&#8220;{}&#8220; custom_padding__hover=&#8220;|||&#8220; theme_builder_area=&#8220;post_content&#8220;][et_pb_text _builder_version=&#8220;4.16&#8243; global_colors_info=&#8220;{}&#8220; theme_builder_area=&#8220;post_content&#8220;]<\/p>\n<h2><strong>Gedenktafeln:<\/strong> 22 neue Reliefs f\u00fcr Cronenberg<\/h2>\n<p style=\"text-align: justify;\">Im Wuppertaler Stadtteil Cronenberg wurden 21 bronzene Schrifttafeln eines alten Denkmals f\u00fcr Weltkriegstote gestohlen. Nur die 22. Platte blieb stark besch\u00e4digt vor Ort. Den Metalldieben gelang es nicht, sie komplett vom Steinsockel des Denkmals zu hebeln, da sie teilweise in einer schmalen Spalte des massiven Steindenkmals verankert war. Dies sollte sich sp\u00e4ter als Gl\u00fcck herausstellen, da so eine originalgetreuere Rekonstruktion m\u00f6glich war.<\/p>\n<p style=\"text-align: justify;\">Der Cronenberger Heimat- und B\u00fcrgerverein beauftragte uns, alle 22 Platten nachzubilden. Die Besonderheit des Auftrages war, dass wir in diesem Fall keine Gussmodelle f\u00fcr eine Gie\u00dferei lieferten, sondern die Platten im 3D-Druckverfahren herstellten und die Oberfl\u00e4che bronziert wurde. Visuell sind sie von echten Bronzetafeln nicht zu unterscheiden.<\/p>\n<p style=\"text-align: justify;\">F\u00fcr die Zukunft war so ausgeschlossen, dass noch einmal von Metalldieben alle Platten gestohlen w\u00fcrden. Sp\u00e4testens wenn sie eine Platte abrei\u00dfen w\u00fcrden, w\u00e4re aufgrund des minimalen Gewichts offensichtlich, dass es sich nicht um Metall handelte. Statt weit \u00fcber 10 kg wiegen die einzelnen Platten nun nur noch wenige 100 Gramm. Und schlimmstenfalls m\u00fcsste man in der Zukunft nur eine Platte wieder anbringen, anstatt erneut einen kompletten Verlust von vielen zehntausend Euro beklagen zu m\u00fcssen.<\/p>\n<p style=\"text-align: justify;\">Dar\u00fcber hinaus war die gesamte Restaurierung des Denkmals durch diese Ausf\u00fchrung wesentlich preisg\u00fcnstiger und konnte so mithilfe von Spenden und einem Anteil der Stadt \u00fcberhaupt durchgef\u00fchrt werden.<\/p>\n<p style=\"text-align: justify;\">Zum Gl\u00fcck f\u00fcr unsere Nachbildung der Tafeln existierten im Stadtarchiv noch Fotos und Listen mit allen Namen der Weltkriegstoten, die auf den urspr\u00fcnglichen Tafeln Erw\u00e4hnung gefunden hatten. Zusammen mit der einen verbliebenen, besch\u00e4digten Platte konnten wir daher die Rekonstruktion sehr originalgetreu durchf\u00fchren, obwohl die 21 gestohlenen Platten nie wieder auftauchten.<\/p>\n<p style=\"text-align: justify;\">Die Besonderheit bei der Rekonstruktion war, dass die Schrift der alten Platten so nicht als digitaler Schriftsatz existierte. Daher entwickelten wir den Gesamten Schriftsatz digital und machten ihn so als Schrift auf dem Rechner nutzbar. Nur so konnten wir die hunderten von Namen und Daten schnell und fehlerlos in unsere digitalen Modelle der rekonstruierten 22 Platten einbringen. Das h\u00e4ndische Setzen der einzelnen Buchstaben, wie es bei den Gussmodellen f\u00fcr die urspr\u00fcnglichen Platten stattfand, h\u00e4tte dagegen den Kostenrahmen der Rekonstruktion vollst\u00e4ndig gesprengt.<\/p>\n<p>[\/et_pb_text][\/et_pb_column][et_pb_column type=&#8220;1_2&#8243; _builder_version=&#8220;4.16&#8243; custom_padding=&#8220;|||&#8220; global_colors_info=&#8220;{}&#8220; custom_padding__hover=&#8220;|||&#8220; theme_builder_area=&#8220;post_content&#8220;][et_pb_image src=&#8220;https:\/\/www.ego-3d.de\/modellbau\/wp-content\/uploads\/2020\/07\/EGO3D_altes_Foto_Cronenberger_Denkmal.jpg&#8220; align_tablet=&#8220;center&#8220; align_phone=&#8220;&#8220; align_last_edited=&#8220;on|desktop&#8220; _builder_version=&#8220;4.16&#8243; box_shadow_style=&#8220;preset1&#8243; box_shadow_blur=&#8220;10px&#8220; box_shadow_color=&#8220;#000000&#8243; global_colors_info=&#8220;{}&#8220; theme_builder_area=&#8220;post_content&#8220;][\/et_pb_image][et_pb_image src=&#8220;https:\/\/www.ego-3d.de\/modellbau\/wp-content\/uploads\/2020\/07\/EGO3D-Vorschaubilder_Cronenberger_Schrifttafeln_f\u00fcr_Denkmal.jpg&#8220; align_tablet=&#8220;center&#8220; align_phone=&#8220;&#8220; align_last_edited=&#8220;on|desktop&#8220; _builder_version=&#8220;4.16&#8243; custom_margin=&#8220;||15px|&#8220; box_shadow_style=&#8220;preset1&#8243; box_shadow_blur=&#8220;10px&#8220; box_shadow_color=&#8220;#000000&#8243; global_colors_info=&#8220;{}&#8220; theme_builder_area=&#8220;post_content&#8220;][\/et_pb_image][et_pb_text _builder_version=&#8220;4.16&#8243; global_colors_info=&#8220;{}&#8220; theme_builder_area=&#8220;post_content&#8220;]<\/p>\n<p style=\"text-align: justify;\"><em>Oben abgebildet sind zwei digitale Vorschaubilder, die dem Kunden schon einen guten Eindruck lieferten, wie die Platten nach der Fertigung aussehen w\u00fcrden. Auch konnte die Kunden so nochmal die Namen und Daten gegenlesen.<\/em><\/p>\n<p>[\/et_pb_text][\/et_pb_column][\/et_pb_row][\/et_pb_section]<\/p>\n","protected":false},"excerpt":{"rendered":"<p>Gedenktafeln: 22 neue Reliefs f\u00fcr Cronenberg Im Wuppertaler Stadtteil Cronenberg wurden 21 bronzene Schrifttafeln eines alten Denkmals f\u00fcr Weltkriegstote gestohlen. Nur die 22. Platte blieb stark besch\u00e4digt vor Ort. Den Metalldieben gelang es nicht, sie komplett vom Steinsockel des Denkmals zu hebeln, da sie teilweise in einer schmalen Spalte des massiven Steindenkmals verankert war. Dies [&hellip;]<\/p>\n","protected":false},"author":1,"featured_media":0,"parent":0,"menu_order":0,"comment_status":"closed","ping_status":"closed","template":"","meta":{"_et_pb_use_builder":"on","_et_pb_old_content":"","_et_gb_content_width":""},"_links":{"self":[{"href":"https:\/\/www.ego-3d.de\/modellbau\/wp-json\/wp\/v2\/pages\/3589"}],"collection":[{"href":"https:\/\/www.ego-3d.de\/modellbau\/wp-json\/wp\/v2\/pages"}],"about":[{"href":"https:\/\/www.ego-3d.de\/modellbau\/wp-json\/wp\/v2\/types\/page"}],"author":[{"embeddable":true,"href":"https:\/\/www.ego-3d.de\/modellbau\/wp-json\/wp\/v2\/users\/1"}],"replies":[{"embeddable":true,"href":"https:\/\/www.ego-3d.de\/modellbau\/wp-json\/wp\/v2\/comments?post=3589"}],"version-history":[{"count":2,"href":"https:\/\/www.ego-3d.de\/modellbau\/wp-json\/wp\/v2\/pages\/3589\/revisions"}],"predecessor-version":[{"id":3591,"href":"https:\/\/www.ego-3d.de\/modellbau\/wp-json\/wp\/v2\/pages\/3589\/revisions\/3591"}],"wp:attachment":[{"href":"https:\/\/www.ego-3d.de\/modellbau\/wp-json\/wp\/v2\/media?parent=3589"}],"curies":[{"name":"wp","href":"https:\/\/api.w.org\/{rel}","templated":true}]}}