{"id":3585,"date":"2025-02-05T14:57:01","date_gmt":"2025-02-05T13:57:01","guid":{"rendered":"https:\/\/www.ego-3d.de\/modellbau\/?page_id=3585"},"modified":"2025-02-05T14:57:01","modified_gmt":"2025-02-05T13:57:01","slug":"portraitrelief-philipp-matthaeus-hahn","status":"publish","type":"page","link":"https:\/\/www.ego-3d.de\/modellbau\/portraitrelief-philipp-matthaeus-hahn\/","title":{"rendered":"Portraitrelief Philipp Matth\u00e4us Hahn"},"content":{"rendered":"<p>[et_pb_section fb_built=&#8220;1&#8243; _builder_version=&#8220;4.19.4&#8243; _module_preset=&#8220;default&#8220; background_color=&#8220;RGBA(255,255,255,0)&#8220; background_enable_image=&#8220;off&#8220; background_size=&#8220;initial&#8220; background_position=&#8220;top_center&#8220; background_repeat=&#8220;repeat-y&#8220; global_colors_info=&#8220;{}&#8220; theme_builder_area=&#8220;post_content&#8220;][et_pb_row column_structure=&#8220;1_2,1_2&#8243; _builder_version=&#8220;4.16&#8243; _module_preset=&#8220;default&#8220; background_color=&#8220;rgba(255,255,255,0.65)&#8220; custom_margin=&#8220;0px||20px|&#8220; custom_padding=&#8220;15px|15px|15px|15px&#8220; box_shadow_style=&#8220;preset1&#8243; global_colors_info=&#8220;{}&#8220; theme_builder_area=&#8220;post_content&#8220;][et_pb_column type=&#8220;1_2&#8243; _builder_version=&#8220;4.16&#8243; _module_preset=&#8220;default&#8220; global_colors_info=&#8220;{}&#8220; theme_builder_area=&#8220;post_content&#8220;][et_pb_image src=&#8220;https:\/\/www.ego-3d.de\/modellbau\/wp-content\/uploads\/2020\/09\/EGO3D_PM-Hahn-Relief-Original.jpg&#8220; title_text=&#8220;EGO3D_PM-Hahn-Relief-Original&#8220; align_tablet=&#8220;center&#8220; align_phone=&#8220;&#8220; align_last_edited=&#8220;on|desktop&#8220; _builder_version=&#8220;4.16&#8243; _module_preset=&#8220;default&#8220; custom_margin=&#8220;||15px|&#8220; box_shadow_style=&#8220;preset1&#8243; box_shadow_blur=&#8220;10px&#8220; box_shadow_color=&#8220;#000000&#8243; global_colors_info=&#8220;{}&#8220; theme_builder_area=&#8220;post_content&#8220;][\/et_pb_image][et_pb_text _builder_version=&#8220;4.16&#8243; _module_preset=&#8220;default&#8220; global_colors_info=&#8220;{}&#8220; theme_builder_area=&#8220;post_content&#8220;]<\/p>\n<p><em>Das Originale Relief Philipp Matth\u00e4us Hahns<\/em><\/p>\n<p>[\/et_pb_text][et_pb_image src=&#8220;https:\/\/www.ego-3d.de\/modellbau\/wp-content\/uploads\/2020\/09\/EGO3D_PM-Hahn_weitere_Vorlagen.jpg&#8220; title_text=&#8220;EGO3D_PM-Hahn_weitere_Vorlagen&#8220; align_tablet=&#8220;center&#8220; align_phone=&#8220;&#8220; align_last_edited=&#8220;on|desktop&#8220; _builder_version=&#8220;4.16&#8243; _module_preset=&#8220;default&#8220; custom_margin=&#8220;||15px|&#8220; box_shadow_style=&#8220;preset1&#8243; box_shadow_blur=&#8220;10px&#8220; box_shadow_color=&#8220;#000000&#8243; global_colors_info=&#8220;{}&#8220; theme_builder_area=&#8220;post_content&#8220;][\/et_pb_image][et_pb_text _builder_version=&#8220;4.16&#8243; _module_preset=&#8220;default&#8220; global_colors_info=&#8220;{}&#8220; theme_builder_area=&#8220;post_content&#8220;]<\/p>\n<p><em>Zwei weitere Vorlagen, anhand derer wir das Relief optimieren sollten. Insbesondere die Proportionen des Gesichts dieser Vorlagen sollten wir in das neue Relief einmodellieren.<\/em><br \/><em>Bildquelle links: Stadtarchiv Ostfildern<\/em><br \/><em>Bildquelle rechts: Wikimedia<\/em><\/p>\n<p>[\/et_pb_text][\/et_pb_column][et_pb_column type=&#8220;1_2&#8243; _builder_version=&#8220;4.16&#8243; _module_preset=&#8220;default&#8220; global_colors_info=&#8220;{}&#8220; theme_builder_area=&#8220;post_content&#8220;][et_pb_text _builder_version=&#8220;4.16&#8243; _module_preset=&#8220;default&#8220; global_colors_info=&#8220;{}&#8220; theme_builder_area=&#8220;post_content&#8220;]<\/p>\n<h2><strong>Portraitrelief Philipp Matth\u00e4us Hahns:<\/strong><\/h2>\n<h2>Eine Relief-Kopie\u00a0 im Stile des Originals<\/h2>\n<p style=\"margin-bottom: 0cm; text-align: justify;\">EGO3D bekam den Auftrag ein Relief des Pfarrers und Ingenieurs Philipp Matth\u00e4us Hahn als Gussmodell herzustellen. Als Vorlage diente ein bereits vorhandenes Relief, das wir teilweise kopieren, und teilweise optimieren sollten. Zus\u00e4tzlich zu den Bildern des Originalreliefs erhielten wir daher weitere Abbildungen P. M. Hahns.<\/p>\n<p style=\"margin-bottom: 0cm; text-align: justify;\">In direkter Absprache mit dem Kunden modellierten wir das Relief nah an der Originalvorlage und integrierten insbesondere im Gesichtsbereich die etwas nat\u00fcrlicheren Proportionen der zus\u00e4tzlichen Voragen. Besonders wichtig war der etwas schroffe, handwerkliche Stil des Originals, den unsere K\u00fcnstler am digitalen Modell ebenfalls umsetzten. Schlie\u00dflich wurde das Relief noch um den Namenszug \u201cPhilipp Matth\u00e4us Hahn\u201d erg\u00e4nzt.<\/p>\n<p>[\/et_pb_text][et_pb_image src=&#8220;https:\/\/www.ego-3d.de\/modellbau\/wp-content\/uploads\/2020\/09\/EGO3D_Relief_PM-Hahn_fertiger_Guss.jpg&#8220; title_text=&#8220;EGO3D_Relief_PM-Hahn_fertiger_Guss&#8220; align_tablet=&#8220;center&#8220; align_phone=&#8220;&#8220; align_last_edited=&#8220;on|desktop&#8220; _builder_version=&#8220;4.16&#8243; _module_preset=&#8220;default&#8220; custom_margin=&#8220;||15px|&#8220; box_shadow_style=&#8220;preset1&#8243; box_shadow_blur=&#8220;10px&#8220; box_shadow_color=&#8220;#000000&#8243; global_colors_info=&#8220;{}&#8220; theme_builder_area=&#8220;post_content&#8220;][\/et_pb_image][et_pb_text _builder_version=&#8220;4.16&#8243; _module_preset=&#8220;default&#8220; global_colors_info=&#8220;{}&#8220; theme_builder_area=&#8220;post_content&#8220;]<\/p>\n<p><em>Das fertig gegossene neue Relief<\/em> <\/p>\n<p>[\/et_pb_text][et_pb_text module_id=&#8220;anker_cronenberg&#8220; _builder_version=&#8220;4.16&#8243; _module_preset=&#8220;default&#8220; global_colors_info=&#8220;{}&#8220; theme_builder_area=&#8220;post_content&#8220;]<\/p>\n<p style=\"text-align: justify;\">Nachdem unser Kunde anhand von Vorschaubildern das Ergebnis begutachtete und freigab, fr\u00e4sten wir das Gussmodell mit einer unserer CNC-Fr\u00e4sen. Abschlie\u00dfend lie\u00dfen wir das Relief bei einer Gie\u00dferei gie\u00dfen, mit der wir schon seit vielen Jahren kooperieren, und lieferten es dann dem Kunden.<\/p>\n<p>[\/et_pb_text][\/et_pb_column][\/et_pb_row][\/et_pb_section]<\/p>\n","protected":false},"excerpt":{"rendered":"<p>Das Originale Relief Philipp Matth\u00e4us HahnsZwei weitere Vorlagen, anhand derer wir das Relief optimieren sollten. Insbesondere die Proportionen des Gesichts dieser Vorlagen sollten wir in das neue Relief einmodellieren.Bildquelle links: Stadtarchiv OstfildernBildquelle rechts: WikimediaPortraitrelief Philipp Matth\u00e4us Hahns: Eine Relief-Kopie\u00a0 im Stile des Originals EGO3D bekam den Auftrag ein Relief des Pfarrers und Ingenieurs Philipp Matth\u00e4us [&hellip;]<\/p>\n","protected":false},"author":1,"featured_media":0,"parent":0,"menu_order":0,"comment_status":"closed","ping_status":"closed","template":"","meta":{"_et_pb_use_builder":"on","_et_pb_old_content":"","_et_gb_content_width":""},"_links":{"self":[{"href":"https:\/\/www.ego-3d.de\/modellbau\/wp-json\/wp\/v2\/pages\/3585"}],"collection":[{"href":"https:\/\/www.ego-3d.de\/modellbau\/wp-json\/wp\/v2\/pages"}],"about":[{"href":"https:\/\/www.ego-3d.de\/modellbau\/wp-json\/wp\/v2\/types\/page"}],"author":[{"embeddable":true,"href":"https:\/\/www.ego-3d.de\/modellbau\/wp-json\/wp\/v2\/users\/1"}],"replies":[{"embeddable":true,"href":"https:\/\/www.ego-3d.de\/modellbau\/wp-json\/wp\/v2\/comments?post=3585"}],"version-history":[{"count":2,"href":"https:\/\/www.ego-3d.de\/modellbau\/wp-json\/wp\/v2\/pages\/3585\/revisions"}],"predecessor-version":[{"id":3587,"href":"https:\/\/www.ego-3d.de\/modellbau\/wp-json\/wp\/v2\/pages\/3585\/revisions\/3587"}],"wp:attachment":[{"href":"https:\/\/www.ego-3d.de\/modellbau\/wp-json\/wp\/v2\/media?parent=3585"}],"curies":[{"name":"wp","href":"https:\/\/api.w.org\/{rel}","templated":true}]}}