{"id":3578,"date":"2025-02-05T14:53:28","date_gmt":"2025-02-05T13:53:28","guid":{"rendered":"https:\/\/www.ego-3d.de\/modellbau\/?page_id=3578"},"modified":"2025-02-05T14:53:28","modified_gmt":"2025-02-05T13:53:28","slug":"zeitungs-relief","status":"publish","type":"page","link":"https:\/\/www.ego-3d.de\/modellbau\/zeitungs-relief\/","title":{"rendered":"Zeitungs-Relief"},"content":{"rendered":"<p>[et_pb_section fb_built=&#8220;1&#8243; _builder_version=&#8220;4.19.4&#8243; _module_preset=&#8220;default&#8220; background_color=&#8220;RGBA(255,255,255,0)&#8220; background_enable_image=&#8220;off&#8220; background_size=&#8220;initial&#8220; background_position=&#8220;top_center&#8220; background_repeat=&#8220;repeat-y&#8220; global_colors_info=&#8220;{}&#8220; theme_builder_area=&#8220;post_content&#8220;][et_pb_row column_structure=&#8220;1_2,1_2&#8243; _builder_version=&#8220;4.16&#8243; background_color=&#8220;rgba(255,255,255,0.65)&#8220; custom_margin=&#8220;0px||20px|&#8220; custom_padding=&#8220;15px|15px|15px|15px&#8220; box_shadow_style=&#8220;preset1&#8243; global_colors_info=&#8220;{}&#8220; theme_builder_area=&#8220;post_content&#8220;][et_pb_column type=&#8220;1_2&#8243; _builder_version=&#8220;4.16&#8243; custom_padding=&#8220;|||&#8220; global_colors_info=&#8220;{}&#8220; custom_padding__hover=&#8220;|||&#8220; theme_builder_area=&#8220;post_content&#8220;][et_pb_image src=&#8220;https:\/\/www.ego-3d.de\/modellbau\/wp-content\/uploads\/2020\/07\/EGO3D_VorlageVorschau_Bildzeitungsrelief.jpg&#8220; align_tablet=&#8220;center&#8220; align_phone=&#8220;&#8220; align_last_edited=&#8220;on|desktop&#8220; _builder_version=&#8220;4.16&#8243; box_shadow_style=&#8220;preset1&#8243; box_shadow_blur=&#8220;10px&#8220; box_shadow_color=&#8220;#000000&#8243; global_colors_info=&#8220;{}&#8220; theme_builder_area=&#8220;post_content&#8220;][\/et_pb_image][\/et_pb_column][et_pb_column type=&#8220;1_2&#8243; _builder_version=&#8220;4.16&#8243; custom_padding=&#8220;|||&#8220; global_colors_info=&#8220;{}&#8220; custom_padding__hover=&#8220;|||&#8220; theme_builder_area=&#8220;post_content&#8220;][et_pb_text module_id=&#8220;anker_hahn&#8220; _builder_version=&#8220;4.16&#8243; global_colors_info=&#8220;{}&#8220; theme_builder_area=&#8220;post_content&#8220;]<\/p>\n<h2 style=\"text-align: justify;\"><strong>Zeitungs-Relief: <\/strong><\/h2>\n<h2 style=\"text-align: left;\">Das Cover der Bildzeitung als Schrifttafel mit zahlreichen Fotoreliefs<strong><br \/> <\/strong><\/h2>\n<p style=\"text-align: justify;\">Die erste Ausgabe der Bildzeitung vom 24. Juni 1952 als Relief umzusetzen war ein spannender Auftrag. Wir setzten das Relief aus vielen Einzelteilen zusammen, da wir die Schriftbl\u00f6cke und die Bilder mit jeweils unterschiedlichen 3D-Techniken modellierten. W\u00e4hrend wir bei Schrift einen sehr technischen Weg gehen, war bei den einzelnen Bildern das k\u00fcnstlerische Auge unserer digitalen Bildhauer gefragt, insbesondere um Winston Churchil und weiter unten Ava Gardner zu modellieren, deren Gesichter auch heute noch vielen Menschen bekannt sind.<\/p>\n<p style=\"text-align: justify;\">Zum 60-j\u00e4hrigen Jubil\u00e4um der Bildzeitung wurde das Relief schlie\u00dflich in Bronze feierlich enth\u00fcllt.<\/p>\n<p>[\/et_pb_text][\/et_pb_column][\/et_pb_row][\/et_pb_section]<\/p>\n","protected":false},"excerpt":{"rendered":"<p>Zeitungs-Relief: Das Cover der Bildzeitung als Schrifttafel mit zahlreichen Fotoreliefs Die erste Ausgabe der Bildzeitung vom 24. Juni 1952 als Relief umzusetzen war ein spannender Auftrag. Wir setzten das Relief aus vielen Einzelteilen zusammen, da wir die Schriftbl\u00f6cke und die Bilder mit jeweils unterschiedlichen 3D-Techniken modellierten. W\u00e4hrend wir bei Schrift einen sehr technischen Weg gehen, [&hellip;]<\/p>\n","protected":false},"author":1,"featured_media":0,"parent":0,"menu_order":0,"comment_status":"closed","ping_status":"closed","template":"","meta":{"_et_pb_use_builder":"on","_et_pb_old_content":"","_et_gb_content_width":""},"_links":{"self":[{"href":"https:\/\/www.ego-3d.de\/modellbau\/wp-json\/wp\/v2\/pages\/3578"}],"collection":[{"href":"https:\/\/www.ego-3d.de\/modellbau\/wp-json\/wp\/v2\/pages"}],"about":[{"href":"https:\/\/www.ego-3d.de\/modellbau\/wp-json\/wp\/v2\/types\/page"}],"author":[{"embeddable":true,"href":"https:\/\/www.ego-3d.de\/modellbau\/wp-json\/wp\/v2\/users\/1"}],"replies":[{"embeddable":true,"href":"https:\/\/www.ego-3d.de\/modellbau\/wp-json\/wp\/v2\/comments?post=3578"}],"version-history":[{"count":2,"href":"https:\/\/www.ego-3d.de\/modellbau\/wp-json\/wp\/v2\/pages\/3578\/revisions"}],"predecessor-version":[{"id":3581,"href":"https:\/\/www.ego-3d.de\/modellbau\/wp-json\/wp\/v2\/pages\/3578\/revisions\/3581"}],"wp:attachment":[{"href":"https:\/\/www.ego-3d.de\/modellbau\/wp-json\/wp\/v2\/media?parent=3578"}],"curies":[{"name":"wp","href":"https:\/\/api.w.org\/{rel}","templated":true}]}}