{"id":3571,"date":"2025-02-05T14:49:31","date_gmt":"2025-02-05T13:49:31","guid":{"rendered":"https:\/\/www.ego-3d.de\/modellbau\/?page_id=3571"},"modified":"2025-02-05T14:49:32","modified_gmt":"2025-02-05T13:49:32","slug":"dino-relief","status":"publish","type":"page","link":"https:\/\/www.ego-3d.de\/modellbau\/dino-relief\/","title":{"rendered":"Dino-Relief"},"content":{"rendered":"<p>[et_pb_section fb_built=&#8220;1&#8243; _builder_version=&#8220;4.19.4&#8243; _module_preset=&#8220;default&#8220; background_color=&#8220;RGBA(255,255,255,0)&#8220; background_enable_image=&#8220;off&#8220; background_size=&#8220;initial&#8220; background_position=&#8220;top_center&#8220; background_repeat=&#8220;repeat-y&#8220; global_colors_info=&#8220;{}&#8220;][et_pb_row column_structure=&#8220;1_2,1_2&#8243; _builder_version=&#8220;4.16&#8243; background_color=&#8220;rgba(255,255,255,0.65)&#8220; custom_margin=&#8220;0px||20px|&#8220; custom_padding=&#8220;15px|15px|15px|15px&#8220; box_shadow_style=&#8220;preset1&#8243; global_colors_info=&#8220;{}&#8220;][et_pb_column type=&#8220;1_2&#8243; _builder_version=&#8220;4.16&#8243; custom_padding=&#8220;|||&#8220; global_colors_info=&#8220;{}&#8220; custom_padding__hover=&#8220;|||&#8220;][et_pb_text _builder_version=&#8220;4.16&#8243; global_colors_info=&#8220;{}&#8220;]<\/p>\n<h2><strong>Riesenrelief: <\/strong><\/h2>\n<h2 style=\"text-align: left;\">Der Dino in der U-Bahn als monumentales Wandrelief aus Aluminium<\/h2>\n<p style=\"text-align: justify;\">Eines unserer gr\u00f6\u00dften Projekte war das Relief eines &#8222;Allosaurus fragilis&#8220; f\u00fcr eine Gie\u00dferei in Berlin. Die grafische Vorlage lieferte der Endkunde: Das Berliner Naturkundemuseum.<\/p>\n<p style=\"text-align: justify;\">Jeder einzelne Knochen wurde digital modelliert und mit einer Oberfl\u00e4chenstruktur versehen, die wir mit dem Endkunden abgestimmt haben. Das Gussmodell wurde aus PU-Material gefr\u00e4st, der Abguss erfolgte in Aluminium.<\/p>\n<p style=\"text-align: justify;\">Im Rahmen der Umbenennung und Neugestaltung des U-Bahnhofes &#8222;Naturkundemuseum&#8220; in Berlin Mitte wurde dort dieses fast 8 Meter lange Relief angebracht und am 11.05.2011 feierlich enth\u00fcllt.<\/p>\n<p>[\/et_pb_text][\/et_pb_column][et_pb_column type=&#8220;1_2&#8243; _builder_version=&#8220;4.16&#8243; custom_padding=&#8220;|||&#8220; global_colors_info=&#8220;{}&#8220; custom_padding__hover=&#8220;|||&#8220;][et_pb_image src=&#8220;https:\/\/www.ego-3d.de\/modellbau\/wp-content\/uploads\/2020\/09\/EGO3D_Dino-Relief_Ubahn-Station_Naturkundemuseum_Berlin.jpg&#8220; align=&#8220;center&#8220; align_tablet=&#8220;center&#8220; align_phone=&#8220;&#8220; align_last_edited=&#8220;on|desktop&#8220; module_id=&#8220;anker_bildzeitung&#8220; _builder_version=&#8220;4.16&#8243; box_shadow_style=&#8220;preset1&#8243; box_shadow_blur=&#8220;10px&#8220; box_shadow_color=&#8220;#000000&#8243; global_colors_info=&#8220;{}&#8220;][\/et_pb_image][\/et_pb_column][\/et_pb_row][\/et_pb_section]<\/p>\n","protected":false},"excerpt":{"rendered":"<p>Riesenrelief: Der Dino in der U-Bahn als monumentales Wandrelief aus Aluminium Eines unserer gr\u00f6\u00dften Projekte war das Relief eines &#8222;Allosaurus fragilis&#8220; f\u00fcr eine Gie\u00dferei in Berlin. Die grafische Vorlage lieferte der Endkunde: Das Berliner Naturkundemuseum. Jeder einzelne Knochen wurde digital modelliert und mit einer Oberfl\u00e4chenstruktur versehen, die wir mit dem Endkunden abgestimmt haben. Das Gussmodell [&hellip;]<\/p>\n","protected":false},"author":1,"featured_media":0,"parent":0,"menu_order":0,"comment_status":"closed","ping_status":"closed","template":"","meta":{"_et_pb_use_builder":"on","_et_pb_old_content":"","_et_gb_content_width":""},"_links":{"self":[{"href":"https:\/\/www.ego-3d.de\/modellbau\/wp-json\/wp\/v2\/pages\/3571"}],"collection":[{"href":"https:\/\/www.ego-3d.de\/modellbau\/wp-json\/wp\/v2\/pages"}],"about":[{"href":"https:\/\/www.ego-3d.de\/modellbau\/wp-json\/wp\/v2\/types\/page"}],"author":[{"embeddable":true,"href":"https:\/\/www.ego-3d.de\/modellbau\/wp-json\/wp\/v2\/users\/1"}],"replies":[{"embeddable":true,"href":"https:\/\/www.ego-3d.de\/modellbau\/wp-json\/wp\/v2\/comments?post=3571"}],"version-history":[{"count":3,"href":"https:\/\/www.ego-3d.de\/modellbau\/wp-json\/wp\/v2\/pages\/3571\/revisions"}],"predecessor-version":[{"id":3575,"href":"https:\/\/www.ego-3d.de\/modellbau\/wp-json\/wp\/v2\/pages\/3571\/revisions\/3575"}],"wp:attachment":[{"href":"https:\/\/www.ego-3d.de\/modellbau\/wp-json\/wp\/v2\/media?parent=3571"}],"curies":[{"name":"wp","href":"https:\/\/api.w.org\/{rel}","templated":true}]}}