{"id":3558,"date":"2025-02-05T13:28:52","date_gmt":"2025-02-05T12:28:52","guid":{"rendered":"https:\/\/www.ego-3d.de\/modellbau\/?page_id=3558"},"modified":"2025-02-05T13:28:52","modified_gmt":"2025-02-05T12:28:52","slug":"expressive-gedenktafeln","status":"publish","type":"page","link":"https:\/\/www.ego-3d.de\/modellbau\/expressive-gedenktafeln\/","title":{"rendered":"Expressive Gedenktafeln"},"content":{"rendered":"<p>[et_pb_section fb_built=&#8220;1&#8243; _builder_version=&#8220;4.19.4&#8243; _module_preset=&#8220;default&#8220; background_color=&#8220;RGBA(255,255,255,0)&#8220; background_enable_image=&#8220;off&#8220; background_size=&#8220;initial&#8220; background_position=&#8220;top_center&#8220; background_repeat=&#8220;repeat-y&#8220; global_colors_info=&#8220;{}&#8220; theme_builder_area=&#8220;post_content&#8220;][et_pb_row column_structure=&#8220;1_2,1_2&#8243; _builder_version=&#8220;4.16&#8243; background_color=&#8220;rgba(255,255,255,0.65)&#8220; custom_margin=&#8220;0px||20px|&#8220; custom_padding=&#8220;15px|15px|15px|15px&#8220; box_shadow_style=&#8220;preset1&#8243; global_colors_info=&#8220;{}&#8220; theme_builder_area=&#8220;post_content&#8220;][et_pb_column type=&#8220;1_2&#8243; _builder_version=&#8220;4.16&#8243; custom_padding=&#8220;|||&#8220; global_colors_info=&#8220;{}&#8220; custom_padding__hover=&#8220;|||&#8220; theme_builder_area=&#8220;post_content&#8220;][et_pb_image src=&#8220;https:\/\/www.ego-3d.de\/modellbau\/wp-content\/uploads\/2020\/07\/EGO3D_Vorlagen_f\u00fcr_drei_Gedenktafeln.jpg&#8220; align_tablet=&#8220;center&#8220; align_phone=&#8220;&#8220; align_last_edited=&#8220;on|desktop&#8220; _builder_version=&#8220;4.16&#8243; box_shadow_style=&#8220;preset1&#8243; box_shadow_blur=&#8220;10px&#8220; box_shadow_color=&#8220;#000000&#8243; global_colors_info=&#8220;{}&#8220; theme_builder_area=&#8220;post_content&#8220;][\/et_pb_image][et_pb_image src=&#8220;https:\/\/www.ego-3d.de\/modellbau\/wp-content\/uploads\/2020\/07\/EGO3D_Fr\u00e4sergebnis_Detailbereich_drei_Gedenktafel.jpg&#8220; align_tablet=&#8220;center&#8220; align_phone=&#8220;&#8220; align_last_edited=&#8220;on|desktop&#8220; _builder_version=&#8220;4.16&#8243; box_shadow_style=&#8220;preset1&#8243; box_shadow_blur=&#8220;10px&#8220; box_shadow_color=&#8220;#000000&#8243; global_colors_info=&#8220;{}&#8220; theme_builder_area=&#8220;post_content&#8220;][\/et_pb_image][\/et_pb_column][et_pb_column type=&#8220;1_2&#8243; _builder_version=&#8220;4.16&#8243; custom_padding=&#8220;|||&#8220; global_colors_info=&#8220;{}&#8220; custom_padding__hover=&#8220;|||&#8220; theme_builder_area=&#8220;post_content&#8220;][et_pb_text _builder_version=&#8220;4.19.4&#8243; hover_enabled=&#8220;0&#8243; global_colors_info=&#8220;{}&#8220; theme_builder_area=&#8220;post_content&#8220; sticky_enabled=&#8220;0&#8243;]<\/p>\n<h2><strong>Expressive Gedenktafeln:<\/strong><\/h2>\n<h2 style=\"text-align: left;\">Bronzereliefs im expressiven Stil, nach k\u00fcnstlerischer Vorlage modelliert<\/h2>\n<p style=\"text-align: justify;\">Diese Gedenktafeln f\u00fcr Opfer der Euthanasie in Straubing wurden von einem K\u00fcnstler mit seinen Sch\u00fclern entworfen. Die Mischung aus Schriftbl\u00f6cken, expressiver Zeichnung und collagenartig zusammengef\u00fcgten Hintergr\u00fcnden verlangte eine schichtenweise Umsetzung der Reliefs. Wir kombinierten verschiedene milimetergenaue H\u00f6henstufen miteinander, integrierten die Zeichnung als separate flache Grate in die Hintergr\u00fcnde und passten die Einzelbuchstaben an den hierdurch unebenen Untergrund an. Das Ergebnis fr\u00e4sten wir mit extrem hoher Detaildichte und lieferten die Platten als Gussmodelle an die beteiligte Gie\u00dferei.<\/p>\n<p>[\/et_pb_text][et_pb_image src=&#8220;https:\/\/www.ego-3d.de\/modellbau\/wp-content\/uploads\/2020\/07\/EGO3D_Vorschau_drei_Gedenktafeln.jpg&#8220; align_tablet=&#8220;center&#8220; align_phone=&#8220;&#8220; align_last_edited=&#8220;on|desktop&#8220; _builder_version=&#8220;4.16&#8243; box_shadow_style=&#8220;preset1&#8243; box_shadow_blur=&#8220;10px&#8220; box_shadow_color=&#8220;#000000&#8243; global_colors_info=&#8220;{}&#8220; theme_builder_area=&#8220;post_content&#8220;][\/et_pb_image][et_pb_text module_id=&#8220;anker_dino&#8220; _builder_version=&#8220;4.16&#8243; custom_margin=&#8220;-15px|||&#8220; global_colors_info=&#8220;{}&#8220; theme_builder_area=&#8220;post_content&#8220;]<\/p>\n<p style=\"text-align: justify;\">Digitale Vorschaubilder der drei Gedenktafeln. Bei diesem Projekt war es besonders wichtig, die Details und die Ausf\u00fchrung mit dem Kunden abzusprechen. Oft arbeiten wir auf diese Weise mit K\u00fcnstlern direkt zusammen, um deren Vision des Kunstwerkes m\u00f6glichst perfekt unmzusetzen.<\/p>\n<p>[\/et_pb_text][\/et_pb_column][\/et_pb_row][\/et_pb_section]<\/p>\n","protected":false},"excerpt":{"rendered":"<p>Expressive Gedenktafeln: Bronzereliefs im expressiven Stil, nach k\u00fcnstlerischer Vorlage modelliert Diese Gedenktafeln f\u00fcr Opfer der Euthanasie in Straubing wurden von einem K\u00fcnstler mit seinen Sch\u00fclern entworfen. Die Mischung aus Schriftbl\u00f6cken, expressiver Zeichnung und collagenartig zusammengef\u00fcgten Hintergr\u00fcnden verlangte eine schichtenweise Umsetzung der Reliefs. Wir kombinierten verschiedene milimetergenaue H\u00f6henstufen miteinander, integrierten die Zeichnung als separate flache Grate [&hellip;]<\/p>\n","protected":false},"author":1,"featured_media":0,"parent":0,"menu_order":0,"comment_status":"closed","ping_status":"closed","template":"","meta":{"_et_pb_use_builder":"on","_et_pb_old_content":"","_et_gb_content_width":""},"_links":{"self":[{"href":"https:\/\/www.ego-3d.de\/modellbau\/wp-json\/wp\/v2\/pages\/3558"}],"collection":[{"href":"https:\/\/www.ego-3d.de\/modellbau\/wp-json\/wp\/v2\/pages"}],"about":[{"href":"https:\/\/www.ego-3d.de\/modellbau\/wp-json\/wp\/v2\/types\/page"}],"author":[{"embeddable":true,"href":"https:\/\/www.ego-3d.de\/modellbau\/wp-json\/wp\/v2\/users\/1"}],"replies":[{"embeddable":true,"href":"https:\/\/www.ego-3d.de\/modellbau\/wp-json\/wp\/v2\/comments?post=3558"}],"version-history":[{"count":2,"href":"https:\/\/www.ego-3d.de\/modellbau\/wp-json\/wp\/v2\/pages\/3558\/revisions"}],"predecessor-version":[{"id":3562,"href":"https:\/\/www.ego-3d.de\/modellbau\/wp-json\/wp\/v2\/pages\/3558\/revisions\/3562"}],"wp:attachment":[{"href":"https:\/\/www.ego-3d.de\/modellbau\/wp-json\/wp\/v2\/media?parent=3558"}],"curies":[{"name":"wp","href":"https:\/\/api.w.org\/{rel}","templated":true}]}}