{"id":3538,"date":"2025-02-05T13:11:07","date_gmt":"2025-02-05T12:11:07","guid":{"rendered":"https:\/\/www.ego-3d.de\/modellbau\/?page_id=3538"},"modified":"2025-02-26T17:34:58","modified_gmt":"2025-02-26T16:34:58","slug":"stadtrelief-poettmes","status":"publish","type":"page","link":"https:\/\/www.ego-3d.de\/modellbau\/stadtrelief-poettmes\/","title":{"rendered":"Stadtrelief P\u00f6ttmes"},"content":{"rendered":"<p>[et_pb_section fb_built=&#8220;1&#8243; _builder_version=&#8220;4.19.4&#8243; _module_preset=&#8220;default&#8220; background_color=&#8220;RGBA(255,255,255,0)&#8220; background_enable_image=&#8220;off&#8220; background_size=&#8220;initial&#8220; background_position=&#8220;top_center&#8220; background_repeat=&#8220;repeat-y&#8220; global_colors_info=&#8220;{}&#8220;][et_pb_row column_structure=&#8220;1_2,1_2&#8243; _builder_version=&#8220;4.19.4&#8243; _module_preset=&#8220;default&#8220; background_color=&#8220;rgba(255,255,255,0.65)&#8220; custom_margin=&#8220;0px||20px|&#8220; custom_padding=&#8220;15px|15px|15px|15px&#8220; box_shadow_style=&#8220;preset1&#8243; global_colors_info=&#8220;{}&#8220;][et_pb_column type=&#8220;1_2&#8243; _builder_version=&#8220;4.19.4&#8243; _module_preset=&#8220;default&#8220; global_colors_info=&#8220;{}&#8220;][et_pb_text _builder_version=&#8220;4.19.4&#8243; _module_preset=&#8220;default&#8220; global_colors_info=&#8220;{}&#8220;]<\/p>\n<h2 style=\"margin-bottom: 0cm;\"><strong>Riesiges Stadtrelief<br \/><\/strong><\/h2>\n<h2>Relief der Gemeinde Markt P\u00f6ttmes<\/h2>\n<p style=\"margin-bottom: 0cm; text-align: justify;\">Die Marktgemeinde P\u00f6ttmes feierte im Jahr 2024 das 700-j\u00e4hrige bestehen ihres Marktrechtes. \u00dcber das ganze Jahr verteilt gab es verschiedene Veranstaltungen und Festivit\u00e4ten, die am 21. Oktober schlie\u00dflich ihren H\u00f6hepunkt fanden, als Bayerns Ministerpr\u00e4sident Markus S\u00f6der zu Gast war.<\/p>\n<p style=\"margin-bottom: 0cm; text-align: justify;\">Als besonderes Highlight des Tages wurde ein 110 kg schweres Bronzerelief des alten Stadtbildes eingeweiht, modelliert von EGO3D. Zu diesem Anlass war Hubertus Prinz von Bayern als Vertreter des Hauses Wittelsbach anwesend, Nachfahre K\u00f6nig Ludwigs IV, der P\u00f6ttmes dereinst die Marktrechte verlieh, sowie Schirmherr Franziskus Freiherr von Gumppenberg, dessen Familie auch seit Jahrhunderten mit der Stadt verbunden ist.<\/p>\n<p>[\/et_pb_text][et_pb_image src=&#8220;https:\/\/www.ego-3d.de\/modellbau\/wp-content\/uploads\/2025\/02\/EGO3D_Stadtrelief_Poettmes_fertiger_Guss.jpg&#8220; alt=&#8220;EGO3D_Stadtrelief_P\u00f6ttmes_fertiger_Guss&#8220; title_text=&#8220;EGO3D_Stadtrelief_P\u00f6ttmes_fertiger_Guss&#8220; align_tablet=&#8220;center&#8220; align_phone=&#8220;center&#8220; align_last_edited=&#8220;on|desktop&#8220; _builder_version=&#8220;4.19.4&#8243; _module_preset=&#8220;default&#8220; custom_margin=&#8220;||15px||false|false&#8220; custom_padding=&#8220;||||false|false&#8220; box_shadow_style=&#8220;preset1&#8243; box_shadow_blur=&#8220;10px&#8220; global_colors_info=&#8220;{}&#8220;][\/et_pb_image][et_pb_text _builder_version=&#8220;4.19.4&#8243; _module_preset=&#8220;default&#8220; global_colors_info=&#8220;{}&#8220;]<\/p>\n<p style=\"margin-bottom: 0cm; text-align: justify;\">Sie alle standen bereit, als das Relief enth\u00fcllt wurde. F\u00fcr B\u00fcrgermeister Mirko Ketz ist die riesige Bronzetafel ein wichtiger Teil der Festlichkeiten zur 700-Jahr-Feier. In der \u00d6ffentlichkeit aufgestellt zeugt das Relief von der langen Geschichte des Ortes. Es f\u00fcgt sich ein in eine Gemeinde in der Geschichte und Moderne, Brauchtum und Fortschritt zusammenkommen. Digital modelliert und mit moderner Fr\u00e4stechnik gefertigt, wurde das Modell in einer traditionellen Gie\u00dferei schlie\u00dflich abgegossen. Auch das eine Kombination von Tradition und Moderne.<\/p>\n<p style=\"margin-bottom: 0cm; text-align: justify;\">Das 1,30 m breite und 0,80 m hohe Bronzerelief zeigt das Stadtbild aus dem Jahr 1753, basierend auf einem Kupferstich von damals. \u00dcber die gesamte Breite der gro\u00dfen Tafel verteilt sieht man hunderte Geb\u00e4ude, Stra\u00dfenz\u00fcge, ein Schloss, Kirchen, Parkanlagen, Obstwiesen und Felder. Dar\u00fcber steht der Originaltext der Urkunde des 1324 verliehenen Marktrechtes, zwischen den Wappen der Stadt, dem Wappen des Gumppenbergschen Hauses und zwei Siegeln.<br \/>Nach der Enth\u00fcllung begutachteten zahlreiche Interessierte das alte Stadtbild. Die feinen Details des Reliefs erlaubten dabei R\u00fcckschl\u00fcsse darauf, was damals schon stand und was sich seit 1753 alles ver\u00e4ndert hat. Der Gemeinde ist es gelungen, mit dem Relief eine nachhaltige Erinnerung f\u00fcr kommende Generationen zu erschaffen.<\/p>\n<p style=\"margin-bottom: 0cm; text-align: justify;\">Der alte Kupferstich war unsere einzige Vorlage beim Modellieren. Reliefs mit architektonischen Details, wie Geb\u00e4uden und Stra\u00dfenz\u00fcgen verlangen ein besonderes Vorgehen. Der Gro\u00dfteil der Geb\u00e4ude staffelt sich hintereinander, doch in einem Relief hat man nur eine geringe Bildtiefe. W\u00e4hrend man bei einem herk\u00f6mmlichen Stadtmodell jedes Geb\u00e4ude separat in der Landschaft platzieren kann, muss man hier abgeflachte und dennoch detailreiche Versionen der Geb\u00e4ude wie Schuppen schr\u00e4g hintereinander anordnen, damit sie nicht zu dick auftragen und trotzdem ein bemerkenswert r\u00e4umliches Seherlebnis erm\u00f6glichen. Jeder Bereich des Reliefmodells musste daher von vornherein klug durchkonzipiert und angelegt werden.<br \/>Nur so erscheint sp\u00e4ter der Blick \u00fcber eine ganze Stadt hinweg wie ein r\u00e4umliches Erlebnis, wie ein Blick aus Vogelperspektive herab auf das echte P\u00f6ttmes von 1753.<\/p>\n<p style=\"margin-bottom: 0cm; text-align: justify;\">F\u00fcr die Wappen und Siegel hatten wir ebenfalls nur Bildvorlagen. F\u00fcr das Siegel mussten wir die Vorlage vor dem Modellieren grafisch aufbereiten. Reliefs von Wappen geh\u00f6ren ebenfalls zu unserem Leistungsangebot, sowohl als separate Objekte, wie auch als integrierte Teilmodelle in anderen Reliefs, Stadtmodellen oder sogar Skulpturen.<\/p>\n<p style=\"margin-bottom: 0cm; text-align: justify;\">Bei den Feierlichkeiten nach der Enth\u00fcllung hielt Ministerpr\u00e4sident Markus S\u00f6der eine Rede. Und hier betonte er noch einmal die Besonderheit dieses Jubil\u00e4ums. Mit augenzwinkerndem Humor f\u00fcgte er an:<br \/>\u201eFr\u00fcher w\u00e4re zu so einem Anlass der K\u00f6nig erschienen. Und heute, nun, \u2026 , da erscheine ich.\u201c<\/p>\n<p>[\/et_pb_text][et_pb_image src=&#8220;https:\/\/www.ego-3d.de\/modellbau\/wp-content\/uploads\/2025\/02\/EGO3D_Markus_Soeder_bei_Festakt_in_Poettmes.jpg&#8220; alt=&#8220;Markus_Soeder_bei_Festakt_in_Poettmes&#8220; title_text=&#8220;EGO3D_Markus_Soeder_bei_Festakt_in_Poettmes&#8220; align_tablet=&#8220;center&#8220; align_phone=&#8220;center&#8220; align_last_edited=&#8220;on|desktop&#8220; _builder_version=&#8220;4.19.4&#8243; _module_preset=&#8220;default&#8220; custom_margin=&#8220;||15px||false|false&#8220; custom_padding=&#8220;||||false|false&#8220; hover_enabled=&#8220;0&#8243; box_shadow_style=&#8220;preset1&#8243; box_shadow_blur=&#8220;10px&#8220; global_colors_info=&#8220;{}&#8220; sticky_enabled=&#8220;0&#8243;][\/et_pb_image][et_pb_text _builder_version=&#8220;4.19.4&#8243; _module_preset=&#8220;default&#8220; hover_enabled=&#8220;0&#8243; global_colors_info=&#8220;{}&#8220; sticky_enabled=&#8220;0&#8243;]<\/p>\n<p><em>B\u00fcrgermeister Mirko Ketz und Ministerpr\u00e4sident Markus S\u00f6der beim<br \/>anschlie\u00dfenden Festakt<br \/>Quelle: Manuel Wiest; Verwaltungsgemeinschaft P\u00f6ttmes<br \/><\/em><em><\/em><\/p>\n<p>[\/et_pb_text][\/et_pb_column][et_pb_column type=&#8220;1_2&#8243; _builder_version=&#8220;4.19.4&#8243; _module_preset=&#8220;default&#8220; global_colors_info=&#8220;{}&#8220;][et_pb_image src=&#8220;https:\/\/www.ego-3d.de\/modellbau\/wp-content\/uploads\/2025\/02\/EGO3D_Relief-Poettmes_vor_der_Enthuellung.jpg&#8220; alt=&#8220;Relief-Poettmes_vor_der_Enthuellung&#8220; title_text=&#8220;EGO3D_Relief-Poettmes_vor_der_Enthuellung&#8220; align_tablet=&#8220;center&#8220; align_phone=&#8220;center&#8220; align_last_edited=&#8220;on|desktop&#8220; _builder_version=&#8220;4.19.4&#8243; _module_preset=&#8220;default&#8220; custom_margin=&#8220;||15px||false|false&#8220; custom_padding=&#8220;||||false|false&#8220; hover_enabled=&#8220;0&#8243; box_shadow_style=&#8220;preset1&#8243; box_shadow_blur=&#8220;10px&#8220; global_colors_info=&#8220;{}&#8220; sticky_enabled=&#8220;0&#8243;][\/et_pb_image][et_pb_text _builder_version=&#8220;4.19.4&#8243; _module_preset=&#8220;default&#8220; hover_enabled=&#8220;0&#8243; global_colors_info=&#8220;{}&#8220; sticky_enabled=&#8220;0&#8243;]<\/p>\n<p style=\"line-height: 100%; margin-bottom: 0cm;\" align=\"justify\"><em>B\u00fcrgermeister Mirko Ketz kurz vor der Enth\u00fcllung des Reliefs<br \/>Quelle: Manuel Wiest; Verwaltungsgemeinschaft P\u00f6ttmes<\/em><\/p>\n<p>[\/et_pb_text][et_pb_image src=&#8220;https:\/\/www.ego-3d.de\/modellbau\/wp-content\/uploads\/2025\/02\/EGO3D_Relief-Poettmes_nach_der_Enthuellung.jpg&#8220; alt=&#8220;Relief-Poettmes_nach_der_Enthuellung&#8220; title_text=&#8220;EGO3D_Relief-Poettmes_nach_der_Enthuellung&#8220; align_tablet=&#8220;center&#8220; align_phone=&#8220;center&#8220; align_last_edited=&#8220;on|desktop&#8220; _builder_version=&#8220;4.19.4&#8243; _module_preset=&#8220;default&#8220; custom_margin=&#8220;||15px||false|false&#8220; custom_padding=&#8220;||||false|false&#8220; hover_enabled=&#8220;0&#8243; box_shadow_style=&#8220;preset1&#8243; box_shadow_blur=&#8220;10px&#8220; global_colors_info=&#8220;{}&#8220; sticky_enabled=&#8220;0&#8243;][\/et_pb_image][et_pb_text _builder_version=&#8220;4.19.4&#8243; _module_preset=&#8220;default&#8220; hover_enabled=&#8220;0&#8243; global_colors_info=&#8220;{}&#8220; sticky_enabled=&#8220;0&#8243;]<\/p>\n<p style=\"line-height: 100%; margin-bottom: 0cm;\" align=\"justify\"><em>Das Relief ist enth\u00fcllt<br \/>Quelle: Manuel Wiest; Verwaltungsgemeinschaft P\u00f6ttmes<br \/><\/em><\/p>\n<p>[\/et_pb_text][et_pb_image src=&#8220;https:\/\/www.ego-3d.de\/modellbau\/wp-content\/uploads\/2025\/02\/EGO3D_Stadtrelief_Poettmes_Detailansicht_des_Modells.jpg&#8220; alt=&#8220;EGO3D_Stadtrelief_P\u00f6ttmes_Detailansicht_des_Modells&#8220; title_text=&#8220;EGO3D_Stadtrelief_P\u00f6ttmes_Detailansicht_des_Modells&#8220; align_tablet=&#8220;center&#8220; align_phone=&#8220;center&#8220; align_last_edited=&#8220;on|desktop&#8220; _builder_version=&#8220;4.19.4&#8243; _module_preset=&#8220;default&#8220; custom_margin=&#8220;||15px||false|false&#8220; custom_padding=&#8220;||||false|false&#8220; box_shadow_style=&#8220;preset1&#8243; box_shadow_blur=&#8220;10px&#8220; global_colors_info=&#8220;{}&#8220;][\/et_pb_image][et_pb_text _builder_version=&#8220;4.19.4&#8243; _module_preset=&#8220;default&#8220; hover_enabled=&#8220;0&#8243; global_colors_info=&#8220;{}&#8220; sticky_enabled=&#8220;0&#8243;]<\/p>\n<p style=\"line-height: 100%; margin-bottom: 0cm;\" align=\"justify\"><em>Hier ist die schuppenartige Staffelung der H\u00e4user gut erkennbar, die es erm\u00f6glicht, einer H\u00e4userzeile visuelle Tiefe<br \/>zu geben, ohne tats\u00e4chlich Tiefe zur Verf\u00fcgung zu haben<br \/><\/em><\/p>\n<p>[\/et_pb_text][et_pb_image src=&#8220;https:\/\/www.ego-3d.de\/modellbau\/wp-content\/uploads\/2025\/02\/EGO3D_Stadtrelief_Poettmes_fertig_gefraestes_Modell.jpg&#8220; alt=&#8220;EGO3D_Stadtrelief_P\u00f6ttmes_fertig_gefr\u00e4stes_Modell&#8220; title_text=&#8220;EGO3D_Stadtrelief_P\u00f6ttmes_fertig_gefr\u00e4stes_Modell&#8220; align_tablet=&#8220;center&#8220; align_phone=&#8220;center&#8220; align_last_edited=&#8220;on|desktop&#8220; _builder_version=&#8220;4.19.4&#8243; _module_preset=&#8220;default&#8220; custom_margin=&#8220;||15px||false|false&#8220; custom_padding=&#8220;||||false|false&#8220; box_shadow_style=&#8220;preset1&#8243; box_shadow_blur=&#8220;10px&#8220; global_colors_info=&#8220;{}&#8220;][\/et_pb_image][et_pb_text _builder_version=&#8220;4.19.4&#8243; _module_preset=&#8220;default&#8220; global_colors_info=&#8220;{}&#8220;]<\/p>\n<p style=\"line-height: 100%; margin-bottom: 0cm;\" align=\"justify\"><em>Das fertig gefr\u00e4ste Stadtrelief kurz vor der Auslieferung an die Gie\u00dferei<br \/><\/em><\/p>\n<p>[\/et_pb_text][et_pb_image src=&#8220;https:\/\/www.ego-3d.de\/modellbau\/wp-content\/uploads\/2025\/02\/EGO3D_Stadtrelief_Poettmes_Detailansicht_des_gefraesten_Modells.jpg&#8220; alt=&#8220;EGO3D_Stadtrelief_P\u00f6ttmes_Detailansicht_des_gefr\u00e4sten_Modells&#8220; title_text=&#8220;EGO3D_Stadtrelief_P\u00f6ttmes_Detailansicht_des_gefr\u00e4sten_Modells&#8220; align_tablet=&#8220;center&#8220; align_phone=&#8220;center&#8220; align_last_edited=&#8220;on|desktop&#8220; _builder_version=&#8220;4.19.4&#8243; _module_preset=&#8220;default&#8220; custom_margin=&#8220;||15px||false|false&#8220; custom_padding=&#8220;||||false|false&#8220; box_shadow_style=&#8220;preset1&#8243; box_shadow_blur=&#8220;10px&#8220; global_colors_info=&#8220;{}&#8220;][\/et_pb_image][et_pb_text _builder_version=&#8220;4.19.4&#8243; _module_preset=&#8220;default&#8220; global_colors_info=&#8220;{}&#8220;]<\/p>\n<p style=\"line-height: 100%; margin-bottom: 0cm;\" align=\"justify\"><em>Gestochen scharfe Details des gefr\u00e4sten Modells<br \/><\/em><\/p>\n<p>[\/et_pb_text][et_pb_image src=&#8220;https:\/\/www.ego-3d.de\/modellbau\/wp-content\/uploads\/2025\/02\/EGO3D_Stadtrelief_Poettmes_Detailansicht_des_Gusses.jpg&#8220; alt=&#8220;EGO3D_Stadtrelief_P\u00f6ttmes_Detailansicht_des_Gusses&#8220; title_text=&#8220;EGO3D_Stadtrelief_P\u00f6ttmes_Detailansicht_des_Gusses&#8220; align_tablet=&#8220;center&#8220; align_phone=&#8220;center&#8220; align_last_edited=&#8220;on|desktop&#8220; _builder_version=&#8220;4.19.4&#8243; _module_preset=&#8220;default&#8220; custom_margin=&#8220;||15px||false|false&#8220; custom_padding=&#8220;||||false|false&#8220; box_shadow_style=&#8220;preset1&#8243; box_shadow_blur=&#8220;10px&#8220; global_colors_info=&#8220;{}&#8220;][\/et_pb_image][et_pb_text _builder_version=&#8220;4.19.4&#8243; _module_preset=&#8220;default&#8220; global_colors_info=&#8220;{}&#8220;]<\/p>\n<p><em>Detailansicht des fertigen Bronzereliefs<\/em><\/p>\n<p>[\/et_pb_text][\/et_pb_column][\/et_pb_row][et_pb_row _builder_version=&#8220;4.19.4&#8243; _module_preset=&#8220;default&#8220; custom_margin=&#8220;-20px||||false|false&#8220; global_colors_info=&#8220;{}&#8220;][et_pb_column type=&#8220;4_4&#8243; _builder_version=&#8220;4.19.4&#8243; _module_preset=&#8220;default&#8220; global_colors_info=&#8220;{}&#8220;][et_pb_image src=&#8220;https:\/\/www.ego-3d.de\/modellbau\/wp-content\/uploads\/2025\/02\/EGO3D_Stadtrelief_Poettmes_fertiger_Guss_gross.jpg&#8220; alt=&#8220;EGO3D_Stadtrelief_P\u00f6ttmes_fertiger_Guss_gross&#8220; title_text=&#8220;EGO3D_Stadtrelief_P\u00f6ttmes_fertiger_Guss_gross&#8220; _builder_version=&#8220;4.19.4&#8243; _module_preset=&#8220;default&#8220; global_colors_info=&#8220;{}&#8220;][\/et_pb_image][\/et_pb_column][\/et_pb_row][\/et_pb_section]<\/p>\n","protected":false},"excerpt":{"rendered":"<p>Riesiges Stadtrelief Relief der Gemeinde Markt P\u00f6ttmes Die Marktgemeinde P\u00f6ttmes feierte im Jahr 2024 das 700-j\u00e4hrige bestehen ihres Marktrechtes. \u00dcber das ganze Jahr verteilt gab es verschiedene Veranstaltungen und Festivit\u00e4ten, die am 21. Oktober schlie\u00dflich ihren H\u00f6hepunkt fanden, als Bayerns Ministerpr\u00e4sident Markus S\u00f6der zu Gast war. Als besonderes Highlight des Tages wurde ein 110 kg [&hellip;]<\/p>\n","protected":false},"author":1,"featured_media":0,"parent":0,"menu_order":0,"comment_status":"closed","ping_status":"closed","template":"","meta":{"_et_pb_use_builder":"on","_et_pb_old_content":"","_et_gb_content_width":""},"_links":{"self":[{"href":"https:\/\/www.ego-3d.de\/modellbau\/wp-json\/wp\/v2\/pages\/3538"}],"collection":[{"href":"https:\/\/www.ego-3d.de\/modellbau\/wp-json\/wp\/v2\/pages"}],"about":[{"href":"https:\/\/www.ego-3d.de\/modellbau\/wp-json\/wp\/v2\/types\/page"}],"author":[{"embeddable":true,"href":"https:\/\/www.ego-3d.de\/modellbau\/wp-json\/wp\/v2\/users\/1"}],"replies":[{"embeddable":true,"href":"https:\/\/www.ego-3d.de\/modellbau\/wp-json\/wp\/v2\/comments?post=3538"}],"version-history":[{"count":7,"href":"https:\/\/www.ego-3d.de\/modellbau\/wp-json\/wp\/v2\/pages\/3538\/revisions"}],"predecessor-version":[{"id":3606,"href":"https:\/\/www.ego-3d.de\/modellbau\/wp-json\/wp\/v2\/pages\/3538\/revisions\/3606"}],"wp:attachment":[{"href":"https:\/\/www.ego-3d.de\/modellbau\/wp-json\/wp\/v2\/media?parent=3538"}],"curies":[{"name":"wp","href":"https:\/\/api.w.org\/{rel}","templated":true}]}}