{"id":3509,"date":"2024-09-19T16:25:34","date_gmt":"2024-09-19T14:25:34","guid":{"rendered":"https:\/\/www.ego-3d.de\/modellbau\/?page_id=3509"},"modified":"2024-09-19T18:35:21","modified_gmt":"2024-09-19T16:35:21","slug":"bueste-fuer-arnold-schwarzenegger","status":"publish","type":"page","link":"https:\/\/www.ego-3d.de\/modellbau\/bueste-fuer-arnold-schwarzenegger\/","title":{"rendered":"B\u00fcste f\u00fcr Arnold Schwarzenegger"},"content":{"rendered":"<p>[et_pb_section fb_built=&#8220;1&#8243; _builder_version=&#8220;4.19.4&#8243; _module_preset=&#8220;default&#8220; background_color=&#8220;RGBA(255,255,255,0)&#8220; background_enable_image=&#8220;off&#8220; background_size=&#8220;initial&#8220; background_position=&#8220;top_center&#8220; background_repeat=&#8220;repeat-y&#8220; global_colors_info=&#8220;{}&#8220;][et_pb_row column_structure=&#8220;1_2,1_2&#8243; _builder_version=&#8220;4.16&#8243; background_color=&#8220;rgba(255,255,255,0.65)&#8220; custom_margin=&#8220;0px||20px|&#8220; custom_padding=&#8220;15px|15px|15px|15px&#8220; box_shadow_style=&#8220;preset1&#8243; global_colors_info=&#8220;{}&#8220;][et_pb_column type=&#8220;1_2&#8243; _builder_version=&#8220;4.16&#8243; custom_padding=&#8220;|||&#8220; global_colors_info=&#8220;{}&#8220; custom_padding__hover=&#8220;|||&#8220;][et_pb_text _builder_version=&#8220;4.19.4&#8243; global_colors_info=&#8220;{}&#8220;]<\/p>\n<h2 style=\"text-align: justify;\"><strong>Eine B\u00fcste f\u00fcr Arnold Schwarzenegger<\/strong><\/h2>\n<h2 style=\"text-align: justify;\">Initiative: Arnold Schwarzenegger<br \/>Ausf\u00fchrung: EGO3D<\/h2>\n<p style=\"text-align: justify;\">\u201eI\u00b4ll be back!\u201c<br \/>Es ist eines der ber\u00fchmtesten Filmzitate, ausgesprochen mit unverkennbarem \u00f6sterreichischem Akzent. Sp\u00e4testens mit diesen Worten wurde Arnold Schwarzenegger weltber\u00fchmt. Mr. Universum, Terminator, kalifornischer Gouverneur. Sein Leben ist beispiellos.<br \/>Nun entstand auf seine Initiative hin ein Kunstwerk. Und wir hatten die Ehre, als ausf\u00fchrende Gestalter daran beteiligt zu sein. Doch wie kam es dazu?<\/p>\n<p style=\"text-align: justify;\">Schwarzenegger hat nicht nur eine besondere Beziehung zu Graz, in dessen unmittelbarer N\u00e4he der Schauspieler geboren wurde. Dort verband ihn \u00fcberdies mit dem ehemaligen Landeshauptmann\/ Ministerpr\u00e4sident Josef Krainer eine gemeinsame Geschichte: Der Politiker unterst\u00fctzte den \u00f6sterreichischen Star seinerzeit dabei, die doppelte Staatsb\u00fcrgerschaft zu erlangen. Es entstand eine lebenslange Freundschaft. Krainer war ein durch und durch nahbarer Politiker und setzte sich unerm\u00fcdlich f\u00fcr die Menschen in der Steiermark ein. Dies beeindruckte Schwarzenegger nachhaltig und inspirierte ihn, selbst in die Politik zu gehen \u2013 wo es dieser bekanntlich bis ins Amt des Gouverneurs von Kalifornien brachte.<\/p>\n<p>[\/et_pb_text][et_pb_image src=&#8220;https:\/\/www.ego-3d.de\/modellbau\/wp-content\/uploads\/2024\/09\/EGO3D-Bueste-Josef-Krainers-digitale-Vorschaubilder.png&#8220; alt=&#8220;EGO3D-Bueste-Josef-Krainers-digitale-Vorschaubilder&#8220; title_text=&#8220;EGO3D-Bueste-Josef-Krainers-digitale-Vorschaubilder&#8220; align_tablet=&#8220;center&#8220; align_phone=&#8220;&#8220; align_last_edited=&#8220;on|desktop&#8220; module_id=&#8220;anker_botucal&#8220; _builder_version=&#8220;4.19.4&#8243; custom_margin=&#8220;||15px|&#8220; box_shadow_style=&#8220;preset1&#8243; box_shadow_blur=&#8220;10px&#8220; global_colors_info=&#8220;{}&#8220;][\/et_pb_image][et_pb_text _builder_version=&#8220;4.19.4&#8243; global_colors_info=&#8220;{}&#8220;]<\/p>\n<p><em>Digitale Vorschaubilder der B\u00fcste<\/em><a href=\"https:\/\/deutscheoperberlin.de\"><em><\/em><\/a><\/p>\n<p>[\/et_pb_text][et_pb_text _builder_version=&#8220;4.19.4&#8243; hover_enabled=&#8220;0&#8243; global_colors_info=&#8220;{}&#8220; sticky_enabled=&#8220;0&#8243;]<\/p>\n<p style=\"text-align: justify;\">Josef Krainer verstarb 2016. Es ist Arnold Schwarzeneggers Initiative zu verdanken, das einige Jahre sp\u00e4ter eine \u00fcberlebensgro\u00dfe B\u00fcste als Denkmal seines guten Freundes entstand. Und wir von EGO3D hatten die Ehre, das Bildnis mit unserer k\u00fcnstlerischen und technischen Expertise erstellen zu d\u00fcrfen. Am 17. September 2024 war es dann soweit:<\/p>\n<p style=\"text-align: justify;\">\u201eI\u00b4m back!\u201c<br \/>Arnold Schwarzenegger kehrte nach Graz zur\u00fcck und enth\u00fcllte gemeinsam mit dem gegenw\u00e4rtigen Landeshauptmann Christopher Drexler im Wei\u00dfen Saal der Burg Graz die Bronze-B\u00fcste Josef Krainers. Der ber\u00fchmte Hollywood-Schauspieler war sichtlich ger\u00fchrt, legte seinen Arm um die B\u00fcste und lehnte seinen Kopf an das Bildnis seines verstorbenen Freundes. In warmen Worten sprach er von \u201eJoschi\u201c und hob seine Menschenn\u00e4he und sein lebenslanges Engagement hervor. Und so sieht Schwarzenegger die B\u00fcste als ein Denkmal, das fortan zuk\u00fcnftigen Generationen als Inspiration dienen m\u00f6ge.<\/p>\n<p>[\/et_pb_text][\/et_pb_column][et_pb_column type=&#8220;1_2&#8243; _builder_version=&#8220;4.16&#8243; custom_padding=&#8220;|||&#8220; global_colors_info=&#8220;{}&#8220; custom_padding__hover=&#8220;|||&#8220;][et_pb_image src=&#8220;https:\/\/www.ego-3d.de\/modellbau\/wp-content\/uploads\/2024\/09\/ego3d-arnold-schwarzenegger-enthuellt-bueste-seines_Freundes-landsteiermarkcopyright-binder-scaled.jpg&#8220; alt=&#8220;ego3d-arnold-schwarzenegger-enthuellt-bueste-seines_Freundes&#8220; title_text=&#8220;ego3d-arnold-schwarzenegger-enthuellt-bueste-seines_Freundes-landsteiermarkcopyright-binder&#8220; align_tablet=&#8220;center&#8220; align_phone=&#8220;&#8220; align_last_edited=&#8220;on|desktop&#8220; module_id=&#8220;anker_botucal&#8220; _builder_version=&#8220;4.19.4&#8243; custom_margin=&#8220;||15px|&#8220; box_shadow_style=&#8220;preset1&#8243; box_shadow_blur=&#8220;10px&#8220; global_colors_info=&#8220;{}&#8220;][\/et_pb_image][et_pb_text _builder_version=&#8220;4.19.4&#8243; global_colors_info=&#8220;{}&#8220;]<\/p>\n<p><em>Arnold Schwarzenegger enth\u00fcllt die B\u00fcste Josef Krainers, gemeinsam mit dem amtierenden Landeshauptmann Christopher Drexler<br \/>Quelle: <\/em><em>Land Steiermark, copyright: Binder<\/em><a href=\"https:\/\/deutscheoperberlin.de\"><em><\/em><\/a><\/p>\n<p>[\/et_pb_text][et_pb_image src=&#8220;https:\/\/www.ego-3d.de\/modellbau\/wp-content\/uploads\/2024\/09\/ego3d-arnold-schwarzenegger-umarmt-bueste-seines_Freundes-landsteiermarkcopyright-binder.png&#8220; alt=&#8220;ego3d-arnold-schwarzenegger-umarmt-bueste-seines_Freundes&#8220; title_text=&#8220;ego3d-arnold-schwarzenegger-umarmt-bueste-seines_Freundes-landsteiermarkcopyright-binder&#8220; align_tablet=&#8220;center&#8220; align_phone=&#8220;&#8220; align_last_edited=&#8220;on|desktop&#8220; module_id=&#8220;anker_botucal&#8220; _builder_version=&#8220;4.19.4&#8243; custom_margin=&#8220;||15px|&#8220; box_shadow_style=&#8220;preset1&#8243; box_shadow_blur=&#8220;10px&#8220; global_colors_info=&#8220;{}&#8220;][\/et_pb_image][et_pb_text _builder_version=&#8220;4.19.4&#8243; global_colors_info=&#8220;{}&#8220;]<\/p>\n<p><em>Arnold Schwarzenegger lehnt sich an die B\u00fcste seines alten Freundes Josef Krainer (Ausschnitt)<br \/>Quelle: <\/em><em>Land Steiermark, copyright: Binder<\/em><a href=\"https:\/\/deutscheoperberlin.de\"><em><\/em><\/a><\/p>\n<p>[\/et_pb_text][et_pb_text _builder_version=&#8220;4.19.4&#8243; hover_enabled=&#8220;0&#8243; global_colors_info=&#8220;{}&#8220; sticky_enabled=&#8220;0&#8243;]<\/p>\n<p style=\"text-align: justify;\">Wir sind stolz, Teil dieses Projekts gewesen zu sein:<br \/>Die \u00fcberlebensgro\u00dfe B\u00fcste entwarfen wir anhand von bereitgestellten und \u00f6ffentlich zug\u00e4nglichen Fotos und verfeinerten das Abbild Schritt f\u00fcr Schritt mit dem Auftraggeber. Unsere ausgebildeten K\u00fcnstler arbeiten dabei digital, mit Werkzeugen die die gesamte Palette traditioneller Bildhauer-Verfahren simulieren k\u00f6nnen \u2013 eine perfekte Symbiose aus k\u00fcnstlerischer Erfahrung und moderner Technik.<\/p>\n<p style=\"text-align: justify;\">Nach drei Vorentw\u00fcrfen war das Computermodell fertig. Aus ausbrennbarem, f\u00fcr den Metallguss geeignetem Spezialkunststoff erstellten wir einen 3D-Druck, der als Form f\u00fcr den Bronzeguss in der Gie\u00dferei diente. Das Ergebnis ist nun im Internet zu bestaunen und wird schon bald an einem \u201eEhrenplatz\u201c in Graz aufgestellt, im Schatten einer Eiche, die wiederum zu Ehren Arnold Schwarzeneggers gepflanzt wurde \u2013 der ber\u00fchmtesten \u201esteirischen Eiche\u201c der Welt.<\/p>\n<p>[\/et_pb_text][et_pb_image src=&#8220;https:\/\/www.ego-3d.de\/modellbau\/wp-content\/uploads\/2024\/09\/EGO3D-3D-Druck-und-Bronzeguss.jpg&#8220; alt=&#8220;EGO3D-3D-Druck-und-Bronzeguss&#8220; title_text=&#8220;EGO3D-3D-Druck-und-Bronzeguss&#8220; align_tablet=&#8220;center&#8220; align_phone=&#8220;&#8220; align_last_edited=&#8220;on|desktop&#8220; module_id=&#8220;anker_botucal&#8220; _builder_version=&#8220;4.19.4&#8243; custom_margin=&#8220;||15px|&#8220; hover_enabled=&#8220;0&#8243; box_shadow_style=&#8220;preset1&#8243; box_shadow_blur=&#8220;10px&#8220; global_colors_info=&#8220;{}&#8220; sticky_enabled=&#8220;0&#8243;][\/et_pb_image][et_pb_text _builder_version=&#8220;4.19.4&#8243; hover_enabled=&#8220;0&#8243; global_colors_info=&#8220;{}&#8220; sticky_enabled=&#8220;0&#8243;]<\/p>\n<p><em>Links: 3D-Druck kurz vor der Auslieferung an die Gie\u00dferei<br \/>Rechts: Fertiger Bronzeguss der Josef-Krainer-B\u00fcste<\/em><a href=\"https:\/\/deutscheoperberlin.de\"><em><\/em><\/a><\/p>\n<p>[\/et_pb_text][\/et_pb_column][\/et_pb_row][et_pb_row _builder_version=&#8220;4.19.4&#8243; _module_preset=&#8220;default&#8220; background_color=&#8220;rgba(255,255,255,0.65)&#8220; custom_margin=&#8220;0px||20px|&#8220; custom_padding=&#8220;15px|15px|15px|15px&#8220; box_shadow_style=&#8220;preset1&#8243; global_colors_info=&#8220;{}&#8220;][et_pb_column type=&#8220;4_4&#8243; _builder_version=&#8220;4.19.4&#8243; _module_preset=&#8220;default&#8220; global_colors_info=&#8220;{}&#8220;][et_pb_video src=&#8220;https:\/\/www.youtube.com\/watch?v=Udw4NMkwI_8&#8243; _builder_version=&#8220;4.19.4&#8243; _module_preset=&#8220;default&#8220; global_colors_info=&#8220;{}&#8220;][\/et_pb_video][\/et_pb_column][\/et_pb_row][\/et_pb_section]<\/p>\n","protected":false},"excerpt":{"rendered":"<p>Eine B\u00fcste f\u00fcr Arnold Schwarzenegger Initiative: Arnold SchwarzeneggerAusf\u00fchrung: EGO3D \u201eI\u00b4ll be back!\u201cEs ist eines der ber\u00fchmtesten Filmzitate, ausgesprochen mit unverkennbarem \u00f6sterreichischem Akzent. Sp\u00e4testens mit diesen Worten wurde Arnold Schwarzenegger weltber\u00fchmt. Mr. Universum, Terminator, kalifornischer Gouverneur. Sein Leben ist beispiellos.Nun entstand auf seine Initiative hin ein Kunstwerk. Und wir hatten die Ehre, als ausf\u00fchrende Gestalter daran [&hellip;]<\/p>\n","protected":false},"author":1,"featured_media":0,"parent":0,"menu_order":0,"comment_status":"closed","ping_status":"closed","template":"","meta":{"_et_pb_use_builder":"on","_et_pb_old_content":"","_et_gb_content_width":""},"_links":{"self":[{"href":"https:\/\/www.ego-3d.de\/modellbau\/wp-json\/wp\/v2\/pages\/3509"}],"collection":[{"href":"https:\/\/www.ego-3d.de\/modellbau\/wp-json\/wp\/v2\/pages"}],"about":[{"href":"https:\/\/www.ego-3d.de\/modellbau\/wp-json\/wp\/v2\/types\/page"}],"author":[{"embeddable":true,"href":"https:\/\/www.ego-3d.de\/modellbau\/wp-json\/wp\/v2\/users\/1"}],"replies":[{"embeddable":true,"href":"https:\/\/www.ego-3d.de\/modellbau\/wp-json\/wp\/v2\/comments?post=3509"}],"version-history":[{"count":9,"href":"https:\/\/www.ego-3d.de\/modellbau\/wp-json\/wp\/v2\/pages\/3509\/revisions"}],"predecessor-version":[{"id":3533,"href":"https:\/\/www.ego-3d.de\/modellbau\/wp-json\/wp\/v2\/pages\/3509\/revisions\/3533"}],"wp:attachment":[{"href":"https:\/\/www.ego-3d.de\/modellbau\/wp-json\/wp\/v2\/media?parent=3509"}],"curies":[{"name":"wp","href":"https:\/\/api.w.org\/{rel}","templated":true}]}}