{"id":348,"date":"2019-02-22T18:01:11","date_gmt":"2019-02-22T17:01:11","guid":{"rendered":"https:\/\/www.ego-3d.de\/modellbau\/?page_id=348"},"modified":"2021-01-06T16:30:06","modified_gmt":"2021-01-06T15:30:06","slug":"individuelle-anfragen","status":"publish","type":"page","link":"https:\/\/www.ego-3d.de\/modellbau\/individuelle-anfragen\/","title":{"rendered":"Individuelle Anfragen"},"content":{"rendered":"<p>[et_pb_section fb_built=&#8220;1&#8243; _builder_version=&#8220;4.6.1&#8243; background_color=&#8220;rgba(0,0,0,0)&#8220;][et_pb_row column_structure=&#8220;1_3,1_3,1_3&#8243; _builder_version=&#8220;4.6.1&#8243; _module_preset=&#8220;default&#8220; background_color=&#8220;rgba(255,255,255,0.65)&#8220; custom_margin=&#8220;0px||20px|&#8220; custom_padding=&#8220;15px|15px|15px|15px&#8220; box_shadow_style=&#8220;preset1&#8243;][et_pb_column type=&#8220;1_3&#8243; _builder_version=&#8220;4.6.1&#8243; _module_preset=&#8220;default&#8220;][\/et_pb_column][et_pb_column type=&#8220;1_3&#8243; _builder_version=&#8220;4.6.1&#8243; _module_preset=&#8220;default&#8220;][et_pb_text _builder_version=&#8220;4.6.1&#8243; hover_enabled=&#8220;0&#8243; sticky_enabled=&#8220;0&#8243;]<\/p>\n<h1 style=\"text-align: center;\">Individuelle Anfragen<\/h1>\n<p><strong><\/strong><\/p>\n<p style=\"text-align: justify;\">Planen Sie ein besonderes Projekt im Bereich Bildhauerei, Kunstguss, 3D-Modellierung oder einem \u00e4hnlichen Metier, k\u00f6nnen aber auf unseren Seiten nicht die richtige Kategorie finden? Dann \u00fcberraschen Sie uns mit Ihrer individuellen Anfrage.<\/p>\n<p style=\"text-align: justify;\">Unser Bet\u00e4tigungsfeld im Bereich k\u00fcnstlerischer Modellbau ist so breit aufgestellt, dass wir auch au\u00dfergew\u00f6hnliche Projekte gerne betreuen. Was immer Sie auch planen, wir kennen unz\u00e4hlige Wege von der Idee, einer Zeichnung, einem Foto oder einem bestehenden Modell hin zu einem fertigen Produkt, Objekt, Kunstwerk oder einer Visualisierung. Wir w\u00e4ren sehr \u00fcberrascht, wenn darunter nicht mindestens ein Weg ist, auf dem Wir Ihr Projekt realisieren k\u00f6nnen!<\/p>\n<p style=\"text-align: justify;\">Rufen Sie uns am besten unter\u00a00208\/46918177 an, damit wir all Ihre Fragen kl\u00e4ren und Ihnen eine unverbindliche erste Beratung erm\u00f6glichen k\u00f6nnen, oder kontaktieren Sie uns \u00fcber unser Kontaktformular:<\/p>\n<p>[\/et_pb_text][et_pb_button button_url=&#8220;https:\/\/www.ego-3d.de\/modellbau\/kontakt\/&#8220; button_text=&#8220;Individuelle Anfrage&#8220; button_alignment=&#8220;center&#8220; _builder_version=&#8220;4.6.1&#8243; custom_button=&#8220;on&#8220; button_text_size=&#8220;18px&#8220; button_text_color=&#8220;#ffffff&#8220; button_bg_color=&#8220;rgba(112,162,193,0.89)&#8220; button_border_width=&#8220;3px&#8220; button_border_color=&#8220;#bce4ff&#8220; button_border_radius=&#8220;8px&#8220; button_font=&#8220;||||||||&#8220; button_icon=&#8220;%%24%%&#8220; custom_padding=&#8220;2px||2px||false|false&#8220; button_text_shadow_style=&#8220;preset3&#8243; button_text_shadow_blur_strength=&#8220;0.1em&#8220; button_text_shadow_color=&#8220;#000000&#8243; box_shadow_style=&#8220;preset1&#8243; box_shadow_vertical=&#8220;0px&#8220; box_shadow_blur=&#8220;2px&#8220; box_shadow_spread=&#8220;2px&#8220; box_shadow_color=&#8220;#6b6b6b&#8220; button_text_color_hover=&#8220;#ffffff&#8220; button_border_color_hover=&#8220;#ffffff&#8220; button_letter_spacing_hover=&#8220;0&#8243; global_module=&#8220;1148&#8243; button_text_size__hover_enabled=&#8220;off&#8220; button_one_text_size__hover_enabled=&#8220;off&#8220; button_two_text_size__hover_enabled=&#8220;off&#8220; button_text_color__hover_enabled=&#8220;on&#8220; button_text_color__hover=&#8220;#ffffff&#8220; button_one_text_color__hover_enabled=&#8220;off&#8220; button_two_text_color__hover_enabled=&#8220;off&#8220; button_border_width__hover_enabled=&#8220;off&#8220; button_one_border_width__hover_enabled=&#8220;off&#8220; button_two_border_width__hover_enabled=&#8220;off&#8220; button_border_color__hover_enabled=&#8220;on&#8220; button_border_color__hover=&#8220;#ffffff&#8220; button_one_border_color__hover_enabled=&#8220;off&#8220; button_two_border_color__hover_enabled=&#8220;off&#8220; button_border_radius__hover_enabled=&#8220;off&#8220; button_one_border_radius__hover_enabled=&#8220;off&#8220; button_two_border_radius__hover_enabled=&#8220;off&#8220; button_letter_spacing__hover_enabled=&#8220;on&#8220; button_letter_spacing__hover=&#8220;0&#8243; button_one_letter_spacing__hover_enabled=&#8220;off&#8220; button_two_letter_spacing__hover_enabled=&#8220;off&#8220; button_bg_color__hover_enabled=&#8220;off&#8220; button_one_bg_color__hover_enabled=&#8220;off&#8220; button_two_bg_color__hover_enabled=&#8220;off&#8220;][\/et_pb_button][\/et_pb_column][et_pb_column type=&#8220;1_3&#8243; _builder_version=&#8220;4.6.1&#8243; _module_preset=&#8220;default&#8220;][\/et_pb_column][\/et_pb_row][\/et_pb_section]<\/p>\n","protected":false},"excerpt":{"rendered":"<p>Individuelle Anfragen Planen Sie ein besonderes Projekt im Bereich Bildhauerei, Kunstguss, 3D-Modellierung oder einem \u00e4hnlichen Metier, k\u00f6nnen aber auf unseren Seiten nicht die richtige Kategorie finden? Dann \u00fcberraschen Sie uns mit Ihrer individuellen Anfrage. Unser Bet\u00e4tigungsfeld im Bereich k\u00fcnstlerischer Modellbau ist so breit aufgestellt, dass wir auch au\u00dfergew\u00f6hnliche Projekte gerne betreuen. Was immer Sie auch [&hellip;]<\/p>\n","protected":false},"author":1,"featured_media":0,"parent":0,"menu_order":0,"comment_status":"closed","ping_status":"closed","template":"","meta":{"_et_pb_use_builder":"on","_et_pb_old_content":"","_et_gb_content_width":""},"_links":{"self":[{"href":"https:\/\/www.ego-3d.de\/modellbau\/wp-json\/wp\/v2\/pages\/348"}],"collection":[{"href":"https:\/\/www.ego-3d.de\/modellbau\/wp-json\/wp\/v2\/pages"}],"about":[{"href":"https:\/\/www.ego-3d.de\/modellbau\/wp-json\/wp\/v2\/types\/page"}],"author":[{"embeddable":true,"href":"https:\/\/www.ego-3d.de\/modellbau\/wp-json\/wp\/v2\/users\/1"}],"replies":[{"embeddable":true,"href":"https:\/\/www.ego-3d.de\/modellbau\/wp-json\/wp\/v2\/comments?post=348"}],"version-history":[{"count":10,"href":"https:\/\/www.ego-3d.de\/modellbau\/wp-json\/wp\/v2\/pages\/348\/revisions"}],"predecessor-version":[{"id":2673,"href":"https:\/\/www.ego-3d.de\/modellbau\/wp-json\/wp\/v2\/pages\/348\/revisions\/2673"}],"wp:attachment":[{"href":"https:\/\/www.ego-3d.de\/modellbau\/wp-json\/wp\/v2\/media?parent=348"}],"curies":[{"name":"wp","href":"https:\/\/api.w.org\/{rel}","templated":true}]}}