{"id":3434,"date":"2023-10-18T08:12:44","date_gmt":"2023-10-18T06:12:44","guid":{"rendered":"https:\/\/www.ego-3d.de\/modellbau\/?page_id=3434"},"modified":"2023-10-18T08:19:12","modified_gmt":"2023-10-18T06:19:12","slug":"vulpius-bueste","status":"publish","type":"page","link":"https:\/\/www.ego-3d.de\/modellbau\/vulpius-bueste\/","title":{"rendered":"Vulpius-B\u00fcste"},"content":{"rendered":"<p>[et_pb_section fb_built=&#8220;1&#8243; _builder_version=&#8220;4.19.4&#8243; _module_preset=&#8220;default&#8220; background_color=&#8220;RGBA(255,255,255,0)&#8220; background_enable_image=&#8220;off&#8220; background_size=&#8220;initial&#8220; background_position=&#8220;top_center&#8220; background_repeat=&#8220;repeat-y&#8220; global_colors_info=&#8220;{}&#8220; theme_builder_area=&#8220;post_content&#8220;][et_pb_row column_structure=&#8220;1_3,1_3,1_3&#8243; _builder_version=&#8220;4.16&#8243; background_color=&#8220;rgba(255,255,255,0.65)&#8220; custom_margin=&#8220;0px||20px|&#8220; custom_padding=&#8220;15px|15px|15px|15px&#8220; box_shadow_style=&#8220;preset1&#8243; global_colors_info=&#8220;{}&#8220; theme_builder_area=&#8220;post_content&#8220;][et_pb_column type=&#8220;1_3&#8243; _builder_version=&#8220;4.16&#8243; custom_padding=&#8220;|||&#8220; global_colors_info=&#8220;{}&#8220; custom_padding__hover=&#8220;|||&#8220; theme_builder_area=&#8220;post_content&#8220;][et_pb_text _builder_version=&#8220;4.19.4&#8243; hover_enabled=&#8220;0&#8243; global_colors_info=&#8220;{}&#8220; theme_builder_area=&#8220;post_content&#8220; sticky_enabled=&#8220;0&#8243;]<\/p>\n<h2 style=\"text-align: justify;\"><strong>Christiane-Vulpius-B\u00fcste<\/strong><\/h2>\n<h2 style=\"text-align: left;\">Eine Bronzereplik macht Diebstahl unattraktiv<\/h2>\n<p style=\"margin-bottom: 0cm; text-align: justify;\">Ende des 19. Jahrhunderts schuf der Weimarer Hofbildhauer Carl Gottlieb Weisser eine B\u00fcste von Christiane Vulpius, bzw. Christiane von Goethe, Johann Wolfgang von Goethes Frau. Eine Bronzekopie der B\u00fcste wurde anschlie\u00dfend in einem eigens daf\u00fcr gefertigten Pavillon in im Kurpark in Bad Lauchst\u00e4dt aufgestellt.<\/p>\n<p>[\/et_pb_text][et_pb_image src=&#8220;https:\/\/www.ego-3d.de\/modellbau\/wp-content\/uploads\/2023\/10\/EGO3D-Pavillon-Standort-der-Vulpius-Bueste-in-Bad-Lauchstaedt.jpg&#8220; align_tablet=&#8220;center&#8220; align_phone=&#8220;&#8220; align_last_edited=&#8220;on|desktop&#8220; _builder_version=&#8220;4.19.4&#8243; custom_margin=&#8220;||15px|&#8220; hover_enabled=&#8220;0&#8243; box_shadow_style=&#8220;preset1&#8243; box_shadow_blur=&#8220;10px&#8220; global_colors_info=&#8220;{}&#8220; theme_builder_area=&#8220;post_content&#8220; alt=&#8220;Der Pavillon in Bad Lauchst\u00e4dt, in dem die Vulpius-B\u00fcste aufgestellt ist&#8220; title_text=&#8220;EGO3D-Pavillon-Standort-der-Vulpius-B\u00fcste-in-Bad-Lauchst\u00e4dt&#8220; sticky_enabled=&#8220;0&#8243;][\/et_pb_image][et_pb_text _builder_version=&#8220;4.19.4&#8243; hover_enabled=&#8220;0&#8243; global_colors_info=&#8220;{}&#8220; theme_builder_area=&#8220;post_content&#8220; sticky_enabled=&#8220;0&#8243;]<\/p>\n<p style=\"text-align: justify;\"><em>Der Pavillon im Kurpark in Bad Lauchst\u00e4dt, in dem die Vulpius-B\u00fcste aufgestellt ist<br \/><\/em><\/p>\n<p>[\/et_pb_text][et_pb_image src=&#8220;https:\/\/www.ego-3d.de\/modellbau\/wp-content\/uploads\/2023\/10\/EGO3D-originale-Vulpius-Bueste-vor-Ort.jpg&#8220; align_tablet=&#8220;center&#8220; align_phone=&#8220;&#8220; align_last_edited=&#8220;on|desktop&#8220; _builder_version=&#8220;4.19.4&#8243; custom_margin=&#8220;||15px|&#8220; hover_enabled=&#8220;0&#8243; box_shadow_style=&#8220;preset1&#8243; box_shadow_blur=&#8220;10px&#8220; global_colors_info=&#8220;{}&#8220; theme_builder_area=&#8220;post_content&#8220; alt=&#8220;Die originale Vulpius-B\u00fcste vor Ort vor dem Diebstahl&#8220; title_text=&#8220;EGO3D-originale-Vulpius-B\u00fcste-vor-Ort&#8220; sticky_enabled=&#8220;0&#8243;][\/et_pb_image][et_pb_text _builder_version=&#8220;4.19.4&#8243; hover_enabled=&#8220;0&#8243; global_colors_info=&#8220;{}&#8220; theme_builder_area=&#8220;post_content&#8220; sticky_enabled=&#8220;0&#8243;]<\/p>\n<p style=\"text-align: justify;\"><em>Die originale Vulpius-B\u00fcste vor Ort<br \/><\/em><\/p>\n<p>[\/et_pb_text][\/et_pb_column][et_pb_column type=&#8220;1_3&#8243; _builder_version=&#8220;4.16&#8243; custom_padding=&#8220;|||&#8220; global_colors_info=&#8220;{}&#8220; custom_padding__hover=&#8220;|||&#8220; theme_builder_area=&#8220;post_content&#8220;][et_pb_text _builder_version=&#8220;4.19.4&#8243; hover_enabled=&#8220;0&#8243; global_colors_info=&#8220;{}&#8220; theme_builder_area=&#8220;post_content&#8220; sticky_enabled=&#8220;0&#8243;]<\/p>\n<p style=\"margin-bottom: 0cm; text-align: justify;\">Christiane Vulpius hatte eine enge Verbindung zu Bad Lauchst\u00e4dt, wo jeden Sommer die Weimarer Theatergesellschaft gastierte. Sie war dort eine oft gesehene Besucherin, aber wohl auch mehr als das. W\u00e4hrend es Zeitgenossen weniger bekannt war, l\u00e4sst sich f\u00fcr die Nachwelt aus dem Briefverkehr des Ehepaars herauslesen, dass <i>Christianes <\/i><i>\u00e4sthetisches Empfinden und Differenzierungsverm\u00f6gen Goethe zuweilen <\/i><i>gut <\/i><i>berate<\/i><i>te<\/i>. Goethe selbst gestand einst, <i>er k\u00f6nne und wolle ohne sie das Theaterwesen in Bad Lauchst\u00e4dt gar nicht weiterf\u00fchren. <\/i><\/p>\n<p style=\"font-style: normal; font-weight: normal; margin-bottom: 0cm; text-align: justify;\">\u00dcber ein Jahrhundert stand die B\u00fcste Christiane Vulpius\u00b4 vor Ort und konnte von Besuchern des Parks betrachtet werden, bis sie schlie\u00dflich 2013 gestohlen wurde.<br \/>EGO3D bekam daher den Auftrag, die B\u00fcste nach Fotos neu zu modellieren. So konnten wir hier mit einer unserer Basis-Kompetenzen erneut helfen: Rekonstruktion alter Kunstwerke anhand weniger verbliebener Fotos.<br \/>Nach Freigabe des digitalen Modells wurde die B\u00fcste dann per 3D-Druck hergestellt.<\/p>\n<p style=\"font-style: normal; font-weight: normal; margin-bottom: 0cm; text-align: justify;\">Doch das Ergebnis wurde nicht genutzt, um einen neuen Bronzeguss anzufertigen, sondern direkt mit einer Echtbronze-Beschichtung versehen. Das Ziel dabei war nicht nur, die verschwundene B\u00fcste kosteng\u00fcnstig zu ersetzen. Der entscheidene Vorteil war stattdessen, dass die neue B\u00fcste f\u00fcr zuk\u00fcnftige \u201eBronzediebe\u201c unattraktiv wurde.<\/p>\n<p style=\"font-style: normal; font-weight: normal; margin-bottom: 0cm; text-align: justify;\">Knapp 10 Jahre sp\u00e4ter wurde die bronzebeschichtete Replik leider Opfer von Vandalismus. So \u00e4rgerlich dieser erneute Verlust war, zeigte sich doch auch hier dann der Vorteil, dass die B\u00fcste nicht erneut in Bronze gegossen worden war. Da EGO3D die Modell-Daten aller Projekte auf Wunsch der Kunden unbegrenzt speichert, konnte zeitnah und kosteng\u00fcnstig erneut eine Replik hergestellt werden.<\/p>\n<p style=\"font-style: normal; font-weight: normal; margin-bottom: 0cm; text-align: justify;\">So bleibt die B\u00fcste Christiane Vulpius\u00b4 weiterhin der \u00d6ffentlichkeit zug\u00e4nglich und wird hoffentlich noch viele Jahre in Bad Lauchst\u00e4dt stehen bleiben. Moderne Technik unterst\u00fctzt auf diese Weise den Erhalt von Kunst im offenen Raum gegen leider allgegenw\u00e4rtigen Vandalismus und Diebstahl.<\/p>\n<p style=\"font-style: normal; font-weight: normal; margin-bottom: 0cm; text-align: justify;\">[\/et_pb_text][\/et_pb_column][et_pb_column type=&#8220;1_3&#8243; _builder_version=&#8220;4.16&#8243; custom_padding=&#8220;|||&#8220; global_colors_info=&#8220;{}&#8220; custom_padding__hover=&#8220;|||&#8220; theme_builder_area=&#8220;post_content&#8220;][et_pb_image src=&#8220;https:\/\/www.ego-3d.de\/modellbau\/wp-content\/uploads\/2023\/10\/EGO3D-fertige-Bronzereplik-der-Vulpius-Bueste.jpg&#8220; align_tablet=&#8220;center&#8220; align_phone=&#8220;&#8220; align_last_edited=&#8220;on|desktop&#8220; module_id=&#8220;anker_lackberg&#8220; _builder_version=&#8220;4.19.4&#8243; custom_margin=&#8220;||15px|&#8220; hover_enabled=&#8220;0&#8243; box_shadow_style=&#8220;preset1&#8243; box_shadow_blur=&#8220;10px&#8220; global_colors_info=&#8220;{}&#8220; theme_builder_area=&#8220;post_content&#8220; alt=&#8220;Die fertige Bronzereplik der Vulpiu-B\u00fcste&#8220; title_text=&#8220;EGO3D-fertige-Bronzereplik-der-Vulpius-B\u00fcste&#8220; sticky_enabled=&#8220;0&#8243;][\/et_pb_image][et_pb_text _builder_version=&#8220;4.19.4&#8243; hover_enabled=&#8220;0&#8243; global_colors_info=&#8220;{}&#8220; theme_builder_area=&#8220;post_content&#8220; sticky_enabled=&#8220;0&#8243;]<\/p>\n<p><em>Die ferige Bronzereplik der Vulpius-B\u00fcste<br \/><\/em><\/p>\n<p>[\/et_pb_text][et_pb_image src=&#8220;https:\/\/www.ego-3d.de\/modellbau\/wp-content\/uploads\/2023\/10\/EGO3D-fertige-Bronzereplik-der-Vulpius-Bueste-vor-Ort.jpg&#8220; align_tablet=&#8220;center&#8220; align_phone=&#8220;&#8220; align_last_edited=&#8220;on|desktop&#8220; module_id=&#8220;anker_lackberg&#8220; _builder_version=&#8220;4.19.4&#8243; custom_margin=&#8220;||15px|&#8220; hover_enabled=&#8220;0&#8243; box_shadow_style=&#8220;preset1&#8243; box_shadow_blur=&#8220;10px&#8220; global_colors_info=&#8220;{}&#8220; theme_builder_area=&#8220;post_content&#8220; alt=&#8220;Die fertige Bronzereplik der Vulpius-B\u00fcste vor Ort&#8220; title_text=&#8220;EGO3D-fertige-Bronzereplik-der-Vulpius-B\u00fcste-vor-Ort&#8220; sticky_enabled=&#8220;0&#8243;][\/et_pb_image][et_pb_text _builder_version=&#8220;4.19.4&#8243; hover_enabled=&#8220;0&#8243; global_colors_info=&#8220;{}&#8220; theme_builder_area=&#8220;post_content&#8220; sticky_enabled=&#8220;0&#8243;]<\/p>\n<p><em>Die fertige Bronzereplik der Vulpius-B\u00fcste vor Ort<\/em><\/p>\n<p>[\/et_pb_text][et_pb_image src=&#8220;https:\/\/www.ego-3d.de\/modellbau\/wp-content\/uploads\/2023\/10\/V3-0001.jpg&#8220; align_tablet=&#8220;center&#8220; align_phone=&#8220;&#8220; align_last_edited=&#8220;on|desktop&#8220; module_id=&#8220;anker_lackberg&#8220; _builder_version=&#8220;4.19.4&#8243; custom_margin=&#8220;||15px|&#8220; hover_enabled=&#8220;0&#8243; box_shadow_style=&#8220;preset1&#8243; box_shadow_blur=&#8220;10px&#8220; global_colors_info=&#8220;{}&#8220; theme_builder_area=&#8220;post_content&#8220; alt=&#8220;Digitales Vorschaubild der Vulpius-B\u00fcste&#8220; title_text=&#8220;EGO3D-digitaes-Vorschaubild-der-Vulpius-B\u00fcste&#8220; sticky_enabled=&#8220;0&#8243;][\/et_pb_image][et_pb_text _builder_version=&#8220;4.19.4&#8243; hover_enabled=&#8220;0&#8243; global_colors_info=&#8220;{}&#8220; theme_builder_area=&#8220;post_content&#8220; sticky_enabled=&#8220;0&#8243;]<\/p>\n<p><em>Digitales Vorschaubild der B\u00fcste<br \/><\/em><\/p>\n<p>[\/et_pb_text][\/et_pb_column][\/et_pb_row][\/et_pb_section]<\/p>\n","protected":false},"excerpt":{"rendered":"<p>Christiane-Vulpius-B\u00fcste Eine Bronzereplik macht Diebstahl unattraktiv Ende des 19. Jahrhunderts schuf der Weimarer Hofbildhauer Carl Gottlieb Weisser eine B\u00fcste von Christiane Vulpius, bzw. Christiane von Goethe, Johann Wolfgang von Goethes Frau. Eine Bronzekopie der B\u00fcste wurde anschlie\u00dfend in einem eigens daf\u00fcr gefertigten Pavillon in im Kurpark in Bad Lauchst\u00e4dt aufgestellt.Der Pavillon im Kurpark in Bad [&hellip;]<\/p>\n","protected":false},"author":1,"featured_media":0,"parent":0,"menu_order":0,"comment_status":"closed","ping_status":"closed","template":"","meta":{"_et_pb_use_builder":"on","_et_pb_old_content":"","_et_gb_content_width":""},"_links":{"self":[{"href":"https:\/\/www.ego-3d.de\/modellbau\/wp-json\/wp\/v2\/pages\/3434"}],"collection":[{"href":"https:\/\/www.ego-3d.de\/modellbau\/wp-json\/wp\/v2\/pages"}],"about":[{"href":"https:\/\/www.ego-3d.de\/modellbau\/wp-json\/wp\/v2\/types\/page"}],"author":[{"embeddable":true,"href":"https:\/\/www.ego-3d.de\/modellbau\/wp-json\/wp\/v2\/users\/1"}],"replies":[{"embeddable":true,"href":"https:\/\/www.ego-3d.de\/modellbau\/wp-json\/wp\/v2\/comments?post=3434"}],"version-history":[{"count":3,"href":"https:\/\/www.ego-3d.de\/modellbau\/wp-json\/wp\/v2\/pages\/3434\/revisions"}],"predecessor-version":[{"id":3446,"href":"https:\/\/www.ego-3d.de\/modellbau\/wp-json\/wp\/v2\/pages\/3434\/revisions\/3446"}],"wp:attachment":[{"href":"https:\/\/www.ego-3d.de\/modellbau\/wp-json\/wp\/v2\/media?parent=3434"}],"curies":[{"name":"wp","href":"https:\/\/api.w.org\/{rel}","templated":true}]}}