{"id":3406,"date":"2023-10-11T15:22:50","date_gmt":"2023-10-11T13:22:50","guid":{"rendered":"https:\/\/www.ego-3d.de\/modellbau\/?page_id=3406"},"modified":"2023-10-11T15:51:46","modified_gmt":"2023-10-11T13:51:46","slug":"bronzestatue-martin-waldseemuellers","status":"publish","type":"page","link":"https:\/\/www.ego-3d.de\/modellbau\/bronzestatue-martin-waldseemuellers\/","title":{"rendered":"Bronzestatue Martin Waldseem\u00fcllers"},"content":{"rendered":"<p>[et_pb_section fb_built=&#8220;1&#8243; _builder_version=&#8220;4.19.4&#8243; _module_preset=&#8220;default&#8220; background_color=&#8220;RGBA(255,255,255,0)&#8220; background_enable_image=&#8220;off&#8220; background_size=&#8220;initial&#8220; background_position=&#8220;top_center&#8220; background_repeat=&#8220;repeat-y&#8220; global_colors_info=&#8220;{}&#8220;][et_pb_row column_structure=&#8220;1_2,1_2&#8243; module_id=&#8220;Freud-B\u00fcste&#8220; _builder_version=&#8220;4.19.4&#8243; background_color=&#8220;rgba(255,255,255,0.65)&#8220; custom_margin=&#8220;0px||0px||false|false&#8220; custom_padding=&#8220;15px|15px|0px|15px|false|false&#8220; box_shadow_style=&#8220;preset1&#8243; global_colors_info=&#8220;{}&#8220;][et_pb_column type=&#8220;1_2&#8243; _builder_version=&#8220;4.16&#8243; custom_padding=&#8220;|||&#8220; global_colors_info=&#8220;{}&#8220; custom_padding__hover=&#8220;|||&#8220;][et_pb_text _builder_version=&#8220;4.19.4&#8243; global_colors_info=&#8220;{}&#8220;]<\/p>\n<h2 style=\"text-align: justify;\"><strong>Der Namensgeber Amerikas<br \/><\/strong><\/h2>\n<h2 style=\"text-align: justify;\">Eine Bronzestatue Martin Waldseem\u00fcllers<\/h2>\n<p style=\"margin-bottom: 0cm; text-align: justify;\">Martin Waldseem\u00fcller bezeichnete in seiner Weltkarte vor \u00fcber 500 Jahren als Erster das neu entdeckte Land im Westen des Atlantiks als <i>America<\/i><span style=\"font-style: normal;\"> und wurde so zum Namensgeber eines ganzen <\/span><span style=\"font-style: normal;\">Doppel-<\/span><span style=\"font-style: normal;\">Kontinents. Und dennoch wissen die meisten Menschen nichts oder nicht viel \u00fcber den Kartograph des beginnenden 16. Jahrhunderts. Selbst in der kleinen Gemeinde Schallstadt-Wolfenweiler, wo Waldseem\u00fcller <\/span><span style=\"font-style: normal;\">zwischen <\/span><span style=\"font-style: normal;\">1472 <\/span><span style=\"font-style: normal;\">und <\/span><span style=\"font-style: normal;\">1475 geboren wurde, war er den Menschen unbekannt. Bis jetzt!<\/span><\/p>\n<p>[\/et_pb_text][et_pb_image src=&#8220;https:\/\/www.ego-3d.de\/modellbau\/wp-content\/uploads\/2023\/10\/EGO3D-fertige-Bronzeskulptur-Waldseemuellers-vor-Ort.jpg&#8220; alt=&#8220;Die fertige Waldseem\u00fcller-Statue vor Ort, nach den Enth\u00fcllungs-Feierlichkeiten&#8220; title_text=&#8220;Die Waldseem\u00fcller-Statue vor Ort&#8220; align_tablet=&#8220;center&#8220; align_phone=&#8220;center&#8220; align_last_edited=&#8220;on|desktop&#8220; module_id=&#8220;anker_heulende_helden&#8220; _builder_version=&#8220;4.19.4&#8243; _module_preset=&#8220;default&#8220; custom_margin=&#8220;||15px|&#8220; box_shadow_style=&#8220;preset1&#8243; box_shadow_blur=&#8220;10px&#8220; global_colors_info=&#8220;{}&#8220;][\/et_pb_image][et_pb_text _builder_version=&#8220;4.19.4&#8243; global_colors_info=&#8220;{}&#8220;]<\/p>\n<p style=\"text-align: justify;\"><em>Die fertige Bronzestatue Martin Waldseem\u00fcllers vor Ort. Auch die kleine Stifter- und Initiatoren-Tafel wurde von EGO3D umgesetzt. Die H\u00f6he des Felsens wurde von vornherein bei der Modellierung der Statue ber\u00fccksichtigt.<br \/><\/em><\/p>\n<p>[\/et_pb_text][et_pb_text _builder_version=&#8220;4.19.4&#8243; global_colors_info=&#8220;{}&#8220;]<\/p>\n<p style=\"margin-bottom: 0cm; text-align: justify;\"><span style=\"font-style: normal;\">Am 01. Oktober 2023 \u00e4nderte sich das schlagartig. Denn seit diesem Tag steht eine Skulptur Martin Waldseem\u00fcllers <\/span><span style=\"font-style: normal;\">vor<\/span><span style=\"font-style: normal;\"> dem Rathaus, <\/span><span style=\"font-style: normal;\">in der Waldseem\u00fcller-Stra\u00dfe<\/span><span style=\"font-style: normal;\">, im Hintergrund hinter Glas eine Kopie der Weltkarte, auf der der Kartograf das Wort <\/span><i>America <\/i><span style=\"font-style: normal;\">niederschrieb. Und genau das selbe <\/span><span style=\"font-style: normal;\">kann man nun bei der<\/span><span style=\"font-style: normal;\"> Bronzestatue <\/span><span style=\"font-style: normal;\">beobachten<\/span><span style=\"font-style: normal;\">. Das lebensgro\u00dfe Kunstwerk <\/span><span style=\"font-style: normal;\">Waldseem\u00fcllers<\/span><span style=\"font-style: normal;\"> sitzt auf einem flachen Felsen, das Zeichenbrett auf den Schoss gest\u00fctzt, der Blick ist auf sein Geburtshaus, die alte Binsenm\u00fchle gerichtet, die heute noch steht. Die Feder in der Hand Martin Waldseem\u00fcllers beendet gerade den Schriftzug <\/span><i>America<\/i><span style=\"font-style: normal;\"> auf einem Teilsegment der Karte. Die Umrisslinien der S\u00fcdspitze des heutigen S\u00fcdamerikas sind zu erkennen, ges\u00e4umt von Beschriftung. Breiten- und L\u00e4ngengrade durchschneiden das Bild. Ein Schiff ziert die Fl\u00e4che des Atlantiks. <\/span><\/p>\n<p style=\"margin-bottom: 0cm; text-align: justify;\"><span style=\"font-style: normal;\">All das und viel mehr kann man bei der Bronzestatue Martin Waldseem\u00fcllers entdecken. Das Kunstwerk vermittelt jedem Betrachter auf den ersten Blick, dass hier der Namensgeber Amerikas sitzt. <\/span><span style=\"font-style: normal;\">Es ist, als w\u00e4re man damals neben ihm gestanden, als er den folgenreichen Eintrag auf der Karte schrieb.<\/span><\/p>\n<p style=\"font-style: normal; margin-bottom: 0cm; text-align: justify;\">Der letzte verbliebene Original-Druck der Karte befindet sich heute in der Library of Congress in den USA. 10 Millionen US-Dollar, ein Jahrhundert der Diplomatie und die Hilfe bei der deutschen Wiedervereinigung waren notwendig, um Deutschland dazu zu bewegen, dieses Unesco-Weltkulturerbe den vereinigten Staaten zu \u00fcbergeben.<\/p>\n<p style=\"font-style: normal; margin-bottom: 0cm; text-align: justify;\">W\u00e4hrend in Washington die Karte wie ein Heiligtum aufbewahrt wird, sa\u00dfen bei der Enth\u00fcllung in Schallstadt-Wolfenweiler die Menschen neben Martin Waldseem\u00fcller selbst und lie\u00dfen sich mit ihm fotografieren. Die Skulptur heroisiert nicht, sondern ist dem Betrachter nahe. Sie macht Waldseem\u00fcller f\u00fcr einen Moment erfahrbar, einen B\u00fcrger der Gemeinde, einen Sohn der Region, der mit seiner Weltkarte Einfluss auf die Geschichte nahm.<\/p>\n<p>[\/et_pb_text][et_pb_image src=&#8220;https:\/\/www.ego-3d.de\/modellbau\/wp-content\/uploads\/2023\/10\/EGO3D-Skizzen-und-Zeichnungen-der-Statue.jpg&#8220; alt=&#8220;Skizzen und Zeichnungen der Waldseem\u00fcller-Statue&#8220; title_text=&#8220;Skizzen und Zeichnungen der Waldseem\u00fcller-Statue&#8220; align_tablet=&#8220;center&#8220; align_phone=&#8220;center&#8220; align_last_edited=&#8220;on|desktop&#8220; module_id=&#8220;anker_heulende_helden&#8220; _builder_version=&#8220;4.19.4&#8243; _module_preset=&#8220;default&#8220; custom_margin=&#8220;||15px|&#8220; box_shadow_style=&#8220;preset1&#8243; box_shadow_blur=&#8220;10px&#8220; global_colors_info=&#8220;{}&#8220;][\/et_pb_image][et_pb_text _builder_version=&#8220;4.19.4&#8243; global_colors_info=&#8220;{}&#8220;]<\/p>\n<p style=\"text-align: justify;\"><em>Der Bildhauer von EGO3D fertigte mehrere Skizzen und Zeichnungen w\u00e4hrend der Konzeptionsphase an. Schlie\u00dflich entschieden sich der Intiator und der Geschichtsverein der Gemeinde auf das untere Konzept<br \/><\/em><\/p>\n<p>[\/et_pb_text][et_pb_image src=&#8220;https:\/\/www.ego-3d.de\/modellbau\/wp-content\/uploads\/2023\/10\/EGO3D-3D-gedruckte-Einzelteile-der-Skulptur-1.jpg&#8220; alt=&#8220;Die 3D-gedruckten Einzelteile der Waldseem\u00fcller-Statue liegen in der Werkstatt bereit f\u00fcr die Endmontage&#8220; title_text=&#8220;3D-gedruckte Einzelteile der Waldseem\u00fcller-Statue&#8220; align_tablet=&#8220;center&#8220; align_phone=&#8220;center&#8220; align_last_edited=&#8220;on|desktop&#8220; module_id=&#8220;anker_heulende_helden&#8220; _builder_version=&#8220;4.19.4&#8243; _module_preset=&#8220;default&#8220; custom_margin=&#8220;||15px|&#8220; hover_enabled=&#8220;0&#8243; box_shadow_style=&#8220;preset1&#8243; box_shadow_blur=&#8220;10px&#8220; global_colors_info=&#8220;{}&#8220; sticky_enabled=&#8220;0&#8243;][\/et_pb_image][et_pb_text _builder_version=&#8220;4.19.4&#8243; global_colors_info=&#8220;{}&#8220;]<\/p>\n<p style=\"text-align: justify;\"><em>3D-Druckteile vor der Montage. Oft stellen wir gro\u00dfe Skulpturen in mehreren Einzelteilen her. Dabei richten wir uns bei Bedarf auch nach den Anforderungen von Gie\u00dfereien. Da wir mehrere Maschinen einsetzen k\u00f6nnen, erm\u00f6glicht diese Unterteilung auch eine schnellere Produktion.<br \/><\/em><\/p>\n<p>[\/et_pb_text][et_pb_image src=&#8220;https:\/\/www.ego-3d.de\/modellbau\/wp-content\/uploads\/2023\/10\/EGO3D-gegossene-Einzelteile-der-Skulptur.jpg&#8220; alt=&#8220;Gegossene Einzelteile der Waldseem\u00fcller-Statue&#8220; title_text=&#8220;Gegossene Einzelteile der Waldseem\u00fcller-Statue&#8220; align_tablet=&#8220;center&#8220; align_phone=&#8220;center&#8220; align_last_edited=&#8220;on|desktop&#8220; module_id=&#8220;anker_heulende_helden&#8220; _builder_version=&#8220;4.19.4&#8243; _module_preset=&#8220;default&#8220; custom_margin=&#8220;||15px|&#8220; box_shadow_style=&#8220;preset1&#8243; box_shadow_blur=&#8220;10px&#8220; global_colors_info=&#8220;{}&#8220;][\/et_pb_image][et_pb_text _builder_version=&#8220;4.19.4&#8243; global_colors_info=&#8220;{}&#8220;]<\/p>\n<p><em>Die einzelnen Rohg\u00fcsse<br \/><\/em><\/p>\n<p>[\/et_pb_text][\/et_pb_column][et_pb_column type=&#8220;1_2&#8243; _builder_version=&#8220;4.16&#8243; custom_padding=&#8220;|||&#8220; global_colors_info=&#8220;{}&#8220; custom_padding__hover=&#8220;|||&#8220;][et_pb_image src=&#8220;https:\/\/www.ego-3d.de\/modellbau\/wp-content\/uploads\/2023\/10\/EGO3D-Robert-Fischer-und-Immanuel-Guenther-mit-Skulptur.jpg&#8220; alt=&#8220;EGO3D-Inhaber Robert Fischer und EGO3D-Bildhauer Immanuel G\u00fcnther mit der fertigen Waldseem\u00fcller-Statue nach der Enth\u00fcllungsfeier vor Ort&#8220; title_text=&#8220;Gruppenbild mit der Waldseem\u00fcller-Statue&#8220; align_tablet=&#8220;center&#8220; align_phone=&#8220;center&#8220; align_last_edited=&#8220;on|desktop&#8220; module_id=&#8220;anker_heulende_helden&#8220; _builder_version=&#8220;4.19.4&#8243; _module_preset=&#8220;default&#8220; custom_margin=&#8220;||15px|&#8220; box_shadow_style=&#8220;preset1&#8243; box_shadow_blur=&#8220;10px&#8220; global_colors_info=&#8220;{}&#8220;][\/et_pb_image][et_pb_text _builder_version=&#8220;4.19.4&#8243; global_colors_info=&#8220;{}&#8220;]<\/p>\n<p style=\"text-align: justify;\"><em>EGO3D-Inhaber Robert Fischer (rechts) und Immanuel G\u00fcnther, der Bildhauer von EGO3D (links), mit der fertigen Statue Martin Waldseem\u00fcllers vor Ort.<\/em><\/p>\n<p>[\/et_pb_text][et_pb_text _builder_version=&#8220;4.19.4&#8243; hover_enabled=&#8220;0&#8243; global_colors_info=&#8220;{}&#8220; sticky_enabled=&#8220;0&#8243;]<\/p>\n<p style=\"font-style: normal; margin-bottom: 0cm; text-align: justify;\">Die Enth\u00fcllung am 01. Oktober 2023 war ein gelungener Festakt. Mehr als 250 Menschen wohnten dem Fest bei. Und wir von EGO3D wurden selbstverst\u00e4ndlich eingeladen. Gemeinsam mit allen Projektbeteiligten genossen wir den Abschluss eines Projekts, das sieben Jahre zuvor seinen Anfang nahm.<\/p>\n<p style=\"font-style: normal; margin-bottom: 0cm; text-align: justify;\">Unser digitaler Bildhauer Immanuel G\u00fcnther begleitete das Projekt seit November 2016. Gemeinsam mit dem Initiator, der die Idee zu der Skulptur hatte, entwickelte er anhand von zahlreichen Skizzen und Zeichnungen das Konzept f\u00fcr das Kunstwerk. Mit der Konzeption in der Tasche ging der Initiator daraufhin auf Sponsorensuche und k\u00e4mpfte um die Verwirklichung des Projekts. Mehrere hindernisreiche Jahre sp\u00e4ter war es dann 2022 so weit. Die Skulptur konnte verwirklicht werden.<\/p>\n<p style=\"font-style: normal; margin-bottom: 0cm; text-align: justify;\">Ausgehend von der Konzeptionszeichnung modellierte unser digitaler Bildhauer die Statue als 3D-Modell am Computer. Wie ein klassischer Bildhauer nutzt er dazu verschiedenste Werkzeuge, die bei der 3D-Modellierung \u00fcber eine digitale Stifteingabe simuliert werden. W\u00e4hrend der Computer Hammer und Mei\u00dfel ersetzt, l\u00e4sst sich jedoch die k\u00fcnstlerische Erfahrung nicht ersetzen. Unsere digitalen Bildhauer sind ebenso studierte K\u00fcnstler, wie die klassischen Bildhauer.<\/p>\n<p style=\"font-style: normal; margin-bottom: 0cm; text-align: justify;\">Nachdem die Skulptur anhand von digitalen Vorschaubildern mehrfach mit dem Kunden besprochen und schlie\u00dflich die Freigabe erteilt wurde, folgte die Herstellung des 3D-Drucks. W\u00e4hrend unsere Maschinen Einzelteil f\u00fcr Einzelteil druckten, begann parallel mit den ersten fertigen Druckteilen die Endmontage der Skulptur in unserer Werkstatt. Das so entstandene Urmodell lieferten wir im Anschluss an eine von uns beauftragte Gie\u00dferei, die den Bronzeguss \u00fcbernahm.<\/p>\n<p>[\/et_pb_text][et_pb_image src=&#8220;https:\/\/www.ego-3d.de\/modellbau\/wp-content\/uploads\/2023\/10\/EGO3D-Detail-mit-Haenden-Feder-und-Karte.jpg&#8220; alt=&#8220;Detailausschnitt der Waldseem\u00fcller-Statue mit Blick auf die Karte und die H\u00e4nde. Die rechte Hand h\u00e4lt eine Schreibfeder und hat soeben den Schriftzug %22America%22 vollendet&#8220; title_text=&#8220;Detail der Statue mit Karte und H\u00e4nden&#8220; align_tablet=&#8220;center&#8220; align_phone=&#8220;center&#8220; align_last_edited=&#8220;on|desktop&#8220; module_id=&#8220;anker_heulende_helden&#8220; _builder_version=&#8220;4.19.4&#8243; _module_preset=&#8220;default&#8220; custom_margin=&#8220;||15px|&#8220; box_shadow_style=&#8220;preset1&#8243; box_shadow_blur=&#8220;10px&#8220; global_colors_info=&#8220;{}&#8220;][\/et_pb_image][et_pb_text _builder_version=&#8220;4.19.4&#8243; global_colors_info=&#8220;{}&#8220;]<\/p>\n<p style=\"text-align: justify;\"><em>Der Schriftzug &#8222;America&#8220; wird vollendet. Diese situative Darstellung macht es f\u00fcr jeden Betrachter auf einen Blick klar, wof\u00fcr die Statue Martin Waldseem\u00fcllers steht<br \/><\/em><\/p>\n<p>[\/et_pb_text][et_pb_text _builder_version=&#8220;4.19.4&#8243; hover_enabled=&#8220;0&#8243; global_colors_info=&#8220;{}&#8220; sticky_enabled=&#8220;0&#8243;]<\/p>\n<p style=\"font-style: normal; margin-bottom: 0cm; text-align: justify;\">Als die Statue Martin Waldseem\u00fcllers am 1. Oktober 2023 feierlich enth\u00fcllt wurde, fand somit ein Projekt seinen Abschluss, dass uns besonders viel bedeutet hat, insbesondere weil wir es vom ersten Moment an begleitet haben. Als k\u00fcnstlerischer Dienstleister steigen wir bei Projekten in unterschiedlichsten Phasen ein. Wir arbeiten f\u00fcr K\u00fcnstler, die bereits fertige Modelle als Guss umsetzen wollen, oder rekonstruieren verloren gegangene Kunstwerke, von denen nur Bilder \u00fcbrig geblieben sind. Aber als K\u00fcnstler \u00fcbernehmen wir mit Freuden auch die Gestaltung eines Projektes von dem Moment an, da unsere Kunden die erste Idee haben.<\/p>\n<p style=\"font-style: normal; margin-bottom: 0cm; text-align: justify;\">Wir bieten dieses Komplettpaket an, weil wir wissen, wie schwer es ist, die einzelnen Phasen eines solchen Projekts durchzuplanen. Wir haben uns seit vielen Jahren genau darauf spezialisiert, um unsere Kunden zu entlasten und mit Hilfe von Kunstverst\u00e4ndnis, moderner Technik und viel Erfahrung die Umsetzung solcher Projekte zu erm\u00f6glichen und zu erleichtern.<\/p>\n<p style=\"margin-bottom: 0cm; text-align: justify;\"><span style=\"font-style: normal;\">Es gibt viele Menschen wie einst Martin Waldseem\u00fcller, die f\u00fcr einen geschichtlich wichtigen Moment stehen, oder eine ganze Generation gepr\u00e4gt haben, die in der Kunst, Musik oder Wissenschaft <\/span><span style=\"font-style: normal;\">G<\/span><span style=\"font-style: normal;\">ro\u00dfes geleistet haben. Wir haben schon einige Projekte begleitet, die solchen Menschen ein Denkmal setzten, wie zum Beispiel die Elvis-Presley-Statue in Bad Nauheim, Karl der Gro\u00dfe und 6 weitere Skulpturen am Rathaus in Wesel oder der Weltmeister-Torwart Toni Turek vor dem Fussballstadium in D\u00fcsseldorf.<\/span><\/p>\n<p style=\"font-style: normal; margin-bottom: 0cm; text-align: justify;\">Welche Ber\u00fchmtheit Ihrer Gemeinde hat ein Denkmal verdient?<\/p>\n<p>[\/et_pb_text][et_pb_image src=&#8220;https:\/\/www.ego-3d.de\/modellbau\/wp-content\/uploads\/2023\/10\/EGO3D-fertige-Bronzeskulptur-Waldseemuellers-vor-der-Installation.jpg&#8220; alt=&#8220;Die fertig gegossene und ausgelieferte Waldseem\u00fcller-Statue auf dem Bauhof vor der endg\u00fcltigen Installation vor Ort&#8220; title_text=&#8220;Ausgelieferte Waldseem\u00fcller-Statue&#8220; align_tablet=&#8220;center&#8220; align_phone=&#8220;center&#8220; align_last_edited=&#8220;on|desktop&#8220; module_id=&#8220;anker_heulende_helden&#8220; _builder_version=&#8220;4.19.4&#8243; _module_preset=&#8220;default&#8220; custom_margin=&#8220;||15px|&#8220; box_shadow_style=&#8220;preset1&#8243; box_shadow_blur=&#8220;10px&#8220; global_colors_info=&#8220;{}&#8220;][\/et_pb_image][et_pb_text _builder_version=&#8220;4.19.4&#8243; global_colors_info=&#8220;{}&#8220;]<\/p>\n<p style=\"text-align: justify;\"><em>Die ausgelieferte Skulptur vor der Endmontage auf dem Bauhof vor Ort<br \/><\/em><\/p>\n<p>[\/et_pb_text][et_pb_image src=&#8220;https:\/\/www.ego-3d.de\/modellbau\/wp-content\/uploads\/2023\/10\/EGO3D-die-Skulptur-wird-enthuellt.jpg&#8220; alt=&#8220;Die Waldseem\u00fcller-Statue wird vom Initiator und dem beteiligten Historiker enth\u00fcllt&#8220; title_text=&#8220;Die Waldseem\u00fcller-Statue wird enth\u00fcllt&#8220; align_tablet=&#8220;center&#8220; align_phone=&#8220;center&#8220; align_last_edited=&#8220;on|desktop&#8220; module_id=&#8220;anker_heulende_helden&#8220; _builder_version=&#8220;4.19.4&#8243; _module_preset=&#8220;default&#8220; custom_margin=&#8220;||15px|&#8220; box_shadow_style=&#8220;preset1&#8243; box_shadow_blur=&#8220;10px&#8220; global_colors_info=&#8220;{}&#8220;][\/et_pb_image][et_pb_text _builder_version=&#8220;4.19.4&#8243; global_colors_info=&#8220;{}&#8220;]<\/p>\n<p style=\"text-align: justify;\"><em>Die Statue wird vom Initiator und dem beteiligten Historiker enth\u00fcllt. Mehr als 250 Menschen aus der Gemeinde und dar\u00fcber hinaus nahmen an den Festlichkeiten teil.<br \/><\/em><\/p>\n<p>[\/et_pb_text][\/et_pb_column][\/et_pb_row][et_pb_row module_id=&#8220;Freud-B\u00fcste&#8220; _builder_version=&#8220;4.19.4&#8243; _module_preset=&#8220;default&#8220; background_color=&#8220;rgba(255,255,255,0.65)&#8220; custom_margin=&#8220;0px||0px||false|false&#8220; custom_padding=&#8220;15px|15px|0px|15px|false|false&#8220; box_shadow_style=&#8220;preset1&#8243; global_colors_info=&#8220;{}&#8220;][et_pb_column type=&#8220;4_4&#8243; _builder_version=&#8220;4.19.4&#8243; _module_preset=&#8220;default&#8220; global_colors_info=&#8220;{}&#8220;][et_pb_image src=&#8220;https:\/\/www.ego-3d.de\/modellbau\/wp-content\/uploads\/2023\/10\/EGO3D-digitale-Vorschaubilder-der-Waldseemueller-Skuptur-gross.jpg&#8220; alt=&#8220;Digitale Vorschaubilder der Waldseem\u00fcller-Statue, wie wir sie unseren Kunden zur Abstimmung und Freigabe vorlgelegt haben&#8220; title_text=&#8220;Digitale Vorschaubilder der Waldseem\u00fcller-Statue&#8220; align_tablet=&#8220;center&#8220; align_phone=&#8220;center&#8220; align_last_edited=&#8220;on|desktop&#8220; module_id=&#8220;anker_heulende_helden&#8220; _builder_version=&#8220;4.19.4&#8243; _module_preset=&#8220;default&#8220; custom_margin=&#8220;||15px|&#8220; box_shadow_style=&#8220;preset1&#8243; box_shadow_blur=&#8220;10px&#8220; global_colors_info=&#8220;{}&#8220;][\/et_pb_image][\/et_pb_column][\/et_pb_row][\/et_pb_section]<\/p>\n","protected":false},"excerpt":{"rendered":"<p>Der Namensgeber Amerikas Eine Bronzestatue Martin Waldseem\u00fcllers Martin Waldseem\u00fcller bezeichnete in seiner Weltkarte vor \u00fcber 500 Jahren als Erster das neu entdeckte Land im Westen des Atlantiks als America und wurde so zum Namensgeber eines ganzen Doppel-Kontinents. Und dennoch wissen die meisten Menschen nichts oder nicht viel \u00fcber den Kartograph des beginnenden 16. Jahrhunderts. Selbst [&hellip;]<\/p>\n","protected":false},"author":1,"featured_media":0,"parent":0,"menu_order":0,"comment_status":"closed","ping_status":"closed","template":"","meta":{"_et_pb_use_builder":"on","_et_pb_old_content":"","_et_gb_content_width":""},"_links":{"self":[{"href":"https:\/\/www.ego-3d.de\/modellbau\/wp-json\/wp\/v2\/pages\/3406"}],"collection":[{"href":"https:\/\/www.ego-3d.de\/modellbau\/wp-json\/wp\/v2\/pages"}],"about":[{"href":"https:\/\/www.ego-3d.de\/modellbau\/wp-json\/wp\/v2\/types\/page"}],"author":[{"embeddable":true,"href":"https:\/\/www.ego-3d.de\/modellbau\/wp-json\/wp\/v2\/users\/1"}],"replies":[{"embeddable":true,"href":"https:\/\/www.ego-3d.de\/modellbau\/wp-json\/wp\/v2\/comments?post=3406"}],"version-history":[{"count":5,"href":"https:\/\/www.ego-3d.de\/modellbau\/wp-json\/wp\/v2\/pages\/3406\/revisions"}],"predecessor-version":[{"id":3417,"href":"https:\/\/www.ego-3d.de\/modellbau\/wp-json\/wp\/v2\/pages\/3406\/revisions\/3417"}],"wp:attachment":[{"href":"https:\/\/www.ego-3d.de\/modellbau\/wp-json\/wp\/v2\/media?parent=3406"}],"curies":[{"name":"wp","href":"https:\/\/api.w.org\/{rel}","templated":true}]}}