{"id":3326,"date":"2023-07-13T15:52:53","date_gmt":"2023-07-13T13:52:53","guid":{"rendered":"https:\/\/www.ego-3d.de\/modellbau\/?page_id=3326"},"modified":"2023-07-14T11:56:23","modified_gmt":"2023-07-14T09:56:23","slug":"riesenskulptur-mit-50000-loechern","status":"publish","type":"page","link":"https:\/\/www.ego-3d.de\/modellbau\/riesenskulptur-mit-50000-loechern\/","title":{"rendered":"Riesenskulptur mit 50000 L\u00f6chern"},"content":{"rendered":"<p>[et_pb_section fb_built=&#8220;1&#8243; _builder_version=&#8220;4.19.4&#8243; _module_preset=&#8220;default&#8220; background_color=&#8220;RGBA(255,255,255,0)&#8220; background_enable_image=&#8220;off&#8220; background_size=&#8220;initial&#8220; background_position=&#8220;top_center&#8220; background_repeat=&#8220;repeat-y&#8220; global_colors_info=&#8220;{}&#8220;][et_pb_row column_structure=&#8220;1_2,1_2&#8243; module_id=&#8220;Freud-B\u00fcste&#8220; _builder_version=&#8220;4.19.4&#8243; background_color=&#8220;rgba(255,255,255,0.65)&#8220; custom_margin=&#8220;0px||0px||false|false&#8220; custom_padding=&#8220;15px|15px|0px|15px|false|false&#8220; box_shadow_style=&#8220;preset1&#8243; global_colors_info=&#8220;{}&#8220;][et_pb_column type=&#8220;1_2&#8243; _builder_version=&#8220;4.16&#8243; custom_padding=&#8220;|||&#8220; global_colors_info=&#8220;{}&#8220; custom_padding__hover=&#8220;|||&#8220;][et_pb_text _builder_version=&#8220;4.19.4&#8243; global_colors_info=&#8220;{}&#8220;]<\/p>\n<h2><strong>6,5 Meter aus Aluminium und 52.825 L\u00f6chern<br \/>\n<\/strong><\/h2>\n<h2>Eines unserer gr\u00f6\u00dften Projekte<\/h2>\n<p style=\"margin-bottom: 0cm;\" align=\"justify\">Die \u201eSchreitende\u201c war nicht nur eines unserer bisher gr\u00f6\u00dften Projekte, sondern auch eines der ungew\u00f6hnlichsten. Eine Skulptur von 6,5 m H\u00f6he ist bereits nichts Allt\u00e4gliches. Doch solange sie aus einer geschlossenen Oberfl\u00e4che besteht, unterscheidet sich unsere Herangehensweise nicht wesentlich von anderen gro\u00dfen Skulpturen.<\/p>\n<p style=\"margin-bottom: 0cm;\" align=\"justify\">Ein kleines Loch von 12 mm Durchmesser machte hier den Unterschied. Denn es trat im Schwarm auf, \u00fcber die ganze Oberfl\u00e4che verteilt! Genauer: 52.825 L\u00f6cher im Abstand von durchschnittlich 10 mm zueinander mussten die gesamte Skulptur-Oberfl\u00e4che durchbrechen.<\/p>\n<p>[\/et_pb_text][et_pb_image src=&#8220;https:\/\/www.ego-3d.de\/modellbau\/wp-content\/uploads\/2023\/07\/EGO3D_Frau-mit-Korb_Detailansicht_der_Loecher.jpg&#8220; title_text=&#8220;EGO3D_Frau-mit-Korb_Detailansicht_der_L\u00f6cher&#8220; align_tablet=&#8220;center&#8220; align_phone=&#8220;&#8220; align_last_edited=&#8220;on|desktop&#8220; module_id=&#8220;anker_heulende_helden&#8220; _builder_version=&#8220;4.19.4&#8243; custom_margin=&#8220;||15px|&#8220; box_shadow_style=&#8220;preset1&#8243; box_shadow_blur=&#8220;10px&#8220; global_colors_info=&#8220;{}&#8220;][\/et_pb_image][et_pb_text _builder_version=&#8220;4.19.4&#8243; global_colors_info=&#8220;{}&#8220;]<\/p>\n<p><em>Detailansicht der L\u00f6cher im 3D-gedruckten Modell<\/em><\/p>\n<p>[\/et_pb_text][et_pb_text _builder_version=&#8220;4.19.4&#8243; global_colors_info=&#8220;{}&#8220;]<\/p>\n<p style=\"margin-bottom: 0cm;\" align=\"justify\">Alles fing mit einer Skizze an. Sie gab uns nur einen groben Eindruck der gew\u00fcnschten Ausf\u00fchrung der K\u00fcnstlerin. Der erste Schritt war es also, Ein digitales Modell zu erstellen und in regelm\u00e4\u00dfiger Abstimmung mit der Kundin auszuarbeiten. Es ist eine der Kernkompetenzen von EGO3D, bildliche, zweidimensionale Vorlagen in dreidimensionale Skulpturen, Figuren, B\u00fcsten und sonstige Objekte zu \u00fcberf\u00fchren. Daher konnten wir auch bei diesem Projekt diesen Schritt schnell und zu voller Zufriedenheit der Kundin abschlie\u00dfen.<\/p>\n<p>[\/et_pb_text][et_pb_image src=&#8220;https:\/\/www.ego-3d.de\/modellbau\/wp-content\/uploads\/2023\/07\/EGO3D_Vorschaubilder_der_Skulptur_Schreitende.jpg&#8220; title_text=&#8220;EGO3D_Vorschaubilder_der_Skulptur_Schreitende&#8220; align_tablet=&#8220;center&#8220; align_phone=&#8220;&#8220; align_last_edited=&#8220;on|desktop&#8220; module_id=&#8220;anker_heulende_helden&#8220; _builder_version=&#8220;4.19.4&#8243; custom_margin=&#8220;||15px|&#8220; box_shadow_style=&#8220;preset1&#8243; box_shadow_blur=&#8220;10px&#8220; global_colors_info=&#8220;{}&#8220;][\/et_pb_image][et_pb_text _builder_version=&#8220;4.19.4&#8243; global_colors_info=&#8220;{}&#8220;]<\/p>\n<p><em>Das digitale Modell im Gr\u00f6\u00dfenvergleich mit einem 1,80 m gro\u00dfen Menschen<br \/><\/em><\/p>\n<p>[\/et_pb_text][et_pb_text _builder_version=&#8220;4.19.4&#8243; global_colors_info=&#8220;{}&#8220;]<\/p>\n<p style=\"margin-bottom: 0cm;\" align=\"justify\">Der Korb, den die Skulptur \u00fcber ihren Kopf erhebt, war dabei ein interessant zu modellierendes Objekt, da wir daf\u00fcr \u201edigitales Korbflechten\u201c bzw. \u201eKorbweben\u201c anwandten. Die ineinander verschlungenen B\u00e4nder haben wir dabei von vornherein auch mit den Anforderungen der Gie\u00dferei abgestimmt, damit sie sp\u00e4ter gussgerecht abgeliefert werden konnten.<\/p>\n<p>[\/et_pb_text][et_pb_image src=&#8220;https:\/\/www.ego-3d.de\/modellbau\/wp-content\/uploads\/2023\/07\/EGO3D_Korb_der_Skulptur_Frau-mit-Korb.jpg&#8220; title_text=&#8220;EGO3D_Korb_der_Skulptur_Frau-mit-Korb&#8220; align_tablet=&#8220;center&#8220; align_phone=&#8220;&#8220; align_last_edited=&#8220;on|desktop&#8220; module_id=&#8220;anker_heulende_helden&#8220; _builder_version=&#8220;4.19.4&#8243; custom_margin=&#8220;||15px|&#8220; box_shadow_style=&#8220;preset1&#8243; box_shadow_blur=&#8220;10px&#8220; global_colors_info=&#8220;{}&#8220;][\/et_pb_image][et_pb_text _builder_version=&#8220;4.19.4&#8243; global_colors_info=&#8220;{}&#8220;]<\/p>\n<p><em>Der fertig gegossene Korb<\/em><\/p>\n<p>[\/et_pb_text][et_pb_text _builder_version=&#8220;4.19.4&#8243; global_colors_info=&#8220;{}&#8220;]<\/p>\n<p style=\"margin-bottom: 0cm;\" align=\"justify\">Es ist der vielleicht gr\u00f6\u00dfte Vorteil der digitalen Bildhauerei, dass man mit ihr praktisch jede echte Gestaltungstechnik nachstellen kann. Nicht nur das klassische Modellieren mit Ton oder in Stein kann auf dem Bildschirm und mit einem digitalen Zeichenstift nachempfunden werden. Auch exakte technische Modellerstellung oder eben das Flechten, Verdrehen, Weben und Knoten von l\u00e4nglichen Objekten jeglicher Art stellen keine Probleme dar.<\/p>\n<p style=\"margin-bottom: 0cm;\" align=\"justify\">Nach der Freigabe der eigentlichen Skulptur ging es in die zweite Phase, das \u201eDurchl\u00f6chern\u201c der Oberfl\u00e4che. Die eigentliche Herausforderung war aber nicht die schiere Anzahl an L\u00f6chern, die f\u00fcr eine 6,5 m gro\u00dfe Skulptur notwendig waren. Es war die Verteilung der L\u00f6cher. Diese sollte n\u00e4mlich so gleichm\u00e4\u00dfig wie m\u00f6glich ausgef\u00fchrt werden.<br \/>\nDie K\u00fcnstlerin hatte schon vorher gr\u00f6\u00dfere Skulpturen umgesetzt, aber nicht im Bronzeguss, sondern aus Lochblechen geschwei\u00dft. Auf einem Lochblech sind die L\u00f6cher alle gleich gro\u00df und in gleichen Abst\u00e4nden verteilt.<\/p>\n<p style=\"margin-bottom: 0cm;\" align=\"justify\">Die \u201eSchreitende\u201c ist jedoch eine menschliche Figur mit nat\u00fcrlich wallender Kleidung am K\u00f6rper. Die Oberfl\u00e4che der Skulptur ist somit sehr organisch. Es ist bekanntlich ja schon unm\u00f6glich, einen Globus verzerrungsfrei zu einer Landkarte aufzuklappen. Und da die Oberfl\u00e4che einer menschlichen Skulptur ungleich komplizierter ist als die eines Globus \/ einer Kugel, scheint es eine unl\u00f6sbare Aufgabe zu sein, sie so aufzufalten, dass sich darauf L\u00f6cher streng gleichm\u00e4\u00dfig wie auf einem ebenen Lochblech verteilen lassen.<br \/>\nOder stellen Sie sich vor, Sie m\u00fcssten einen Anzug komplett aus einem gemusterten Stoff herstellen, ohne dass an all den Nahtstellen das Muster unterbrochen wird. Das scheint unmachbar.<\/p>\n<p style=\"margin-bottom: 0cm;\" align=\"justify\">Doch hier kommen digitale Methoden ins Spiel, die Unm\u00f6gliches wie durch Zauberhand m\u00f6glich machen k\u00f6nnen. Anstatt die Oberfl\u00e4che der Skulptur auseinanderzufalten und wie Einzelteile eines Kleidungsst\u00fcckes mit L\u00f6chern zu mustern, (was so \u00e4hnlich auch in der 3D-Modellierung eine g\u00e4ngige Methode ist), nutzten wir neueste mathematische Methoden, die es erm\u00f6glichen, Objekte (und somit auch L\u00f6cher) gleichm\u00e4\u00dfig \u00fcber komplizierte Oberfl\u00e4chen zu verteilen. So erhielten wir ein bereits sehenswertes Lochmuster. Anschlie\u00dfend \u00fcberpr\u00fcften wir die gesamte Verteilung der L\u00f6cher und besserten an vielen Stellen manuell aus, um das Ergebnis so nah wie m\u00f6glich an eine &#8222;Idealverteilung&#8220; der L\u00f6cher heranzubringen.<\/p>\n<p style=\"margin-bottom: 0cm;\" align=\"justify\">F\u00fcr den Betrachter wirkte die gesamte Skulptur schlie\u00dflich, als w\u00e4re sie aus streng gemustertem Lochblech zusammengebaut worden, obwohl das aufgrund ihrer organischen Oberfl\u00e4che praktisch unm\u00f6glich ist.<\/p>\n<p>[\/et_pb_text][et_pb_image src=&#8220;https:\/\/www.ego-3d.de\/modellbau\/wp-content\/uploads\/2023\/07\/EGO3D_riesiger_Kopf_der_Skulptur_Frau-mit-Korb.jpg&#8220; title_text=&#8220;EGO3D_riesiger_Kopf_der_Skulptur_Frau-mit-Korb&#8220; align_tablet=&#8220;center&#8220; align_phone=&#8220;&#8220; align_last_edited=&#8220;on|desktop&#8220; module_id=&#8220;anker_heulende_helden&#8220; _builder_version=&#8220;4.19.4&#8243; custom_margin=&#8220;||15px|&#8220; box_shadow_style=&#8220;preset1&#8243; box_shadow_blur=&#8220;10px&#8220; global_colors_info=&#8220;{}&#8220;][\/et_pb_image][et_pb_text _builder_version=&#8220;4.19.4&#8243; global_colors_info=&#8220;{}&#8220;]<\/p>\n<p><em>3D-gedrucktes Modell des Kopfes der Skulptur<br \/><\/em><\/p>\n<p>[\/et_pb_text][\/et_pb_column][et_pb_column type=&#8220;1_2&#8243; _builder_version=&#8220;4.16&#8243; custom_padding=&#8220;|||&#8220; global_colors_info=&#8220;{}&#8220; custom_padding__hover=&#8220;|||&#8220;][et_pb_image src=&#8220;https:\/\/www.ego-3d.de\/modellbau\/wp-content\/uploads\/2023\/07\/EGO3D_Die_beleuchtete_Skulptur_Frau-mit-Korb_vor_Ort.jpg&#8220; title_text=&#8220;EGO3D_Die_beleuchtete_Skulptur_Frau-mit-Korb_vor_Ort&#8220; align_tablet=&#8220;center&#8220; align_phone=&#8220;&#8220; align_last_edited=&#8220;on|desktop&#8220; module_id=&#8220;anker_heulende_helden&#8220; _builder_version=&#8220;4.19.4&#8243; custom_margin=&#8220;||15px|&#8220; box_shadow_style=&#8220;preset1&#8243; box_shadow_blur=&#8220;10px&#8220; global_colors_info=&#8220;{}&#8220;][\/et_pb_image][et_pb_text _builder_version=&#8220;4.19.4&#8243; global_colors_info=&#8220;{}&#8220;]<\/p>\n<p><em>Die fertige Skulptur vor Ort<\/em><\/p>\n<p>[\/et_pb_text][et_pb_text _builder_version=&#8220;4.19.4&#8243; global_colors_info=&#8220;{}&#8220;]<\/p>\n<p style=\"margin-bottom: 0cm;\" align=\"justify\">Doch obwohl wir das R\u00e4tsel der Oberfl\u00e4che gel\u00f6st hatten, stand uns noch eine ganz andere Herausforderung bevor: Da die Gie\u00dferei eine zehntausendfach durchl\u00f6cherte Oberfl\u00e4che nicht abformen kann, musste die gesamte sechseinhalb Meter gro\u00dfe Skulptur in ausbrennbarem Material hergestellt, bzw. 3D-gedruckt werden. Ausbrennbare Modelle herzustellen war f\u00fcr uns nicht neu, aber die Gr\u00f6\u00dfe des Modells in diesem Fall schon.<\/p>\n<p style=\"margin-bottom: 0cm;\" align=\"justify\">Es ist ein absoluter Ausnahmefall, wenn eine Skulptur dieser Gr\u00f6\u00dfe ausbrennbar herhestellt wird.<br \/>In \u00fcber 500 Einzelteilen wurde die Skulptur gedruckt, ca. 5000 Maschinenstunden waren daf\u00fcr n\u00f6tig. Die Einzelteile wurden danach in unserer Werkstatt zu 20 Modulen zusammengebaut, deren Gr\u00f6\u00dfe mit der Gie\u00dferei abgestimmt waren.<\/p>\n<p>[\/et_pb_text][et_pb_image src=&#8220;https:\/\/www.ego-3d.de\/modellbau\/wp-content\/uploads\/2023\/07\/EGO3D_Frau-mit-Korb_durchnummerierte_Module_fuers_Ausbrennen.jpg&#8220; title_text=&#8220;EGO3D_Frau-mit-Korb_durchnummerierte_Module_f\u00fcrs_Ausbrennen&#8220; align_tablet=&#8220;center&#8220; align_phone=&#8220;&#8220; align_last_edited=&#8220;on|desktop&#8220; module_id=&#8220;anker_heulende_helden&#8220; _builder_version=&#8220;4.19.4&#8243; custom_margin=&#8220;||15px|&#8220; box_shadow_style=&#8220;preset1&#8243; box_shadow_blur=&#8220;10px&#8220; global_colors_info=&#8220;{}&#8220;][\/et_pb_image][et_pb_text _builder_version=&#8220;4.19.4&#8243; global_colors_info=&#8220;{}&#8220;]<\/p>\n<p><em>Ein Teil der Module, beschriftet und bereit zur Auslieferung<\/em><\/p>\n<p>[\/et_pb_text][et_pb_text _builder_version=&#8220;4.19.4&#8243; global_colors_info=&#8220;{}&#8220;]<\/p>\n<p style=\"margin-bottom: 0cm;\" align=\"justify\">Ein weiterer wichtiger Aspekt bei einer so gro\u00dfen Skulptur, die in Einzelmodulen zur Gie\u00dferei geliefert wird, ist die Passgenauigkeit. Bei Projekten dieser Gr\u00f6\u00dfe planen wir daher die Montage bereits digital voraus. Bei Bedarf wird jedes kleine Einzelteil mit Orientierungspunkten, Befestigungssystemen, Nuten und anderen Hilfskonstruktionen ausgestattet, damit in der Werkstatt ein Reibungsloser, exakter Aufbau folgen kann.<\/p>\n<p style=\"margin-bottom: 0cm;\" align=\"justify\">Die Ma\u00dfhaltigkeit unserer digitalen Modelle sowie unserer anschlie\u00dfenden 3D-Drucke gew\u00e4hrleisten Passgenauigkeit im Milimeterbereich, selbst bei 6,5 m hohen Skulpturen!<\/p>\n<p style=\"margin-bottom: 0cm;\" align=\"justify\">Nachdem wir alle 20 Module zusammengesetzt und diese an die Gie\u00dferei ausgeliefert hatten, wurde dort jedes einzelne Modul in Aluminium abgegossen und die komplette Skulptur zusammengeschwei\u00dft.<br \/>\nAuf einem offenen LKW-Anh\u00e4nger liegend machte sich die Skulptur schlussendlich auf den Weg zu ihrem heutigen Standort.<\/p>\n<p>[\/et_pb_text][et_pb_image src=&#8220;https:\/\/www.ego-3d.de\/modellbau\/wp-content\/uploads\/2023\/07\/EGO3D_Grossskulptur_auf_LKW-Ladeflaeche.jpg&#8220; title_text=&#8220;EGO3D_Gro\u00dfskulptur_auf_LKW-Ladefl\u00e4che&#8220; align_tablet=&#8220;center&#8220; align_phone=&#8220;&#8220; align_last_edited=&#8220;on|desktop&#8220; module_id=&#8220;anker_heulende_helden&#8220; _builder_version=&#8220;4.19.4&#8243; custom_margin=&#8220;||15px|&#8220; box_shadow_style=&#8220;preset1&#8243; box_shadow_blur=&#8220;10px&#8220; global_colors_info=&#8220;{}&#8220;][\/et_pb_image][et_pb_text _builder_version=&#8220;4.19.4&#8243; global_colors_info=&#8220;{}&#8220;]<\/p>\n<p><em>Die fertig gegossene Skulptur auf dem Weg zu ihrem Aufstellungsort<\/em><\/p>\n<p>[\/et_pb_text][\/et_pb_column][\/et_pb_row][et_pb_row _builder_version=&#8220;4.19.4&#8243; _module_preset=&#8220;default&#8220; custom_margin=&#8220;0px||0px||false|false&#8220; custom_padding=&#8220;15px|15px|0px|15px|false|false&#8220; global_colors_info=&#8220;{}&#8220; sticky_enabled=&#8220;0&#8243; module_id=&#8220;Freud-B\u00fcste&#8220; background_color=&#8220;rgba(255,255,255,0.65)&#8220; box_shadow_style=&#8220;preset1&#8243;][et_pb_column type=&#8220;4_4&#8243; _builder_version=&#8220;4.19.4&#8243; _module_preset=&#8220;default&#8220; global_colors_info=&#8220;{}&#8220;][et_pb_image src=&#8220;https:\/\/www.ego-3d.de\/modellbau\/wp-content\/uploads\/2023\/07\/EGO3D-Team_mit_Riesenskulptur_Frau-mit-Korb.jpg&#8220; title_text=&#8220;EGO3D-Team_mit_Riesenskulptur_Frau-mit-Korb&#8220; align_tablet=&#8220;center&#8220; align_last_edited=&#8220;on|desktop&#8220; module_id=&#8220;anker_heulende_helden&#8220; _builder_version=&#8220;4.19.4&#8243; _module_preset=&#8220;default&#8220; custom_margin=&#8220;||15px|&#8220; box_shadow_style=&#8220;preset1&#8243; box_shadow_blur=&#8220;10px&#8220; global_colors_info=&#8220;{}&#8220; sticky_enabled=&#8220;0&#8243; align_phone=&#8220;center&#8220;][\/et_pb_image][\/et_pb_column][\/et_pb_row][\/et_pb_section]<\/p>\n","protected":false},"excerpt":{"rendered":"<p>6,5 Meter aus Aluminium und 52.825 L\u00f6chern Eines unserer gr\u00f6\u00dften Projekte Die \u201eSchreitende\u201c war nicht nur eines unserer bisher gr\u00f6\u00dften Projekte, sondern auch eines der ungew\u00f6hnlichsten. Eine Skulptur von 6,5 m H\u00f6he ist bereits nichts Allt\u00e4gliches. Doch solange sie aus einer geschlossenen Oberfl\u00e4che besteht, unterscheidet sich unsere Herangehensweise nicht wesentlich von anderen gro\u00dfen Skulpturen. Ein [&hellip;]<\/p>\n","protected":false},"author":1,"featured_media":0,"parent":0,"menu_order":0,"comment_status":"closed","ping_status":"closed","template":"","meta":{"_et_pb_use_builder":"on","_et_pb_old_content":"","_et_gb_content_width":""},"_links":{"self":[{"href":"https:\/\/www.ego-3d.de\/modellbau\/wp-json\/wp\/v2\/pages\/3326"}],"collection":[{"href":"https:\/\/www.ego-3d.de\/modellbau\/wp-json\/wp\/v2\/pages"}],"about":[{"href":"https:\/\/www.ego-3d.de\/modellbau\/wp-json\/wp\/v2\/types\/page"}],"author":[{"embeddable":true,"href":"https:\/\/www.ego-3d.de\/modellbau\/wp-json\/wp\/v2\/users\/1"}],"replies":[{"embeddable":true,"href":"https:\/\/www.ego-3d.de\/modellbau\/wp-json\/wp\/v2\/comments?post=3326"}],"version-history":[{"count":5,"href":"https:\/\/www.ego-3d.de\/modellbau\/wp-json\/wp\/v2\/pages\/3326\/revisions"}],"predecessor-version":[{"id":3350,"href":"https:\/\/www.ego-3d.de\/modellbau\/wp-json\/wp\/v2\/pages\/3326\/revisions\/3350"}],"wp:attachment":[{"href":"https:\/\/www.ego-3d.de\/modellbau\/wp-json\/wp\/v2\/media?parent=3326"}],"curies":[{"name":"wp","href":"https:\/\/api.w.org\/{rel}","templated":true}]}}