{"id":3299,"date":"2023-07-11T16:40:31","date_gmt":"2023-07-11T14:40:31","guid":{"rendered":"https:\/\/www.ego-3d.de\/modellbau\/?page_id=3299"},"modified":"2023-07-11T16:42:49","modified_gmt":"2023-07-11T14:42:49","slug":"weitere-buestenprojekte","status":"publish","type":"page","link":"https:\/\/www.ego-3d.de\/modellbau\/weitere-buestenprojekte\/","title":{"rendered":"Weitere B\u00fcstenprojekte"},"content":{"rendered":"<p>[et_pb_section fb_built=&#8220;1&#8243; _builder_version=&#8220;4.19.4&#8243; _module_preset=&#8220;default&#8220; background_color=&#8220;RGBA(255,255,255,0)&#8220; background_enable_image=&#8220;off&#8220; background_size=&#8220;initial&#8220; background_position=&#8220;top_center&#8220; background_repeat=&#8220;repeat-y&#8220; global_colors_info=&#8220;{}&#8220;][et_pb_row column_structure=&#8220;1_3,1_3,1_3&#8243; _builder_version=&#8220;4.16&#8243; background_color=&#8220;rgba(255,255,255,0.65)&#8220; custom_margin=&#8220;0px||20px|&#8220; custom_padding=&#8220;15px|15px|15px|15px&#8220; box_shadow_style=&#8220;preset1&#8243; global_colors_info=&#8220;{}&#8220;][et_pb_column type=&#8220;1_3&#8243; _builder_version=&#8220;4.16&#8243; custom_padding=&#8220;|||&#8220; global_colors_info=&#8220;{}&#8220; custom_padding__hover=&#8220;|||&#8220;][et_pb_text _builder_version=&#8220;4.16&#8243; custom_margin=&#8220;||20px|&#8220; global_colors_info=&#8220;{}&#8220;]<\/p>\n<h2 style=\"text-align: center;\">B\u00fcste von Camilla L\u00e4ckberg<\/h2>\n<p>[\/et_pb_text][et_pb_image src=&#8220;https:\/\/www.ego-3d.de\/modellbau\/wp-content\/uploads\/2020\/08\/EGO3D_Posting_L\u00e4ckberg-B\u00fcste_von_Camilla_L\u00e4ckberg_selbst.jpg&#8220; align_tablet=&#8220;center&#8220; align_phone=&#8220;&#8220; align_last_edited=&#8220;on|desktop&#8220; _builder_version=&#8220;4.16&#8243; custom_margin=&#8220;||15px|&#8220; box_shadow_style=&#8220;preset1&#8243; box_shadow_blur=&#8220;10px&#8220; global_colors_info=&#8220;{}&#8220;][\/et_pb_image][et_pb_text _builder_version=&#8220;4.16&#8243; global_colors_info=&#8220;{}&#8220;]<\/p>\n<p><em>Quelle: Instagram-Beitrag Camilla L\u00e4ckbergs<br \/><\/em><\/p>\n<p>[\/et_pb_text][et_pb_text _builder_version=&#8220;4.16&#8243; global_colors_info=&#8220;{}&#8220;]<\/p>\n<p style=\"text-align: justify;\">F\u00fcr die bekannte Krimiautorin Camilla L\u00e4ckberg fertigten wir diese B\u00fcste an. Mit \u00fcber 6 Millionen verkauften Exemplaren in mehreren Sprachen und vier Verfilmungen z\u00e4hlt L\u00e4ckberg zu den erfolgreichsten Autorinnen Schwedens. Begeistert vom Endergebnis postete L\u00e4ckberg ein Bild der B\u00fcste auf Instagram und bekam innerhalb von 8 Stunden 3500 Likes.<\/p>\n<p>[\/et_pb_text][\/et_pb_column][et_pb_column type=&#8220;1_3&#8243; _builder_version=&#8220;4.16&#8243; custom_padding=&#8220;|||&#8220; global_colors_info=&#8220;{}&#8220; custom_padding__hover=&#8220;|||&#8220;][et_pb_text module_id=&#8220;anker_gottschalk&#8220; _builder_version=&#8220;4.16&#8243; custom_margin=&#8220;||20px|&#8220; global_colors_info=&#8220;{}&#8220;]<\/p>\n<h2 style=\"text-align: center;\">B\u00fcste von Thomas Gottschalk<\/h2>\n<p>[\/et_pb_text][et_pb_text _builder_version=&#8220;4.16&#8243; global_colors_info=&#8220;{}&#8220;]<\/p>\n<p style=\"text-align: justify;\">Beim Jahresr\u00fcckblick 2015 auf RTL hatte G\u00fcnther Jauch unter anderem Thomas Gottschalk zu Gast, der im selben Jahr seine Biographie ver\u00f6ffentlicht hatte. Passend dazu wurde eine B\u00fcste Gottschalks mit B\u00fcsten von Goethe und Schiller in eine Reihe gestellt. Doch diese Ehrung als weiterer gro\u00dfer Dichter war nur vorl\u00e4ufig. Abschlie\u00dfend wurde die B\u00fcste Gottschalk n\u00e4mlich als Geschenk \u00fcberreicht.<\/p>\n<p style=\"text-align: justify;\">Gottschalk entgegnete mit seinem bekannten Humor: \u201eDie hast Du ja selber geschnitzt! &#8211; Sch\u00f6n!\u201c<\/p>\n<p>[\/et_pb_text][et_pb_image src=&#8220;https:\/\/www.ego-3d.de\/modellbau\/wp-content\/uploads\/2020\/08\/EGO3D_Thomas-Gottschalk_RTL_Bueste_01.jpg&#8220; align_tablet=&#8220;center&#8220; align_phone=&#8220;&#8220; align_last_edited=&#8220;on|desktop&#8220; _builder_version=&#8220;4.16&#8243; custom_margin=&#8220;||15px|&#8220; box_shadow_style=&#8220;preset1&#8243; box_shadow_blur=&#8220;10px&#8220; global_colors_info=&#8220;{}&#8220;][\/et_pb_image][et_pb_text _builder_version=&#8220;4.16&#8243; global_colors_info=&#8220;{}&#8220;]<\/p>\n<p><em>Quelle: RTL Jahresr\u00fcckblick 2015<\/em><\/p>\n<p>[\/et_pb_text][\/et_pb_column][et_pb_column type=&#8220;1_3&#8243; _builder_version=&#8220;4.16&#8243; custom_padding=&#8220;|||&#8220; global_colors_info=&#8220;{}&#8220; custom_padding__hover=&#8220;|||&#8220;][et_pb_text module_id=&#8220;anker_ruhr&#8220; _builder_version=&#8220;4.16&#8243; custom_margin=&#8220;||20px|&#8220; global_colors_info=&#8220;{}&#8220;]<\/p>\n<h2 style=\"text-align: center;\">B\u00fcsten f\u00fcr die Ruhrtriennale<\/h2>\n<p>[\/et_pb_text][et_pb_text _builder_version=&#8220;4.16&#8243; global_colors_info=&#8220;{}&#8220;]<\/p>\n<p style=\"text-align: justify;\">F\u00fcr die Inszenierung &#8222;Nach den letzten Tagen&#8220; auf der Ruhrtriennale 2019 fertigten wir zwei B\u00fcsten an. Eine davon brachte es sogar auf das Titelblatt des Programmheftes.<\/p>\n<p>[\/et_pb_text][et_pb_image src=&#8220;https:\/\/www.ego-3d.de\/modellbau\/wp-content\/uploads\/2020\/08\/EGO3D-B\u00fcste_auf_Programmheft_Ruhrtriennale_2019.jpg&#8220; align_tablet=&#8220;center&#8220; align_phone=&#8220;&#8220; align_last_edited=&#8220;on|desktop&#8220; _builder_version=&#8220;4.16&#8243; custom_margin=&#8220;||15px|&#8220; box_shadow_style=&#8220;preset1&#8243; box_shadow_blur=&#8220;10px&#8220; global_colors_info=&#8220;{}&#8220;][\/et_pb_image][et_pb_text _builder_version=&#8220;4.16&#8243; global_colors_info=&#8220;{}&#8220;]<\/p>\n<p><em>Quelle: Programmheft der Ruhrtriennale 2019<\/em><\/p>\n<p>[\/et_pb_text][\/et_pb_column][\/et_pb_row][et_pb_row column_structure=&#8220;1_3,1_3,1_3&#8243; module_id=&#8220;anker_cdu&#8220; _builder_version=&#8220;4.16&#8243; background_color=&#8220;rgba(255,255,255,0.65)&#8220; custom_margin=&#8220;0px||20px|&#8220; custom_padding=&#8220;15px|15px|15px|15px&#8220; box_shadow_style=&#8220;preset1&#8243; global_colors_info=&#8220;{}&#8220; theme_builder_area=&#8220;post_content&#8220;][et_pb_column type=&#8220;1_3&#8243; _builder_version=&#8220;4.16&#8243; custom_padding=&#8220;|||&#8220; global_colors_info=&#8220;{}&#8220; custom_padding__hover=&#8220;|||&#8220; theme_builder_area=&#8220;post_content&#8220;][et_pb_image src=&#8220;https:\/\/www.ego-3d.de\/modellbau\/wp-content\/uploads\/2020\/08\/EGO3D-B\u00fcsten_Ehrenamtspreis_Dr_Wilhelm_Wolf.jpg&#8220; align_tablet=&#8220;center&#8220; align_phone=&#8220;&#8220; align_last_edited=&#8220;on|desktop&#8220; _builder_version=&#8220;4.16&#8243; custom_margin=&#8220;||15px|&#8220; global_colors_info=&#8220;{}&#8220; theme_builder_area=&#8220;post_content&#8220;][\/et_pb_image][et_pb_text _builder_version=&#8220;4.16&#8243; global_colors_info=&#8220;{}&#8220; theme_builder_area=&#8220;post_content&#8220;]<\/p>\n<p><em>Die B\u00fcste wird \u00fcberreicht<br \/>Quelle: CDU Brandenburg<\/em><\/p>\n<p>&nbsp;<\/p>\n<p>[\/et_pb_text][\/et_pb_column][et_pb_column type=&#8220;1_3&#8243; _builder_version=&#8220;4.16&#8243; custom_padding=&#8220;|||&#8220; global_colors_info=&#8220;{}&#8220; custom_padding__hover=&#8220;|||&#8220; theme_builder_area=&#8220;post_content&#8220;][et_pb_text _builder_version=&#8220;4.16&#8243; global_colors_info=&#8220;{}&#8220; theme_builder_area=&#8220;post_content&#8220;]<\/p>\n<h2 style=\"text-align: center;\">B\u00fcste f\u00fcr CDU-Ehrenamtspreis<\/h2>\n<p style=\"text-align: justify;\">Der Wilhelm Wolf &#8211; Ehrenamtspreis wurde 2011 das erste mal verliehen<\/p>\n<p style=\"text-align: justify;\">Der Namensgeber des Preises, Dr. Wilhelm Wolf, war der erste Landesvorsitzende der CDU Brandenburg. In den Augen der sowjetischen Besatzungsmacht und der SED\u2013F\u00fchrung war er ein \u00e4u\u00dferst unbequemer Mann. Wolf trat in der sowjetisch besetzten Zone trotz Repressalien f\u00fcr die Einhaltung der Grundrechte, der pers\u00f6nlichen Freiheit und f\u00fcr die Einheit Deutschlands ein. Unter mysteri\u00f6sen Umst\u00e4nden kam er 1948 bei einem Autounfall ums Leben. Wie auch zahlreiche Mitstreiter musste er seine Standhaftigkeit gegen\u00fcber dem kommunistischen Regime mit seinem Leben bezahlen.<\/p>\n<p style=\"text-align: justify;\">F\u00fcr verdienstvolles Ehrenamt schuf die CDU Brandenburg den Wilhelm Wolf &#8211; Ehrenamtspreis. EGO3D wurde beauftragt, anhand von alten Bildern die B\u00fcste Wilhelm Wolfs zu modellieren.<\/p>\n<p>[\/et_pb_text][\/et_pb_column][et_pb_column type=&#8220;1_3&#8243; _builder_version=&#8220;4.16&#8243; custom_padding=&#8220;|||&#8220; global_colors_info=&#8220;{}&#8220; custom_padding__hover=&#8220;|||&#8220; theme_builder_area=&#8220;post_content&#8220;][et_pb_text _builder_version=&#8220;4.16&#8243; global_colors_info=&#8220;{}&#8220; theme_builder_area=&#8220;post_content&#8220;]<\/p>\n<h2 style=\"text-align: center;\">Leopold-Sello-B\u00fcste zur Ehrung<\/h2>\n<p style=\"text-align: justify;\">Als Ehrung f\u00fcr langj\u00e4hrige Mitarbeiter im Dienste als Gasschutzwehr und Grubenwehr wurde der Leopold-Sello-Preis entworfen. EGO3D wurde beauftragt, hierzu eine B\u00fcste Leopold Sellos anzufertigen, des Leiters des K\u00f6niglich-Preu\u00dfischen Bergamtes Saarbr\u00fccken.<\/p>\n<p>[\/et_pb_text][et_pb_image src=&#8220;https:\/\/www.ego-3d.de\/modellbau\/wp-content\/uploads\/2020\/08\/EGO3D_Leopold-Sello-B\u00fcste_wird_zur_Barbara-Feier_verliehen.jpg&#8220; align_tablet=&#8220;center&#8220; align_phone=&#8220;&#8220; align_last_edited=&#8220;on|desktop&#8220; _builder_version=&#8220;4.16&#8243; custom_margin=&#8220;||15px|&#8220; global_colors_info=&#8220;{}&#8220; theme_builder_area=&#8220;post_content&#8220;][\/et_pb_image][et_pb_text _builder_version=&#8220;4.16&#8243; global_colors_info=&#8220;{}&#8220; theme_builder_area=&#8220;post_content&#8220;]<\/p>\n<p style=\"text-align: justify;\"><em>Ministerpr\u00e4sident Tobias Hans (re.) \u00fcberreicht Klaus Hiery, Pr\u00e4sident des Landesverbands der saarl\u00e4ndischen Bergmanns-, H\u00fctten- und Knappenvereine, bei der Barbarafeier in H\u00fclzweiler die Leopold-Sello-B\u00fcste.<br \/>Quelle: Saarbr\u00fccker Zeitung<br \/><\/em><\/p>\n<p>[\/et_pb_text][\/et_pb_column][\/et_pb_row][\/et_pb_section]<\/p>\n","protected":false},"excerpt":{"rendered":"<p>B\u00fcste von Camilla L\u00e4ckbergQuelle: Instagram-Beitrag Camilla L\u00e4ckbergsF\u00fcr die bekannte Krimiautorin Camilla L\u00e4ckberg fertigten wir diese B\u00fcste an. Mit \u00fcber 6 Millionen verkauften Exemplaren in mehreren Sprachen und vier Verfilmungen z\u00e4hlt L\u00e4ckberg zu den erfolgreichsten Autorinnen Schwedens. Begeistert vom Endergebnis postete L\u00e4ckberg ein Bild der B\u00fcste auf Instagram und bekam innerhalb von 8 Stunden 3500 Likes.B\u00fcste [&hellip;]<\/p>\n","protected":false},"author":1,"featured_media":0,"parent":0,"menu_order":0,"comment_status":"closed","ping_status":"closed","template":"","meta":{"_et_pb_use_builder":"on","_et_pb_old_content":"","_et_gb_content_width":""},"_links":{"self":[{"href":"https:\/\/www.ego-3d.de\/modellbau\/wp-json\/wp\/v2\/pages\/3299"}],"collection":[{"href":"https:\/\/www.ego-3d.de\/modellbau\/wp-json\/wp\/v2\/pages"}],"about":[{"href":"https:\/\/www.ego-3d.de\/modellbau\/wp-json\/wp\/v2\/types\/page"}],"author":[{"embeddable":true,"href":"https:\/\/www.ego-3d.de\/modellbau\/wp-json\/wp\/v2\/users\/1"}],"replies":[{"embeddable":true,"href":"https:\/\/www.ego-3d.de\/modellbau\/wp-json\/wp\/v2\/comments?post=3299"}],"version-history":[{"count":4,"href":"https:\/\/www.ego-3d.de\/modellbau\/wp-json\/wp\/v2\/pages\/3299\/revisions"}],"predecessor-version":[{"id":3305,"href":"https:\/\/www.ego-3d.de\/modellbau\/wp-json\/wp\/v2\/pages\/3299\/revisions\/3305"}],"wp:attachment":[{"href":"https:\/\/www.ego-3d.de\/modellbau\/wp-json\/wp\/v2\/media?parent=3299"}],"curies":[{"name":"wp","href":"https:\/\/api.w.org\/{rel}","templated":true}]}}