{"id":3296,"date":"2023-07-11T16:37:28","date_gmt":"2023-07-11T14:37:28","guid":{"rendered":"https:\/\/www.ego-3d.de\/modellbau\/?page_id=3296"},"modified":"2023-07-11T16:37:28","modified_gmt":"2023-07-11T14:37:28","slug":"bueste-eines-rennfahrers","status":"publish","type":"page","link":"https:\/\/www.ego-3d.de\/modellbau\/bueste-eines-rennfahrers\/","title":{"rendered":"B\u00fcste eines Rennfahrers"},"content":{"rendered":"<p>[et_pb_section fb_built=&#8220;1&#8243; _builder_version=&#8220;4.19.4&#8243; _module_preset=&#8220;default&#8220; background_color=&#8220;RGBA(255,255,255,0)&#8220; background_enable_image=&#8220;off&#8220; background_size=&#8220;initial&#8220; background_position=&#8220;top_center&#8220; background_repeat=&#8220;repeat-y&#8220; global_colors_info=&#8220;{}&#8220; theme_builder_area=&#8220;post_content&#8220;][et_pb_row column_structure=&#8220;1_3,1_3,1_3&#8243; _builder_version=&#8220;4.16&#8243; background_color=&#8220;rgba(255,255,255,0.65)&#8220; custom_margin=&#8220;0px||20px|&#8220; custom_padding=&#8220;15px|15px|15px|15px&#8220; box_shadow_style=&#8220;preset1&#8243; global_colors_info=&#8220;{}&#8220; theme_builder_area=&#8220;post_content&#8220;][et_pb_column type=&#8220;1_3&#8243; _builder_version=&#8220;4.16&#8243; custom_padding=&#8220;|||&#8220; global_colors_info=&#8220;{}&#8220; custom_padding__hover=&#8220;|||&#8220; theme_builder_area=&#8220;post_content&#8220;][et_pb_text _builder_version=&#8220;4.16&#8243; global_colors_info=&#8220;{}&#8220; theme_builder_area=&#8220;post_content&#8220;]<\/p>\n<h2 style=\"text-align: justify;\"><strong>B\u00fcste als Ehrung:<\/strong><\/h2>\n<h2 style=\"text-align: left;\">lebensgro\u00dfe B\u00fcste des Rennfahrers Rudolf Caracciola<\/h2>\n<p style=\"text-align: justify;\">Beim N\u00fcrburgring-Classic im Jahr 2017 wurde eine B\u00fcste des legend\u00e4ren Rennfahrers Rudolf Caracciola eingeweiht. Caracciola steht f\u00fcr immer in Verbindung mit der ber\u00fchmten Silberpfeil-\u00c4ra von Mercedes. Er war vor dem zweiten Weltkrieg der erfolgreichste Fahrer Europas.<\/p>\n<p style=\"text-align: justify;\">EGO3D erstellte die B\u00fcste sowie die Schriftplatten, die sp\u00e4ter auf dem Natursteinsockel angebracht wurden. Die genauen Ma\u00dfe wurden mit dem Auftraggeber abgesprochen, so dass sp\u00e4ter die Installation am Sockel reibungslos vonstatten ging.<\/p>\n<p>[\/et_pb_text][\/et_pb_column][et_pb_column type=&#8220;1_3&#8243; _builder_version=&#8220;4.16&#8243; custom_padding=&#8220;|||&#8220; global_colors_info=&#8220;{}&#8220; custom_padding__hover=&#8220;|||&#8220; theme_builder_area=&#8220;post_content&#8220;][et_pb_image src=&#8220;https:\/\/www.ego-3d.de\/modellbau\/wp-content\/uploads\/2020\/08\/EGO3D_Einweihung_Caracciola-Denkmal.jpg&#8220; align_tablet=&#8220;center&#8220; align_phone=&#8220;&#8220; align_last_edited=&#8220;on|desktop&#8220; _builder_version=&#8220;4.16&#8243; custom_margin=&#8220;||15px|&#8220; box_shadow_style=&#8220;preset1&#8243; box_shadow_blur=&#8220;10px&#8220; global_colors_info=&#8220;{}&#8220; theme_builder_area=&#8220;post_content&#8220;][\/et_pb_image][et_pb_text _builder_version=&#8220;4.16&#8243; global_colors_info=&#8220;{}&#8220; theme_builder_area=&#8220;post_content&#8220;]<\/p>\n<p style=\"text-align: justify;\"><em>DAMC 05-Ehrenvorsitzender Dr. Rainer Temme enth\u00fcllte zusammen mit ADAC Nordrhein Vorsitzenden Peter Meyer und Thomas Caracciola, <\/em><em>dem Gro\u00dfneffen Rudolf Caracciolas, die Gedenks\u00e4ule.<br \/>Quelle: Ren\u00e9 Hey, www.rene-hey.de<br \/><\/em><\/p>\n<p>[\/et_pb_text][\/et_pb_column][et_pb_column type=&#8220;1_3&#8243; _builder_version=&#8220;4.16&#8243; custom_padding=&#8220;|||&#8220; global_colors_info=&#8220;{}&#8220; custom_padding__hover=&#8220;|||&#8220; theme_builder_area=&#8220;post_content&#8220;][et_pb_image src=&#8220;https:\/\/www.ego-3d.de\/modellbau\/wp-content\/uploads\/2020\/08\/EGO3D_Rudolf_Caracciola-B\u00fcste_in_Bronze.jpg&#8220; align_tablet=&#8220;center&#8220; align_phone=&#8220;&#8220; align_last_edited=&#8220;on|desktop&#8220; module_id=&#8220;anker_lackberg&#8220; _builder_version=&#8220;4.16&#8243; custom_margin=&#8220;||15px|&#8220; box_shadow_style=&#8220;preset1&#8243; box_shadow_blur=&#8220;10px&#8220; global_colors_info=&#8220;{}&#8220; theme_builder_area=&#8220;post_content&#8220;][\/et_pb_image][et_pb_text _builder_version=&#8220;4.16&#8243; global_colors_info=&#8220;{}&#8220; theme_builder_area=&#8220;post_content&#8220;]<\/p>\n<p><em>Quelle: Ren\u00e9 Hey, www.rene-hey.de<\/em><\/p>\n<p>[\/et_pb_text][\/et_pb_column][\/et_pb_row][\/et_pb_section]<\/p>\n","protected":false},"excerpt":{"rendered":"<p>B\u00fcste als Ehrung: lebensgro\u00dfe B\u00fcste des Rennfahrers Rudolf Caracciola Beim N\u00fcrburgring-Classic im Jahr 2017 wurde eine B\u00fcste des legend\u00e4ren Rennfahrers Rudolf Caracciola eingeweiht. Caracciola steht f\u00fcr immer in Verbindung mit der ber\u00fchmten Silberpfeil-\u00c4ra von Mercedes. Er war vor dem zweiten Weltkrieg der erfolgreichste Fahrer Europas. EGO3D erstellte die B\u00fcste sowie die Schriftplatten, die sp\u00e4ter auf [&hellip;]<\/p>\n","protected":false},"author":1,"featured_media":0,"parent":0,"menu_order":0,"comment_status":"closed","ping_status":"closed","template":"","meta":{"_et_pb_use_builder":"on","_et_pb_old_content":"","_et_gb_content_width":""},"_links":{"self":[{"href":"https:\/\/www.ego-3d.de\/modellbau\/wp-json\/wp\/v2\/pages\/3296"}],"collection":[{"href":"https:\/\/www.ego-3d.de\/modellbau\/wp-json\/wp\/v2\/pages"}],"about":[{"href":"https:\/\/www.ego-3d.de\/modellbau\/wp-json\/wp\/v2\/types\/page"}],"author":[{"embeddable":true,"href":"https:\/\/www.ego-3d.de\/modellbau\/wp-json\/wp\/v2\/users\/1"}],"replies":[{"embeddable":true,"href":"https:\/\/www.ego-3d.de\/modellbau\/wp-json\/wp\/v2\/comments?post=3296"}],"version-history":[{"count":2,"href":"https:\/\/www.ego-3d.de\/modellbau\/wp-json\/wp\/v2\/pages\/3296\/revisions"}],"predecessor-version":[{"id":3298,"href":"https:\/\/www.ego-3d.de\/modellbau\/wp-json\/wp\/v2\/pages\/3296\/revisions\/3298"}],"wp:attachment":[{"href":"https:\/\/www.ego-3d.de\/modellbau\/wp-json\/wp\/v2\/media?parent=3296"}],"curies":[{"name":"wp","href":"https:\/\/api.w.org\/{rel}","templated":true}]}}