{"id":3291,"date":"2023-07-11T16:35:06","date_gmt":"2023-07-11T14:35:06","guid":{"rendered":"https:\/\/www.ego-3d.de\/modellbau\/?page_id=3291"},"modified":"2023-07-11T16:35:07","modified_gmt":"2023-07-11T14:35:07","slug":"bueste-als-markensymbol","status":"publish","type":"page","link":"https:\/\/www.ego-3d.de\/modellbau\/bueste-als-markensymbol\/","title":{"rendered":"B\u00fcste als Markensymbol"},"content":{"rendered":"<p>[et_pb_section fb_built=&#8220;1&#8243; _builder_version=&#8220;4.19.4&#8243; _module_preset=&#8220;default&#8220; background_color=&#8220;RGBA(255,255,255,0)&#8220; background_enable_image=&#8220;off&#8220; background_size=&#8220;initial&#8220; background_position=&#8220;top_center&#8220; background_repeat=&#8220;repeat-y&#8220; global_colors_info=&#8220;{}&#8220; theme_builder_area=&#8220;post_content&#8220;][et_pb_row column_structure=&#8220;1_3,1_3,1_3&#8243; _builder_version=&#8220;4.16&#8243; background_color=&#8220;rgba(255,255,255,0.65)&#8220; custom_margin=&#8220;0px||20px|&#8220; custom_padding=&#8220;15px|15px|15px|15px&#8220; box_shadow_style=&#8220;preset1&#8243; global_colors_info=&#8220;{}&#8220; theme_builder_area=&#8220;post_content&#8220;][et_pb_column type=&#8220;1_3&#8243; _builder_version=&#8220;4.16&#8243; custom_padding=&#8220;|||&#8220; global_colors_info=&#8220;{}&#8220; custom_padding__hover=&#8220;|||&#8220; theme_builder_area=&#8220;post_content&#8220;][et_pb_text _builder_version=&#8220;4.16&#8243; global_colors_info=&#8220;{}&#8220; theme_builder_area=&#8220;post_content&#8220;]<\/p>\n<h2 style=\"text-align: justify;\"><strong>B\u00fcste als Markensymbol:<\/strong><\/h2>\n<h2 style=\"text-align: justify;\">Kleinserie einer B\u00fcste f\u00fcr eine Markeneinf\u00fchrung<\/h2>\n<p style=\"text-align: justify;\">Zur Marken-Einf\u00fchrung des Botucal-Rums erstellten wir f\u00fcr den deutschen Importeur diese B\u00fcste. Aus Vorlage diente uns der Kupferstich, der auch das Etikett der Flaschen ziert und als Erkennungsmerkmal der Marke dient. Ausgew\u00e4hlte Vertriebspartner des Herstellers erhalten diese B\u00fcste f\u00fcr ihre Gesch\u00e4ftsr\u00e4ume.<\/p>\n<p>[\/et_pb_text][et_pb_image src=&#8220;https:\/\/www.ego-3d.de\/modellbau\/wp-content\/uploads\/2020\/08\/EGO3D_Botucal-B\u00fcste_Marketingbild_des_Herstellers.jpg&#8220; align_tablet=&#8220;center&#8220; align_phone=&#8220;&#8220; align_last_edited=&#8220;on|desktop&#8220; _builder_version=&#8220;4.16&#8243; custom_margin=&#8220;||15px|&#8220; box_shadow_style=&#8220;preset1&#8243; box_shadow_blur=&#8220;10px&#8220; global_colors_info=&#8220;{}&#8220; theme_builder_area=&#8220;post_content&#8220;][\/et_pb_image][et_pb_text _builder_version=&#8220;4.16&#8243; global_colors_info=&#8220;{}&#8220; theme_builder_area=&#8220;post_content&#8220;]<\/p>\n<p><em>Marketingbild des Herstellers<\/em><br \/><em> Quelle: Sierra Madre GmbH<\/em><\/p>\n<p>[\/et_pb_text][\/et_pb_column][et_pb_column type=&#8220;1_3&#8243; _builder_version=&#8220;4.16&#8243; custom_padding=&#8220;|||&#8220; global_colors_info=&#8220;{}&#8220; custom_padding__hover=&#8220;|||&#8220; theme_builder_area=&#8220;post_content&#8220;][et_pb_image src=&#8220;https:\/\/www.ego-3d.de\/modellbau\/wp-content\/uploads\/2020\/08\/EGO3D-Vorschau_Botucal-B\u00fcste.jpg&#8220; align_tablet=&#8220;center&#8220; align_phone=&#8220;&#8220; align_last_edited=&#8220;on|desktop&#8220; _builder_version=&#8220;4.16&#8243; custom_margin=&#8220;||15px|&#8220; box_shadow_style=&#8220;preset1&#8243; box_shadow_blur=&#8220;10px&#8220; global_colors_info=&#8220;{}&#8220; theme_builder_area=&#8220;post_content&#8220;][\/et_pb_image][et_pb_text _builder_version=&#8220;4.16&#8243; global_colors_info=&#8220;{}&#8220; theme_builder_area=&#8220;post_content&#8220;]<\/p>\n<p style=\"text-align: justify;\"><em>Unser digitales Vorschaubild f\u00fcr den Kunden. Bei Bedarf k\u00f6nnen unsere Kunden anhand von Vorschaubildern immer noch \u00c4nderungsw\u00fcnsche einbringen, bevor die eigentliche Produktion der B\u00fcste startet.<br \/><\/em><\/p>\n<p>[\/et_pb_text][\/et_pb_column][et_pb_column type=&#8220;1_3&#8243; _builder_version=&#8220;4.16&#8243; custom_padding=&#8220;|||&#8220; global_colors_info=&#8220;{}&#8220; custom_padding__hover=&#8220;|||&#8220; theme_builder_area=&#8220;post_content&#8220;][et_pb_image src=&#8220;https:\/\/www.ego-3d.de\/modellbau\/wp-content\/uploads\/2020\/08\/EGO3D_Botucal-B\u00fcsten_Kleinserienproduktion.jpg&#8220; align_tablet=&#8220;center&#8220; align_phone=&#8220;&#8220; align_last_edited=&#8220;on|desktop&#8220; _builder_version=&#8220;4.16&#8243; custom_margin=&#8220;||15px|&#8220; box_shadow_style=&#8220;preset1&#8243; box_shadow_blur=&#8220;10px&#8220; global_colors_info=&#8220;{}&#8220; theme_builder_area=&#8220;post_content&#8220;][\/et_pb_image][et_pb_text module_id=&#8220;anker_caracciola&#8220; _builder_version=&#8220;4.16&#8243; global_colors_info=&#8220;{}&#8220; theme_builder_area=&#8220;post_content&#8220;]<\/p>\n<p><em>Die Botucal-B\u00fcste wurde in einer Kleinserie von 50 St\u00fcck hergestellt, damit mehrere ausgew\u00e4hlte Vertriebspartner jeweils eine B\u00fcste erhalten konnten.<\/em><\/p>\n<p>[\/et_pb_text][\/et_pb_column][\/et_pb_row][\/et_pb_section]<\/p>\n","protected":false},"excerpt":{"rendered":"<p>B\u00fcste als Markensymbol: Kleinserie einer B\u00fcste f\u00fcr eine Markeneinf\u00fchrung Zur Marken-Einf\u00fchrung des Botucal-Rums erstellten wir f\u00fcr den deutschen Importeur diese B\u00fcste. Aus Vorlage diente uns der Kupferstich, der auch das Etikett der Flaschen ziert und als Erkennungsmerkmal der Marke dient. Ausgew\u00e4hlte Vertriebspartner des Herstellers erhalten diese B\u00fcste f\u00fcr ihre Gesch\u00e4ftsr\u00e4ume.Marketingbild des Herstellers Quelle: Sierra Madre [&hellip;]<\/p>\n","protected":false},"author":1,"featured_media":0,"parent":0,"menu_order":0,"comment_status":"closed","ping_status":"closed","template":"","meta":{"_et_pb_use_builder":"on","_et_pb_old_content":"","_et_gb_content_width":""},"_links":{"self":[{"href":"https:\/\/www.ego-3d.de\/modellbau\/wp-json\/wp\/v2\/pages\/3291"}],"collection":[{"href":"https:\/\/www.ego-3d.de\/modellbau\/wp-json\/wp\/v2\/pages"}],"about":[{"href":"https:\/\/www.ego-3d.de\/modellbau\/wp-json\/wp\/v2\/types\/page"}],"author":[{"embeddable":true,"href":"https:\/\/www.ego-3d.de\/modellbau\/wp-json\/wp\/v2\/users\/1"}],"replies":[{"embeddable":true,"href":"https:\/\/www.ego-3d.de\/modellbau\/wp-json\/wp\/v2\/comments?post=3291"}],"version-history":[{"count":2,"href":"https:\/\/www.ego-3d.de\/modellbau\/wp-json\/wp\/v2\/pages\/3291\/revisions"}],"predecessor-version":[{"id":3293,"href":"https:\/\/www.ego-3d.de\/modellbau\/wp-json\/wp\/v2\/pages\/3291\/revisions\/3293"}],"wp:attachment":[{"href":"https:\/\/www.ego-3d.de\/modellbau\/wp-json\/wp\/v2\/media?parent=3291"}],"curies":[{"name":"wp","href":"https:\/\/api.w.org\/{rel}","templated":true}]}}