{"id":3287,"date":"2023-07-11T16:33:10","date_gmt":"2023-07-11T14:33:10","guid":{"rendered":"https:\/\/www.ego-3d.de\/modellbau\/?page_id=3287"},"modified":"2023-07-11T16:33:10","modified_gmt":"2023-07-11T14:33:10","slug":"komponisten-buesten","status":"publish","type":"page","link":"https:\/\/www.ego-3d.de\/modellbau\/komponisten-buesten\/","title":{"rendered":"Komponisten-B\u00fcsten"},"content":{"rendered":"<p>[et_pb_section fb_built=&#8220;1&#8243; _builder_version=&#8220;4.19.4&#8243; _module_preset=&#8220;default&#8220; background_color=&#8220;RGBA(255,255,255,0)&#8220; background_enable_image=&#8220;off&#8220; background_size=&#8220;initial&#8220; background_position=&#8220;top_center&#8220; background_repeat=&#8220;repeat-y&#8220; global_colors_info=&#8220;{}&#8220; theme_builder_area=&#8220;post_content&#8220;][et_pb_row column_structure=&#8220;1_2,1_2&#8243; _builder_version=&#8220;4.16&#8243; background_color=&#8220;rgba(255,255,255,0.65)&#8220; custom_margin=&#8220;0px||20px|&#8220; custom_padding=&#8220;15px|15px|15px|15px&#8220; box_shadow_style=&#8220;preset1&#8243; global_colors_info=&#8220;{}&#8220; theme_builder_area=&#8220;post_content&#8220;][et_pb_column type=&#8220;1_2&#8243; _builder_version=&#8220;4.16&#8243; custom_padding=&#8220;|||&#8220; global_colors_info=&#8220;{}&#8220; custom_padding__hover=&#8220;|||&#8220; theme_builder_area=&#8220;post_content&#8220;][et_pb_text _builder_version=&#8220;4.16&#8243; global_colors_info=&#8220;{}&#8220; theme_builder_area=&#8220;post_content&#8220;]<\/p>\n<h2 style=\"text-align: justify;\"><strong>Komponisten-B\u00fcsten:<\/strong><\/h2>\n<h2 style=\"text-align: justify;\">\u00dcberlebensgro\u00dfe B\u00fcsten aus dem 3D-Drucker f\u00fcr die Deutsche Oper Berlin<\/h2>\n<p style=\"text-align: justify;\">F\u00fcr eine Inszenierung an der Deutschen Oper in Berlin fertigten wir 11 B\u00fcsten ber\u00fchmter Komponisten an, Bach, Beethoven, Berlioz, Brahms, Haydn, Mozart, Rossini, Tschaikowski, Verdi, Wagner und Zemlinsky. Damit das Publikum die B\u00fcsten gut sehen konnte, stellten wir sie \u00fcberlebensgro\u00df her, ca. 40% gr\u00f6\u00dfer, als ein \u00fcblicher menschlicher Kopf.<\/p>\n<h3 style=\"text-align: justify;\">Sonderfunktion: Mozart &amp; Brahms mehrfach zerbrechbar!<\/h3>\n<p style=\"text-align: justify;\">Die B\u00fcsten Mozarts und Brahms sollten w\u00e4hrend der Inszenierung von einem der Darsteller auf den Boden geschmissen werden und dabei zerbrechen, ohne jedoch tats\u00e4chlich kaputt zu gehen. Sie wurden schlie\u00dflich f\u00fcr viele aufeinanderfolgende Vorstellung ben\u00f6tigt. Daf\u00fcr stellten wir diese B\u00fcsten in drei Teilen her, die vor jeder Vorstellung minimal miteinander verklebt wurden, so dass sie leicht auseinanderbrachen. Damit keine weiteren unvorhergesehenen Br\u00fcche entstehen konnten, die die B\u00fcsten tats\u00e4chlich besch\u00e4digt h\u00e4tten, druckten wir sie dickwandig und mit einer versteifenden Innenkonstruktion. So blieben die B\u00fcsten leicht und waren dennoch sehr robust.<\/p>\n<p style=\"text-align: justify;\">PLA ist ein sehr robuster Kunststoff, den wir f\u00fcr solche Anforderungen immer wieder verwenden. Im FDM-Druck ist es m\u00f6glich, die Materialst\u00e4rken beliebig zu variieren und hohle Innenr\u00e4ume mit stabilen Gitterstrukturen auszuf\u00fcllen, die dem Kunststoff eine H\u00e4rte geben, die eher an Hartholz erinnert, als an Plastik.<\/p>\n<p>[\/et_pb_text][\/et_pb_column][et_pb_column type=&#8220;1_2&#8243; _builder_version=&#8220;4.16&#8243; custom_padding=&#8220;|||&#8220; global_colors_info=&#8220;{}&#8220; custom_padding__hover=&#8220;|||&#8220; theme_builder_area=&#8220;post_content&#8220;][et_pb_image src=&#8220;https:\/\/www.ego-3d.de\/modellbau\/wp-content\/uploads\/2020\/08\/EGO3D_B\u00fcsten_f\u00fcr_deutsche_Oper_01.jpg&#8220; align_tablet=&#8220;center&#8220; align_phone=&#8220;&#8220; align_last_edited=&#8220;on|desktop&#8220; _builder_version=&#8220;4.16&#8243; box_shadow_style=&#8220;preset1&#8243; box_shadow_blur=&#8220;10px&#8220; global_colors_info=&#8220;{}&#8220; theme_builder_area=&#8220;post_content&#8220;][\/et_pb_image][et_pb_image src=&#8220;https:\/\/www.ego-3d.de\/modellbau\/wp-content\/uploads\/2020\/08\/EGO3D_B\u00fcsten_f\u00fcr_deutsche_Oper_02.jpg&#8220; align_tablet=&#8220;center&#8220; align_phone=&#8220;&#8220; align_last_edited=&#8220;on|desktop&#8220; _builder_version=&#8220;4.16&#8243; box_shadow_style=&#8220;preset1&#8243; box_shadow_blur=&#8220;10px&#8220; global_colors_info=&#8220;{}&#8220; theme_builder_area=&#8220;post_content&#8220;][\/et_pb_image][et_pb_image src=&#8220;https:\/\/www.ego-3d.de\/modellbau\/wp-content\/uploads\/2020\/08\/EGO3D_Opernauff\u00fchrung_der_Zwerg_Deutsche_Oper_Berlin.jpg&#8220; align_tablet=&#8220;center&#8220; align_phone=&#8220;&#8220; align_last_edited=&#8220;on|desktop&#8220; module_id=&#8220;anker_botucal&#8220; _builder_version=&#8220;4.16&#8243; custom_margin=&#8220;||15px|&#8220; box_shadow_style=&#8220;preset1&#8243; box_shadow_blur=&#8220;10px&#8220; global_colors_info=&#8220;{}&#8220; theme_builder_area=&#8220;post_content&#8220;][\/et_pb_image][et_pb_text _builder_version=&#8220;4.16&#8243; global_colors_info=&#8220;{}&#8220; theme_builder_area=&#8220;post_content&#8220;]<\/p>\n<p><em>Die Oper &#8222;Der Zwerg&#8220; von Alexander Zemlinsky in der Deutschen Oper Berlin<br \/> Quelle: <\/em><em>Opernfotograf D. Kurth (Ausschnitt)<\/em><a href=\"https:\/\/deutscheoperberlin.de\"><em><\/em><\/a><\/p>\n<p>[\/et_pb_text][\/et_pb_column][\/et_pb_row][\/et_pb_section]<\/p>\n","protected":false},"excerpt":{"rendered":"<p>Komponisten-B\u00fcsten: \u00dcberlebensgro\u00dfe B\u00fcsten aus dem 3D-Drucker f\u00fcr die Deutsche Oper Berlin F\u00fcr eine Inszenierung an der Deutschen Oper in Berlin fertigten wir 11 B\u00fcsten ber\u00fchmter Komponisten an, Bach, Beethoven, Berlioz, Brahms, Haydn, Mozart, Rossini, Tschaikowski, Verdi, Wagner und Zemlinsky. Damit das Publikum die B\u00fcsten gut sehen konnte, stellten wir sie \u00fcberlebensgro\u00df her, ca. 40% gr\u00f6\u00dfer, [&hellip;]<\/p>\n","protected":false},"author":1,"featured_media":0,"parent":0,"menu_order":0,"comment_status":"closed","ping_status":"closed","template":"","meta":{"_et_pb_use_builder":"on","_et_pb_old_content":"","_et_gb_content_width":""},"_links":{"self":[{"href":"https:\/\/www.ego-3d.de\/modellbau\/wp-json\/wp\/v2\/pages\/3287"}],"collection":[{"href":"https:\/\/www.ego-3d.de\/modellbau\/wp-json\/wp\/v2\/pages"}],"about":[{"href":"https:\/\/www.ego-3d.de\/modellbau\/wp-json\/wp\/v2\/types\/page"}],"author":[{"embeddable":true,"href":"https:\/\/www.ego-3d.de\/modellbau\/wp-json\/wp\/v2\/users\/1"}],"replies":[{"embeddable":true,"href":"https:\/\/www.ego-3d.de\/modellbau\/wp-json\/wp\/v2\/comments?post=3287"}],"version-history":[{"count":2,"href":"https:\/\/www.ego-3d.de\/modellbau\/wp-json\/wp\/v2\/pages\/3287\/revisions"}],"predecessor-version":[{"id":3289,"href":"https:\/\/www.ego-3d.de\/modellbau\/wp-json\/wp\/v2\/pages\/3287\/revisions\/3289"}],"wp:attachment":[{"href":"https:\/\/www.ego-3d.de\/modellbau\/wp-json\/wp\/v2\/media?parent=3287"}],"curies":[{"name":"wp","href":"https:\/\/api.w.org\/{rel}","templated":true}]}}