{"id":3270,"date":"2023-07-11T16:15:42","date_gmt":"2023-07-11T14:15:42","guid":{"rendered":"https:\/\/www.ego-3d.de\/modellbau\/?page_id=3270"},"modified":"2023-07-11T16:16:05","modified_gmt":"2023-07-11T14:16:05","slug":"buesten-fuer-das-deutschlandmuseum","status":"publish","type":"page","link":"https:\/\/www.ego-3d.de\/modellbau\/buesten-fuer-das-deutschlandmuseum\/","title":{"rendered":"B\u00fcsten f\u00fcr das Deutschlandmuseum"},"content":{"rendered":"<p>[et_pb_section fb_built=&#8220;1&#8243; _builder_version=&#8220;4.19.4&#8243; _module_preset=&#8220;default&#8220; background_color=&#8220;RGBA(255,255,255,0)&#8220; background_enable_image=&#8220;off&#8220; background_size=&#8220;initial&#8220; background_position=&#8220;top_center&#8220; background_repeat=&#8220;repeat-y&#8220; global_colors_info=&#8220;{}&#8220;][et_pb_row _builder_version=&#8220;4.19.4&#8243; _module_preset=&#8220;default&#8220; background_color=&#8220;rgba(255,255,255,0.65)&#8220; custom_margin=&#8220;0px||0px||false|false&#8220; custom_padding=&#8220;15px|15px|0px|15px|false|false&#8220; box_shadow_style=&#8220;preset1&#8243; global_colors_info=&#8220;{}&#8220;][et_pb_column type=&#8220;4_4&#8243; _builder_version=&#8220;4.19.4&#8243; _module_preset=&#8220;default&#8220; global_colors_info=&#8220;{}&#8220;][et_pb_text _builder_version=&#8220;4.19.4&#8243; _module_preset=&#8220;default&#8220; custom_margin=&#8220;||0px||false|false&#8220; global_colors_info=&#8220;{}&#8220;]<\/p>\n<h2 style=\"text-align: center;\"><strong>Goethe, Kant &amp; Co f\u00fcr das Deutschlandmuseum<br \/><\/strong><\/h2>\n<h2 style=\"text-align: center;\">10 lebensgro\u00dfe B\u00fcsten ber\u00fchmter deutscher Pers\u00f6nlichkeiten aus der Zeit der Aufkl\u00e4rung<\/h2>\n<p>[\/et_pb_text][et_pb_image src=&#8220;https:\/\/www.ego-3d.de\/modellbau\/wp-content\/uploads\/2023\/07\/EGO3D_10_Buesten_fuers_Deustchlandmuseum_2.jpg&#8220; title_text=&#8220;EGO3D_10_Buesten_fuers_Deustchlandmuseum_2&#8243; _builder_version=&#8220;4.19.4&#8243; _module_preset=&#8220;default&#8220; custom_margin=&#8220;10px||||false|false&#8220; global_colors_info=&#8220;{}&#8220;][\/et_pb_image][\/et_pb_column][\/et_pb_row][et_pb_row column_structure=&#8220;1_2,1_2&#8243; _builder_version=&#8220;4.16&#8243; background_color=&#8220;rgba(255,255,255,0.65)&#8220; custom_margin=&#8220;0px||20px|&#8220; custom_padding=&#8220;15px|15px|15px|15px&#8220; box_shadow_style=&#8220;preset1&#8243; global_colors_info=&#8220;{}&#8220; theme_builder_area=&#8220;post_content&#8220;][et_pb_column type=&#8220;1_2&#8243; _builder_version=&#8220;4.16&#8243; custom_padding=&#8220;|||&#8220; global_colors_info=&#8220;{}&#8220; custom_padding__hover=&#8220;|||&#8220; theme_builder_area=&#8220;post_content&#8220;][et_pb_text _builder_version=&#8220;4.19.4&#8243; global_colors_info=&#8220;{}&#8220; theme_builder_area=&#8220;post_content&#8220;]<\/p>\n<p style=\"text-align: justify;\">P\u00fcnktlich zum Jahrestag des Volksaufstandes in der DDR wurden am 17. Juni 2023 die Pforten des Deutschlandmuseums ge\u00f6ffnet. Das neue Museum am Potsdamer Platz in Berlin erz\u00e4hlt anhand von Exponaten, aber vor allem sehenswert arrangierten R\u00e4umen 2000 Jahre deutsche Geschichte. Das Hauptaugenmerk liegt dabei auf einem einfachen und unterhaltsamen Einstieg in die Geschichte mit Hilfe von Spielen, nachgebauten Settings, virtueller Realit\u00e4t und kurzen Infotafeln.<br \/>Sinngem\u00e4\u00df sagt, Robert R\u00fcckel, der Gr\u00fcnder des Museums:<br \/>\u201eWenn die Leute nach unserer Ausstellung ins Deutsche Historische Museum gehen und mehr wissen wollen, haben wir unsere Aufgabe erf\u00fcllt.\u201c<\/p>\n<p style=\"text-align: justify;\">Dabei d\u00fcrfen nat\u00fcrlich auch nicht die gro\u00dfen Dichter und Denker der Zeit der Aufkl\u00e4rung fehlen. Daher bekamen wir den Auftrag, 10 lebensgro\u00dfe B\u00fcsten f\u00fcr das Museum zu modellieren, unter anderem Goethe, Schiller, Kant, Leibniz, Lessing und Herder. Da wir schon zahlreiche historische Pers\u00f6nlichkeiten modelliert hatten, war das Vorgehen hierbei nichts neues:<\/p>\n<p style=\"text-align: justify;\">Anhand von recherchierten Bildnissen mussten wir uns f\u00fcr bestimmte Ausf\u00fchrungen entscheiden. Goethe zum Beispiel ist auf den meisten Bildern gut zu erkennen. Aber weniger ber\u00fchmte Personen wurden nur selten gemalt, und dann eventuell auf sehr unterschiedliche Weise. Hier war es die Aufgabe unserer Modellierer, basierend auf diesen unterschiedlichen Darstellungen eine neue, aber historisch m\u00f6glichst korrekte \u201ePortrait-Interpretation\u201c zu erschaffen.<\/p>\n<p>[\/et_pb_text][et_pb_image src=&#8220;https:\/\/www.ego-3d.de\/modellbau\/wp-content\/uploads\/2023\/06\/230616-Deutschlandmuseum-201446.jpg&#8220; title_text=&#8220;Deutschlandmuseum&#8220; align_tablet=&#8220;center&#8220; align_phone=&#8220;&#8220; align_last_edited=&#8220;on|desktop&#8220; module_id=&#8220;anker_heulende_helden&#8220; _builder_version=&#8220;4.19.4&#8243; custom_margin=&#8220;||15px|&#8220; box_shadow_style=&#8220;preset1&#8243; box_shadow_blur=&#8220;10px&#8220; global_colors_info=&#8220;{}&#8220; theme_builder_area=&#8220;post_content&#8220;][\/et_pb_image][et_pb_text _builder_version=&#8220;4.19.4&#8243; global_colors_info=&#8220;{}&#8220; theme_builder_area=&#8220;post_content&#8220;]<\/p>\n<p><em>Die B\u00fcsten in der Ausstellung<br \/><\/em><em>Deutschlandmuseum Berlin, Foto: David Weyand<br \/><\/em><\/p>\n<p>[\/et_pb_text][\/et_pb_column][et_pb_column type=&#8220;1_2&#8243; _builder_version=&#8220;4.16&#8243; custom_padding=&#8220;|||&#8220; global_colors_info=&#8220;{}&#8220; custom_padding__hover=&#8220;|||&#8220; theme_builder_area=&#8220;post_content&#8220;][et_pb_image src=&#8220;https:\/\/www.ego-3d.de\/modellbau\/wp-content\/uploads\/2023\/06\/230616-Deutschlandmuseum-214143.jpg&#8220; title_text=&#8220;Deutschlandmuseum&#8220; align_tablet=&#8220;center&#8220; align_phone=&#8220;&#8220; align_last_edited=&#8220;on|desktop&#8220; _builder_version=&#8220;4.19.4&#8243; custom_margin=&#8220;||15px|&#8220; box_shadow_style=&#8220;preset1&#8243; box_shadow_blur=&#8220;10px&#8220; global_colors_info=&#8220;{}&#8220; theme_builder_area=&#8220;post_content&#8220;][\/et_pb_image][et_pb_text _builder_version=&#8220;4.19.4&#8243; custom_margin=&#8220;|||&#8220; global_colors_info=&#8220;{}&#8220; theme_builder_area=&#8220;post_content&#8220;]<\/p>\n<p><em>Goethe-B\u00fcste in der Ausstellung<br \/>Deutschlandmuseum Berlin, Foto: David Weyand<br \/><\/em><\/p>\n<p>[\/et_pb_text][et_pb_text _builder_version=&#8220;4.19.4&#8243; _module_preset=&#8220;default&#8220; global_colors_info=&#8220;{}&#8220; theme_builder_area=&#8220;post_content&#8220;]<\/p>\n<p style=\"text-align: justify;\">In direkter Abstimmung mit dem Kunden (anhand von Vorschaubildern) wurden so die 10 B\u00fcsten modelliert und nach der Freigabe im SLA-3D-Druckverfahren hergestellt. Mit einer steinhaften Oberfl\u00e4che versehen stellte das Museum die B\u00fcsten schlie\u00dflich in einer spannenden Rauminstallation auf.<\/p>\n<p style=\"text-align: justify;\">Dies ist ein weiteres Beispiel daf\u00fcr, wie digitale Modellierung und 3D-Druck gerade im Bereich von Ausstellungen und Museen wertvolle Erg\u00e4nzungen darstellen k\u00f6nnen, oder sogar zum Hauptinhalt eines ganzen Themenbereiches werden k\u00f6nnen.<\/p>\n<p>[\/et_pb_text][et_pb_image src=&#8220;https:\/\/www.ego-3d.de\/modellbau\/wp-content\/uploads\/2023\/06\/230616-Deutschlandmuseum-201537.jpg&#8220; title_text=&#8220;Deutschlandmuseum&#8220; align_tablet=&#8220;center&#8220; align_phone=&#8220;&#8220; align_last_edited=&#8220;on|desktop&#8220; module_id=&#8220;anker_heulende_helden&#8220; _builder_version=&#8220;4.19.4&#8243; custom_margin=&#8220;||15px|&#8220; box_shadow_style=&#8220;preset1&#8243; box_shadow_blur=&#8220;10px&#8220; global_colors_info=&#8220;{}&#8220; theme_builder_area=&#8220;post_content&#8220;][\/et_pb_image][et_pb_text _builder_version=&#8220;4.19.4&#8243; global_colors_info=&#8220;{}&#8220; theme_builder_area=&#8220;post_content&#8220;]<\/p>\n<p><em>B\u00fcsten von Kant und Leibniz in der Ausstellung<br \/>Deutschlandmuseum Berlin, Foto: David Weyand<br \/><\/em><em><\/em><\/p>\n<p>[\/et_pb_text][\/et_pb_column][\/et_pb_row][\/et_pb_section]<\/p>\n","protected":false},"excerpt":{"rendered":"<p>Goethe, Kant &amp; Co f\u00fcr das Deutschlandmuseum 10 lebensgro\u00dfe B\u00fcsten ber\u00fchmter deutscher Pers\u00f6nlichkeiten aus der Zeit der Aufkl\u00e4rungP\u00fcnktlich zum Jahrestag des Volksaufstandes in der DDR wurden am 17. Juni 2023 die Pforten des Deutschlandmuseums ge\u00f6ffnet. Das neue Museum am Potsdamer Platz in Berlin erz\u00e4hlt anhand von Exponaten, aber vor allem sehenswert arrangierten R\u00e4umen 2000 Jahre [&hellip;]<\/p>\n","protected":false},"author":1,"featured_media":0,"parent":0,"menu_order":0,"comment_status":"closed","ping_status":"closed","template":"","meta":{"_et_pb_use_builder":"on","_et_pb_old_content":"","_et_gb_content_width":""},"_links":{"self":[{"href":"https:\/\/www.ego-3d.de\/modellbau\/wp-json\/wp\/v2\/pages\/3270"}],"collection":[{"href":"https:\/\/www.ego-3d.de\/modellbau\/wp-json\/wp\/v2\/pages"}],"about":[{"href":"https:\/\/www.ego-3d.de\/modellbau\/wp-json\/wp\/v2\/types\/page"}],"author":[{"embeddable":true,"href":"https:\/\/www.ego-3d.de\/modellbau\/wp-json\/wp\/v2\/users\/1"}],"replies":[{"embeddable":true,"href":"https:\/\/www.ego-3d.de\/modellbau\/wp-json\/wp\/v2\/comments?post=3270"}],"version-history":[{"count":3,"href":"https:\/\/www.ego-3d.de\/modellbau\/wp-json\/wp\/v2\/pages\/3270\/revisions"}],"predecessor-version":[{"id":3276,"href":"https:\/\/www.ego-3d.de\/modellbau\/wp-json\/wp\/v2\/pages\/3270\/revisions\/3276"}],"wp:attachment":[{"href":"https:\/\/www.ego-3d.de\/modellbau\/wp-json\/wp\/v2\/media?parent=3270"}],"curies":[{"name":"wp","href":"https:\/\/api.w.org\/{rel}","templated":true}]}}