{"id":3265,"date":"2023-07-11T16:10:19","date_gmt":"2023-07-11T14:10:19","guid":{"rendered":"https:\/\/www.ego-3d.de\/modellbau\/?page_id=3265"},"modified":"2023-07-11T16:10:19","modified_gmt":"2023-07-11T14:10:19","slug":"13-lebensgrosse-buesten","status":"publish","type":"page","link":"https:\/\/www.ego-3d.de\/modellbau\/13-lebensgrosse-buesten\/","title":{"rendered":"13 lebensgro\u00dfe B\u00fcsten"},"content":{"rendered":"<p>[et_pb_section fb_built=&#8220;1&#8243; _builder_version=&#8220;4.19.4&#8243; _module_preset=&#8220;default&#8220; background_color=&#8220;RGBA(255,255,255,0)&#8220; background_enable_image=&#8220;off&#8220; background_size=&#8220;initial&#8220; background_position=&#8220;top_center&#8220; background_repeat=&#8220;repeat-y&#8220; global_colors_info=&#8220;{}&#8220; theme_builder_area=&#8220;post_content&#8220;][et_pb_row column_structure=&#8220;1_2,1_2&#8243; _builder_version=&#8220;4.16&#8243; background_color=&#8220;rgba(255,255,255,0.65)&#8220; custom_margin=&#8220;0px||20px|&#8220; custom_padding=&#8220;15px|15px|15px|15px&#8220; box_shadow_style=&#8220;preset1&#8243; global_colors_info=&#8220;{}&#8220; theme_builder_area=&#8220;post_content&#8220;][et_pb_column type=&#8220;1_2&#8243; _builder_version=&#8220;4.16&#8243; custom_padding=&#8220;|||&#8220; global_colors_info=&#8220;{}&#8220; custom_padding__hover=&#8220;|||&#8220; theme_builder_area=&#8220;post_content&#8220;][et_pb_text _builder_version=&#8220;4.16&#8243; global_colors_info=&#8220;{}&#8220; theme_builder_area=&#8220;post_content&#8220;]<\/p>\n<h2 style=\"text-align: justify;\"><strong>13 lebensgro\u00dfe B\u00fcsten:<\/strong><\/h2>\n<h2 style=\"text-align: justify;\">B\u00fcsten ber\u00fchmter Pers\u00f6nlichkeiten f\u00fcr das Tell-Museum in B\u00fcrglen<\/h2>\n<p style=\"text-align: justify;\">F\u00fcr das Tell-Museum in B\u00fcrglen modellierten wir zw\u00f6lf B\u00fcsten verschiedener ber\u00fchmter Pers\u00f6nlichkeiten, die alle in ihrem jeweiligen Kontext als Helden bezeichnet wurden. Als dreizehnte B\u00fcste modellierten wir Wilhelm Tell selbst. Mit der Fragestellung &#8222;Wie Wilhelm Tell?&#8220; (siehe Abbildung) regt das Museum zur Er\u00f6rterung an, was es bedeutet, ein Held zu sein, und inwiefern dies auf den Schweizer Nationalhelden sowie die anderen Pers\u00f6nlichkeiten zutrifft.<\/p>\n<h3 style=\"text-align: justify;\">Die Herstellung der B\u00fcsten<\/h3>\n<p style=\"text-align: justify;\">Wir modellierten alle B\u00fcsten nach Fotovorlagen, Gem\u00e4lden oder Zeichnungen, die uns der Kunde zur Verf\u00fcgung stellte. Die B\u00fcsten sind lebensgro\u00df ausgef\u00fchrt. Da wir bei den echten Personen verst\u00e4ndlicherweise nicht Ma\u00df nehmen konnten, nutzten wir die K\u00f6rpergr\u00f6\u00dfen, falls bekannt, um auf die Kopfgr\u00f6\u00dfen zu schlie\u00dfen. Anhand von Vorschaubildern konnte der Kunde bei Bedarf \u00c4nderungsw\u00fcnsche \u00e4u\u00dfern. Schlie\u00dflich druckten wir die B\u00fcsten im FDM-Verfahren. Schlie\u00dflich wurden alle B\u00fcsten wei\u00df lackiert, aufwendig verpackt und per Spedition nach B\u00fcrglen in die Schweiz geliefert.<\/p>\n<h3 style=\"text-align: justify;\">Immer in Absprache mit den Kunden<\/h3>\n<p style=\"text-align: justify;\">Wir sprachen uns w\u00e4hrend der Modellierung mit dem Konstrukteur der Pr\u00e4sentations-Vitrine ab, damit sp\u00e4ter bei der Anlieferung der B\u00fcsten die Installation reibungslos ablaufen konnte. Wie hier stehen wir immer im Kontakt mit unseren Auftraggebern und eventuell Dritten, um auf die individuellen Anforderungen eines jeden Auftrags einzugehen und eine einfache und planvolle Weiterverwendung unserer Produkte zu gew\u00e4hrleisten.<\/p>\n<p>[\/et_pb_text][\/et_pb_column][et_pb_column type=&#8220;1_2&#8243; _builder_version=&#8220;4.16&#8243; custom_padding=&#8220;|||&#8220; global_colors_info=&#8220;{}&#8220; custom_padding__hover=&#8220;|||&#8220; theme_builder_area=&#8220;post_content&#8220;][et_pb_image src=&#8220;https:\/\/www.ego-3d.de\/modellbau\/wp-content\/uploads\/2020\/08\/EGO3D_Tell-Museum_B\u00fcrglen_Heldenb\u00fcsten.jpg&#8220; align_tablet=&#8220;center&#8220; align_phone=&#8220;&#8220; align_last_edited=&#8220;on|desktop&#8220; _builder_version=&#8220;4.16&#8243; custom_margin=&#8220;||15px|&#8220; box_shadow_style=&#8220;preset1&#8243; box_shadow_blur=&#8220;10px&#8220; global_colors_info=&#8220;{}&#8220; theme_builder_area=&#8220;post_content&#8220;][\/et_pb_image][et_pb_text _builder_version=&#8220;4.16&#8243; custom_margin=&#8220;|||&#8220; global_colors_info=&#8220;{}&#8220; theme_builder_area=&#8220;post_content&#8220;]<\/p>\n<p><em>Die B\u00fcsten in der Ausstellung, Quelle: Tell-Museum B\u00fcrglen<br \/><\/em><\/p>\n<p>[\/et_pb_text][et_pb_image src=&#8220;https:\/\/www.ego-3d.de\/modellbau\/wp-content\/uploads\/2020\/08\/EGO3D_Tell-Museum_B\u00fcrglen_Heldenb\u00fcsten_Detail.jpg&#8220; align_tablet=&#8220;center&#8220; align_phone=&#8220;&#8220; align_last_edited=&#8220;on|desktop&#8220; module_id=&#8220;anker_heulende_helden&#8220; _builder_version=&#8220;4.16&#8243; custom_margin=&#8220;||15px|&#8220; box_shadow_style=&#8220;preset1&#8243; box_shadow_blur=&#8220;10px&#8220; global_colors_info=&#8220;{}&#8220; theme_builder_area=&#8220;post_content&#8220;][\/et_pb_image][et_pb_text _builder_version=&#8220;4.16&#8243; global_colors_info=&#8220;{}&#8220; theme_builder_area=&#8220;post_content&#8220;]<\/p>\n<p><em>Die B\u00fcsten in der Ausstellung, Quelle: Tell-Museum B\u00fcrglen<\/em><\/p>\n<p>[\/et_pb_text][\/et_pb_column][\/et_pb_row][\/et_pb_section]<\/p>\n","protected":false},"excerpt":{"rendered":"<p>13 lebensgro\u00dfe B\u00fcsten: B\u00fcsten ber\u00fchmter Pers\u00f6nlichkeiten f\u00fcr das Tell-Museum in B\u00fcrglen F\u00fcr das Tell-Museum in B\u00fcrglen modellierten wir zw\u00f6lf B\u00fcsten verschiedener ber\u00fchmter Pers\u00f6nlichkeiten, die alle in ihrem jeweiligen Kontext als Helden bezeichnet wurden. Als dreizehnte B\u00fcste modellierten wir Wilhelm Tell selbst. Mit der Fragestellung &#8222;Wie Wilhelm Tell?&#8220; (siehe Abbildung) regt das Museum zur Er\u00f6rterung an, [&hellip;]<\/p>\n","protected":false},"author":1,"featured_media":0,"parent":0,"menu_order":0,"comment_status":"closed","ping_status":"closed","template":"","meta":{"_et_pb_use_builder":"on","_et_pb_old_content":"","_et_gb_content_width":""},"_links":{"self":[{"href":"https:\/\/www.ego-3d.de\/modellbau\/wp-json\/wp\/v2\/pages\/3265"}],"collection":[{"href":"https:\/\/www.ego-3d.de\/modellbau\/wp-json\/wp\/v2\/pages"}],"about":[{"href":"https:\/\/www.ego-3d.de\/modellbau\/wp-json\/wp\/v2\/types\/page"}],"author":[{"embeddable":true,"href":"https:\/\/www.ego-3d.de\/modellbau\/wp-json\/wp\/v2\/users\/1"}],"replies":[{"embeddable":true,"href":"https:\/\/www.ego-3d.de\/modellbau\/wp-json\/wp\/v2\/comments?post=3265"}],"version-history":[{"count":2,"href":"https:\/\/www.ego-3d.de\/modellbau\/wp-json\/wp\/v2\/pages\/3265\/revisions"}],"predecessor-version":[{"id":3267,"href":"https:\/\/www.ego-3d.de\/modellbau\/wp-json\/wp\/v2\/pages\/3265\/revisions\/3267"}],"wp:attachment":[{"href":"https:\/\/www.ego-3d.de\/modellbau\/wp-json\/wp\/v2\/media?parent=3265"}],"curies":[{"name":"wp","href":"https:\/\/api.w.org\/{rel}","templated":true}]}}