{"id":3236,"date":"2023-07-11T15:50:32","date_gmt":"2023-07-11T13:50:32","guid":{"rendered":"https:\/\/www.ego-3d.de\/modellbau\/?page_id=3236"},"modified":"2025-07-02T10:53:46","modified_gmt":"2025-07-02T08:53:46","slug":"stadtmodell-eckernfoerde","status":"publish","type":"page","link":"https:\/\/www.ego-3d.de\/modellbau\/stadtmodell-eckernfoerde\/","title":{"rendered":"Stadtmodell Eckernf\u00f6rde"},"content":{"rendered":"<p>[et_pb_section fb_built=&#8220;1&#8243; _builder_version=&#8220;4.19.4&#8243; _module_preset=&#8220;default&#8220; background_color=&#8220;RGBA(255,255,255,0)&#8220; background_enable_image=&#8220;off&#8220; background_size=&#8220;initial&#8220; background_position=&#8220;top_center&#8220; background_repeat=&#8220;repeat-y&#8220; global_colors_info=&#8220;{}&#8220;][et_pb_row column_structure=&#8220;1_2,1_2&#8243; _builder_version=&#8220;4.19.4&#8243; _module_preset=&#8220;default&#8220; background_color=&#8220;rgba(255,255,255,0.65)&#8220; custom_margin=&#8220;0px||20px|&#8220; custom_padding=&#8220;15px|15px|15px|15px&#8220; box_shadow_style=&#8220;preset1&#8243; global_colors_info=&#8220;{}&#8220;][et_pb_column type=&#8220;1_2&#8243; _builder_version=&#8220;4.19.4&#8243; _module_preset=&#8220;default&#8220; global_colors_info=&#8220;{}&#8220;][et_pb_text _builder_version=&#8220;4.19.4&#8243; _module_preset=&#8220;default&#8220; global_colors_info=&#8220;{}&#8220;]<\/p>\n<h2 style=\"margin-bottom: 0cm;\"><strong>Ein Modell am Hafen<br \/><\/strong><\/h2>\n<h2>Stadtmodell des Stadtzentrums Eckernf\u00f6rdes<\/h2>\n<p style=\"margin-bottom: 0cm; text-align: justify;\">Das Stadtmodell Eckernf\u00f6rde brachte ein paar interessante Herausforderungen mit sich. Zum einen konnte das Modell nicht beliebig gro\u00df werden, sondern musste mit einem halben Quadratmeter Grundfl\u00e4che auskommen. Innerhalb dieses Rahmens galt es, so viel wie m\u00f6glich vom Stadtzentrum und dem Hafen unterzubringen. Einige markante Geb\u00e4ude der Stadt sollten detailreicher dargestellt werden als der Rest der Bebauung.<\/p>\n<p>[\/et_pb_text][et_pb_code _builder_version=&#8220;4.19.4&#8243; _module_preset=&#8220;default&#8220; global_colors_info=&#8220;{}&#8220;]<script><!-- [et_pb_line_break_holder] -->jQuery(document).ready(function($) {<!-- [et_pb_line_break_holder] -->    var $videoBoxes = $('.dm-autoplay-btn .et_pb_video_box');<!-- [et_pb_line_break_holder] -->    <!-- [et_pb_line_break_holder] -->    if ($videoBoxes.length !== 0) {<!-- [et_pb_line_break_holder] -->        $videoBoxes.find('video')<!-- [et_pb_line_break_holder] -->            .prop('muted', true)<!-- [et_pb_line_break_holder] -->            .prop('loop', true)<!-- [et_pb_line_break_holder] -->            .prop('playsInline', true);<!-- [et_pb_line_break_holder] -->        <!-- [et_pb_line_break_holder] -->        $videoBoxes.each(function() {<!-- [et_pb_line_break_holder] -->            this.querySelector('video').play();<!-- [et_pb_line_break_holder] -->        });<!-- [et_pb_line_break_holder] -->    }<!-- [et_pb_line_break_holder] -->});<!-- [et_pb_line_break_holder] --><\/script>[\/et_pb_code][et_pb_image src=&#8220;https:\/\/www.ego-3d.de\/modellbau\/wp-content\/uploads\/2023\/07\/EGO3D_Detailausschnitt_Stadtmodell_Eckernfoerde.jpg&#8220; title_text=&#8220;EGO3D_Detailausschnitt_Stadtmodell_Eckernf\u00f6rde&#8220; align_tablet=&#8220;center&#8220; align_phone=&#8220;center&#8220; align_last_edited=&#8220;on|desktop&#8220; _builder_version=&#8220;4.19.4&#8243; _module_preset=&#8220;default&#8220; custom_margin=&#8220;||15px||false|false&#8220; custom_padding=&#8220;||||false|false&#8220; box_shadow_style=&#8220;preset1&#8243; box_shadow_blur=&#8220;10px&#8220; global_colors_info=&#8220;{}&#8220;][\/et_pb_image][et_pb_text _builder_version=&#8220;4.19.4&#8243; _module_preset=&#8220;default&#8220; global_colors_info=&#8220;{}&#8220;]<\/p>\n<p style=\"line-height: 100%; margin-bottom: 0cm;\" align=\"justify\"><em>Ein Detailausschnitt der digitalen Vorschau f\u00fcr den Kunden<\/em><\/p>\n<p>[\/et_pb_text][et_pb_video src=&#8220;https:\/\/www.ego-3d.de\/modellbau\/wp-content\/uploads\/2025\/07\/EGO3D_Eckernfoerde-Turntable_klein.mp4&#8243; module_class=&#8220;dm-autoplay-btn&#8220; _builder_version=&#8220;4.19.4&#8243; _module_preset=&#8220;default&#8220; custom_margin=&#8220;||15px||false|false&#8220; hover_enabled=&#8220;0&#8243; box_shadow_style=&#8220;preset1&#8243; box_shadow_blur=&#8220;10px&#8220; global_colors_info=&#8220;{}&#8220; sticky_enabled=&#8220;0&#8243;][\/et_pb_video][et_pb_text _builder_version=&#8220;4.19.4&#8243; _module_preset=&#8220;default&#8220; global_colors_info=&#8220;{}&#8220;]<\/p>\n<p style=\"line-height: 100%; margin-bottom: 0cm;\" align=\"justify\"><em>Weiter unten k\u00f6nnen Sie dieses Video auch in gro\u00df sehen<\/em><\/p>\n<p>[\/et_pb_text][et_pb_text _builder_version=&#8220;4.19.4&#8243; _module_preset=&#8220;default&#8220; global_colors_info=&#8220;{}&#8220;]<\/p>\n<p style=\"margin-bottom: 0cm;\" align=\"justify\">Dar\u00fcber hinaus gibt es nicht viele St\u00e4dte, die direkt am Meer oder an einem gro\u00dfen Meeresarm liegen. Eckernf\u00f6rde liegt direkt an der gleichnamigen Bucht. Das Stadtbild wird von einem langen Strand im Osten begrenzt. Im Norden umrahmt das Hafenbecken die Innenstadt und reicht gen S\u00fcdosten fast bis ans Windebeyer Noor heran, eine weitere gr\u00f6\u00dfere Wasserfl\u00e4che westlich der Stadt. Der Unterschied zwischen bebauten Landfl\u00e4chen, Hafen und offener Bucht stellte einen interessanten Kontrast dar, dem wir beim Modellieren besondere Aufmerksamkeit zukommen lie\u00dfen.<\/p>\n<p style=\"margin-bottom: 0cm;\" align=\"justify\">Aber um \u00fcberhaupt die Chance zu haben, alle W\u00fcnsche und Details in dem Modell unterzubringen, stimmten wir uns mit dem Kunden ab und machten mehrere Vorschl\u00e4ge, wie das Modell am besten auszurichten und zu beschneiden w\u00e4re. W\u00e4hrend wir anfangs beinahe einen Ma\u00dfstab von 1:2000 hatten, kamen wir so schlie\u00dflich auf einen fast doppelt so gro\u00dfen Ma\u00dfstab von 1:1200. Nur so war es \u00fcberhaupt m\u00f6glich, einzelne Geb\u00e4ude mit ein paar Details auszustatten, wie gro\u00dfen Fenstern, T\u00fcren und \u00e4hnlichen.<\/p>\n<p style=\"margin-bottom: 0cm;\" align=\"justify\">Wir brachten bei den Detailgeb\u00e4uden sogar Dachstruktur auf. Hier wandten wir einen unserer \u00fcblichen Tricks an: Wir modellierten die D\u00e4cher mit wenigen \u00fcberdimensionierten Ziegelreihen. Bei Eckernf\u00f6rde mussten wir aufgrund des immer noch recht kleinen Ma\u00dfstabes diesen Trick zwar deutlich \u00fcbersteigern, doch das Ergebnis spricht f\u00fcr sich. Wenn Ziegelstruktur in einem Modell milimeterfein ausgef\u00fchrt ist, h\u00e4lt das Auge diese Details f\u00fcr richtig, auch wenn sie tats\u00e4chlich \u201e\u00fcberdimensioniert\u201c sind.<\/p>\n<p style=\"margin-bottom: 0cm;\" align=\"justify\">Zu all dem mussten wir auch noch Platz finden f\u00fcr eine Legende mit 9 Einzelpunkten in lesbarer Schrift sowie taktiler Brailleschrift f\u00fcr Menschen mit Sehbeeintr\u00e4chtigung. \u00dcblicherweise bringen wir Legenden auf leicht erhabenen rechteckigen Fl\u00e4chen an, die in unwichtigeren Randbereichen eines Stadtmodells Platz finden k\u00f6nnen. Bei Eckernf\u00f6rde war jedoch die einzige gro\u00dfe freie Fl\u00e4che die Meeresbucht. Doch ein \u201eLegenden-Block\u201c sah dort wie ein Fremdk\u00f6rper aus, der die Bucht einengte. Daher entschieden wir uns an dieser Stelle, Nur die Wellenstruktur auszugl\u00e4tten und die Schrift direkt auf der Oberfl\u00e4che aufzubringen, wodurch die Legende viel unaufdringlicher wirkt.<\/p>\n<p style=\"margin-bottom: 0cm;\" align=\"justify\">Im Hafen konnten wir weitere Detailvielfalt modellieren. Auch wenn die einzelnen Boote, Schiffe und Stege nur einfache Objekte sind, macht ihre schiere Anzahl den Miniatur-Hafen zu einem belebten Blickfang des Stadtmodells. Stra\u00dfen und Schienen modellierten wir am Rand der Innenstadt und rahmten so das ganze vom Westen her zus\u00e4tzlich ein.<\/p>\n<p style=\"margin-bottom: 0cm;\" align=\"justify\">Nachdem unser Kunde das Modell anhand unserer Vorschaubilder freigegeben hatte, fertigten wir es im SLA-Verfahren, einer hochdetailierten 3D-Drucktechnik. Anschlie\u00dfend wurde das Modell in unserer Werkstatt in Feinarbeit finalisiert und endgepr\u00fcft. Schlie\u00dflich wurde das Modell in Bronze gegossen und am (\u2026) in Eckernf\u00f6rde direkt am Hafengel\u00e4nde eingeweiht.<\/p>\n<p>[\/et_pb_text][et_pb_image src=&#8220;https:\/\/www.ego-3d.de\/modellbau\/wp-content\/uploads\/2023\/07\/EGO3D_Detail_des_fertigen_Bronzestadtmodells_Eckernfoerdes.jpg&#8220; title_text=&#8220;EGO3D_Detail_des_fertigen_Bronzestadtmodells_Eckernf\u00f6rdes&#8220; align_tablet=&#8220;center&#8220; align_phone=&#8220;center&#8220; align_last_edited=&#8220;on|desktop&#8220; _builder_version=&#8220;4.19.4&#8243; _module_preset=&#8220;default&#8220; custom_margin=&#8220;||15px||false|false&#8220; custom_padding=&#8220;||||false|false&#8220; box_shadow_style=&#8220;preset1&#8243; box_shadow_blur=&#8220;10px&#8220; global_colors_info=&#8220;{}&#8220;][\/et_pb_image][et_pb_text _builder_version=&#8220;4.19.4&#8243; _module_preset=&#8220;default&#8220; global_colors_info=&#8220;{}&#8220;]<\/p>\n<p><em>Detailansicht des fertigen Bronzemodells<br \/><\/em><\/p>\n<p>[\/et_pb_text][\/et_pb_column][et_pb_column type=&#8220;1_2&#8243; _builder_version=&#8220;4.19.4&#8243; _module_preset=&#8220;default&#8220; global_colors_info=&#8220;{}&#8220;][et_pb_image src=&#8220;https:\/\/www.ego-3d.de\/modellbau\/wp-content\/uploads\/2023\/07\/230428-ape-bronzemodell-1-neu.webp&#8220; title_text=&#8220;230428-ape-bronzemodell-1-neu&#8220; align_tablet=&#8220;center&#8220; align_phone=&#8220;center&#8220; align_last_edited=&#8220;on|desktop&#8220; _builder_version=&#8220;4.19.4&#8243; _module_preset=&#8220;default&#8220; custom_margin=&#8220;||15px||false|false&#8220; custom_padding=&#8220;||||false|false&#8220; box_shadow_style=&#8220;preset1&#8243; box_shadow_blur=&#8220;10px&#8220; global_colors_info=&#8220;{}&#8220;][\/et_pb_image][et_pb_text _builder_version=&#8220;4.19.4&#8243; _module_preset=&#8220;default&#8220; global_colors_info=&#8220;{}&#8220;]<\/p>\n<p style=\"line-height: 100%; margin-bottom: 0cm;\" align=\"justify\"><em>Touristik-Gesch\u00e4ftsf\u00fchrer Stefan Borgmann mit dem neuen Bronzemodell<\/em><br \/><em>Foto: Arne Peters<\/em><\/p>\n<p>[\/et_pb_text][et_pb_image src=&#8220;https:\/\/www.ego-3d.de\/modellbau\/wp-content\/uploads\/2023\/07\/EGO3D_das_fertige_Bronzestadtmodell_Eckernfoerdes.jpg&#8220; title_text=&#8220;EGO3D_das_fertige_Bronzestadtmodell_Eckernf\u00f6rdes&#8220; align_tablet=&#8220;center&#8220; align_phone=&#8220;center&#8220; align_last_edited=&#8220;on|desktop&#8220; _builder_version=&#8220;4.19.4&#8243; _module_preset=&#8220;default&#8220; custom_margin=&#8220;||15px||false|false&#8220; custom_padding=&#8220;||||false|false&#8220; box_shadow_style=&#8220;preset1&#8243; box_shadow_blur=&#8220;10px&#8220; global_colors_info=&#8220;{}&#8220;][\/et_pb_image][et_pb_text _builder_version=&#8220;4.19.4&#8243; _module_preset=&#8220;default&#8220; global_colors_info=&#8220;{}&#8220;]<\/p>\n<p><em>Das fertige Bronzemodell in unseren Firmenr\u00e4umen bei der letzten Pr\u00fcfung<br \/><\/em><\/p>\n<p>[\/et_pb_text][et_pb_image src=&#8220;https:\/\/www.ego-3d.de\/modellbau\/wp-content\/uploads\/2023\/07\/EGO3D_Detail_des_fertigen_Bronzestadtmodells_Eckernfoerdes_2.jpg&#8220; title_text=&#8220;EGO3D_Detail_des_fertigen_Bronzestadtmodells_Eckernf\u00f6rdes_2&#8243; align_tablet=&#8220;center&#8220; align_phone=&#8220;center&#8220; align_last_edited=&#8220;on|desktop&#8220; _builder_version=&#8220;4.19.4&#8243; _module_preset=&#8220;default&#8220; custom_margin=&#8220;||15px||false|false&#8220; custom_padding=&#8220;||||false|false&#8220; box_shadow_style=&#8220;preset1&#8243; box_shadow_blur=&#8220;10px&#8220; global_colors_info=&#8220;{}&#8220;][\/et_pb_image][et_pb_text _builder_version=&#8220;4.19.4&#8243; _module_preset=&#8220;default&#8220; global_colors_info=&#8220;{}&#8220;]<\/p>\n<p><em>Detailansicht des fertigen Bronzemodells<br \/><\/em><\/p>\n<p>[\/et_pb_text][et_pb_image src=&#8220;https:\/\/www.ego-3d.de\/modellbau\/wp-content\/uploads\/2023\/07\/EGO3D_Bronzemodell_Eckernfoerder_vor_Ort_3.jpg&#8220; title_text=&#8220;EGO3D_Bronzemodell_Eckernf\u00f6rder_vor_Ort_3&#8243; align_tablet=&#8220;center&#8220; align_phone=&#8220;center&#8220; align_last_edited=&#8220;on|desktop&#8220; _builder_version=&#8220;4.19.4&#8243; _module_preset=&#8220;default&#8220; custom_margin=&#8220;||15px||false|false&#8220; custom_padding=&#8220;||||false|false&#8220; box_shadow_style=&#8220;preset1&#8243; box_shadow_blur=&#8220;10px&#8220; global_colors_info=&#8220;{}&#8220;][\/et_pb_image][et_pb_text _builder_version=&#8220;4.19.4&#8243; _module_preset=&#8220;default&#8220; global_colors_info=&#8220;{}&#8220;]<\/p>\n<p><em>Das fertige Modell vor Ort<br \/>Quelle: Eckernf\u00f6rde Touristik und Marketing GmbH<br \/><\/em><\/p>\n<p>[\/et_pb_text][et_pb_image src=&#8220;https:\/\/www.ego-3d.de\/modellbau\/wp-content\/uploads\/2023\/07\/EGO3D_Bronzemodell_Eckernfoerder_vor_Ort_1.jpg&#8220; title_text=&#8220;EGO3D_Bronzemodell_Eckernf\u00f6rder_vor_Ort_1&#8243; align_tablet=&#8220;center&#8220; align_phone=&#8220;center&#8220; align_last_edited=&#8220;on|desktop&#8220; _builder_version=&#8220;4.19.4&#8243; _module_preset=&#8220;default&#8220; custom_margin=&#8220;||15px||false|false&#8220; custom_padding=&#8220;||||false|false&#8220; box_shadow_style=&#8220;preset1&#8243; box_shadow_blur=&#8220;10px&#8220; global_colors_info=&#8220;{}&#8220;][\/et_pb_image][et_pb_text _builder_version=&#8220;4.19.4&#8243; _module_preset=&#8220;default&#8220; global_colors_info=&#8220;{}&#8220;]<\/p>\n<p><em>Das fertige Modell vor Ort<br \/>Quelle: Eckernf\u00f6rde Touristik und Marketing GmbH<br \/><\/em><\/p>\n<p>[\/et_pb_text][\/et_pb_column][\/et_pb_row][et_pb_row _builder_version=&#8220;4.19.4&#8243; _module_preset=&#8220;default&#8220; global_colors_info=&#8220;{}&#8220;][et_pb_column type=&#8220;4_4&#8243; _builder_version=&#8220;4.19.4&#8243; _module_preset=&#8220;default&#8220; global_colors_info=&#8220;{}&#8220;][et_pb_video src=&#8220;https:\/\/www.ego-3d.de\/modellbau\/wp-content\/uploads\/2025\/07\/EGO3D_Eckernfoerde-Turntable_gross.mp4&#8243; _builder_version=&#8220;4.19.4&#8243; _module_preset=&#8220;default&#8220; global_colors_info=&#8220;{}&#8220;][\/et_pb_video][\/et_pb_column][\/et_pb_row][\/et_pb_section]<\/p>\n","protected":false},"excerpt":{"rendered":"<p>Ein Modell am Hafen Stadtmodell des Stadtzentrums Eckernf\u00f6rdes Das Stadtmodell Eckernf\u00f6rde brachte ein paar interessante Herausforderungen mit sich. Zum einen konnte das Modell nicht beliebig gro\u00df werden, sondern musste mit einem halben Quadratmeter Grundfl\u00e4che auskommen. Innerhalb dieses Rahmens galt es, so viel wie m\u00f6glich vom Stadtzentrum und dem Hafen unterzubringen. Einige markante Geb\u00e4ude der Stadt [&hellip;]<\/p>\n","protected":false},"author":1,"featured_media":0,"parent":0,"menu_order":0,"comment_status":"closed","ping_status":"closed","template":"","meta":{"_et_pb_use_builder":"on","_et_pb_old_content":"","_et_gb_content_width":""},"_links":{"self":[{"href":"https:\/\/www.ego-3d.de\/modellbau\/wp-json\/wp\/v2\/pages\/3236"}],"collection":[{"href":"https:\/\/www.ego-3d.de\/modellbau\/wp-json\/wp\/v2\/pages"}],"about":[{"href":"https:\/\/www.ego-3d.de\/modellbau\/wp-json\/wp\/v2\/types\/page"}],"author":[{"embeddable":true,"href":"https:\/\/www.ego-3d.de\/modellbau\/wp-json\/wp\/v2\/users\/1"}],"replies":[{"embeddable":true,"href":"https:\/\/www.ego-3d.de\/modellbau\/wp-json\/wp\/v2\/comments?post=3236"}],"version-history":[{"count":13,"href":"https:\/\/www.ego-3d.de\/modellbau\/wp-json\/wp\/v2\/pages\/3236\/revisions"}],"predecessor-version":[{"id":3708,"href":"https:\/\/www.ego-3d.de\/modellbau\/wp-json\/wp\/v2\/pages\/3236\/revisions\/3708"}],"wp:attachment":[{"href":"https:\/\/www.ego-3d.de\/modellbau\/wp-json\/wp\/v2\/media?parent=3236"}],"curies":[{"name":"wp","href":"https:\/\/api.w.org\/{rel}","templated":true}]}}