{"id":3191,"date":"2023-03-30T15:23:50","date_gmt":"2023-03-30T13:23:50","guid":{"rendered":"https:\/\/www.ego-3d.de\/modellbau\/?page_id=3191"},"modified":"2023-03-30T15:23:50","modified_gmt":"2023-03-30T13:23:50","slug":"bergmann-skulptur","status":"publish","type":"page","link":"https:\/\/www.ego-3d.de\/modellbau\/bergmann-skulptur\/","title":{"rendered":"Bergmann-Skulptur"},"content":{"rendered":"<p>[et_pb_section fb_built=&#8220;1&#8243; _builder_version=&#8220;4.19.4&#8243; _module_preset=&#8220;default&#8220; background_color=&#8220;RGBA(255,255,255,0)&#8220; background_enable_image=&#8220;off&#8220; background_size=&#8220;initial&#8220; background_position=&#8220;top_center&#8220; background_repeat=&#8220;repeat-y&#8220; global_colors_info=&#8220;{}&#8220; theme_builder_area=&#8220;post_content&#8220;][et_pb_row column_structure=&#8220;1_3,1_3,1_3&#8243; _builder_version=&#8220;4.16&#8243; _module_preset=&#8220;default&#8220; background_color=&#8220;rgba(255,255,255,0.65)&#8220; custom_margin=&#8220;0px||20px|&#8220; custom_padding=&#8220;15px|15px|15px|15px&#8220; box_shadow_style=&#8220;preset1&#8243; global_colors_info=&#8220;{}&#8220; theme_builder_area=&#8220;post_content&#8220;][et_pb_column type=&#8220;1_3&#8243; _builder_version=&#8220;4.16&#8243; _module_preset=&#8220;default&#8220; global_colors_info=&#8220;{}&#8220; theme_builder_area=&#8220;post_content&#8220;][et_pb_image src=&#8220;https:\/\/www.ego-3d.de\/modellbau\/wp-content\/uploads\/2020\/09\/EGO3D_Statue_Bergmann_kleines_Modell_zur_Vorlage.jpg&#8220; title_text=&#8220;EGO3D_Statue_Bergmann_kleines_Modell_zur_Vorlage&#8220; align_tablet=&#8220;center&#8220; align_phone=&#8220;&#8220; align_last_edited=&#8220;on|desktop&#8220; _builder_version=&#8220;4.16&#8243; _module_preset=&#8220;default&#8220; custom_margin=&#8220;||15px|&#8220; box_shadow_style=&#8220;preset1&#8243; box_shadow_blur=&#8220;10px&#8220; global_colors_info=&#8220;{}&#8220; theme_builder_area=&#8220;post_content&#8220;][\/et_pb_image][et_pb_text _builder_version=&#8220;4.16&#8243; _module_preset=&#8220;default&#8220; global_colors_info=&#8220;{}&#8220; theme_builder_area=&#8220;post_content&#8220;]<\/p>\n<p><em>Das 25 cm hohe Modell, das wir einscannten<\/em><\/p>\n<p>[\/et_pb_text][et_pb_image src=&#8220;https:\/\/www.ego-3d.de\/modellbau\/wp-content\/uploads\/2020\/09\/EGO3D_Statue_Bergmann_Detailbereich_Sockel.jpg&#8220; title_text=&#8220;EGO3D_Statue_Bergmann_Detailbereich_Sockel&#8220; align_tablet=&#8220;center&#8220; align_phone=&#8220;&#8220; align_last_edited=&#8220;on|desktop&#8220; _builder_version=&#8220;4.16&#8243; _module_preset=&#8220;default&#8220; custom_margin=&#8220;||15px|&#8220; box_shadow_style=&#8220;preset1&#8243; box_shadow_blur=&#8220;10px&#8220; global_colors_info=&#8220;{}&#8220; theme_builder_area=&#8220;post_content&#8220;][\/et_pb_image][et_pb_text _builder_version=&#8220;4.16&#8243; _module_preset=&#8220;default&#8220; global_colors_info=&#8220;{}&#8220; theme_builder_area=&#8220;post_content&#8220;]<\/p>\n<p style=\"text-align: justify;\"><em>Die gefr\u00e4ste Bodenplatte und die in 3D gedruckten F\u00fc\u00dfe und Werkzeuge passen selbstverst\u00e4ndlich perfekt aneinander<br \/> <\/em><\/p>\n<p>[\/et_pb_text][\/et_pb_column][et_pb_column type=&#8220;1_3&#8243; _builder_version=&#8220;4.16&#8243; _module_preset=&#8220;default&#8220; global_colors_info=&#8220;{}&#8220; theme_builder_area=&#8220;post_content&#8220;][et_pb_text _builder_version=&#8220;4.16&#8243; _module_preset=&#8220;default&#8220; global_colors_info=&#8220;{}&#8220; theme_builder_area=&#8220;post_content&#8220;]<\/p>\n<h2 style=\"margin-bottom: 0cm; text-align: justify;\"><strong>Skulpturvergr\u00f6\u00dferung:<\/strong><\/h2>\n<h2 style=\"margin-bottom: 0cm; text-align: justify;\">Kleines Modell wird zur 2-Meter-Skulptur f\u00fcr Bottrop<\/h2>\n<p style=\"margin-bottom: 0cm; text-align: justify;\">Zum Ende des Bergbaus in Bottrop finanzierte die RAG-Stiftung eine ca. 2 Meter gro\u00dfe Statue eines Bergmanns f\u00fcr die Stadt. Wir erhielten ein 25 cm gro\u00dfes Modell, dass wir mit unseren 3D-Scannern digitalisierten und um das achtfache vergr\u00f6\u00dferten. Bei so massiven Vergr\u00f6\u00dferungen werden auch die Kantenradien und vormals feinen Details um den selben Faktor vergr\u00f6\u00dfert. Der Charakter einer vormals scharfkantigen, kontrastreichen Oberfl\u00e4che kann so in der Vergr\u00f6\u00dferung deutlich \u201cweicher\u201d und \u201cabgerundeter\u201d wirken, obwohl sich die Form an sich nicht ver\u00e4ndert hat. Daher arbeiten wir auf Wunsch die vergr\u00f6\u00dferten Modelle nach, wie auch hier.<\/p>\n<p style=\"margin-bottom: 0cm; text-align: justify;\">Das Gussmodell stellten wir mit zwei verschiedenen Verfahren her. Der Bergmann wurde mit unseren 3D-Druckern gefertigt, die Bodenplatte fr\u00e4sten wir mit einer unserer CNC-Fr\u00e4sen. Bei Bodenplatten bietet sich oft das Fr\u00e4sen an. Dabei achten wir darauf, dass die Bodenplatte keine \u00dcberh\u00e4nge hat, so dass sie sich leicht im Sand abformen l\u00e4sst. Auch in diesem Fall arbeitete die Gie\u00dferei bei der Bodenplatte im Sandguss, w\u00e4hrend die eigentliche Figur im Wachsausschmelzverfahren gefertigt wurde.<\/p>\n<p style=\"margin-bottom: 0cm; text-align: justify;\">Schlie\u00dflich wurde die Skulptur von der RAG-Stfitung der Stadt Bottrop geschenkt. Heute steht sie dort nahe dem Rathaus.<\/p>\n<p>[\/et_pb_text][\/et_pb_column][et_pb_column type=&#8220;1_3&#8243; _builder_version=&#8220;4.16&#8243; _module_preset=&#8220;default&#8220; global_colors_info=&#8220;{}&#8220; theme_builder_area=&#8220;post_content&#8220;][et_pb_image src=&#8220;https:\/\/www.ego-3d.de\/modellbau\/wp-content\/uploads\/2020\/09\/EGO3D_Statue_Bergmann_fertiges_Gussmodell_vor_der_Auslieferung.jpg&#8220; title_text=&#8220;EGO3D_Statue_Bergmann_fertiges_Gussmodell_vor_der_Auslieferung&#8220; align_tablet=&#8220;center&#8220; align_phone=&#8220;&#8220; align_last_edited=&#8220;on|desktop&#8220; _builder_version=&#8220;4.16&#8243; _module_preset=&#8220;default&#8220; custom_margin=&#8220;||15px|&#8220; box_shadow_style=&#8220;preset1&#8243; box_shadow_blur=&#8220;10px&#8220; global_colors_info=&#8220;{}&#8220; theme_builder_area=&#8220;post_content&#8220;][\/et_pb_image][et_pb_text _builder_version=&#8220;4.16&#8243; _module_preset=&#8220;default&#8220; global_colors_info=&#8220;{}&#8220; theme_builder_area=&#8220;post_content&#8220;]<\/p>\n<p><em>Das fertige Gussmodell kurz vor der Auslieferung<\/em><\/p>\n<p>[\/et_pb_text][et_pb_image src=&#8220;https:\/\/www.ego-3d.de\/modellbau\/wp-content\/uploads\/2020\/09\/EGO3D_Bergmann_fertige_Bronzeskulptur_in_Bottrop.jpg&#8220; title_text=&#8220;EGO3D_Bergmann_fertige_Bronzeskulptur_in_Bottrop&#8220; align_tablet=&#8220;center&#8220; align_phone=&#8220;&#8220; align_last_edited=&#8220;on|desktop&#8220; _builder_version=&#8220;4.16&#8243; _module_preset=&#8220;default&#8220; custom_margin=&#8220;||15px|&#8220; box_shadow_style=&#8220;preset1&#8243; box_shadow_blur=&#8220;10px&#8220; global_colors_info=&#8220;{}&#8220; theme_builder_area=&#8220;post_content&#8220;][\/et_pb_image][et_pb_text _builder_version=&#8220;4.16&#8243; _module_preset=&#8220;default&#8220; global_colors_info=&#8220;{}&#8220; theme_builder_area=&#8220;post_content&#8220;]<\/p>\n<p><em>Die fertige Bronzeskulptur in Bottrop<br \/>Bildquelle: www.bottrop.de<br \/><\/em><\/p>\n<p>[\/et_pb_text][\/et_pb_column][\/et_pb_row][\/et_pb_section]<\/p>\n","protected":false},"excerpt":{"rendered":"<p>Das 25 cm hohe Modell, das wir einscanntenDie gefr\u00e4ste Bodenplatte und die in 3D gedruckten F\u00fc\u00dfe und Werkzeuge passen selbstverst\u00e4ndlich perfekt aneinander Skulpturvergr\u00f6\u00dferung: Kleines Modell wird zur 2-Meter-Skulptur f\u00fcr Bottrop Zum Ende des Bergbaus in Bottrop finanzierte die RAG-Stiftung eine ca. 2 Meter gro\u00dfe Statue eines Bergmanns f\u00fcr die Stadt. Wir erhielten ein 25 cm [&hellip;]<\/p>\n","protected":false},"author":1,"featured_media":0,"parent":0,"menu_order":0,"comment_status":"closed","ping_status":"closed","template":"","meta":{"_et_pb_use_builder":"on","_et_pb_old_content":"","_et_gb_content_width":""},"_links":{"self":[{"href":"https:\/\/www.ego-3d.de\/modellbau\/wp-json\/wp\/v2\/pages\/3191"}],"collection":[{"href":"https:\/\/www.ego-3d.de\/modellbau\/wp-json\/wp\/v2\/pages"}],"about":[{"href":"https:\/\/www.ego-3d.de\/modellbau\/wp-json\/wp\/v2\/types\/page"}],"author":[{"embeddable":true,"href":"https:\/\/www.ego-3d.de\/modellbau\/wp-json\/wp\/v2\/users\/1"}],"replies":[{"embeddable":true,"href":"https:\/\/www.ego-3d.de\/modellbau\/wp-json\/wp\/v2\/comments?post=3191"}],"version-history":[{"count":2,"href":"https:\/\/www.ego-3d.de\/modellbau\/wp-json\/wp\/v2\/pages\/3191\/revisions"}],"predecessor-version":[{"id":3193,"href":"https:\/\/www.ego-3d.de\/modellbau\/wp-json\/wp\/v2\/pages\/3191\/revisions\/3193"}],"wp:attachment":[{"href":"https:\/\/www.ego-3d.de\/modellbau\/wp-json\/wp\/v2\/media?parent=3191"}],"curies":[{"name":"wp","href":"https:\/\/api.w.org\/{rel}","templated":true}]}}