{"id":3186,"date":"2023-03-30T15:20:53","date_gmt":"2023-03-30T13:20:53","guid":{"rendered":"https:\/\/www.ego-3d.de\/modellbau\/?page_id=3186"},"modified":"2023-03-30T15:20:53","modified_gmt":"2023-03-30T13:20:53","slug":"toni-turek-skulptur","status":"publish","type":"page","link":"https:\/\/www.ego-3d.de\/modellbau\/toni-turek-skulptur\/","title":{"rendered":"Toni-Turek-Skulptur"},"content":{"rendered":"<p>[et_pb_section fb_built=&#8220;1&#8243; _builder_version=&#8220;4.19.4&#8243; _module_preset=&#8220;default&#8220; background_color=&#8220;RGBA(255,255,255,0)&#8220; background_enable_image=&#8220;off&#8220; background_size=&#8220;initial&#8220; background_position=&#8220;top_center&#8220; background_repeat=&#8220;repeat-y&#8220; global_colors_info=&#8220;{}&#8220; theme_builder_area=&#8220;post_content&#8220;][et_pb_row column_structure=&#8220;1_3,1_3,1_3&#8243; _builder_version=&#8220;4.16&#8243; background_color=&#8220;rgba(255,255,255,0.65)&#8220; custom_margin=&#8220;0px||20px|&#8220; custom_padding=&#8220;15px|15px|15px|15px&#8220; box_shadow_style=&#8220;preset1&#8243; global_colors_info=&#8220;{}&#8220; theme_builder_area=&#8220;post_content&#8220;][et_pb_column type=&#8220;1_3&#8243; _builder_version=&#8220;4.16&#8243; custom_padding=&#8220;|||&#8220; global_colors_info=&#8220;{}&#8220; custom_padding__hover=&#8220;|||&#8220; theme_builder_area=&#8220;post_content&#8220;][et_pb_text _builder_version=&#8220;4.16&#8243; global_colors_info=&#8220;{}&#8220; theme_builder_area=&#8220;post_content&#8220;]<\/p>\n<h2 style=\"text-align: left;\"><strong>Legende in Bronze:<\/strong><\/h2>\n<h2 style=\"text-align: left;\">3D-Modellierung einer Statue Toni Tureks<\/h2>\n<p style=\"text-align: justify;\">Toni Turek wurde 1954 mit der Deutschen Nationalmannschaft Fu\u00dfballweltmeister. Noch heute klingen die Worte des Spielkommentators in unseren Ohren: &#8222;Turek, Du bist ein Teufelskerl, du bist ein Fu\u00dfballgott!&#8220;<\/p>\n<p style=\"text-align: justify;\">Toni Tureks Heimatverein war Fortuna D\u00fcsseldorf. Zur W\u00fcrdigung des einzigen D\u00fcsseldorfer Fu\u00dfballweltmeisters stifteten D\u00fcsseldorfer B\u00fcrger und Firmen ein Denkmal, dass vor dem Stadion Fortuna D\u00fcsseldorfs aufgestellt wurde.<\/p>\n<p style=\"text-align: justify;\">EGO3D fertigte das Gussmodell dieser 2 Meter hohen Skulptur an. Anhand alter Fotos modellierten wir am Rechner ein detailgetreues Abbild dieses Ausnahmetorwarts. Dabei wurde gro\u00dfer Wert auf die exakte Nachbildung der Fu\u00dfballerkleidung der damaligen Zeit gelegt, wie zum Beispiel der damals innovativen Fu\u00dfballschuhe mit Schraubstollen.<\/p>\n<p>[\/et_pb_text][et_pb_image src=&#8220;https:\/\/www.ego-3d.de\/modellbau\/wp-content\/uploads\/2019\/02\/Turek_Bronzestatue_Detail.jpg&#8220; align_tablet=&#8220;center&#8220; align_phone=&#8220;&#8220; align_last_edited=&#8220;on|desktop&#8220; _builder_version=&#8220;4.19.4&#8243; custom_margin=&#8220;||20px||false|false&#8220; box_shadow_style=&#8220;preset1&#8243; box_shadow_blur=&#8220;10px&#8220; global_colors_info=&#8220;{}&#8220; theme_builder_area=&#8220;post_content&#8220;][\/et_pb_image][et_pb_text _builder_version=&#8220;4.19.4&#8243; _module_preset=&#8220;default&#8220; global_colors_info=&#8220;{}&#8220; theme_builder_area=&#8220;post_content&#8220;]<em>Detailansicht des digitalen Modells<\/em>[\/et_pb_text][\/et_pb_column][et_pb_column type=&#8220;1_3&#8243; _builder_version=&#8220;4.16&#8243; custom_padding=&#8220;|||&#8220; global_colors_info=&#8220;{}&#8220; custom_padding__hover=&#8220;|||&#8220; theme_builder_area=&#8220;post_content&#8220;][et_pb_text _builder_version=&#8220;4.16&#8243; global_colors_info=&#8220;{}&#8220; theme_builder_area=&#8220;post_content&#8220;]<\/p>\n<p style=\"text-align: justify;\">Die Bilder auf diesen Seiten sind digital entstandene Vorschaubilder, die den Auftrag- gebern einen anschaulichen Eindruck vermittelten, wie die Skulptur sp\u00e4ter in Bronze aussehen k\u00f6nnte.<\/p>\n<p style=\"text-align: justify;\">Auf EGO3D-Vorschaubildern k\u00f6nnen je nach Anforderung die verschiedensten Materialien simuliert werden. Metalle wie Bronze, Eisen, Messing, Kupfer, Silber, Gold, Zinn und viele mehr sind umsetzbar, aber auch ganz andere Materialien, wie zum Beispiel der EGO3D-Kunstgips, wie er von einem unserer 3D-Drucker verwendet wird.<\/p>\n<p style=\"text-align: justify;\">Die Bilder werden bei jedem Auftrag aus mindestens 2-3 Ansichten gefertigt, so dass Sie einen guten Eindruck von dem Objekt erhalten und die maximale Kontrolle \u00fcber das Ergebnis haben, bis schlie\u00dflich die Freigabe erteilt werden kann.<\/p>\n<p>[\/et_pb_text][et_pb_image src=&#8220;https:\/\/www.ego-3d.de\/modellbau\/wp-content\/uploads\/2023\/01\/EGO3D_fertige_Toni-Turek-Statue.jpg&#8220; title_text=&#8220;EGO3D_fertige_Toni-Turek-Statue&#8220; align=&#8220;right&#8220; align_tablet=&#8220;center&#8220; align_phone=&#8220;center&#8220; align_last_edited=&#8220;on|desktop&#8220; _builder_version=&#8220;4.19.4&#8243; _module_preset=&#8220;default&#8220; custom_margin=&#8220;||20px||false|false&#8220; animation_style=&#8220;flip&#8220; box_shadow_style=&#8220;preset1&#8243; box_shadow_blur=&#8220;10px&#8220; global_colors_info=&#8220;{}&#8220; theme_builder_area=&#8220;post_content&#8220;][\/et_pb_image][et_pb_text _builder_version=&#8220;4.19.4&#8243; _module_preset=&#8220;default&#8220; global_colors_info=&#8220;{}&#8220; theme_builder_area=&#8220;post_content&#8220;]<em>Die fertige Statue vor dem D\u00fcsseldorfer Stadion<\/em>[\/et_pb_text][\/et_pb_column][et_pb_column type=&#8220;1_3&#8243; _builder_version=&#8220;4.16&#8243; custom_padding=&#8220;|||&#8220; global_colors_info=&#8220;{}&#8220; custom_padding__hover=&#8220;|||&#8220; theme_builder_area=&#8220;post_content&#8220;][et_pb_image src=&#8220;https:\/\/www.ego-3d.de\/modellbau\/wp-content\/uploads\/2019\/02\/Turek_Bronzestatue.jpg&#8220; align=&#8220;right&#8220; align_tablet=&#8220;center&#8220; align_phone=&#8220;&#8220; align_last_edited=&#8220;on|desktop&#8220; _builder_version=&#8220;4.19.4&#8243; custom_margin=&#8220;||20px||false|false&#8220; animation_style=&#8220;flip&#8220; box_shadow_style=&#8220;preset1&#8243; box_shadow_blur=&#8220;10px&#8220; global_colors_info=&#8220;{}&#8220; theme_builder_area=&#8220;post_content&#8220;][\/et_pb_image][et_pb_text _builder_version=&#8220;4.19.4&#8243; _module_preset=&#8220;default&#8220; global_colors_info=&#8220;{}&#8220; theme_builder_area=&#8220;post_content&#8220;]<em>Digitales Vorschaubild der Toni-Turek-Statue<\/em>[\/et_pb_text][\/et_pb_column][\/et_pb_row][\/et_pb_section]<\/p>\n","protected":false},"excerpt":{"rendered":"<p>Legende in Bronze: 3D-Modellierung einer Statue Toni Tureks Toni Turek wurde 1954 mit der Deutschen Nationalmannschaft Fu\u00dfballweltmeister. Noch heute klingen die Worte des Spielkommentators in unseren Ohren: &#8222;Turek, Du bist ein Teufelskerl, du bist ein Fu\u00dfballgott!&#8220; Toni Tureks Heimatverein war Fortuna D\u00fcsseldorf. Zur W\u00fcrdigung des einzigen D\u00fcsseldorfer Fu\u00dfballweltmeisters stifteten D\u00fcsseldorfer B\u00fcrger und Firmen ein Denkmal, [&hellip;]<\/p>\n","protected":false},"author":1,"featured_media":0,"parent":0,"menu_order":0,"comment_status":"closed","ping_status":"closed","template":"","meta":{"_et_pb_use_builder":"on","_et_pb_old_content":"","_et_gb_content_width":""},"_links":{"self":[{"href":"https:\/\/www.ego-3d.de\/modellbau\/wp-json\/wp\/v2\/pages\/3186"}],"collection":[{"href":"https:\/\/www.ego-3d.de\/modellbau\/wp-json\/wp\/v2\/pages"}],"about":[{"href":"https:\/\/www.ego-3d.de\/modellbau\/wp-json\/wp\/v2\/types\/page"}],"author":[{"embeddable":true,"href":"https:\/\/www.ego-3d.de\/modellbau\/wp-json\/wp\/v2\/users\/1"}],"replies":[{"embeddable":true,"href":"https:\/\/www.ego-3d.de\/modellbau\/wp-json\/wp\/v2\/comments?post=3186"}],"version-history":[{"count":2,"href":"https:\/\/www.ego-3d.de\/modellbau\/wp-json\/wp\/v2\/pages\/3186\/revisions"}],"predecessor-version":[{"id":3188,"href":"https:\/\/www.ego-3d.de\/modellbau\/wp-json\/wp\/v2\/pages\/3186\/revisions\/3188"}],"wp:attachment":[{"href":"https:\/\/www.ego-3d.de\/modellbau\/wp-json\/wp\/v2\/media?parent=3186"}],"curies":[{"name":"wp","href":"https:\/\/api.w.org\/{rel}","templated":true}]}}