{"id":3183,"date":"2023-03-30T13:20:44","date_gmt":"2023-03-30T11:20:44","guid":{"rendered":"https:\/\/www.ego-3d.de\/modellbau\/?page_id=3183"},"modified":"2023-03-30T13:20:44","modified_gmt":"2023-03-30T11:20:44","slug":"vaeter-der-einheit","status":"publish","type":"page","link":"https:\/\/www.ego-3d.de\/modellbau\/vaeter-der-einheit\/","title":{"rendered":"V\u00e4ter der Einheit"},"content":{"rendered":"<p>[et_pb_section fb_built=&#8220;1&#8243; _builder_version=&#8220;4.19.4&#8243; _module_preset=&#8220;default&#8220; background_color=&#8220;RGBA(255,255,255,0)&#8220; background_enable_image=&#8220;off&#8220; background_size=&#8220;initial&#8220; background_position=&#8220;top_center&#8220; background_repeat=&#8220;repeat-y&#8220; global_colors_info=&#8220;{}&#8220; theme_builder_area=&#8220;post_content&#8220;][et_pb_row column_structure=&#8220;1_3,1_3,1_3&#8243; _builder_version=&#8220;4.16&#8243; background_color=&#8220;rgba(255,255,255,0.65)&#8220; custom_margin=&#8220;0px||20px|&#8220; custom_padding=&#8220;15px|15px|15px|15px&#8220; box_shadow_style=&#8220;preset1&#8243; global_colors_info=&#8220;{}&#8220; theme_builder_area=&#8220;post_content&#8220;][et_pb_column type=&#8220;1_3&#8243; _builder_version=&#8220;4.16&#8243; custom_padding=&#8220;|||&#8220; global_colors_info=&#8220;{}&#8220; custom_padding__hover=&#8220;|||&#8220; theme_builder_area=&#8220;post_content&#8220;][et_pb_text _builder_version=&#8220;4.16&#8243; global_colors_info=&#8220;{}&#8220; theme_builder_area=&#8220;post_content&#8220;]<\/p>\n<h2 style=\"text-align: justify;\"><strong>Monumentale B\u00fcsten:<\/strong><\/h2>\n<h2 style=\"text-align: justify;\">Vergr\u00f6\u00dferung und Bronzeguss von drei Kunstwerken<\/h2>\n<p style=\"text-align: justify;\">Wenn bedeutende Pers\u00f6nlichkeiten geehrt werden, ist die Kunst gefragt!<br \/> Die Originale dieser B\u00fcsten George W. Bush Seniors, Helmut Kohls und Michail Gorbatschows wurden von dem angesehenen Bildhauer Serge Mangin modelliert. Im Auftrag des K\u00fcnstlers scannten wir sie ein, vergr\u00f6\u00dferten sie auf ca. 1,20 m H\u00f6he und fr\u00e4sten die Modelle, die dann f\u00fcr den Guss dienten.<\/p>\n<p style=\"text-align: justify;\">Am 29.09.2010 wurden die B\u00fcsten als Denkmal \u201cV\u00e4ter der Einheit\u201d von Altbundeskanzler Helmut Schmidt feierlich vor dem Axel-Springer-Haus in Berlin eingeweiht. Viele weitere Pers\u00f6nlichkeiten aus Politik und den Medien nahmen an der Veranstaltung teil.<\/p>\n<p style=\"margin-bottom: 0cm; line-height: 100%;\"><a href=\"https:\/\/www.ego-3d.de\/modellbau\/buesten\/\">\u2192 Weitere EGO3D-Projekte mit B\u00fcsten<\/a><\/p>\n<p style=\"margin-bottom: 0cm; line-height: 100%;\"><a href=\"https:\/\/www.ego-3d.de\/modellbau\/kuenstlerservice\/\">\u2192 Weitere Service-Projekte f\u00fcr K\u00fcnstler<\/a><\/p>\n<p>[\/et_pb_text][\/et_pb_column][et_pb_column type=&#8220;1_3&#8243; _builder_version=&#8220;4.16&#8243; custom_padding=&#8220;|||&#8220; global_colors_info=&#8220;{}&#8220; custom_padding__hover=&#8220;|||&#8220; theme_builder_area=&#8220;post_content&#8220;][et_pb_image src=&#8220;https:\/\/www.ego-3d.de\/modellbau\/wp-content\/uploads\/2020\/08\/EGO3D-Vergr\u00f6\u00dferung_Gorbatschow-B\u00fcste_von_Serge_Mangin.jpg&#8220; align_tablet=&#8220;center&#8220; align_phone=&#8220;&#8220; align_last_edited=&#8220;on|desktop&#8220; _builder_version=&#8220;4.16&#8243; custom_margin=&#8220;||15px|&#8220; box_shadow_style=&#8220;preset1&#8243; box_shadow_blur=&#8220;10px&#8220; global_colors_info=&#8220;{}&#8220; theme_builder_area=&#8220;post_content&#8220;][\/et_pb_image][et_pb_text _builder_version=&#8220;4.16&#8243; global_colors_info=&#8220;{}&#8220; theme_builder_area=&#8220;post_content&#8220;]<\/p>\n<p><em>Die originale Bronzeb\u00fcste Gorbatschows und davor das vergr\u00f6\u00dferte und ausgefr\u00e4ste Gussmodell<\/em><\/p>\n<p>[\/et_pb_text][\/et_pb_column][et_pb_column type=&#8220;1_3&#8243; _builder_version=&#8220;4.16&#8243; custom_padding=&#8220;|||&#8220; global_colors_info=&#8220;{}&#8220; custom_padding__hover=&#8220;|||&#8220; theme_builder_area=&#8220;post_content&#8220;][et_pb_image src=&#8220;https:\/\/www.ego-3d.de\/modellbau\/wp-content\/uploads\/2020\/08\/EGO3D_B\u00fcsten_V\u00e4ter_der_Einheit_vor_Springerhaus_Berlin.jpg&#8220; align_tablet=&#8220;center&#8220; align_phone=&#8220;&#8220; align_last_edited=&#8220;on|desktop&#8220; _builder_version=&#8220;4.16&#8243; custom_margin=&#8220;||15px|&#8220; box_shadow_style=&#8220;preset1&#8243; box_shadow_blur=&#8220;10px&#8220; global_colors_info=&#8220;{}&#8220; theme_builder_area=&#8220;post_content&#8220;][\/et_pb_image][et_pb_image src=&#8220;https:\/\/www.ego-3d.de\/modellbau\/wp-content\/uploads\/2020\/08\/EGO3D_Einweihung_mit_Helmut_Schmidt_B\u00fcsten_V\u00e4ter_der_Einheit_vor_Springerhaus_Berlin.jpg&#8220; align_tablet=&#8220;center&#8220; align_phone=&#8220;&#8220; align_last_edited=&#8220;on|desktop&#8220; module_id=&#8220;anker_turek&#8220; _builder_version=&#8220;4.16&#8243; custom_margin=&#8220;||15px|&#8220; box_shadow_style=&#8220;preset1&#8243; box_shadow_blur=&#8220;10px&#8220; global_colors_info=&#8220;{}&#8220; theme_builder_area=&#8220;post_content&#8220;][\/et_pb_image][et_pb_text _builder_version=&#8220;4.16&#8243; global_colors_info=&#8220;{}&#8220; theme_builder_area=&#8220;post_content&#8220;]<\/p>\n<p><em>Die B\u00fcsten werden feierlich eingeweiht<\/em><\/p>\n<p>[\/et_pb_text][\/et_pb_column][\/et_pb_row][\/et_pb_section]<\/p>\n","protected":false},"excerpt":{"rendered":"<p>Monumentale B\u00fcsten: Vergr\u00f6\u00dferung und Bronzeguss von drei Kunstwerken Wenn bedeutende Pers\u00f6nlichkeiten geehrt werden, ist die Kunst gefragt! Die Originale dieser B\u00fcsten George W. Bush Seniors, Helmut Kohls und Michail Gorbatschows wurden von dem angesehenen Bildhauer Serge Mangin modelliert. Im Auftrag des K\u00fcnstlers scannten wir sie ein, vergr\u00f6\u00dferten sie auf ca. 1,20 m H\u00f6he und fr\u00e4sten [&hellip;]<\/p>\n","protected":false},"author":1,"featured_media":0,"parent":0,"menu_order":0,"comment_status":"closed","ping_status":"closed","template":"","meta":{"_et_pb_use_builder":"on","_et_pb_old_content":"","_et_gb_content_width":""},"_links":{"self":[{"href":"https:\/\/www.ego-3d.de\/modellbau\/wp-json\/wp\/v2\/pages\/3183"}],"collection":[{"href":"https:\/\/www.ego-3d.de\/modellbau\/wp-json\/wp\/v2\/pages"}],"about":[{"href":"https:\/\/www.ego-3d.de\/modellbau\/wp-json\/wp\/v2\/types\/page"}],"author":[{"embeddable":true,"href":"https:\/\/www.ego-3d.de\/modellbau\/wp-json\/wp\/v2\/users\/1"}],"replies":[{"embeddable":true,"href":"https:\/\/www.ego-3d.de\/modellbau\/wp-json\/wp\/v2\/comments?post=3183"}],"version-history":[{"count":2,"href":"https:\/\/www.ego-3d.de\/modellbau\/wp-json\/wp\/v2\/pages\/3183\/revisions"}],"predecessor-version":[{"id":3185,"href":"https:\/\/www.ego-3d.de\/modellbau\/wp-json\/wp\/v2\/pages\/3183\/revisions\/3185"}],"wp:attachment":[{"href":"https:\/\/www.ego-3d.de\/modellbau\/wp-json\/wp\/v2\/media?parent=3183"}],"curies":[{"name":"wp","href":"https:\/\/api.w.org\/{rel}","templated":true}]}}