{"id":3178,"date":"2023-03-30T13:15:05","date_gmt":"2023-03-30T11:15:05","guid":{"rendered":"https:\/\/www.ego-3d.de\/modellbau\/?page_id=3178"},"modified":"2023-03-30T13:15:05","modified_gmt":"2023-03-30T11:15:05","slug":"maerchenbrunnen-wuppertal","status":"publish","type":"page","link":"https:\/\/www.ego-3d.de\/modellbau\/maerchenbrunnen-wuppertal\/","title":{"rendered":"M\u00e4rchenbrunnen Wuppertal"},"content":{"rendered":"<p>[et_pb_section fb_built=&#8220;1&#8243; _builder_version=&#8220;4.19.4&#8243; _module_preset=&#8220;default&#8220; background_color=&#8220;RGBA(255,255,255,0)&#8220; background_enable_image=&#8220;off&#8220; background_size=&#8220;initial&#8220; background_position=&#8220;top_center&#8220; background_repeat=&#8220;repeat-y&#8220; global_colors_info=&#8220;{}&#8220; theme_builder_area=&#8220;post_content&#8220;][et_pb_row column_structure=&#8220;1_2,1_2&#8243; _builder_version=&#8220;4.19.4&#8243; _module_preset=&#8220;default&#8220; background_color=&#8220;rgba(255,255,255,0.65)&#8220; custom_margin=&#8220;0px||20px|&#8220; custom_padding=&#8220;15px|15px|15px|15px&#8220; box_shadow_style=&#8220;preset1&#8243; global_colors_info=&#8220;{}&#8220; theme_builder_area=&#8220;post_content&#8220;][et_pb_column type=&#8220;1_2&#8243; _builder_version=&#8220;4.19.4&#8243; _module_preset=&#8220;default&#8220; global_colors_info=&#8220;{}&#8220; theme_builder_area=&#8220;post_content&#8220;][et_pb_text _builder_version=&#8220;4.16&#8243; global_colors_info=&#8220;{}&#8220; theme_builder_area=&#8220;post_content&#8220;]<\/p>\n<h2><strong>Der gestiefelte Kater mit seinen Freunden:<\/strong><\/h2>\n<h2>Rekonstruktion von vier M\u00e4rchenfiguren am M\u00e4rchenbrunnen in Wuppertal-Varresbeck<\/h2>\n<p style=\"text-align: justify;\">Der M\u00e4rchenbrunnen in Wuppertal-Varresbeck blickt auf eine \u00fcber hundertj\u00e4hrige Geschichte zur\u00fcck. 1897 wurde er eingeweiht und erfreute sich bald gro\u00dfer Beliebtheit. Doch das 20. Jahrhundert war nicht gn\u00e4dig zu dem Kunstwerk. Wasserzufuhr und die Wasserbecken wurden entfernt und schlie\u00dflich verschwanden vier der M\u00e4rchen-Figuren: Swinigel, Reinecke Fuchs, K\u00f6nig Nussknacker und der gestiefelte Kater. Und schlie\u00dflich nagte der Zahn der Zeit an der Bausubstanz. Zu Beginn des 21. Jahrhundert wurde der Restaurationsbedarf \u00e4u\u00dferst dringend.<\/p>\n<p style=\"text-align: justify;\">Doch dann packte der B\u00fcrgerVerein Sonnborn-Zoo-Varresbeck das Projekt an, recherchierte in Archiven und sprach mit\u00a0 und brachte den Brunnen mithilfe von F\u00f6rdergeldern und vielen gro\u00dfz\u00fcgigen Spenden wieder in einen sehenswerten Zustand. Doch die vier M\u00e4rchenfiguren blieben verschollen.<\/p>\n<p style=\"text-align: justify;\">2021 kam der B\u00fcrgerverein auf EGO3D zu und beauftragte die Rekonstruktion der vier Figuren anhand weniger noch verbliebener Fotos. Wichtig war unserem Auftraggeber insbesondere der besondere Charm der Figuren aus dem 19. Jahrhundert. Unsere M\u00f6glichkeit, dem Kunden schon w\u00e4hrend des digitalen Modellierungsprozesses Vorschaubilder schicken zu k\u00f6nnen, war auch bei diesem Auftrag wieder ein gro\u00dfer Vorteil. So konnten wir w\u00e4hrend des Modellierens die W\u00fcnsche des Kunden ber\u00fccksichtigen und schlie\u00dflich ein Ergebnis erzielen, dass zu 100% \u00fcberzeugte.<\/p>\n<p style=\"text-align: justify;\">Nachdem die digitalen Modelle freigegeben waren, fertigten wir die Figuren mit unseren 3D-Druckern und grundierten sie in einem Grauton, der dem sp\u00e4teren Guss-Endergebnis bereits sehr \u00e4hnlich war. Diese 3D-Drucke pr\u00fcften wir dann mit dem Kunden vor Ort am Brunnen und \u00fcberzeugten uns von der von vornherein mitgeplanten Passgenauigkeit mit dem Sandstein-Simsen, auf welchen die Figuren schlussendlich sitzen w\u00fcrden.<\/p>\n<p style=\"text-align: justify;\">Schlie\u00dflich wurden die Modelle in einer Kunstgie\u00dferei abgeformt und gegossen und nahmen nach vielen Jahren der Abwesenheit wieder ihre Pl\u00e4tze auf dem M\u00e4rchenbrunnen ein.<\/p>\n<p style=\"text-align: justify;\">\n<p>[\/et_pb_text][et_pb_image src=&#8220;https:\/\/www.ego-3d.de\/modellbau\/wp-content\/uploads\/2023\/01\/Wuppertaler_Maerchenbrunnen_anno_1899.jpg&#8220; title_text=&#8220;Wuppertaler_M\u00e4rchenbrunnen_anno_1899&#8243; align_tablet=&#8220;center&#8220; align_phone=&#8220;center&#8220; align_last_edited=&#8220;on|desktop&#8220; _builder_version=&#8220;4.19.4&#8243; _module_preset=&#8220;default&#8220; custom_margin=&#8220;||15px|&#8220; box_shadow_style=&#8220;preset1&#8243; box_shadow_vertical=&#8220;0px&#8220; box_shadow_blur=&#8220;10px&#8220; global_colors_info=&#8220;{}&#8220; theme_builder_area=&#8220;post_content&#8220;][\/et_pb_image][et_pb_text module_id=&#8220;anker_leiden&#8220; _builder_version=&#8220;4.19.4&#8243; global_colors_info=&#8220;{}&#8220; theme_builder_area=&#8220;post_content&#8220;]<em>Der M\u00e4rchenbrunnen Ende des 19. Jahrhunderts<\/em>[\/et_pb_text][et_pb_image src=&#8220;https:\/\/www.ego-3d.de\/modellbau\/wp-content\/uploads\/2023\/01\/EGO3D-Vorschau_4_Figuren-_fuer_Maerchenbrunnen.jpg&#8220; title_text=&#8220;EGO3D-Vorschau_4_Figuren _f\u00fcr_M\u00e4rchenbrunnen&#8220; align_tablet=&#8220;center&#8220; align_phone=&#8220;center&#8220; align_last_edited=&#8220;on|desktop&#8220; _builder_version=&#8220;4.19.4&#8243; _module_preset=&#8220;default&#8220; custom_margin=&#8220;||15px|&#8220; box_shadow_style=&#8220;preset1&#8243; box_shadow_vertical=&#8220;0px&#8220; box_shadow_blur=&#8220;10px&#8220; global_colors_info=&#8220;{}&#8220; theme_builder_area=&#8220;post_content&#8220;][\/et_pb_image][et_pb_text module_id=&#8220;anker_leiden&#8220; _builder_version=&#8220;4.19.4&#8243; global_colors_info=&#8220;{}&#8220; theme_builder_area=&#8220;post_content&#8220;]<\/p>\n<p><em>Digitale Vorschaubilder der Figuren<br \/><\/em><\/p>\n<p>[\/et_pb_text][\/et_pb_column][et_pb_column type=&#8220;1_2&#8243; _builder_version=&#8220;4.19.4&#8243; _module_preset=&#8220;default&#8220; global_colors_info=&#8220;{}&#8220; theme_builder_area=&#8220;post_content&#8220;][et_pb_image src=&#8220;https:\/\/www.ego-3d.de\/modellbau\/wp-content\/uploads\/2023\/01\/EGO3D_verbliebene_Originalfotos_der_Maerchenfiguren.jpg&#8220; title_text=&#8220;EGO3D_verbliebene_Originalfotos_der_M\u00e4rchenfiguren&#8220; align_tablet=&#8220;center&#8220; align_phone=&#8220;center&#8220; align_last_edited=&#8220;on|desktop&#8220; _builder_version=&#8220;4.19.4&#8243; _module_preset=&#8220;default&#8220; custom_margin=&#8220;||15px|&#8220; box_shadow_style=&#8220;preset1&#8243; box_shadow_vertical=&#8220;0px&#8220; box_shadow_blur=&#8220;10px&#8220; global_colors_info=&#8220;{}&#8220; theme_builder_area=&#8220;post_content&#8220;][\/et_pb_image][et_pb_text module_id=&#8220;anker_leiden&#8220; _builder_version=&#8220;4.19.4&#8243; global_colors_info=&#8220;{}&#8220; theme_builder_area=&#8220;post_content&#8220;]<em>Mehr als ein paar alte Schwarzwei-Fotografien der vier M\u00e4rchenfiguren waren nicht mehr vorhanden<\/em>[\/et_pb_text][et_pb_image src=&#8220;https:\/\/www.ego-3d.de\/modellbau\/wp-content\/uploads\/2023\/01\/EGO3D_die_vier_Figuren_vor_der_Instalation.jpg&#8220; title_text=&#8220;EGO3D_die_vier_Figuren_vor_der_Instalation&#8220; align_tablet=&#8220;center&#8220; align_phone=&#8220;center&#8220; align_last_edited=&#8220;on|desktop&#8220; _builder_version=&#8220;4.19.4&#8243; _module_preset=&#8220;default&#8220; custom_margin=&#8220;||15px|&#8220; box_shadow_style=&#8220;preset1&#8243; box_shadow_vertical=&#8220;0px&#8220; box_shadow_blur=&#8220;10px&#8220; global_colors_info=&#8220;{}&#8220; theme_builder_area=&#8220;post_content&#8220;][\/et_pb_image][et_pb_text module_id=&#8220;anker_leiden&#8220; _builder_version=&#8220;4.19.4&#8243; global_colors_info=&#8220;{}&#8220; theme_builder_area=&#8220;post_content&#8220;]<\/p>\n<p>Die fertigen M\u00e4rchenfiguren warten geduldig darauf, endlich wieder ihre ihnen zustehenden Pl\u00e4tze auf dem M\u00e4rchenbrunnen einzunehmen.<\/p>\n<p>[\/et_pb_text][et_pb_image src=&#8220;https:\/\/www.ego-3d.de\/modellbau\/wp-content\/uploads\/2023\/01\/EGO3D_Enthuellung_der_Maerchenfiguren.jpg&#8220; title_text=&#8220;EGO3D_Enth\u00fcllung_der_M\u00e4rchenfiguren&#8220; align_tablet=&#8220;center&#8220; align_phone=&#8220;center&#8220; align_last_edited=&#8220;on|desktop&#8220; _builder_version=&#8220;4.19.4&#8243; _module_preset=&#8220;default&#8220; custom_margin=&#8220;||15px|&#8220; box_shadow_style=&#8220;preset1&#8243; box_shadow_vertical=&#8220;0px&#8220; box_shadow_blur=&#8220;10px&#8220; global_colors_info=&#8220;{}&#8220; theme_builder_area=&#8220;post_content&#8220;][\/et_pb_image][et_pb_text module_id=&#8220;anker_leiden&#8220; _builder_version=&#8220;4.19.4&#8243; global_colors_info=&#8220;{}&#8220; theme_builder_area=&#8220;post_content&#8220;]<\/p>\n<p>Trotz Regen kommen viele Menschen zur Enth\u00fcllung der rekonstruierten M\u00e4rchenfiguren<\/p>\n<p>[\/et_pb_text][\/et_pb_column][\/et_pb_row][\/et_pb_section]<\/p>\n","protected":false},"excerpt":{"rendered":"<p>Der gestiefelte Kater mit seinen Freunden: Rekonstruktion von vier M\u00e4rchenfiguren am M\u00e4rchenbrunnen in Wuppertal-Varresbeck Der M\u00e4rchenbrunnen in Wuppertal-Varresbeck blickt auf eine \u00fcber hundertj\u00e4hrige Geschichte zur\u00fcck. 1897 wurde er eingeweiht und erfreute sich bald gro\u00dfer Beliebtheit. Doch das 20. Jahrhundert war nicht gn\u00e4dig zu dem Kunstwerk. Wasserzufuhr und die Wasserbecken wurden entfernt und schlie\u00dflich verschwanden vier [&hellip;]<\/p>\n","protected":false},"author":1,"featured_media":0,"parent":0,"menu_order":0,"comment_status":"closed","ping_status":"closed","template":"","meta":{"_et_pb_use_builder":"on","_et_pb_old_content":"","_et_gb_content_width":""},"_links":{"self":[{"href":"https:\/\/www.ego-3d.de\/modellbau\/wp-json\/wp\/v2\/pages\/3178"}],"collection":[{"href":"https:\/\/www.ego-3d.de\/modellbau\/wp-json\/wp\/v2\/pages"}],"about":[{"href":"https:\/\/www.ego-3d.de\/modellbau\/wp-json\/wp\/v2\/types\/page"}],"author":[{"embeddable":true,"href":"https:\/\/www.ego-3d.de\/modellbau\/wp-json\/wp\/v2\/users\/1"}],"replies":[{"embeddable":true,"href":"https:\/\/www.ego-3d.de\/modellbau\/wp-json\/wp\/v2\/comments?post=3178"}],"version-history":[{"count":2,"href":"https:\/\/www.ego-3d.de\/modellbau\/wp-json\/wp\/v2\/pages\/3178\/revisions"}],"predecessor-version":[{"id":3180,"href":"https:\/\/www.ego-3d.de\/modellbau\/wp-json\/wp\/v2\/pages\/3178\/revisions\/3180"}],"wp:attachment":[{"href":"https:\/\/www.ego-3d.de\/modellbau\/wp-json\/wp\/v2\/media?parent=3178"}],"curies":[{"name":"wp","href":"https:\/\/api.w.org\/{rel}","templated":true}]}}