{"id":3173,"date":"2023-03-30T13:11:31","date_gmt":"2023-03-30T11:11:31","guid":{"rendered":"https:\/\/www.ego-3d.de\/modellbau\/?page_id=3173"},"modified":"2023-03-30T13:11:31","modified_gmt":"2023-03-30T11:11:31","slug":"flugpionier-suwelack","status":"publish","type":"page","link":"https:\/\/www.ego-3d.de\/modellbau\/flugpionier-suwelack\/","title":{"rendered":"Flugpionier Suwelack"},"content":{"rendered":"<p>[et_pb_section fb_built=&#8220;1&#8243; _builder_version=&#8220;4.19.4&#8243; _module_preset=&#8220;default&#8220; background_color=&#8220;RGBA(255,255,255,0)&#8220; background_enable_image=&#8220;off&#8220; background_size=&#8220;initial&#8220; background_position=&#8220;top_center&#8220; background_repeat=&#8220;repeat-y&#8220; global_colors_info=&#8220;{}&#8220; theme_builder_area=&#8220;post_content&#8220;][et_pb_row column_structure=&#8220;1_3,1_3,1_3&#8243; _builder_version=&#8220;4.16&#8243; background_color=&#8220;rgba(255,255,255,0.65)&#8220; custom_margin=&#8220;0px||20px|&#8220; custom_padding=&#8220;15px|15px|15px|15px&#8220; box_shadow_style=&#8220;preset1&#8243; global_colors_info=&#8220;{}&#8220; theme_builder_area=&#8220;post_content&#8220;][et_pb_column type=&#8220;1_3&#8243; _builder_version=&#8220;4.16&#8243; custom_padding=&#8220;|||&#8220; global_colors_info=&#8220;{}&#8220; custom_padding__hover=&#8220;|||&#8220; theme_builder_area=&#8220;post_content&#8220;][et_pb_image src=&#8220;https:\/\/www.ego-3d.de\/modellbau\/wp-content\/uploads\/2020\/07\/EGO3D-Vorschau_Pilotenskulptur_Suwelack.jpg&#8220; align_tablet=&#8220;center&#8220; align_phone=&#8220;&#8220; align_last_edited=&#8220;on|desktop&#8220; _builder_version=&#8220;4.16&#8243; custom_margin=&#8220;||15px|&#8220; box_shadow_style=&#8220;preset1&#8243; box_shadow_blur=&#8220;10px&#8220; global_colors_info=&#8220;{}&#8220; theme_builder_area=&#8220;post_content&#8220;][\/et_pb_image][et_pb_image src=&#8220;https:\/\/www.ego-3d.de\/modellbau\/wp-content\/uploads\/2020\/07\/EGO3D-Vorschau_Pilotenskulptur_Suwelack_Details_auf_Sockel.jpg&#8220; align_tablet=&#8220;center&#8220; align_phone=&#8220;&#8220; align_last_edited=&#8220;on|desktop&#8220; _builder_version=&#8220;4.16&#8243; custom_margin=&#8220;||15px|&#8220; box_shadow_style=&#8220;preset1&#8243; box_shadow_blur=&#8220;10px&#8220; global_colors_info=&#8220;{}&#8220; theme_builder_area=&#8220;post_content&#8220;][\/et_pb_image][et_pb_text _builder_version=&#8220;4.16&#8243; global_colors_info=&#8220;{}&#8220; theme_builder_area=&#8220;post_content&#8220;]<\/p>\n<p><em>Detailinformationen auf dem Sockel<\/em><\/p>\n<p>[\/et_pb_text][\/et_pb_column][et_pb_column type=&#8220;1_3&#8243; _builder_version=&#8220;4.16&#8243; custom_padding=&#8220;|||&#8220; global_colors_info=&#8220;{}&#8220; custom_padding__hover=&#8220;|||&#8220; theme_builder_area=&#8220;post_content&#8220;][et_pb_text _builder_version=&#8220;4.16&#8243; global_colors_info=&#8220;{}&#8220; theme_builder_area=&#8220;post_content&#8220;]<\/p>\n<h2><strong>Bronzeskulptur J. Suwelack:<\/strong><\/h2>\n<h2>3D-Modellierung und Bronzeguss einer Piloten-Statue<\/h2>\n<p style=\"text-align: justify;\">Josef Suwelack war ein Flugpionier zu Beginn des 20. Jahrhunderts, entwickelte eigene Flugapparate, wurde 1912 technischer Direktor der neugegr\u00fcndeten Kondor-Flugzeugwerke GmbH und war einer der sogenannten \u201eAlten Adler\u201c, jener gut 800 Menschen, die schon vor dem ersten Weltkrieg eine Fluglizenz erhielten. Er erzielte verschiedene Flug-Rekorde, die in weltbekannt machten. Dann kam der erste Weltkrieg. Im Jahr 1915 wurde er nach einer Notlandung erschossen. Obwohl er f\u00fcr die Deutschen flog, wurde er aufgrund seines allgmeinen Ansehens schlie\u00dflich auf einem englischen Soldatenfriedhof ehrenvoll beerdigt.<\/p>\n<p style=\"text-align: justify;\">Wolfgang Suwelack, ein Neffe des ber\u00fchmten Piloten entschied sich nun, seinem Onkel ein Denkmal zu setzen und vor seinem Haus eine lebensgro\u00dfe Bronzestatue Suwelacks aufzustellen \u2013 eine sehr sch\u00f6ne Erg\u00e4nzung der bereits bestehenden Sammlung von Pokalen und Fabrikschildern, die Stationen des Lebens Suwelacks nachzeichnen.<\/p>\n<p style=\"text-align: justify;\">Wolfgang Suwelack lebt in Billerbeck, wo auch sein ber\u00fchmter Onkel geboren wurde. Besucher aus Erquinghem-Lys, der nordfranz\u00f6sischen Stadt, in der Suwelack beerdigt wurde, haben immer wieder gefragt, wo Suwelack gelebt habe. Dies war einer der Gr\u00fcnde f\u00fcr Wolfgang Suwelack, die Bronzeskulptur seines Onkels in Auftrag zu geben.<\/p>\n<p style=\"text-align: justify;\">Basierend auf 3D-Scandaten und Entw\u00fcrfen modellierten wir die Pilotenskulptur zuerst digital und stimmten uns mit dem Auftraggeber \u00fcber verschiedene Vorschaubilder ab. Schlie\u00dflich fertigten wir die Skulptur mit unseren 3D-Druckern und lieferten sie als Gussmodell an die beteiligte Kunstgie\u00dferei.<\/p>\n<p>[\/et_pb_text][\/et_pb_column][et_pb_column type=&#8220;1_3&#8243; _builder_version=&#8220;4.16&#8243; custom_padding=&#8220;|||&#8220; global_colors_info=&#8220;{}&#8220; custom_padding__hover=&#8220;|||&#8220; theme_builder_area=&#8220;post_content&#8220;][et_pb_image src=&#8220;https:\/\/www.ego-3d.de\/modellbau\/wp-content\/uploads\/2020\/08\/EGO3D_Pilotenskulptur_Suwelack_fertiges_Gussmodell_in_der_Gie\u00dferei.jpg&#8220; align_tablet=&#8220;center&#8220; align_phone=&#8220;&#8220; align_last_edited=&#8220;on|desktop&#8220; _builder_version=&#8220;4.16&#8243; custom_margin=&#8220;||15px|&#8220; box_shadow_style=&#8220;preset1&#8243; box_shadow_blur=&#8220;10px&#8220; global_colors_info=&#8220;{}&#8220; theme_builder_area=&#8220;post_content&#8220;][\/et_pb_image][et_pb_text _builder_version=&#8220;4.16&#8243; global_colors_info=&#8220;{}&#8220; theme_builder_area=&#8220;post_content&#8220;]<\/p>\n<p style=\"text-align: justify;\"><em>Unser Gussmodell ist in der Gie\u00dferei angekommen<\/em><\/p>\n<p>[\/et_pb_text][et_pb_image src=&#8220;https:\/\/www.ego-3d.de\/modellbau\/wp-content\/uploads\/2020\/08\/EGO3D_Beitrag_von_AZ-Online_zur_Suwelack-Skulptur.jpg&#8220; align_tablet=&#8220;center&#8220; align_phone=&#8220;&#8220; align_last_edited=&#8220;on|desktop&#8220; _builder_version=&#8220;4.16&#8243; custom_margin=&#8220;||15px|&#8220; box_shadow_style=&#8220;preset1&#8243; box_shadow_blur=&#8220;10px&#8220; global_colors_info=&#8220;{}&#8220; theme_builder_area=&#8220;post_content&#8220;][\/et_pb_image][et_pb_text module_id=&#8220;anker_mangin&#8220; _builder_version=&#8220;4.16&#8243; global_colors_info=&#8220;{}&#8220; theme_builder_area=&#8220;post_content&#8220;]<\/p>\n<p style=\"text-align: justify;\"><em>Der Neffe Josef Suwelacks mit der fertigen Bronzestatue<\/em><br \/> <em>Quelle: Beitrag auf AZ-Online<\/em><\/p>\n<p>[\/et_pb_text][\/et_pb_column][\/et_pb_row][\/et_pb_section]<\/p>\n","protected":false},"excerpt":{"rendered":"<p>Detailinformationen auf dem SockelBronzeskulptur J. Suwelack: 3D-Modellierung und Bronzeguss einer Piloten-Statue Josef Suwelack war ein Flugpionier zu Beginn des 20. Jahrhunderts, entwickelte eigene Flugapparate, wurde 1912 technischer Direktor der neugegr\u00fcndeten Kondor-Flugzeugwerke GmbH und war einer der sogenannten \u201eAlten Adler\u201c, jener gut 800 Menschen, die schon vor dem ersten Weltkrieg eine Fluglizenz erhielten. Er erzielte verschiedene [&hellip;]<\/p>\n","protected":false},"author":1,"featured_media":0,"parent":0,"menu_order":0,"comment_status":"closed","ping_status":"closed","template":"","meta":{"_et_pb_use_builder":"on","_et_pb_old_content":"","_et_gb_content_width":""},"_links":{"self":[{"href":"https:\/\/www.ego-3d.de\/modellbau\/wp-json\/wp\/v2\/pages\/3173"}],"collection":[{"href":"https:\/\/www.ego-3d.de\/modellbau\/wp-json\/wp\/v2\/pages"}],"about":[{"href":"https:\/\/www.ego-3d.de\/modellbau\/wp-json\/wp\/v2\/types\/page"}],"author":[{"embeddable":true,"href":"https:\/\/www.ego-3d.de\/modellbau\/wp-json\/wp\/v2\/users\/1"}],"replies":[{"embeddable":true,"href":"https:\/\/www.ego-3d.de\/modellbau\/wp-json\/wp\/v2\/comments?post=3173"}],"version-history":[{"count":2,"href":"https:\/\/www.ego-3d.de\/modellbau\/wp-json\/wp\/v2\/pages\/3173\/revisions"}],"predecessor-version":[{"id":3175,"href":"https:\/\/www.ego-3d.de\/modellbau\/wp-json\/wp\/v2\/pages\/3173\/revisions\/3175"}],"wp:attachment":[{"href":"https:\/\/www.ego-3d.de\/modellbau\/wp-json\/wp\/v2\/media?parent=3173"}],"curies":[{"name":"wp","href":"https:\/\/api.w.org\/{rel}","templated":true}]}}