{"id":3168,"date":"2023-03-30T13:09:51","date_gmt":"2023-03-30T11:09:51","guid":{"rendered":"https:\/\/www.ego-3d.de\/modellbau\/?page_id=3168"},"modified":"2023-03-30T13:09:51","modified_gmt":"2023-03-30T11:09:51","slug":"projekt-skulptur-spes","status":"publish","type":"page","link":"https:\/\/www.ego-3d.de\/modellbau\/projekt-skulptur-spes\/","title":{"rendered":"Projekt Skulptur Spes"},"content":{"rendered":"<p>[et_pb_section fb_built=&#8220;1&#8243; _builder_version=&#8220;4.19.4&#8243; _module_preset=&#8220;default&#8220; background_color=&#8220;RGBA(255,255,255,0)&#8220; background_enable_image=&#8220;off&#8220; background_size=&#8220;initial&#8220; background_position=&#8220;top_center&#8220; background_repeat=&#8220;repeat-y&#8220; global_colors_info=&#8220;{}&#8220; theme_builder_area=&#8220;post_content&#8220;][et_pb_row column_structure=&#8220;1_3,1_3,1_3&#8243; _builder_version=&#8220;4.16&#8243; background_color=&#8220;rgba(255,255,255,0.65)&#8220; custom_margin=&#8220;0px||20px|&#8220; custom_padding=&#8220;15px|15px|15px|15px&#8220; box_shadow_style=&#8220;preset1&#8243; global_colors_info=&#8220;{}&#8220; theme_builder_area=&#8220;post_content&#8220;][et_pb_column type=&#8220;1_3&#8243; _builder_version=&#8220;4.16&#8243; custom_padding=&#8220;|||&#8220; global_colors_info=&#8220;{}&#8220; custom_padding__hover=&#8220;|||&#8220; theme_builder_area=&#8220;post_content&#8220;][et_pb_text _builder_version=&#8220;4.16&#8243; global_colors_info=&#8220;{}&#8220; theme_builder_area=&#8220;post_content&#8220;]<\/p>\n<h2><strong>Skulptur Spes kehrt zur\u00fcck:<\/strong><\/h2>\n<h2>3D-Scan im Museum und 3D-Druck f\u00fcr Zinkguss-Kopie<\/h2>\n<p style=\"text-align: justify;\" align=\"justify\">Das &#8222;Huize de Paauw&#8220; in Wassenaar bei Den Haag steht in einer \u00f6ffentlichen Parkanlage und ist eines von zahlreichen historischen Anwesen in der Anlage. Im 19. Jahrhundert wurde das &#8222;Huize de Paauw&#8220; zum Sommerpalast des F\u00fcrsten Friedrich von den Niederlanden und seiner Frau Prinzessin Louise von Preu\u00dfen.<\/p>\n<p>[\/et_pb_text][et_pb_image src=&#8220;https:\/\/www.ego-3d.de\/modellbau\/wp-content\/uploads\/2020\/09\/EGO3D_Designentwurf_des-Tempels_mit_Spes-Skulptur.jpg&#8220; align_tablet=&#8220;center&#8220; align_phone=&#8220;&#8220; align_last_edited=&#8220;on|desktop&#8220; _builder_version=&#8220;4.16&#8243; custom_margin=&#8220;||15px|&#8220; box_shadow_style=&#8220;preset1&#8243; box_shadow_blur=&#8220;10px&#8220; global_colors_info=&#8220;{}&#8220; theme_builder_area=&#8220;post_content&#8220;][\/et_pb_image][et_pb_text _builder_version=&#8220;4.16&#8243; global_colors_info=&#8220;{}&#8220; theme_builder_area=&#8220;post_content&#8220;]<\/p>\n<p><em>Der Designentwurf Hermann Wentzels<\/em><br \/><em>Quelle: HHA Wentzel, Architektonisches Skizzenbuch<\/em><\/p>\n<p>[\/et_pb_text][et_pb_text _builder_version=&#8220;4.16&#8243; global_colors_info=&#8220;{}&#8220; theme_builder_area=&#8220;post_content&#8220;]<\/p>\n<p style=\"text-align: justify;\">Am k\u00f6niglichen Hof in Berlin, wo beide aufgewachsen waren, waren sie umgeben von der Architektur Karl Friedrich Schinkels. Daher beauftragten sie in den 1850er Jahren den Berliner Architekten Hermann Wentzel, einen Kenner der Schinkelschule, mit der Neugestaltung ihrer zahlreichen Anwesen, darunter auch das &#8222;Huize de Paauw&#8220;. Dar\u00fcber hinaus platzierte Wentzel zahlreiche Zinkguss-Statuen im Park. Besonders sehenswert gestaltete er den Prinzessingarten. Ganz am Ende dieses Areals stand ein kleiner Tempel, in dem eine Zinkguss-Statue der \u201cSpes\u201d, der G\u00f6ttin der Hoffnung aufgestellt war, in Form einer jungen Dame mit einer zarten Bl\u00fcte in der Hand. Das Original zu dieser Statue hatte der d\u00e4nisch-isl\u00e4ndische Bildhauer Bertel Torvaldsen erschaffen.<\/p>\n<p align=\"justify\">Nach dem zweiten Weltkrieg war der Garten zerfallen und alle Statuen verschwunden.<\/p>\n<p>[\/et_pb_text][et_pb_image src=&#8220;https:\/\/www.ego-3d.de\/modellbau\/wp-content\/uploads\/2020\/09\/EGO3D_Tempel_vor_der_Restaurierung.jpg&#8220; align_tablet=&#8220;center&#8220; align_phone=&#8220;&#8220; align_last_edited=&#8220;on|desktop&#8220; _builder_version=&#8220;4.16&#8243; custom_margin=&#8220;||15px|&#8220; box_shadow_style=&#8220;preset1&#8243; box_shadow_blur=&#8220;10px&#8220; global_colors_info=&#8220;{}&#8220; theme_builder_area=&#8220;post_content&#8220;][\/et_pb_image][et_pb_text _builder_version=&#8220;4.16&#8243; global_colors_info=&#8220;{}&#8220; theme_builder_area=&#8220;post_content&#8220;]<\/p>\n<p><em>Der leere Tempel vor der Restaurierung<br \/>Quelle: Architekturb\u00fcro Wevers &amp; Van Luipen<br \/><\/em><\/p>\n<p>[\/et_pb_text][\/et_pb_column][et_pb_column type=&#8220;1_3&#8243; _builder_version=&#8220;4.16&#8243; custom_padding=&#8220;|||&#8220; global_colors_info=&#8220;{}&#8220; custom_padding__hover=&#8220;|||&#8220; theme_builder_area=&#8220;post_content&#8220;][et_pb_text _builder_version=&#8220;4.16&#8243; global_colors_info=&#8220;{}&#8220; theme_builder_area=&#8220;post_content&#8220;]<\/p>\n<p align=\"justify\">Im Jahr 2016 ordnete die Gemeinde unter anderem die Restaurierung des Tempels. Doch obwohl man Fotografien und eine alte Designzeichnung fand, konnte man nicht feststellen, um welche Statue es sich bei der Dame mit der Blume in der Hand handelte. Erst als man einen Experten f\u00fcr Zinkgussstatuen aus den USA zu Rate zog, konnte die verschwundene Skulptur als Spes, G\u00f6ttin der Hoffnung von Bertel Thorvaldsen, identifiziert werden. Unmittelbar darauf wurde Kontakt aufgenommen mit dem Thorvaldsen-Museum in Kopenhagen, wo sich das Gipsoriginal und eine Marmorkopie der Spes befinden.<\/p>\n<p align=\"justify\">Daraufhin wurde EGO3D mit dem Scan und dem 3D-Druck eines Gussmodells der Spes beauftragt. Wir reisten mit unseren 3D-Scannern nach Kopenhagen und scannten die ausgestellte Gipsstatue innerhalb eines Tages vor Ort ein.<\/p>\n<p>[\/et_pb_text][et_pb_image src=&#8220;https:\/\/www.ego-3d.de\/modellbau\/wp-content\/uploads\/2020\/09\/EGO3D_scannt_Spes-Skulptur_im_Thorvaldsen-Musem_Kopenhagen.jpg&#8220; align_tablet=&#8220;center&#8220; align_phone=&#8220;&#8220; align_last_edited=&#8220;on|desktop&#8220; _builder_version=&#8220;4.16&#8243; custom_margin=&#8220;||15px|&#8220; box_shadow_style=&#8220;preset1&#8243; box_shadow_blur=&#8220;10px&#8220; global_colors_info=&#8220;{}&#8220; theme_builder_area=&#8220;post_content&#8220;][\/et_pb_image][et_pb_text _builder_version=&#8220;4.16&#8243; global_colors_info=&#8220;{}&#8220; theme_builder_area=&#8220;post_content&#8220;]<\/p>\n<p style=\"text-align: justify;\"><em>Unsere mobilen 3D-Scanner erm\u00f6glichen ein kontaktloses Einscannen vor Ort. So k\u00f6nnen auch wertvolle Kunstsch\u00e4tze eingescannt werden, die anderweitig nicht abformbar sind.<\/em><\/p>\n<p>[\/et_pb_text][et_pb_text _builder_version=&#8220;4.16&#8243; global_colors_info=&#8220;{}&#8220; theme_builder_area=&#8220;post_content&#8220;]<\/p>\n<p align=\"justify\">Bertel Thorvaldsen ist der ber\u00fchmteste Bildhauer seines Landes und das Thorvaldsen Museum ein Nationalschatz. Dementsprechend war es nicht selbstverst\u00e4ndlich, dass man uns erm\u00f6glichte, die Skulptur in den Museumsr\u00e4umen einzuscannen. Daher f\u00fchrten wir unsere Scantechnologie einigen Verantwortlichen vor, damit diese sehen konnten, dass wir die Statue vollst\u00e4ndig kontaktlos erfassen konnten. Erst dann machten wir uns an das eigentliche Einscannen der Spes. Aufgrund der hohen Sicherheitsbestimmungen des Museums war eine Angestellte des Museums angewiesen, uns w\u00e4hrend unseres gesamten Aufenthalts nicht von der Seite zu weichen und uns bei Bedarf zu helfen.<\/p>\n<p>[\/et_pb_text][\/et_pb_column][et_pb_column type=&#8220;1_3&#8243; _builder_version=&#8220;4.16&#8243; custom_padding=&#8220;|||&#8220; global_colors_info=&#8220;{}&#8220; custom_padding__hover=&#8220;|||&#8220; theme_builder_area=&#8220;post_content&#8220;][et_pb_image src=&#8220;https:\/\/www.ego-3d.de\/modellbau\/wp-content\/uploads\/2020\/09\/EGO3D_fertiger_3D-Druck_der_Spes-Statue.jpg&#8220; align_tablet=&#8220;center&#8220; align_phone=&#8220;&#8220; align_last_edited=&#8220;on|desktop&#8220; _builder_version=&#8220;4.16&#8243; custom_margin=&#8220;||15px|&#8220; box_shadow_style=&#8220;preset1&#8243; box_shadow_blur=&#8220;10px&#8220; global_colors_info=&#8220;{}&#8220; theme_builder_area=&#8220;post_content&#8220;][\/et_pb_image][et_pb_text _builder_version=&#8220;4.16&#8243; global_colors_info=&#8220;{}&#8220; theme_builder_area=&#8220;post_content&#8220;]<\/p>\n<p style=\"text-align: justify;\">Zur\u00fcck in Deutschland erstellten wir anhand der Scans dann das digitale Modell der Spes und lie\u00dfen uns anhand von Vorschaubildern die Freigabe zur Fertigung erteilen. Schlie\u00dflich lieferten wir das Gussmodell an die beteiligte Gie\u00dferei, eine der wenigen in Deutschland, die noch den Zinkguss anbietet. Die fertig gegossene G\u00f6ttin der Hoffnung wurde historisch korrekt mit einer Marmorimitation bemalt und machte sich dann auf die abschlie\u00dfende Reise nach Wassenaar, zur\u00fcck in den kleinen Tempel im Prinzessingarten, wo sie seit langem vermisst worden war.<\/p>\n<p>[\/et_pb_text][et_pb_image src=&#8220;https:\/\/www.ego-3d.de\/modellbau\/wp-content\/uploads\/2020\/09\/EGO3D_fertiger_Zinkguss_der_Spes-Statue.jpg&#8220; align_tablet=&#8220;center&#8220; align_phone=&#8220;&#8220; align_last_edited=&#8220;on|desktop&#8220; _builder_version=&#8220;4.16&#8243; custom_margin=&#8220;||15px|&#8220; box_shadow_style=&#8220;preset1&#8243; box_shadow_blur=&#8220;10px&#8220; global_colors_info=&#8220;{}&#8220; theme_builder_area=&#8220;post_content&#8220;][\/et_pb_image][et_pb_text _builder_version=&#8220;4.16&#8243; global_colors_info=&#8220;{}&#8220; theme_builder_area=&#8220;post_content&#8220;]<\/p>\n<p><em>Der fertige Zinkguss der Spes-Statue, ca. 1,70 m<br \/>Quelle: Architekturb\u00fcro Wevers &amp; Van Luipen<br \/> <\/em><\/p>\n<p>[\/et_pb_text][et_pb_image src=&#8220;https:\/\/www.ego-3d.de\/modellbau\/wp-content\/uploads\/2020\/09\/EGO3D_neue_Spes-Statue_steht_wieder_in_ihrem_Tempel.jpg&#8220; align_tablet=&#8220;center&#8220; align_phone=&#8220;&#8220; align_last_edited=&#8220;on|desktop&#8220; module_id=&#8220;anker_pilot&#8220; _builder_version=&#8220;4.16&#8243; custom_margin=&#8220;||15px|&#8220; box_shadow_style=&#8220;preset1&#8243; box_shadow_blur=&#8220;10px&#8220; global_colors_info=&#8220;{}&#8220; theme_builder_area=&#8220;post_content&#8220;][\/et_pb_image][et_pb_text _builder_version=&#8220;4.16&#8243; global_colors_info=&#8220;{}&#8220; theme_builder_area=&#8220;post_content&#8220;]<\/p>\n<p><em>Die Spes-Statue, im\u00a0 fertig bemalten Marmorlook, kehrt in ihren Tempel zur\u00fcck<br \/> Quelle: Architekturb\u00fcro Wevers &amp; Van Luipen<br \/> <\/em><\/p>\n<p>[\/et_pb_text][\/et_pb_column][\/et_pb_row][\/et_pb_section]<\/p>\n","protected":false},"excerpt":{"rendered":"<p>Skulptur Spes kehrt zur\u00fcck: 3D-Scan im Museum und 3D-Druck f\u00fcr Zinkguss-Kopie Das &#8222;Huize de Paauw&#8220; in Wassenaar bei Den Haag steht in einer \u00f6ffentlichen Parkanlage und ist eines von zahlreichen historischen Anwesen in der Anlage. Im 19. Jahrhundert wurde das &#8222;Huize de Paauw&#8220; zum Sommerpalast des F\u00fcrsten Friedrich von den Niederlanden und seiner Frau Prinzessin [&hellip;]<\/p>\n","protected":false},"author":1,"featured_media":0,"parent":0,"menu_order":0,"comment_status":"closed","ping_status":"closed","template":"","meta":{"_et_pb_use_builder":"on","_et_pb_old_content":"","_et_gb_content_width":""},"_links":{"self":[{"href":"https:\/\/www.ego-3d.de\/modellbau\/wp-json\/wp\/v2\/pages\/3168"}],"collection":[{"href":"https:\/\/www.ego-3d.de\/modellbau\/wp-json\/wp\/v2\/pages"}],"about":[{"href":"https:\/\/www.ego-3d.de\/modellbau\/wp-json\/wp\/v2\/types\/page"}],"author":[{"embeddable":true,"href":"https:\/\/www.ego-3d.de\/modellbau\/wp-json\/wp\/v2\/users\/1"}],"replies":[{"embeddable":true,"href":"https:\/\/www.ego-3d.de\/modellbau\/wp-json\/wp\/v2\/comments?post=3168"}],"version-history":[{"count":2,"href":"https:\/\/www.ego-3d.de\/modellbau\/wp-json\/wp\/v2\/pages\/3168\/revisions"}],"predecessor-version":[{"id":3170,"href":"https:\/\/www.ego-3d.de\/modellbau\/wp-json\/wp\/v2\/pages\/3168\/revisions\/3170"}],"wp:attachment":[{"href":"https:\/\/www.ego-3d.de\/modellbau\/wp-json\/wp\/v2\/media?parent=3168"}],"curies":[{"name":"wp","href":"https:\/\/api.w.org\/{rel}","templated":true}]}}