{"id":3162,"date":"2023-03-30T13:07:33","date_gmt":"2023-03-30T11:07:33","guid":{"rendered":"https:\/\/www.ego-3d.de\/modellbau\/?page_id=3162"},"modified":"2023-10-12T10:50:19","modified_gmt":"2023-10-12T08:50:19","slug":"elvis-als-statue","status":"publish","type":"page","link":"https:\/\/www.ego-3d.de\/modellbau\/elvis-als-statue\/","title":{"rendered":"Elvis als Statue"},"content":{"rendered":"<p>[et_pb_section fb_built=&#8220;1&#8243; _builder_version=&#8220;4.19.4&#8243; _module_preset=&#8220;default&#8220; background_color=&#8220;RGBA(255,255,255,0)&#8220; background_enable_image=&#8220;off&#8220; background_size=&#8220;initial&#8220; background_position=&#8220;top_center&#8220; background_repeat=&#8220;repeat-y&#8220; global_colors_info=&#8220;{}&#8220;][et_pb_row column_structure=&#8220;1_3,1_3,1_3&#8243; _builder_version=&#8220;4.16&#8243; background_color=&#8220;rgba(255,255,255,0.65)&#8220; custom_margin=&#8220;0px||20px|&#8220; custom_padding=&#8220;15px|15px|15px|15px&#8220; box_shadow_style=&#8220;preset1&#8243; global_colors_info=&#8220;{}&#8220;][et_pb_column type=&#8220;1_3&#8243; _builder_version=&#8220;4.16&#8243; custom_padding=&#8220;|||&#8220; global_colors_info=&#8220;{}&#8220; custom_padding__hover=&#8220;|||&#8220;][et_pb_text _builder_version=&#8220;4.19.4&#8243; hover_enabled=&#8220;0&#8243; global_colors_info=&#8220;{}&#8220; sticky_enabled=&#8220;0&#8243;]<\/p>\n<h2><strong>Elvis als Statue:<br \/><\/strong><\/h2>\n<h2>Bronzeskulptur des King of Rock\u00b4n Roll<\/h2>\n<p style=\"text-align: justify;\">Elvis Presley war von 1958 bis 1960 in Deutschland bei Bad Nauheim stationiert. In dieser Zeit entstanden zahlreiche Fotos des King of Rock\u00b4n Roll, unter anderem eines auf einer Br\u00fccke in Bad Nauheim. Dieses Foto war unsere Vorlage f\u00fcr die Skulptur von Elvis.<\/p>\n<p>[\/et_pb_text][et_pb_image src=&#8220;https:\/\/www.ego-3d.de\/modellbau\/wp-content\/uploads\/2023\/10\/EGO3D-Elvisskulptur-Vorlage-Foto-Elvis-in-Bad-Nauheim.jpg&#8220; _builder_version=&#8220;4.19.4&#8243; _module_preset=&#8220;default&#8220; alt=&#8220;Fotocollage aus dem damaligen Foto von Elvis auf der Bruecke in Bad Nauheim, ergaenzt um den Bein- und Fu\u00dfbereich&#8220; title_text=&#8220;Foto-Collage als Vorlage fuer die Elvis-Statue&#8220; sticky_enabled=&#8220;0&#8243; custom_margin=&#8220;||15px|&#8220; box_shadow_style=&#8220;preset1&#8243; box_shadow_blur=&#8220;10px&#8220; align_tablet=&#8220;center&#8220; align_last_edited=&#8220;on|desktop&#8220; hover_enabled=&#8220;0&#8243; align_phone=&#8220;center&#8220;][\/et_pb_image][et_pb_text _builder_version=&#8220;4.19.4&#8243; global_colors_info=&#8220;{}&#8220;]<\/p>\n<p><em>Fotovorlage f\u00fcr das Projekt<br \/><\/em><\/p>\n<p>[\/et_pb_text][et_pb_text _builder_version=&#8220;4.19.4&#8243; _module_preset=&#8220;default&#8220; global_colors_info=&#8220;{}&#8220;]<\/p>\n<p style=\"text-align: justify;\">Hinter dem Elvis-Projekt stehen die beiden Elvis-Fans Angela Storm und Meike Berger, die es sich zur Aufgabe gemacht hatten, Elvis in Bad Nauheim ein Denkmal zu setzen. Denn die zwei Jahre, die Elvis in Deutschland verbrachte, waren pr\u00e4gend f\u00fcr ihn, nicht zuletzt, weil er in Deutschland seine sp\u00e4tere Frau, Priscilla kennenlernte.<\/p>\n<p style=\"text-align: justify;\">Das Ziel des Projektes war, eine lebensgro\u00dfe Bronzestatue von Elvis anzufertigen, die nicht nur exakt wie Elvis auf dem alten Foto aussieht, sondern schlie\u00dflich auch am selben Platz in Bad Nauheim aufgestellt werden sollte. Daf\u00fcr erkl\u00e4rte sich die Stadt Bad Nauheim sogar bereit, das nicht mehr vorhandene alte Gel\u00e4nder der Br\u00fccke wieder neu zu erstellen, so dass es wie damals aussieht.<\/p>\n<p>[\/et_pb_text][et_pb_image src=&#8220;https:\/\/www.ego-3d.de\/modellbau\/wp-content\/uploads\/2023\/10\/EGO3D-Elvisskulptur-02.jpg&#8220; _builder_version=&#8220;4.19.4&#8243; _module_preset=&#8220;default&#8220; alt=&#8220;Fertiger 3D-Druck der Elvis-Skulptur mit bronzierter Oberflaeche f\u00fcr Praesentationszwecke&#8220; title_text=&#8220;Fertiger bronzierter 3D-Druck der Elvis-Statue&#8220; sticky_enabled=&#8220;0&#8243; custom_margin=&#8220;||15px|&#8220; box_shadow_style=&#8220;preset1&#8243; box_shadow_blur=&#8220;10px&#8220; align_tablet=&#8220;center&#8220; align_last_edited=&#8220;on|desktop&#8220; align_phone=&#8220;center&#8220;][\/et_pb_image][et_pb_text _builder_version=&#8220;4.19.4&#8243; hover_enabled=&#8220;0&#8243; global_colors_info=&#8220;{}&#8220; sticky_enabled=&#8220;0&#8243;]<\/p>\n<p style=\"text-align: justify;\"><em>Fertiger 3D-Druck der Elvis-Skulptur mit bronzierter Oberfl\u00e4che f\u00fcr Pr\u00e4sentationszwecke. Dahinter ein Teil des neu geschmiedeten Gel\u00e4nders. Dieses Modell diente sp\u00e4ter auch als Gussmodell f\u00fcr den Bronzeguss.<br \/><\/em><\/p>\n<p>[\/et_pb_text][\/et_pb_column][et_pb_column type=&#8220;1_3&#8243; _builder_version=&#8220;4.16&#8243; custom_padding=&#8220;|||&#8220; global_colors_info=&#8220;{}&#8220; custom_padding__hover=&#8220;|||&#8220;][et_pb_text _builder_version=&#8220;4.16&#8243; global_colors_info=&#8220;{}&#8220;]<\/p>\n<p style=\"text-align: justify;\">\n<p style=\"text-align: justify;\">\n<p style=\"text-align: justify;\">Der wichtigste Teil der Arbeit an der Elvis-Skulptur war das Herausarbeiten der Gesichtsmerkmale. Die besondere Schwierigkeit war hier, dass Elvis nicht wie gewohnt mit Tolle, Koteletten und Stehkragen dargestellt werden konnte, sondern mit kurzem Haar, rasiertem Schl\u00e4fenbereich und milit\u00e4rischer Uniform. In st\u00e4ndiger Absprache mit unseren Auftraggebern, teilweise direkt bei uns vor Ort, perfektionierten wir Elvis Gesichtsz\u00fcge soweit, bis auch die kritischsten Augen der Fans mit dem Ergebnis gl\u00fccklich waren.<\/p>\n<p style=\"text-align: justify;\">Wir modellierten zahlreiche Details auf der Uniform anhand von genau recherchierten Fotos aus Elvis Dienstzeit beim US-Milit\u00e4r. Manche Elemente waren nur auf einem einzigen Foto zu finden, das uns dann als Vorlage diente.<\/p>\n<p style=\"text-align: justify;\">Schlie\u00dflich stellten wir die Skulptur mit unseren 3D-Druckern her und bronzierten die Oberfl\u00e4che. So konnten unsere Auftraggeber die Skulptur bei verschiedenen Events bereits vorf\u00fchren und eventuellen Spendern f\u00fcr das Gesamtprojekt einen besseren Eindruck des sp\u00e4teren Gusses liefern. Nach erfolgreichem Abschluss der Spendenaktion diente das Pr\u00e4sentationsmodell wie vorgesehen als Gussmodell f\u00fcr die Bronzegie\u00dferei.<\/p>\n<p>[\/et_pb_text][et_pb_image src=&#8220;https:\/\/www.ego-3d.de\/modellbau\/wp-content\/uploads\/2023\/10\/EGO3D-Elvisskulptur-Detail-04.jpg&#8220; _builder_version=&#8220;4.19.4&#8243; _module_preset=&#8220;default&#8220; alt=&#8220;Brustebereich der Elvis-Statue mit Knopfleiste und Wappenrelief auf jedem einzelnen Knopf&#8220; title_text=&#8220;Brustbereich der Elvis-Statue&#8220; sticky_enabled=&#8220;0&#8243; custom_margin=&#8220;||15px|&#8220; box_shadow_style=&#8220;preset1&#8243; box_shadow_blur=&#8220;10px&#8220; align_tablet=&#8220;center&#8220; align_last_edited=&#8220;on|desktop&#8220; align_phone=&#8220;center&#8220;][\/et_pb_image][et_pb_text _builder_version=&#8220;4.16&#8243; global_colors_info=&#8220;{}&#8220;]<\/p>\n<p><em>Jeder einzelne Knopf zeigt das bekannte Symbol der US-Army mit Adler<br \/><\/em><\/p>\n<p>[\/et_pb_text][et_pb_image src=&#8220;https:\/\/www.ego-3d.de\/modellbau\/wp-content\/uploads\/2023\/10\/EGO3D-Elvisskulptur-Detail-01.jpg&#8220; _builder_version=&#8220;4.19.4&#8243; _module_preset=&#8220;default&#8220; alt=&#8220;Feine Details an der Auszeichnung an der Brusttasche der Elvis-Statue&#8220; title_text=&#8220;Auszeichnung an der Brusttasche der Elvis-Statue&#8220; sticky_enabled=&#8220;0&#8243; custom_margin=&#8220;||15px|&#8220; box_shadow_style=&#8220;preset1&#8243; box_shadow_blur=&#8220;10px&#8220; align_tablet=&#8220;center&#8220; align_last_edited=&#8220;on|desktop&#8220; align_phone=&#8220;center&#8220;][\/et_pb_image][et_pb_image src=&#8220;https:\/\/www.ego-3d.de\/modellbau\/wp-content\/uploads\/2023\/10\/EGO3D-Elvisskulptur-Detail-05.jpg&#8220; _builder_version=&#8220;4.19.4&#8243; _module_preset=&#8220;default&#8220; alt=&#8220;Uhr und Ringe an den Fingern und am Handgelenk der Elvis-Statue&#8220; title_text=&#8220;Uhr am Handgelenk der elvis-Statue&#8220; sticky_enabled=&#8220;0&#8243; custom_margin=&#8220;||15px|&#8220; box_shadow_style=&#8220;preset1&#8243; box_shadow_blur=&#8220;10px&#8220; align_tablet=&#8220;center&#8220; align_last_edited=&#8220;on|desktop&#8220; align_phone=&#8220;center&#8220;][\/et_pb_image][\/et_pb_column][et_pb_column type=&#8220;1_3&#8243; _builder_version=&#8220;4.16&#8243; custom_padding=&#8220;|||&#8220; global_colors_info=&#8220;{}&#8220; custom_padding__hover=&#8220;|||&#8220;][et_pb_image src=&#8220;https:\/\/www.ego-3d.de\/modellbau\/wp-content\/uploads\/2023\/10\/EGO3D-Elvisskulptur-Detail-02.jpg&#8220; _builder_version=&#8220;4.19.4&#8243; _module_preset=&#8220;default&#8220; alt=&#8220;Seitenansicht des Kopfes und der Muetze der Elvis-Statue, mit detailierter Webstruktur am Muetzenband&#8220; title_text=&#8220;Kopf der Elvis-Statue&#8220; sticky_enabled=&#8220;0&#8243; custom_margin=&#8220;||15px|&#8220; box_shadow_style=&#8220;preset1&#8243; box_shadow_blur=&#8220;10px&#8220; align_tablet=&#8220;center&#8220; align_last_edited=&#8220;on|desktop&#8220; align_phone=&#8220;center&#8220;][\/et_pb_image][et_pb_text _builder_version=&#8220;4.16&#8243; global_colors_info=&#8220;{}&#8220;]<\/p>\n<p style=\"text-align: justify;\"><em>Sogar das Webmuster auf der M\u00fctze orientiert sich exakt an den alten Abbildungen von Elvis in Uniform.<\/em><\/p>\n<p>[\/et_pb_text][et_pb_image src=&#8220;https:\/\/www.ego-3d.de\/modellbau\/wp-content\/uploads\/2023\/10\/EGO3D-Enthuellung-der-Elvis-Statue.jpg&#8220; _builder_version=&#8220;4.19.4&#8243; _module_preset=&#8220;default&#8220; alt=&#8220;Der digitale Bildhauer Immanuel Guenther von EGO3D, die Initiatorinnen der Elvis-Statue und Vertreter der Stadt Bad Nauheim vor der Elvis-Statue kurz nach der Enthuellung&#8220; title_text=&#8220;Enthuellung der Elvis-Statue&#8220; sticky_enabled=&#8220;0&#8243; custom_margin=&#8220;||15px|&#8220; box_shadow_style=&#8220;preset1&#8243; box_shadow_blur=&#8220;10px&#8220; align_tablet=&#8220;center&#8220; align_last_edited=&#8220;on|desktop&#8220; align_phone=&#8220;center&#8220;][\/et_pb_image][et_pb_text _builder_version=&#8220;4.16&#8243; global_colors_info=&#8220;{}&#8220;]<\/p>\n<p style=\"text-align: justify;\"><em>Die Einweihung fand bei bestem Wetter statt. Anwesend waren neben Veranwortlichen der Stadt und einem gro\u00dfen Presseaufgebot sogar der ehemalige B\u00fcrgermeister von Tupelo, Elvis Geburtsstadt.<br \/>Bildquelle: Andy Pendl (Ausschnitt) <br \/><\/em><em><\/em><\/p>\n<p>[\/et_pb_text][et_pb_image src=&#8220;https:\/\/www.ego-3d.de\/modellbau\/wp-content\/uploads\/2023\/10\/EGO3D-fertige-Bronzestatue-von-Elvis.jpg&#8220; _builder_version=&#8220;4.19.4&#8243; _module_preset=&#8220;default&#8220; alt=&#8220;Die fertige Bronzestatue von Elvis Presley vor Ort in Bad Nauheim kurz nach der Enth\u00fcllung&#8220; title_text=&#8220;Die Bronzestatue von Elvis vor Ort&#8220; sticky_enabled=&#8220;0&#8243; custom_margin=&#8220;||15px|&#8220; box_shadow_style=&#8220;preset1&#8243; box_shadow_blur=&#8220;10px&#8220; align_tablet=&#8220;center&#8220; align_last_edited=&#8220;on|desktop&#8220; align_phone=&#8220;center&#8220;][\/et_pb_image][et_pb_text _builder_version=&#8220;4.16&#8243; global_colors_info=&#8220;{}&#8220;]<\/p>\n<p style=\"text-align: justify;\"><em>Nun ist Elvis wieder in Bad Nauheim, diesmal als Bronzestatue. Und vermutlich wird er viele Jahrzehnte bleiben. Das Kunstwerk ist inzwischen zu einem \u00e4u\u00dferst beliebten und stark frequentierten Foto-Spot geworden. Bei gutem Wetter fotografieren sich t\u00e4glich hunderte Menschen mit dem King des Rock \u00b4 n Roll.<br \/>Bildquelle: Andy Pendl (Ausschnitt) <br \/><\/em><em><\/em><\/p>\n<p>[\/et_pb_text][\/et_pb_column][\/et_pb_row][\/et_pb_section]<\/p>\n","protected":false},"excerpt":{"rendered":"<p>Elvis als Statue: Bronzeskulptur des King of Rock\u00b4n Roll Elvis Presley war von 1958 bis 1960 in Deutschland bei Bad Nauheim stationiert. In dieser Zeit entstanden zahlreiche Fotos des King of Rock\u00b4n Roll, unter anderem eines auf einer Br\u00fccke in Bad Nauheim. Dieses Foto war unsere Vorlage f\u00fcr die Skulptur von Elvis.Fotovorlage f\u00fcr das ProjektHinter [&hellip;]<\/p>\n","protected":false},"author":1,"featured_media":0,"parent":0,"menu_order":0,"comment_status":"closed","ping_status":"closed","template":"","meta":{"_et_pb_use_builder":"on","_et_pb_old_content":"","_et_gb_content_width":""},"_links":{"self":[{"href":"https:\/\/www.ego-3d.de\/modellbau\/wp-json\/wp\/v2\/pages\/3162"}],"collection":[{"href":"https:\/\/www.ego-3d.de\/modellbau\/wp-json\/wp\/v2\/pages"}],"about":[{"href":"https:\/\/www.ego-3d.de\/modellbau\/wp-json\/wp\/v2\/types\/page"}],"author":[{"embeddable":true,"href":"https:\/\/www.ego-3d.de\/modellbau\/wp-json\/wp\/v2\/users\/1"}],"replies":[{"embeddable":true,"href":"https:\/\/www.ego-3d.de\/modellbau\/wp-json\/wp\/v2\/comments?post=3162"}],"version-history":[{"count":3,"href":"https:\/\/www.ego-3d.de\/modellbau\/wp-json\/wp\/v2\/pages\/3162\/revisions"}],"predecessor-version":[{"id":3428,"href":"https:\/\/www.ego-3d.de\/modellbau\/wp-json\/wp\/v2\/pages\/3162\/revisions\/3428"}],"wp:attachment":[{"href":"https:\/\/www.ego-3d.de\/modellbau\/wp-json\/wp\/v2\/media?parent=3162"}],"curies":[{"name":"wp","href":"https:\/\/api.w.org\/{rel}","templated":true}]}}