{"id":3147,"date":"2023-03-29T17:29:43","date_gmt":"2023-03-29T15:29:43","guid":{"rendered":"https:\/\/www.ego-3d.de\/modellbau\/?page_id=3147"},"modified":"2023-03-29T17:29:43","modified_gmt":"2023-03-29T15:29:43","slug":"2-buesten-fuer-kunstinstallation","status":"publish","type":"page","link":"https:\/\/www.ego-3d.de\/modellbau\/2-buesten-fuer-kunstinstallation\/","title":{"rendered":"2 B\u00fcsten f\u00fcr Kunstinstallation"},"content":{"rendered":"<p>[et_pb_section fb_built=&#8220;1&#8243; _builder_version=&#8220;4.19.4&#8243; _module_preset=&#8220;default&#8220; background_color=&#8220;RGBA(255,255,255,0)&#8220; background_enable_image=&#8220;off&#8220; background_size=&#8220;initial&#8220; background_position=&#8220;top_center&#8220; background_repeat=&#8220;repeat-y&#8220; global_colors_info=&#8220;{}&#8220; theme_builder_area=&#8220;post_content&#8220;][et_pb_row column_structure=&#8220;1_2,1_2&#8243; _builder_version=&#8220;4.16&#8243; background_color=&#8220;rgba(255,255,255,0.65)&#8220; custom_margin=&#8220;0px||20px|&#8220; custom_padding=&#8220;15px|15px|15px|15px&#8220; box_shadow_style=&#8220;preset1&#8243; global_colors_info=&#8220;{}&#8220; theme_builder_area=&#8220;post_content&#8220;][et_pb_column type=&#8220;1_2&#8243; _builder_version=&#8220;4.16&#8243; custom_padding=&#8220;|||&#8220; global_colors_info=&#8220;{}&#8220; custom_padding__hover=&#8220;|||&#8220; theme_builder_area=&#8220;post_content&#8220;][et_pb_text _builder_version=&#8220;4.16&#8243; global_colors_info=&#8220;{}&#8220; theme_builder_area=&#8220;post_content&#8220;]<\/p>\n<h2><strong>B\u00fcsten f\u00fcr Kunstinstallation: <\/strong><\/h2>\n<h2 style=\"text-align: left;\">3D-Modellierung und 3D-Druck zweier B\u00fcsten nach Vorgaben der K\u00fcnstlerin<strong><br \/><\/strong><\/h2>\n<p style=\"text-align: justify;\">Die K\u00fcnstlerin Anna Ehrenstein beauftragte EGO3D, f\u00fcr Ihre Kunstinstallation &#8222;Zen for Hoejabi&#8220; zwei lebensgro\u00dfe B\u00fcsten nach ihren Vorgaben und Bildvorlagen zu Modellieren. Die B\u00fcsten waren identisch und trugen jeweils ein Kopftuch. Da sie sp\u00e4ter gegen\u00fcber aufgestellt werden sollten und mit den M\u00fcndern ein schmales Mundst\u00fcck halten sollten, simulierten wir w\u00e4hrend des Modellierens und in den Vorschaubildern bereits die Aufstellung. So konnten wir gew\u00e4hrleisten, dass die B\u00fcsten sich sp\u00e4ter wie geplant in die Installation einf\u00fcgen lie\u00dfen.<\/p>\n<p style=\"text-align: justify;\">Anna Ehrenstein setzt sich in dieser Arbeit unter anderem mit dem Hijab auseinander, nicht nur als religi\u00f6s funktionalisierter Kopfbedeckung, sondern auch und immer mehr als modischem Accessoire und Alltagsgegenstand. Dar\u00fcber hinaus greift die Arbeit auch die immer st\u00e4rkere digitale Vernetzung unserer Lebenswelt auf, symbolisiert durch Smartphones und nicht durch zuletzt unsere B\u00fcsten, die passenderweise im 3D-Druck entstanden.<\/p>\n<p style=\"text-align: justify;\"><strong>&#8222;&#8230; ihre Arbeit dazu war einfach toll.&#8220;<\/strong><\/p>\n<p style=\"text-align: justify;\">Anna Ehrenstein schrieb zum Kunstwerk und der Zusammenarbeit: &#8222;Ich habe die Skulptur, nachdem sie in der Schweiz ausgestellt wurde, der Sammlung des Museums geschenkt. Es ist das erste Werk, welches ich in einer Sammlung habe und ihre Arbeit dazu war einfach toll. [&#8230;]&#8220;<\/p>\n<p style=\"text-align: justify;\">Das Beispiel zeigt, gerade bei modernen Kunstinstallationen und Skulpturen kann die 3D-Technik manchmal eine Unterst\u00fctzung f\u00fcr die Umsetzung des K\u00fcnstlers sein. Wir arbeiten gerne mit K\u00fcnstlern zusammen und interessieren uns ausdr\u00fccklich auch f\u00fcr ungew\u00f6hnliche Projekte, bei denen wir mit unseren digitalen M\u00f6glichkeiten assistieren k\u00f6nnen.<\/p>\n<p>[\/et_pb_text][\/et_pb_column][et_pb_column type=&#8220;1_2&#8243; _builder_version=&#8220;4.16&#8243; custom_padding=&#8220;|||&#8220; global_colors_info=&#8220;{}&#8220; custom_padding__hover=&#8220;|||&#8220; theme_builder_area=&#8220;post_content&#8220;][et_pb_image src=&#8220;https:\/\/www.ego-3d.de\/modellbau\/wp-content\/uploads\/2020\/08\/EGO3D-K\u00fcnstlerservice_Anna_Ehrenstein_Kunstwerk_mit_B\u00fcsten_Abbildung2.jpg&#8220; align=&#8220;center&#8220; align_tablet=&#8220;center&#8220; align_phone=&#8220;&#8220; align_last_edited=&#8220;on|desktop&#8220; _builder_version=&#8220;4.16&#8243; custom_margin=&#8220;||15px|&#8220; box_shadow_style=&#8220;preset1&#8243; box_shadow_blur=&#8220;10px&#8220; global_colors_info=&#8220;{}&#8220; theme_builder_area=&#8220;post_content&#8220;][\/et_pb_image][et_pb_text _builder_version=&#8220;4.16&#8243; global_colors_info=&#8220;{}&#8220; theme_builder_area=&#8220;post_content&#8220;]<em>&#8222;Zen for Hoejabi&#8220; von Anna Ehrenstein<\/em><br \/>\nQuelle: <em>Anna Ehrenstein, Philipp Ottend\u00f6rfer\/Fotomuseum Winterthur<\/em>[\/et_pb_text][et_pb_image src=&#8220;https:\/\/www.ego-3d.de\/modellbau\/wp-content\/uploads\/2020\/08\/EGO3D-K\u00fcnstlerservice_Anna_Ehrenstein_Kunstwerk_mit_B\u00fcsten.jpg&#8220; align=&#8220;center&#8220; align_tablet=&#8220;center&#8220; align_phone=&#8220;&#8220; align_last_edited=&#8220;on|desktop&#8220; _builder_version=&#8220;4.16&#8243; custom_margin=&#8220;||15px|&#8220; box_shadow_style=&#8220;preset1&#8243; box_shadow_blur=&#8220;10px&#8220; global_colors_info=&#8220;{}&#8220; theme_builder_area=&#8220;post_content&#8220;][\/et_pb_image][et_pb_text _builder_version=&#8220;4.16&#8243; global_colors_info=&#8220;{}&#8220; theme_builder_area=&#8220;post_content&#8220;]<\/p>\n<p><em>&#8222;Zen for Hoejabi&#8220; von Anna Ehrenstein (Ausschnitt)<\/em><br \/> Quelle: <em>Anna Ehrenstein, Philipp Ottend\u00f6rfer\/Fotomuseum Winterthur<\/em><\/p>\n<p>[\/et_pb_text][\/et_pb_column][\/et_pb_row][\/et_pb_section]<\/p>\n","protected":false},"excerpt":{"rendered":"<p>B\u00fcsten f\u00fcr Kunstinstallation: 3D-Modellierung und 3D-Druck zweier B\u00fcsten nach Vorgaben der K\u00fcnstlerin Die K\u00fcnstlerin Anna Ehrenstein beauftragte EGO3D, f\u00fcr Ihre Kunstinstallation &#8222;Zen for Hoejabi&#8220; zwei lebensgro\u00dfe B\u00fcsten nach ihren Vorgaben und Bildvorlagen zu Modellieren. Die B\u00fcsten waren identisch und trugen jeweils ein Kopftuch. Da sie sp\u00e4ter gegen\u00fcber aufgestellt werden sollten und mit den M\u00fcndern ein [&hellip;]<\/p>\n","protected":false},"author":1,"featured_media":0,"parent":0,"menu_order":0,"comment_status":"closed","ping_status":"closed","template":"","meta":{"_et_pb_use_builder":"on","_et_pb_old_content":"","_et_gb_content_width":""},"_links":{"self":[{"href":"https:\/\/www.ego-3d.de\/modellbau\/wp-json\/wp\/v2\/pages\/3147"}],"collection":[{"href":"https:\/\/www.ego-3d.de\/modellbau\/wp-json\/wp\/v2\/pages"}],"about":[{"href":"https:\/\/www.ego-3d.de\/modellbau\/wp-json\/wp\/v2\/types\/page"}],"author":[{"embeddable":true,"href":"https:\/\/www.ego-3d.de\/modellbau\/wp-json\/wp\/v2\/users\/1"}],"replies":[{"embeddable":true,"href":"https:\/\/www.ego-3d.de\/modellbau\/wp-json\/wp\/v2\/comments?post=3147"}],"version-history":[{"count":2,"href":"https:\/\/www.ego-3d.de\/modellbau\/wp-json\/wp\/v2\/pages\/3147\/revisions"}],"predecessor-version":[{"id":3149,"href":"https:\/\/www.ego-3d.de\/modellbau\/wp-json\/wp\/v2\/pages\/3147\/revisions\/3149"}],"wp:attachment":[{"href":"https:\/\/www.ego-3d.de\/modellbau\/wp-json\/wp\/v2\/media?parent=3147"}],"curies":[{"name":"wp","href":"https:\/\/api.w.org\/{rel}","templated":true}]}}