{"id":3134,"date":"2023-03-29T17:24:29","date_gmt":"2023-03-29T15:24:29","guid":{"rendered":"https:\/\/www.ego-3d.de\/modellbau\/?page_id=3134"},"modified":"2023-03-29T17:24:29","modified_gmt":"2023-03-29T15:24:29","slug":"der-akrobat","status":"publish","type":"page","link":"https:\/\/www.ego-3d.de\/modellbau\/der-akrobat\/","title":{"rendered":"Der Akrobat"},"content":{"rendered":"<p>[et_pb_section fb_built=&#8220;1&#8243; _builder_version=&#8220;4.19.4&#8243; _module_preset=&#8220;default&#8220; background_color=&#8220;RGBA(255,255,255,0)&#8220; background_enable_image=&#8220;off&#8220; background_size=&#8220;initial&#8220; background_position=&#8220;top_center&#8220; background_repeat=&#8220;repeat-y&#8220; global_colors_info=&#8220;{}&#8220; theme_builder_area=&#8220;post_content&#8220;][et_pb_row column_structure=&#8220;1_2,1_2&#8243; _builder_version=&#8220;4.16&#8243; _module_preset=&#8220;default&#8220; background_color=&#8220;rgba(255,255,255,0.65)&#8220; custom_margin=&#8220;0px||20px|&#8220; custom_padding=&#8220;15px|15px|15px|15px&#8220; box_shadow_style=&#8220;preset1&#8243; global_colors_info=&#8220;{}&#8220; theme_builder_area=&#8220;post_content&#8220;][et_pb_column type=&#8220;1_2&#8243; _builder_version=&#8220;4.16&#8243; _module_preset=&#8220;default&#8220; global_colors_info=&#8220;{}&#8220; theme_builder_area=&#8220;post_content&#8220;][et_pb_image src=&#8220;https:\/\/www.ego-3d.de\/modellbau\/wp-content\/uploads\/2020\/09\/EGO3D_Originalskulptur_Akrobat.jpg&#8220; title_text=&#8220;EGO3D_Originalskulptur_Akrobat&#8220; align=&#8220;center&#8220; align_tablet=&#8220;center&#8220; align_phone=&#8220;&#8220; align_last_edited=&#8220;on|desktop&#8220; _builder_version=&#8220;4.16&#8243; _module_preset=&#8220;default&#8220; custom_margin=&#8220;||15px|&#8220; box_shadow_style=&#8220;preset1&#8243; box_shadow_blur=&#8220;10px&#8220; global_colors_info=&#8220;{}&#8220; theme_builder_area=&#8220;post_content&#8220;][\/et_pb_image][et_pb_text _builder_version=&#8220;4.16&#8243; _module_preset=&#8220;default&#8220; global_colors_info=&#8220;{}&#8220; theme_builder_area=&#8220;post_content&#8220;]<\/p>\n<p>Die originale Skulptur &#8222;Der Akrobat&#8220; aus Multiplex, aufw\u00e4ndig verschliffen und poliert.<br \/> Quelle: J\u00f6rg W. Schirmer<\/p>\n<p>[\/et_pb_text][et_pb_image src=&#8220;https:\/\/www.ego-3d.de\/modellbau\/wp-content\/uploads\/2020\/09\/EGO3D_Mustertextur_des_K\u00fcnstlers_Auftrag_Akrobat.jpg&#8220; title_text=&#8220;EGO3D_Mustertextur_des_K\u00fcnstlers_Auftrag_Akrobat&#8220; align=&#8220;center&#8220; align_tablet=&#8220;center&#8220; align_phone=&#8220;&#8220; align_last_edited=&#8220;on|desktop&#8220; _builder_version=&#8220;4.16&#8243; _module_preset=&#8220;default&#8220; custom_margin=&#8220;||15px|&#8220; box_shadow_style=&#8220;preset1&#8243; box_shadow_blur=&#8220;10px&#8220; global_colors_info=&#8220;{}&#8220; theme_builder_area=&#8220;post_content&#8220;][\/et_pb_image][et_pb_text _builder_version=&#8220;4.16&#8243; _module_preset=&#8220;default&#8220; global_colors_info=&#8220;{}&#8220; theme_builder_area=&#8220;post_content&#8220;]<\/p>\n<p style=\"text-align: justify;\"><em>Das Muster, dass uns der K\u00fcnstler zur Verf\u00fcgung stellte. Basierend auf dieser Zeichnung erstellten wir Werkzeuge in einem unserer Programme, die es uns erm\u00f6glichten, dieses Muster in die Oberfl\u00e4che der Skulptur zu &#8222;gravieren&#8220;.<br \/>Bildquelle: J\u00f6rg W. Schirmer<\/em><\/p>\n<p>[\/et_pb_text][\/et_pb_column][et_pb_column type=&#8220;1_2&#8243; _builder_version=&#8220;4.16&#8243; _module_preset=&#8220;default&#8220; global_colors_info=&#8220;{}&#8220; theme_builder_area=&#8220;post_content&#8220;][et_pb_text _builder_version=&#8220;4.16&#8243; _module_preset=&#8220;default&#8220; global_colors_info=&#8220;{}&#8220; theme_builder_area=&#8220;post_content&#8220;]<\/p>\n<h2><strong>Ein Kunstwerk ver\u00e4ndert sich:<\/strong><\/h2>\n<h2>&#8222;Der Akrobat&#8220; wird nach Vorgaben des K\u00fcnstlers mit neuer Oberfl\u00e4che zum Urmodell f\u00fcr eine Kleinserie<\/h2>\n<p style=\"text-align: justify;\">Die Skulptur &#8222;Der Akrobat&#8220; von J\u00f6rg W. Schirmer besteht aus Multiplex und ist ca. 2 Meter lang. Der K\u00fcnstler beauftragte uns, die Skulptur\u00a0 mit unseren 3D-Scannern einzuscannen und zu verkleinern, um eine Kleinserie in Bronze herstellen zu k\u00f6nnen. Dar\u00fcber hinaus plante der K\u00fcnstler, die Oberfl\u00e4che anders zu gestalten. Das Ziel war es, den Akrobaten mit einem Muster \u00fcber den ganzen K\u00f6rper hinweg zu versehen, das sp\u00e4ter nach dem Guss auch farblich abgesetzt werden konnte.<\/p>\n<p style=\"text-align: justify;\">Der K\u00fcnstler hatte durch das digital vorliegende Modell die M\u00f6glichkeit direkt mit EGO3D in Zusammenarbeit verschiedene Musterentw\u00fcrfe auszuprobieren und zu visualisieren, bis ein spannendes Ergebnis in seinem Sinn entstand.<\/p>\n<p style=\"text-align: justify;\">Schlie\u00dflich entschied sich der K\u00fcnstler f\u00fcr ein Muster aus unregelm\u00e4\u00dfigen F\u00fcnfecken und gab uns hierf\u00fcr eine Schwarzwei\u00dfzeichnung. Anhand dieser konnten wir in einem unserer Programme f\u00fcr digitale Bildhauerei Werkzeuge erstellen, mit denen sich das Muster in die Oberfl\u00e4che eingravieren lie\u00df.<\/p>\n<p style=\"text-align: justify;\">Zus\u00e4tzlich zur Oberfl\u00e4chengestaltung plante der K\u00fcnstler auch, die Hauptbetrachtungsrichtung der Skulptur von der rechten Seite auf die linke Seite zu wechseln. Um weiterhin die gew\u00fcnschte perspektivische Wirkung aus Sicht des Betrachters beizubehalten, die durch die teils stark vergr\u00f6\u00dferten K\u00f6rperpartien erzeugt wird, spiegelten wir nach Vorgabe des K\u00fcnstlers den kompletten Oberk\u00f6rper, belie\u00dfen den Unterkorper jedoch unver\u00e4ndert.<\/p>\n<p style=\"text-align: justify;\">W\u00e4hrend der Umsetzung bekam der K\u00fcnstler von uns Vorschaubilder, so dass er das Ergebnis begutachten und schlie\u00dflich freigeben konnte. Dann wurde die Skulptur mit einem unserer 3D-Drucker ausgedruckt und diente der beteiligten Gie\u00dferei als Gussmodell f\u00fcr die Kleinserie.<\/p>\n<p>[\/et_pb_text][et_pb_image src=&#8220;https:\/\/www.ego-3d.de\/modellbau\/wp-content\/uploads\/2020\/09\/EGO3D_Bronzeskulptur_Akrobat_mit_Muster.jpg&#8220; title_text=&#8220;EGO3D_Bronzeskulptur_Akrobat_mit_Muster&#8220; align=&#8220;center&#8220; align_tablet=&#8220;center&#8220; align_phone=&#8220;&#8220; align_last_edited=&#8220;on|desktop&#8220; _builder_version=&#8220;4.16&#8243; _module_preset=&#8220;default&#8220; custom_margin=&#8220;||15px|&#8220; box_shadow_style=&#8220;preset1&#8243; box_shadow_blur=&#8220;10px&#8220; global_colors_info=&#8220;{}&#8220; theme_builder_area=&#8220;post_content&#8220;][\/et_pb_image][et_pb_text module_id=&#8220;anker_schmelzer&#8220; _builder_version=&#8220;4.16&#8243; _module_preset=&#8220;default&#8220; global_colors_info=&#8220;{}&#8220; theme_builder_area=&#8220;post_content&#8220;]<\/p>\n<p style=\"text-align: justify;\"><em>Der fertige Guss des Akrobaten. Nach dem Guss bearbeitete der K\u00fcnstler die Oberfl\u00e4che jedes einzelnen Modells. Er brachte dazu Farben in die Tiefen des eingravierten Musters ein. Durch diese Nachbearbeitung konnte der K\u00fcnstler jedes Einzelst\u00fcck der Kleinserie zu einem Unikat machen.<br \/> Bildquelle: J\u00f6rg W. Schirmer<\/em><\/p>\n<p>[\/et_pb_text][\/et_pb_column][\/et_pb_row][\/et_pb_section]<\/p>\n","protected":false},"excerpt":{"rendered":"<p>Die originale Skulptur &#8222;Der Akrobat&#8220; aus Multiplex, aufw\u00e4ndig verschliffen und poliert. Quelle: J\u00f6rg W. SchirmerDas Muster, dass uns der K\u00fcnstler zur Verf\u00fcgung stellte. Basierend auf dieser Zeichnung erstellten wir Werkzeuge in einem unserer Programme, die es uns erm\u00f6glichten, dieses Muster in die Oberfl\u00e4che der Skulptur zu &#8222;gravieren&#8220;.Bildquelle: J\u00f6rg W. SchirmerEin Kunstwerk ver\u00e4ndert sich: &#8222;Der Akrobat&#8220; [&hellip;]<\/p>\n","protected":false},"author":1,"featured_media":0,"parent":0,"menu_order":0,"comment_status":"closed","ping_status":"closed","template":"","meta":{"_et_pb_use_builder":"on","_et_pb_old_content":"","_et_gb_content_width":""},"_links":{"self":[{"href":"https:\/\/www.ego-3d.de\/modellbau\/wp-json\/wp\/v2\/pages\/3134"}],"collection":[{"href":"https:\/\/www.ego-3d.de\/modellbau\/wp-json\/wp\/v2\/pages"}],"about":[{"href":"https:\/\/www.ego-3d.de\/modellbau\/wp-json\/wp\/v2\/types\/page"}],"author":[{"embeddable":true,"href":"https:\/\/www.ego-3d.de\/modellbau\/wp-json\/wp\/v2\/users\/1"}],"replies":[{"embeddable":true,"href":"https:\/\/www.ego-3d.de\/modellbau\/wp-json\/wp\/v2\/comments?post=3134"}],"version-history":[{"count":2,"href":"https:\/\/www.ego-3d.de\/modellbau\/wp-json\/wp\/v2\/pages\/3134\/revisions"}],"predecessor-version":[{"id":3136,"href":"https:\/\/www.ego-3d.de\/modellbau\/wp-json\/wp\/v2\/pages\/3134\/revisions\/3136"}],"wp:attachment":[{"href":"https:\/\/www.ego-3d.de\/modellbau\/wp-json\/wp\/v2\/media?parent=3134"}],"curies":[{"name":"wp","href":"https:\/\/api.w.org\/{rel}","templated":true}]}}