{"id":3128,"date":"2023-03-29T17:21:47","date_gmt":"2023-03-29T15:21:47","guid":{"rendered":"https:\/\/www.ego-3d.de\/modellbau\/?page_id=3128"},"modified":"2023-03-29T17:21:47","modified_gmt":"2023-03-29T15:21:47","slug":"bowl-skulptur-fuer-norwegen","status":"publish","type":"page","link":"https:\/\/www.ego-3d.de\/modellbau\/bowl-skulptur-fuer-norwegen\/","title":{"rendered":"Bowl-Skulptur f\u00fcr Norwegen"},"content":{"rendered":"<p>[et_pb_section fb_built=&#8220;1&#8243; _builder_version=&#8220;4.19.4&#8243; _module_preset=&#8220;default&#8220; background_color=&#8220;RGBA(255,255,255,0)&#8220; background_enable_image=&#8220;off&#8220; background_size=&#8220;initial&#8220; background_position=&#8220;top_center&#8220; background_repeat=&#8220;repeat-y&#8220; global_colors_info=&#8220;{}&#8220; theme_builder_area=&#8220;post_content&#8220;][et_pb_row _builder_version=&#8220;4.16&#8243; _module_preset=&#8220;default&#8220; background_color=&#8220;rgba(255,255,255,0.65)&#8220; custom_margin=&#8220;0px||20px|&#8220; custom_padding=&#8220;15px|15px|15px|15px&#8220; box_shadow_style=&#8220;preset1&#8243; global_colors_info=&#8220;{}&#8220; theme_builder_area=&#8220;post_content&#8220;][et_pb_column type=&#8220;4_4&#8243; _builder_version=&#8220;4.16&#8243; _module_preset=&#8220;default&#8220; global_colors_info=&#8220;{}&#8220; theme_builder_area=&#8220;post_content&#8220;][et_pb_text _builder_version=&#8220;4.16&#8243; _module_preset=&#8220;default&#8220; custom_margin=&#8220;||15px||false|false&#8220; global_colors_info=&#8220;{}&#8220; theme_builder_area=&#8220;post_content&#8220;]<\/p>\n<h2 style=\"text-align: center;\"><strong>Gussmodell-Erstellung mit Know How f\u00fcr die Gie\u00dferei:<\/strong><\/h2>\n<h2 style=\"text-align: center;\">Gro\u00dfe Bowl-Skulptur f\u00fcr den Rathausplatz in Sandnes (NOR)<\/h2>\n<p>[\/et_pb_text][et_pb_image src=&#8220;https:\/\/www.ego-3d.de\/modellbau\/wp-content\/uploads\/2020\/09\/EGO3D_Bowl-Skulptur_fertig_gegossen.jpg&#8220; title_text=&#8220;EGO3D_Bowl-Skulptur_fertig_gegossen&#8220; _builder_version=&#8220;4.16&#8243; _module_preset=&#8220;default&#8220; global_colors_info=&#8220;{}&#8220; theme_builder_area=&#8220;post_content&#8220;][\/et_pb_image][\/et_pb_column][\/et_pb_row][et_pb_row column_structure=&#8220;1_2,1_4,1_4&#8243; _builder_version=&#8220;4.16&#8243; background_color=&#8220;rgba(255,255,255,0.65)&#8220; custom_margin=&#8220;0px||20px|&#8220; custom_padding=&#8220;15px|15px|15px|15px&#8220; box_shadow_style=&#8220;preset1&#8243; global_colors_info=&#8220;{}&#8220; theme_builder_area=&#8220;post_content&#8220;][et_pb_column type=&#8220;1_2&#8243; _builder_version=&#8220;4.16&#8243; custom_padding=&#8220;|||&#8220; global_colors_info=&#8220;{}&#8220; custom_padding__hover=&#8220;|||&#8220; theme_builder_area=&#8220;post_content&#8220;][et_pb_text _builder_version=&#8220;4.16&#8243; global_colors_info=&#8220;{}&#8220; theme_builder_area=&#8220;post_content&#8220;]<\/p>\n<p style=\"margin-bottom: 0cm; text-align: justify;\">2018 bekamen wir den Auftrag, nach Vorgaben eines K\u00fcnstlers eine gro\u00dfe sch\u00fcsselartige Skulptur herzustellen, die sp\u00e4ter im \u00f6ffentlichen Raum aufgestellt werden sollte. Ein Gro\u00dfteil der Oberfl\u00e4che sollte musterartig von ca. 8000 Durchgangsl\u00f6chern versehen sein. Wir bekamen vom K\u00fcnstler digitale Daten, die anzeigten, wo die L\u00f6cher platziert werden mussten.<\/p>\n<p>[\/et_pb_text][et_pb_image src=&#8220;https:\/\/www.ego-3d.de\/modellbau\/wp-content\/uploads\/2020\/09\/EGO3D_fertige_Skulptur_Mikkel_Wettre.jpg&#8220; align=&#8220;center&#8220; align_tablet=&#8220;center&#8220; align_phone=&#8220;&#8220; align_last_edited=&#8220;on|desktop&#8220; _builder_version=&#8220;4.16&#8243; custom_margin=&#8220;||15px|&#8220; box_shadow_style=&#8220;preset1&#8243; box_shadow_blur=&#8220;10px&#8220; global_colors_info=&#8220;{}&#8220; theme_builder_area=&#8220;post_content&#8220;][\/et_pb_image][et_pb_text _builder_version=&#8220;4.16&#8243; global_colors_info=&#8220;{}&#8220; theme_builder_area=&#8220;post_content&#8220;]<\/p>\n<p><em>Das fertige Kunstwerk in Sandnes, Norwegen<\/em><br \/><em>Quelle: Mikkel Wettre \/ Sandnes kommunes kunstsamling<\/em><\/p>\n<p>[\/et_pb_text][et_pb_image src=&#8220;https:\/\/www.ego-3d.de\/modellbau\/wp-content\/uploads\/2020\/09\/EGO3D_Entwurf_der_Bowl-Skulptur.jpg&#8220; align=&#8220;center&#8220; align_tablet=&#8220;center&#8220; align_phone=&#8220;&#8220; align_last_edited=&#8220;on|desktop&#8220; _builder_version=&#8220;4.16&#8243; custom_margin=&#8220;||15px|&#8220; box_shadow_style=&#8220;preset1&#8243; box_shadow_blur=&#8220;10px&#8220; global_colors_info=&#8220;{}&#8220; theme_builder_area=&#8220;post_content&#8220;][\/et_pb_image][et_pb_text _builder_version=&#8220;4.16&#8243; global_colors_info=&#8220;{}&#8220; theme_builder_area=&#8220;post_content&#8220;]<\/p>\n<p><em>Design-Entwurf der Skulptur<\/em><\/p>\n<p>[\/et_pb_text][et_pb_image src=&#8220;https:\/\/www.ego-3d.de\/modellbau\/wp-content\/uploads\/2020\/09\/EGO3D_Die_Einzelteile_werden_zusammengef\u00fcgt.jpg&#8220; align_tablet=&#8220;center&#8220; align_phone=&#8220;&#8220; align_last_edited=&#8220;on|desktop&#8220; _builder_version=&#8220;4.16&#8243; global_colors_info=&#8220;{}&#8220; theme_builder_area=&#8220;post_content&#8220;][\/et_pb_image][et_pb_image src=&#8220;https:\/\/www.ego-3d.de\/modellbau\/wp-content\/uploads\/2020\/09\/EGO3D_passgenaue_Einzelteile_der_Skulptur.jpg&#8220; align=&#8220;center&#8220; align_tablet=&#8220;center&#8220; align_phone=&#8220;&#8220; align_last_edited=&#8220;on|desktop&#8220; _builder_version=&#8220;4.16&#8243; custom_margin=&#8220;||15px|&#8220; box_shadow_style=&#8220;preset1&#8243; box_shadow_blur=&#8220;10px&#8220; global_colors_info=&#8220;{}&#8220; theme_builder_area=&#8220;post_content&#8220;][\/et_pb_image][et_pb_text _builder_version=&#8220;4.16&#8243; global_colors_info=&#8220;{}&#8220; theme_builder_area=&#8220;post_content&#8220;]<\/p>\n<p style=\"text-align: justify;\"><em>Die Einzelteile passen fugenlos aneinander, trotz unterschiedlicher Herstellungsmethoden (3D-Druck und CNC-Fr\u00e4sen)<\/em><\/p>\n<p>[\/et_pb_text][\/et_pb_column][et_pb_column type=&#8220;1_4&#8243; _builder_version=&#8220;4.16&#8243; custom_padding=&#8220;|||&#8220; global_colors_info=&#8220;{}&#8220; custom_padding__hover=&#8220;|||&#8220; theme_builder_area=&#8220;post_content&#8220;][et_pb_text _builder_version=&#8220;4.16&#8243; global_colors_info=&#8220;{}&#8220; theme_builder_area=&#8220;post_content&#8220;]<\/p>\n<p style=\"margin-bottom: 0cm; text-align: justify;\">Da sich das Lochmuster auf der kreisrunden Skulptur achtmal wiederholte, planten wir gemeinsam mit der Gie\u00dferei, dass wir nur einen Kreisausschnitt von 45\u00b0 herstellen w\u00fcrden, der dann zum Abformen dienen und schlie\u00dflich acht mal gegossen werden w\u00fcrde. Um die Entformbarkeit zu gew\u00e4hrleisten, deuteten wir die 1000 L\u00f6cher auf dem Teilst\u00fcck nur an. Auch den nach innen gebogene Rand haben wir hinsichtlich der Abformbarkeit optimiert.<\/p>\n<p style=\"margin-bottom: 0cm; text-align: justify;\">Da das Teilst\u00fcck gew\u00f6lbt war wie ein Oberfl\u00e4chensegment einer Kugel, stellten wir f\u00fcr das Abformen in Sand einen Aufstampfboden her. So war gew\u00e4hrleistet, dass das Bauteil den hohen Druck beim Stampfen des Form\u00adsandes stand hielt. Die einzelnen Streben des Aufstampfbodens wurden in Holz gefr\u00e4st, so dass das Bauteil exakt auf die gesamte Konstruktion des Aufstampfbodens passte.<\/p>\n<p style=\"margin-bottom: 0cm; text-align: justify;\">Anhand unserer Vorschaubilder des digitalen Modells konnte der K\u00fcnstler erkennen, dass die nach innen gew\u00f6lbte Kante der Skulptur zu d\u00fcnn angelegt war. Da auf dem umlaufenden Au\u00dfenbereich der Skulptur sp\u00e4ter Menschen w\u00fcrden sitzen k\u00f6nnen und sich eventuell an der Kante festhalten w\u00fcrden, musste diese angenehm zu greifen sein. Also \u00e4nderten wir diesen Bereich im digitalen Modell \u2013 ein gro\u00dfer Vorteil bei der digitalen Modellierung: Oft k\u00f6nnen anhand unserer Vorschaubilder vorher nicht ber\u00fccksichtigte Aspekte noch rechtzeitig erkannt und optimiert werden.<\/p>\n<p style=\"margin-bottom: 0cm; text-align: justify;\">Der innere Kreis der Skulptur war der einzige nicht gew\u00f6lbte Bereich. Hier stellten wir den gesamten Kreis her, an dem sp\u00e4ter die acht gegossenen, identischen Teilst\u00fccke angeschwei\u00dft werden konnten. Schlie\u00dflich fr\u00e4sten wir das Teilst\u00fcck und den Innenkreis auf unserer gr\u00f6\u00dften CNC-Fr\u00e4se. Den nach innen gew\u00f6lbten Rand der Skulptur wiederum stellten wir im 3D-Druck her. Schlie\u00dflich lieferten wir die Bauteile bei der beteiligten Gie\u00dferei ab.<\/p>\n<p style=\"margin-bottom: 0cm; text-align: justify;\">Heute steht das Kunstwerk vor dem neuen Rathaus der s\u00fcdnorwegischen Hafenstadt Sandnes.<\/p>\n<p>[\/et_pb_text][\/et_pb_column][et_pb_column type=&#8220;1_4&#8243; _builder_version=&#8220;4.16&#8243; custom_padding=&#8220;|||&#8220; global_colors_info=&#8220;{}&#8220; custom_padding__hover=&#8220;|||&#8220; theme_builder_area=&#8220;post_content&#8220;][et_pb_image src=&#8220;https:\/\/www.ego-3d.de\/modellbau\/wp-content\/uploads\/2020\/09\/EGO3D_Aufstampfboden_f\u00fcr_das_Abformen.jpg&#8220; align=&#8220;center&#8220; align_tablet=&#8220;center&#8220; align_phone=&#8220;&#8220; align_last_edited=&#8220;on|desktop&#8220; _builder_version=&#8220;4.16&#8243; custom_margin=&#8220;||15px|&#8220; box_shadow_style=&#8220;preset1&#8243; box_shadow_blur=&#8220;10px&#8220; global_colors_info=&#8220;{}&#8220; theme_builder_area=&#8220;post_content&#8220;][\/et_pb_image][et_pb_text _builder_version=&#8220;4.16&#8243; global_colors_info=&#8220;{}&#8220; theme_builder_area=&#8220;post_content&#8220;]<\/p>\n<p style=\"text-align: justify;\"><em>Digitale Konstruktion des Aufstampfbodens. Die einzelnen Streben wurden so konstruiert, dass das gefr\u00e4ste Teilst\u00fcck der Bowl sp\u00e4ter auf den Milimeter passgenau darauf abgelegt werden konnte.<br \/> <\/em><\/p>\n<p>[\/et_pb_text][et_pb_image src=&#8220;https:\/\/www.ego-3d.de\/modellbau\/wp-content\/uploads\/2020\/09\/EGO3D_fertiger_Aufstampfboden_f\u00fcr_das_Abformen.jpg&#8220; align=&#8220;center&#8220; align_tablet=&#8220;center&#8220; align_phone=&#8220;&#8220; align_last_edited=&#8220;on|desktop&#8220; _builder_version=&#8220;4.16&#8243; custom_margin=&#8220;||15px|&#8220; box_shadow_style=&#8220;preset1&#8243; box_shadow_blur=&#8220;10px&#8220; global_colors_info=&#8220;{}&#8220; theme_builder_area=&#8220;post_content&#8220;][\/et_pb_image][et_pb_text _builder_version=&#8220;4.16&#8243; global_colors_info=&#8220;{}&#8220; theme_builder_area=&#8220;post_content&#8220;]<\/p>\n<p style=\"text-align: justify;\"><em>fertiger Aufstampfboden. Die Oberseite der Streben ist leicht gew\u00f6lbt und wurde daher gefr\u00e4st<\/em><\/p>\n<p>[\/et_pb_text][et_pb_image src=&#8220;https:\/\/www.ego-3d.de\/modellbau\/wp-content\/uploads\/2020\/09\/EGO3D_Gefr\u00e4stes_Gussmodell_auf_Aufstampfboden.jpg&#8220; align=&#8220;center&#8220; align_tablet=&#8220;center&#8220; align_phone=&#8220;&#8220; align_last_edited=&#8220;on|desktop&#8220; _builder_version=&#8220;4.16&#8243; custom_margin=&#8220;||15px|&#8220; box_shadow_style=&#8220;preset1&#8243; box_shadow_blur=&#8220;10px&#8220; global_colors_info=&#8220;{}&#8220; theme_builder_area=&#8220;post_content&#8220;][\/et_pb_image][et_pb_text _builder_version=&#8220;4.16&#8243; global_colors_info=&#8220;{}&#8220; theme_builder_area=&#8220;post_content&#8220;]<\/p>\n<p style=\"text-align: justify;\"><em>Gefr\u00e4stes Bauteil auf dem Aufstampfboden<\/em><\/p>\n<p>[\/et_pb_text][et_pb_image src=&#8220;https:\/\/www.ego-3d.de\/modellbau\/wp-content\/uploads\/2020\/09\/EGO3D_gew\u00f6lbter_Rand_der_Skulptur_fertig_gedruckt.jpg&#8220; align=&#8220;center&#8220; align_tablet=&#8220;center&#8220; align_phone=&#8220;&#8220; align_last_edited=&#8220;on|desktop&#8220; _builder_version=&#8220;4.16&#8243; custom_margin=&#8220;||15px|&#8220; box_shadow_style=&#8220;preset1&#8243; box_shadow_blur=&#8220;10px&#8220; global_colors_info=&#8220;{}&#8220; theme_builder_area=&#8220;post_content&#8220;][\/et_pb_image][et_pb_text _builder_version=&#8220;4.16&#8243; global_colors_info=&#8220;{}&#8220; theme_builder_area=&#8220;post_content&#8220;]<\/p>\n<p style=\"text-align: justify;\"><em>Teilst\u00fcck des 3D-gedruckten Randes der Skulptur<\/em><\/p>\n<p>[\/et_pb_text][et_pb_image src=&#8220;https:\/\/www.ego-3d.de\/modellbau\/wp-content\/uploads\/2020\/09\/EGO3D_die_gegossene_Skulptur_erh\u00e4lt_den_letzten_Schliff.jpg&#8220; align=&#8220;center&#8220; align_tablet=&#8220;center&#8220; align_phone=&#8220;&#8220; align_last_edited=&#8220;on|desktop&#8220; module_id=&#8220;anker_akrobat&#8220; _builder_version=&#8220;4.16&#8243; custom_margin=&#8220;||15px|&#8220; box_shadow_style=&#8220;preset1&#8243; box_shadow_blur=&#8220;10px&#8220; global_colors_info=&#8220;{}&#8220; theme_builder_area=&#8220;post_content&#8220;][\/et_pb_image][et_pb_text _builder_version=&#8220;4.16&#8243; global_colors_info=&#8220;{}&#8220; theme_builder_area=&#8220;post_content&#8220;]<\/p>\n<p style=\"text-align: justify;\"><em>Die fertig gegossene und verschwei\u00dfte Bronzeskulptur erh\u00e4lt den letzten Schliff in der Gie\u00dferei.<\/em><\/p>\n<p>[\/et_pb_text][\/et_pb_column][\/et_pb_row][\/et_pb_section]<\/p>\n","protected":false},"excerpt":{"rendered":"<p>Gussmodell-Erstellung mit Know How f\u00fcr die Gie\u00dferei: Gro\u00dfe Bowl-Skulptur f\u00fcr den Rathausplatz in Sandnes (NOR)2018 bekamen wir den Auftrag, nach Vorgaben eines K\u00fcnstlers eine gro\u00dfe sch\u00fcsselartige Skulptur herzustellen, die sp\u00e4ter im \u00f6ffentlichen Raum aufgestellt werden sollte. Ein Gro\u00dfteil der Oberfl\u00e4che sollte musterartig von ca. 8000 Durchgangsl\u00f6chern versehen sein. Wir bekamen vom K\u00fcnstler digitale Daten, die [&hellip;]<\/p>\n","protected":false},"author":1,"featured_media":0,"parent":0,"menu_order":0,"comment_status":"closed","ping_status":"closed","template":"","meta":{"_et_pb_use_builder":"on","_et_pb_old_content":"","_et_gb_content_width":""},"_links":{"self":[{"href":"https:\/\/www.ego-3d.de\/modellbau\/wp-json\/wp\/v2\/pages\/3128"}],"collection":[{"href":"https:\/\/www.ego-3d.de\/modellbau\/wp-json\/wp\/v2\/pages"}],"about":[{"href":"https:\/\/www.ego-3d.de\/modellbau\/wp-json\/wp\/v2\/types\/page"}],"author":[{"embeddable":true,"href":"https:\/\/www.ego-3d.de\/modellbau\/wp-json\/wp\/v2\/users\/1"}],"replies":[{"embeddable":true,"href":"https:\/\/www.ego-3d.de\/modellbau\/wp-json\/wp\/v2\/comments?post=3128"}],"version-history":[{"count":2,"href":"https:\/\/www.ego-3d.de\/modellbau\/wp-json\/wp\/v2\/pages\/3128\/revisions"}],"predecessor-version":[{"id":3130,"href":"https:\/\/www.ego-3d.de\/modellbau\/wp-json\/wp\/v2\/pages\/3128\/revisions\/3130"}],"wp:attachment":[{"href":"https:\/\/www.ego-3d.de\/modellbau\/wp-json\/wp\/v2\/media?parent=3128"}],"curies":[{"name":"wp","href":"https:\/\/api.w.org\/{rel}","templated":true}]}}