{"id":3112,"date":"2023-03-29T16:14:14","date_gmt":"2023-03-29T14:14:14","guid":{"rendered":"https:\/\/www.ego-3d.de\/modellbau\/?page_id=3112"},"modified":"2023-03-29T16:14:14","modified_gmt":"2023-03-29T14:14:14","slug":"long-walk-to-freedom","status":"publish","type":"page","link":"https:\/\/www.ego-3d.de\/modellbau\/long-walk-to-freedom\/","title":{"rendered":"Long walk to freedom"},"content":{"rendered":"<p>[et_pb_section fb_built=&#8220;1&#8243; _builder_version=&#8220;4.19.4&#8243; _module_preset=&#8220;default&#8220; background_color=&#8220;RGBA(255,255,255,0)&#8220; background_enable_image=&#8220;off&#8220; background_size=&#8220;initial&#8220; background_position=&#8220;top_center&#8220; background_repeat=&#8220;repeat-y&#8220; global_colors_info=&#8220;{}&#8220; theme_builder_area=&#8220;post_content&#8220;][et_pb_row column_structure=&#8220;1_2,1_2&#8243; _builder_version=&#8220;4.16&#8243; _module_preset=&#8220;default&#8220; background_color=&#8220;rgba(255,255,255,0.65)&#8220; custom_margin=&#8220;0px||20px|&#8220; custom_padding=&#8220;15px|15px|15px|15px&#8220; box_shadow_style=&#8220;preset1&#8243; global_colors_info=&#8220;{}&#8220; theme_builder_area=&#8220;post_content&#8220;][et_pb_column type=&#8220;1_2&#8243; _builder_version=&#8220;4.16&#8243; _module_preset=&#8220;default&#8220; global_colors_info=&#8220;{}&#8220; theme_builder_area=&#8220;post_content&#8220;][et_pb_text _builder_version=&#8220;4.16&#8243; _module_preset=&#8220;default&#8220; global_colors_info=&#8220;{}&#8220; theme_builder_area=&#8220;post_content&#8220;]<\/p>\n<h2 style=\"margin-bottom: 0cm; text-align: justify;\"><strong>&#8222;Long walk to freedom&#8220;<\/strong><\/h2>\n<h2 style=\"margin-bottom: 0cm; text-align: justify;\">Ein Kunstwerk zu Ehren Nelson Mandelas wird in ein Gussmodell umgewandelt<\/h2>\n<p style=\"margin-bottom: 0cm; text-align: justify;\">Der deutsche Maler und Objektk\u00fcnstler G\u00fcnther Uecker gestaltete zu Nelson Mandelas 100. Geburtstag ein mit N\u00e4geln verschlossenes Buch. Das Buch \u201cLong walk to freedom\u201d, welches autobiografisch Mandelas Lebensweg bis ein Jahr nach seiner Wahl zum ersten schwarzen Pr\u00e4sidenten S\u00fcdafrikas und dem Ende der Apartheit beschreibt, ist von massiven N\u00e4geln durchsto\u00dfen und sein Inhalt somit durch Brutalit\u00e4t unzug\u00e4nglich gemacht. Das Kunstwerk Symbolisiert dadurch Mandelas steinigen und schmerzvollen Weg zur Freiheit, f\u00fcr sich selbst und die Menschen in S\u00fcdafrika.<\/p>\n<p style=\"margin-bottom: 0cm; text-align: justify;\" align=\"justify\">G\u00fcnther Ueckers Kunstwerk entstand in Kooperation mit den Medienpartnern des Springer Verlages, BILD und DIE WELT und mit der renomierten Galerie Geuer &amp; Geuer, die mit vielen namhaften K\u00fcnstlern zusammengearbeitet hat, wie z.B. Christo, J\u00f6rg Immendorf, Tony Cragg, Gerhard Richter, Markus L\u00fcpertz und viele mehr.<\/p>\n<p style=\"margin-bottom: 0cm; text-align: justify;\" align=\"justify\">EGO3D wurde beauftragt, anhand des Originals ein Gussmodell herszustellen, damit das Kunstwerk in Bronze in einer Auflage von 50 St\u00fcck hergestellt werden konnte, 25 mit dunkler Patina und weitere 25 mit einer hellen Patina.<\/p>\n<p style=\"margin-bottom: 0cm; text-align: justify;\" align=\"justify\">[\/et_pb_text][et_pb_image src=&#8220;https:\/\/www.ego-3d.de\/modellbau\/wp-content\/uploads\/2020\/11\/EGO3D_Original_vernageltes_Mandela-Buch.jpg&#8220; title_text=&#8220;EGO3D_Original_vernageltes_Mandela-Buch&#8220; align=&#8220;center&#8220; align_tablet=&#8220;center&#8220; align_phone=&#8220;&#8220; align_last_edited=&#8220;on|desktop&#8220; _builder_version=&#8220;4.16&#8243; _module_preset=&#8220;default&#8220; custom_margin=&#8220;||15px|&#8220; box_shadow_style=&#8220;preset1&#8243; box_shadow_blur=&#8220;10px&#8220; global_colors_info=&#8220;{}&#8220; theme_builder_area=&#8220;post_content&#8220;][\/et_pb_image][et_pb_text _builder_version=&#8220;4.16&#8243; global_colors_info=&#8220;{}&#8220; theme_builder_area=&#8220;post_content&#8220;]<\/p>\n<p style=\"text-align: justify;\"><em>Das originale Kunstwerk aus verschiedenen Ansichten<br \/> <\/em><\/p>\n<p>[\/et_pb_text][et_pb_image src=&#8220;https:\/\/www.ego-3d.de\/modellbau\/wp-content\/uploads\/2020\/11\/EGO3D_digitales_Vorschaubild_des_Mandela-Buches.jpg&#8220; title_text=&#8220;EGO3D_digitales_Vorschaubild_des_Mandela-Buches&#8220; align=&#8220;center&#8220; align_tablet=&#8220;center&#8220; align_phone=&#8220;&#8220; align_last_edited=&#8220;on|desktop&#8220; _builder_version=&#8220;4.16&#8243; _module_preset=&#8220;default&#8220; custom_margin=&#8220;||15px|&#8220; box_shadow_style=&#8220;preset1&#8243; box_shadow_blur=&#8220;10px&#8220; global_colors_info=&#8220;{}&#8220; theme_builder_area=&#8220;post_content&#8220;][\/et_pb_image][et_pb_text _builder_version=&#8220;4.16&#8243; global_colors_info=&#8220;{}&#8220; theme_builder_area=&#8220;post_content&#8220;]<\/p>\n<p style=\"text-align: justify;\"><em>Digitales Vorschaubild des &#8222;Mandela-Buches&#8220; f\u00fcr den Kunden<br \/> <\/em><\/p>\n<p>[\/et_pb_text][et_pb_image src=&#8220;https:\/\/www.ego-3d.de\/modellbau\/wp-content\/uploads\/2020\/11\/EGO3D_digitales_Vorschaubild_des_Mandela-Buches_Detailansicht.jpg&#8220; title_text=&#8220;EGO3D_digitales_Vorschaubild_des_Mandela-Buches_Detailansicht&#8220; align=&#8220;center&#8220; align_tablet=&#8220;center&#8220; align_phone=&#8220;&#8220; align_last_edited=&#8220;on|desktop&#8220; _builder_version=&#8220;4.16&#8243; _module_preset=&#8220;default&#8220; custom_margin=&#8220;||15px|&#8220; box_shadow_style=&#8220;preset1&#8243; box_shadow_blur=&#8220;10px&#8220; global_colors_info=&#8220;{}&#8220; theme_builder_area=&#8220;post_content&#8220;][\/et_pb_image][et_pb_text _builder_version=&#8220;4.16&#8243; global_colors_info=&#8220;{}&#8220; theme_builder_area=&#8220;post_content&#8220;]<\/p>\n<p style=\"text-align: justify;\"><em>Vorschau eines Detailbereichs des digitalen Models des &#8222;Mandela-Buches&#8220;<br \/> <\/em><\/p>\n<p>[\/et_pb_text][\/et_pb_column][et_pb_column type=&#8220;1_2&#8243; _builder_version=&#8220;4.16&#8243; _module_preset=&#8220;default&#8220; global_colors_info=&#8220;{}&#8220; theme_builder_area=&#8220;post_content&#8220;][et_pb_image src=&#8220;https:\/\/www.ego-3d.de\/modellbau\/wp-content\/uploads\/2020\/11\/EGO3D_Original_und_Gussmodell_Mandela-Buch_nebeneinander.jpg&#8220; title_text=&#8220;EGO3D_Original_und_Gussmodell_Mandela-Buch_nebeneinander&#8220; align=&#8220;center&#8220; align_tablet=&#8220;center&#8220; align_phone=&#8220;&#8220; align_last_edited=&#8220;on|desktop&#8220; _builder_version=&#8220;4.16&#8243; _module_preset=&#8220;default&#8220; custom_margin=&#8220;||15px|&#8220; box_shadow_style=&#8220;preset1&#8243; box_shadow_blur=&#8220;10px&#8220; global_colors_info=&#8220;{}&#8220; theme_builder_area=&#8220;post_content&#8220;][\/et_pb_image][et_pb_text _builder_version=&#8220;4.16&#8243; global_colors_info=&#8220;{}&#8220; theme_builder_area=&#8220;post_content&#8220;]<\/p>\n<p style=\"text-align: justify;\"><em>Das Original-Kunstwerk und unser 3D-gedrucktes Gussmodell f\u00fcr die Gie\u00dferei<br \/><\/em><\/p>\n<p>[\/et_pb_text][et_pb_text _builder_version=&#8220;4.16&#8243; _module_preset=&#8220;default&#8220; global_colors_info=&#8220;{}&#8220; theme_builder_area=&#8220;post_content&#8220;]<\/p>\n<p style=\"margin-bottom: 0cm; text-align: justify;\" align=\"justify\">Die gro\u00dfe Herausforderung bei diesem Projekt war, dass wir die Form und den Charakter des Kunstwerkes in ein Modell \u00fcbersetzen mussten, dass sich f\u00fcr den Bronzeguss eignet und alle Details des Originals perfekt zur Geltung brachte. Die Problematik l\u00e4sst sich an einem Beispiel gut veranschaulichen:<\/p>\n<p style=\"margin-bottom: 0cm; text-align: justify;\" align=\"justify\">Das echte Buch besteht aus mehreren hundert Seiten, die an der Schnittkante teilweise stark gewellt waren und von einander abstanden. Die Dicke einer Papierseite ist jedoch f\u00fcr den Bronzeguss viel zu fein. Daher mussten wir die Schnittkante des Buches im Gussmodell stilisieren und insbesondere gewellte, abstehende Einzelseiten gussgerecht verdicken. Gleichzeitig waren wir immer bestrebt, den Charakter des Originals dabei so perfekt wie m\u00f6glich beizubehalten.<\/p>\n<p style=\"margin-bottom: 0cm; text-align: justify;\" align=\"justify\">Als Grundlage f\u00fcr unser Gussmodell scannten wir das Original mit unseren 3D-Scannern ein. Es diente uns als Vorlage f\u00fcr eine teilweise Neumodellierung, wo dies f\u00fcr ein gussgerechtes Modell notwendig war. Wie oben schon beschrieben, stilisierten wir die Schnittkante der Buchseiten. Auf gleiche Weise setzen wir das Lesezeichenband um und gaben ihm eine Dicke, die gie\u00dfbar war.<\/p>\n<p style=\"margin-bottom: 0cm; text-align: justify;\" align=\"justify\">Dar\u00fcber hinaus bildeten wir die gesamte buchtypische vergoldete Ornamentik und Beschriftung des Einbandes nach, um beides st\u00e4rker vertieft in das Modell neu einzubringen, um eine detailscharfe Darstellung in den sp\u00e4teren Bronzeg\u00fcssen zu gew\u00e4hrleisten. Das gleiche setzten wir mit der Lederstruktur des Einbandes um. Dabei legten wir gro\u00dfen Wert darauf, die im Original vorhandene Lederstruktur perfekt nachzubilden, nur eben kontrastreicher, damit sie auch nach 50 Abg\u00fcssen in den endg\u00fcltigen Gussmodellen noch gut sichtbar blieb. <\/p>\n<p style=\"margin-bottom: 0cm; text-align: justify;\" align=\"justify\">W\u00e4hrend des gesamten Prozesses glichen wir das Gussmodell st\u00e4ndig mit dem eingescannten Original ab, um trotz der umzusetzenden Modifizierungen f\u00fcr den Guss ein m\u00f6glichst originalgetreues Ergebnis zu erzielen. Schlie\u00dflich wurde das Gussmodell mit einem besonders hochaufl\u00f6senden 3D-Druckverfahren hergestellt. Details bis hinunter auf 25 Mikrometer konnten so dargestellt werden, also ein Vierzigstel eines Milimeters!<\/p>\n<p>[\/et_pb_text][et_pb_image src=&#8220;https:\/\/www.ego-3d.de\/modellbau\/wp-content\/uploads\/2020\/11\/EGO3D_fertige_G\u00fcsse_Mandela-Buch_mit_dunkler__heller_Patina.jpg&#8220; title_text=&#8220;EGO3D_fertige_G\u00fcsse_Mandela-Buch_mit_dunkler_&#038;_heller_Patina&#8220; align=&#8220;center&#8220; align_tablet=&#8220;center&#8220; align_phone=&#8220;&#8220; align_last_edited=&#8220;on|desktop&#8220; _builder_version=&#8220;4.16&#8243; _module_preset=&#8220;default&#8220; custom_margin=&#8220;||15px|&#8220; box_shadow_style=&#8220;preset1&#8243; box_shadow_blur=&#8220;10px&#8220; global_colors_info=&#8220;{}&#8220; theme_builder_area=&#8220;post_content&#8220;][\/et_pb_image][et_pb_text _builder_version=&#8220;4.16&#8243; global_colors_info=&#8220;{}&#8220; theme_builder_area=&#8220;post_content&#8220;]<\/p>\n<p>Hell und dunkel patinierte Varianten des fertigen Gusses<br \/>Bildquelle: www.geuer-geuer-art.de<\/p>\n<p>[\/et_pb_text][et_pb_image src=&#8220;https:\/\/www.ego-3d.de\/modellbau\/wp-content\/uploads\/2020\/11\/EGO3D_fertige_G\u00fcsse_Mandela-Buch_mit_heller_und_dunkler_Patina.jpg&#8220; title_text=&#8220;EGO3D_fertige_G\u00fcsse_Mandela-Buch_mit_heller_und_dunkler_Patina&#8220; align=&#8220;center&#8220; align_tablet=&#8220;center&#8220; align_phone=&#8220;&#8220; align_last_edited=&#8220;on|desktop&#8220; module_id=&#8220;anker_bowl&#8220; _builder_version=&#8220;4.16&#8243; _module_preset=&#8220;default&#8220; custom_margin=&#8220;||15px|&#8220; box_shadow_style=&#8220;preset1&#8243; box_shadow_blur=&#8220;10px&#8220; global_colors_info=&#8220;{}&#8220; theme_builder_area=&#8220;post_content&#8220;][\/et_pb_image][et_pb_text _builder_version=&#8220;4.16&#8243; global_colors_info=&#8220;{}&#8220; theme_builder_area=&#8220;post_content&#8220;]<\/p>\n<p>Beide Versionen sind auf 25 Exemplare limitiert<br \/>Bildquelle: www.geuer-geuer-art.de<\/p>\n<p>[\/et_pb_text][\/et_pb_column][\/et_pb_row][\/et_pb_section]<\/p>\n","protected":false},"excerpt":{"rendered":"<p>&#8222;Long walk to freedom&#8220; Ein Kunstwerk zu Ehren Nelson Mandelas wird in ein Gussmodell umgewandelt Der deutsche Maler und Objektk\u00fcnstler G\u00fcnther Uecker gestaltete zu Nelson Mandelas 100. Geburtstag ein mit N\u00e4geln verschlossenes Buch. Das Buch \u201cLong walk to freedom\u201d, welches autobiografisch Mandelas Lebensweg bis ein Jahr nach seiner Wahl zum ersten schwarzen Pr\u00e4sidenten S\u00fcdafrikas und [&hellip;]<\/p>\n","protected":false},"author":1,"featured_media":0,"parent":0,"menu_order":0,"comment_status":"closed","ping_status":"closed","template":"","meta":{"_et_pb_use_builder":"on","_et_pb_old_content":"","_et_gb_content_width":""},"_links":{"self":[{"href":"https:\/\/www.ego-3d.de\/modellbau\/wp-json\/wp\/v2\/pages\/3112"}],"collection":[{"href":"https:\/\/www.ego-3d.de\/modellbau\/wp-json\/wp\/v2\/pages"}],"about":[{"href":"https:\/\/www.ego-3d.de\/modellbau\/wp-json\/wp\/v2\/types\/page"}],"author":[{"embeddable":true,"href":"https:\/\/www.ego-3d.de\/modellbau\/wp-json\/wp\/v2\/users\/1"}],"replies":[{"embeddable":true,"href":"https:\/\/www.ego-3d.de\/modellbau\/wp-json\/wp\/v2\/comments?post=3112"}],"version-history":[{"count":2,"href":"https:\/\/www.ego-3d.de\/modellbau\/wp-json\/wp\/v2\/pages\/3112\/revisions"}],"predecessor-version":[{"id":3114,"href":"https:\/\/www.ego-3d.de\/modellbau\/wp-json\/wp\/v2\/pages\/3112\/revisions\/3114"}],"wp:attachment":[{"href":"https:\/\/www.ego-3d.de\/modellbau\/wp-json\/wp\/v2\/media?parent=3112"}],"curies":[{"name":"wp","href":"https:\/\/api.w.org\/{rel}","templated":true}]}}