{"id":3101,"date":"2023-03-29T16:09:03","date_gmt":"2023-03-29T14:09:03","guid":{"rendered":"https:\/\/www.ego-3d.de\/modellbau\/?page_id=3101"},"modified":"2023-03-29T16:09:10","modified_gmt":"2023-03-29T14:09:10","slug":"skulptur-sie-blieb","status":"publish","type":"page","link":"https:\/\/www.ego-3d.de\/modellbau\/skulptur-sie-blieb\/","title":{"rendered":"Skulptur &#8222;sie blieb&#8220;"},"content":{"rendered":"<p>[et_pb_section fb_built=&#8220;1&#8243; _builder_version=&#8220;4.19.4&#8243; _module_preset=&#8220;default&#8220; background_color=&#8220;RGBA(255,255,255,0)&#8220; background_enable_image=&#8220;off&#8220; background_size=&#8220;initial&#8220; background_position=&#8220;top_center&#8220; background_repeat=&#8220;repeat-y&#8220; global_colors_info=&#8220;{}&#8220; theme_builder_area=&#8220;post_content&#8220;][et_pb_row column_structure=&#8220;1_2,1_2&#8243; _builder_version=&#8220;4.16&#8243; _module_preset=&#8220;default&#8220; background_color=&#8220;rgba(255,255,255,0.65)&#8220; custom_margin=&#8220;0px||20px|&#8220; custom_padding=&#8220;15px|15px|15px|15px&#8220; box_shadow_style=&#8220;preset1&#8243; global_colors_info=&#8220;{}&#8220; theme_builder_area=&#8220;post_content&#8220;][et_pb_column type=&#8220;1_2&#8243; _builder_version=&#8220;4.16&#8243; _module_preset=&#8220;default&#8220; global_colors_info=&#8220;{}&#8220; theme_builder_area=&#8220;post_content&#8220;][et_pb_text _builder_version=&#8220;4.16&#8243; _module_preset=&#8220;default&#8220; global_colors_info=&#8220;{}&#8220; theme_builder_area=&#8220;post_content&#8220;]<\/p>\n<h2 style=\"margin-bottom: 0cm;\" align=\"justify\"><strong>Skulptur &#8222;Sie blieb&#8220;:<\/strong><\/h2>\n<h2 style=\"margin-bottom: 0cm; text-align: left;\" align=\"justify\">3D-Scan und 3D-Druck einer \u00fcber 3 Meter gro\u00dfen Statue f\u00fcr den Bronzeguss<\/h2>\n<h2 style=\"margin-bottom: 0cm;\" align=\"justify\"><\/h2>\n<p style=\"margin-bottom: 0cm;\" align=\"justify\">Der K\u00fcnstler Jonas Burgert beauftragte uns damit, ein \u00fcber 3 Meter hohes Tonmodell mit unseren 3D-Scannern zu erfassen und f\u00fcr den Bronzeguss ein Gussmodell in Originalgr\u00f6\u00dfe und eines in 1,30 Metern H\u00f6he herzustellen. Da das Tonmodell nicht transportabel war und im Atelier des K\u00fcnstlers t\u00e4glich befeuchtet und abgedeckt werden musste, um keine Risse zu entwickeln, reisten wir zeitnah nach Berlin und scannten die Skulptur vor Ort ein.<\/p>\n<p>[\/et_pb_text][et_pb_image src=&#8220;https:\/\/www.ego-3d.de\/modellbau\/wp-content\/uploads\/2020\/09\/EGO3D_Burgert-Skulptur_Sie_blieb_Detail_hinter_dem_R\u00fccken.jpg&#8220; title_text=&#8220;EGO3D_Burgert-Skulptur_Sie_blieb_Detail_hinter_dem_R\u00fccken&#8220; align=&#8220;center&#8220; align_tablet=&#8220;center&#8220; align_phone=&#8220;&#8220; align_last_edited=&#8220;on|desktop&#8220; _builder_version=&#8220;4.16&#8243; _module_preset=&#8220;default&#8220; custom_margin=&#8220;||15px|&#8220; box_shadow_style=&#8220;preset1&#8243; box_shadow_blur=&#8220;10px&#8220; global_colors_info=&#8220;{}&#8220; theme_builder_area=&#8220;post_content&#8220;][\/et_pb_image][et_pb_text _builder_version=&#8220;4.16&#8243; _module_preset=&#8220;default&#8220; global_colors_info=&#8220;{}&#8220; theme_builder_area=&#8220;post_content&#8220;]<\/p>\n<p><em>Detail, dass die Statue in den H\u00e4nden hinter dem R\u00fccken h\u00e4lt<\/em><\/p>\n<p>[\/et_pb_text][et_pb_text _builder_version=&#8220;4.16&#8243; _module_preset=&#8220;default&#8220; custom_padding=&#8220;|||1px||&#8220; global_colors_info=&#8220;{}&#8220; theme_builder_area=&#8220;post_content&#8220;]<\/p>\n<p style=\"margin-bottom: 0cm;\" align=\"justify\">\n<p style=\"margin-bottom: 0cm;\" align=\"justify\">Aufgrund der Gr\u00f6\u00dfe arbeiteten wir mit Leitern und einem Ger\u00fcst, um jeden Bereich der gro\u00dfen Statue zu erfassen. Auf diese Weise entstanden mehr als 20 Einzelscans, die wir dann mit unserem Computer und der 3D-Scansoftware noch vor Ort zu einem vollst\u00e4ndigen digitalen Modell zusammenrechneten und so auf Vollst\u00e4ndigkeit \u00fcberpr\u00fcfen konnten. Innerhalb eines Tages war die gesamte 3D-Scanarbeit abgeschlossen.<\/p>\n<p style=\"margin-bottom: 0cm;\" align=\"justify\">Durch die hohe Geschwindigkeit des 3D-Scannens werden Atelier-R\u00e4ume nur f\u00fcr kurze Zeit blockiert und die K\u00fcnstler k\u00f6nnen meist schon am selben Tag wieder zu ihrem gewohnten Arbeitsablauf zur\u00fcckkehren. Das handwerkliche Abformen in Silikon h\u00e4tte dagegen bei einem vergleichbar gro\u00dfen und detailreichen Objekt viele Tage in Anspruch genommen und einen gro\u00dfen Bereich des Ateliers belegt. Die Digitalisierung durch den 3D-Scan hatte auch den Vorteil, dass der K\u00fcnstler sich nicht auf eine Gr\u00f6\u00dfe f\u00fcr das Gussmodell festlegen musste, denn zum Zeitpunkt des 3D-Scannens waren die sp\u00e4teren Ausf\u00fchrungen noch in Planung.<\/p>\n<p style=\"margin-bottom: 0cm;\" align=\"justify\">Zur\u00fcck in den EGO3D-R\u00e4umlichkeiten erstellen wir digitale Vorschaubilder des Modells von allen Seiten, damit der K\u00fcnstler sich selbst vom Endergebnis \u00fcberzeugen konnte. Als dann die endg\u00fcltigen Gr\u00f6\u00dfen feststanden, stellten wir mit unseren 3D-Druckern ein Gussmodell in Originalgr\u00f6\u00dfe und eine Verkleinerung in 1,30 Metern her und lieferten diese an die beteiligte Gie\u00dferei.<\/p>\n<p>[\/et_pb_text][et_pb_text _builder_version=&#8220;4.16&#8243; _module_preset=&#8220;default&#8220; global_colors_info=&#8220;{}&#8220; theme_builder_area=&#8220;post_content&#8220;]<\/p>\n<p><em>Detailaufnahme des Kopfes der Statue<\/em><\/p>\n<p>[\/et_pb_text][et_pb_image src=&#8220;https:\/\/www.ego-3d.de\/modellbau\/wp-content\/uploads\/2020\/09\/EGO3D_Burgert_Skulptur_Sie_blieb__fertiger_3D-Druck_vor_EGO3D-Halle.jpg&#8220; title_text=&#8220;EGO3D_Burgert_Skulptur_Sie_blieb__fertiger_3D-Druck_vor_EGO3D-Halle&#8220; align=&#8220;center&#8220; align_tablet=&#8220;center&#8220; align_phone=&#8220;&#8220; align_last_edited=&#8220;on|desktop&#8220; _builder_version=&#8220;4.16&#8243; _module_preset=&#8220;default&#8220; custom_margin=&#8220;||15px|&#8220; box_shadow_style=&#8220;preset1&#8243; box_shadow_blur=&#8220;10px&#8220; global_colors_info=&#8220;{}&#8220; theme_builder_area=&#8220;post_content&#8220;][\/et_pb_image][et_pb_text _builder_version=&#8220;4.16&#8243; _module_preset=&#8220;default&#8220; global_colors_info=&#8220;{}&#8220; theme_builder_area=&#8220;post_content&#8220;]<\/p>\n<p style=\"text-align: justify;\"><em>Das fertige Gussmodell mit einer H\u00f6he von \u00fcber 3 Metern vor unserem Hallentor<\/em><\/p>\n<p>[\/et_pb_text][\/et_pb_column][et_pb_column type=&#8220;1_2&#8243; _builder_version=&#8220;4.16&#8243; _module_preset=&#8220;default&#8220; global_colors_info=&#8220;{}&#8220; theme_builder_area=&#8220;post_content&#8220;][et_pb_image src=&#8220;https:\/\/www.ego-3d.de\/modellbau\/wp-content\/uploads\/2020\/09\/EGO3D_Burgert-Skulptur_Sie_blieb_Original_aus_Ton_im_Atelier_des_K\u00fcnstlers.jpg&#8220; title_text=&#8220;EGO3D_Burgert-Skulptur_Sie_blieb_Original_aus_Ton_im_Atelier_des_K\u00fcnstlers&#8220; align=&#8220;center&#8220; align_tablet=&#8220;center&#8220; align_phone=&#8220;&#8220; align_last_edited=&#8220;on|desktop&#8220; _builder_version=&#8220;4.16&#8243; _module_preset=&#8220;default&#8220; custom_margin=&#8220;||15px|&#8220; box_shadow_style=&#8220;preset1&#8243; box_shadow_blur=&#8220;10px&#8220; global_colors_info=&#8220;{}&#8220; theme_builder_area=&#8220;post_content&#8220;][\/et_pb_image][et_pb_text _builder_version=&#8220;4.16&#8243; _module_preset=&#8220;default&#8220; global_colors_info=&#8220;{}&#8220; theme_builder_area=&#8220;post_content&#8220;]<\/p>\n<p style=\"text-align: justify;\"><em>Das originale Tonmodell im Atelier des K\u00fcnstlers. Aufgrund der Gr\u00f6\u00dfe scannten wir teilweise von der Leiter und von einem mobilen Ger\u00fcst aus. Da das Modell st\u00e4ndig feucht gehalten werden musste, um Risse zu verhindern, war es ein gro\u00dfer Vorteil, dass wir mit unseren mobilen 3D-Scannern schnell vor Ort sein konnten und die Skulptur innerhalb eines Tages schlie\u00dflich digitalisiert hatten.<br \/> <\/em><\/p>\n<p>[\/et_pb_text][et_pb_image src=&#8220;https:\/\/www.ego-3d.de\/modellbau\/wp-content\/uploads\/2020\/09\/EGO3D_Burgert-Skulptur_Sie_blieb_Detail_Gesicht-Kopie.jpg&#8220; title_text=&#8220;EGO3D_Burgert-Skulptur_Sie_blieb_Detail_Gesicht Kopie&#8220; align=&#8220;center&#8220; align_tablet=&#8220;center&#8220; align_phone=&#8220;&#8220; align_last_edited=&#8220;on|desktop&#8220; _builder_version=&#8220;4.16&#8243; _module_preset=&#8220;default&#8220; custom_margin=&#8220;||15px|&#8220; box_shadow_style=&#8220;preset1&#8243; box_shadow_blur=&#8220;10px&#8220; global_colors_info=&#8220;{}&#8220; theme_builder_area=&#8220;post_content&#8220;][\/et_pb_image][et_pb_image src=&#8220;https:\/\/www.ego-3d.de\/modellbau\/wp-content\/uploads\/2020\/09\/fertig-bemalte-Bronzeskulptur-Foto-Lepkowski-Studios.jpg&#8220; title_text=&#8220;fertig bemalte Bronzeskulptur (Foto Lepkowski Studios)&#8220; align=&#8220;center&#8220; align_tablet=&#8220;center&#8220; align_phone=&#8220;&#8220; align_last_edited=&#8220;on|desktop&#8220; _builder_version=&#8220;4.16&#8243; _module_preset=&#8220;default&#8220; custom_margin=&#8220;||15px|&#8220; box_shadow_style=&#8220;preset1&#8243; box_shadow_blur=&#8220;10px&#8220; global_colors_info=&#8220;{}&#8220; theme_builder_area=&#8220;post_content&#8220;][\/et_pb_image][et_pb_text module_id=&#8220;anker_flechtenskulptur&#8220; _builder_version=&#8220;4.16&#8243; _module_preset=&#8220;default&#8220; global_colors_info=&#8220;{}&#8220; theme_builder_area=&#8220;post_content&#8220;]<\/p>\n<p style=\"text-align: left;\"><em>Die fertig gegossene, vom K\u00fcnstler bemalte Bronzeskulptur &#8222;Sie blieb&#8220; in der Ausstellung.<br \/> Bildquelle: Lepkowski Studios<br \/> <\/em><\/p>\n<p style=\"margin-bottom: 0cm; line-height: 100%; text-align: left;\"><strong><em>&#8222;Jonas<\/em><\/strong><i><strong> Burgert [&#8230;] is one of the main figures of the current international art scene&#8220;<\/strong> <\/i><\/p>\n<p style=\"margin-bottom: 0cm; line-height: 100%; text-align: left;\"><i>(<em>Wall Street Intenational Magazine, 07. Februar 2020<\/em>)<br \/> <\/i><\/p>\n<p>[\/et_pb_text][\/et_pb_column][\/et_pb_row][\/et_pb_section]<\/p>\n","protected":false},"excerpt":{"rendered":"<p>Skulptur &#8222;Sie blieb&#8220;: 3D-Scan und 3D-Druck einer \u00fcber 3 Meter gro\u00dfen Statue f\u00fcr den Bronzeguss Der K\u00fcnstler Jonas Burgert beauftragte uns damit, ein \u00fcber 3 Meter hohes Tonmodell mit unseren 3D-Scannern zu erfassen und f\u00fcr den Bronzeguss ein Gussmodell in Originalgr\u00f6\u00dfe und eines in 1,30 Metern H\u00f6he herzustellen. Da das Tonmodell nicht transportabel war und [&hellip;]<\/p>\n","protected":false},"author":1,"featured_media":0,"parent":0,"menu_order":0,"comment_status":"closed","ping_status":"closed","template":"","meta":{"_et_pb_use_builder":"on","_et_pb_old_content":"","_et_gb_content_width":""},"_links":{"self":[{"href":"https:\/\/www.ego-3d.de\/modellbau\/wp-json\/wp\/v2\/pages\/3101"}],"collection":[{"href":"https:\/\/www.ego-3d.de\/modellbau\/wp-json\/wp\/v2\/pages"}],"about":[{"href":"https:\/\/www.ego-3d.de\/modellbau\/wp-json\/wp\/v2\/types\/page"}],"author":[{"embeddable":true,"href":"https:\/\/www.ego-3d.de\/modellbau\/wp-json\/wp\/v2\/users\/1"}],"replies":[{"embeddable":true,"href":"https:\/\/www.ego-3d.de\/modellbau\/wp-json\/wp\/v2\/comments?post=3101"}],"version-history":[{"count":2,"href":"https:\/\/www.ego-3d.de\/modellbau\/wp-json\/wp\/v2\/pages\/3101\/revisions"}],"predecessor-version":[{"id":3103,"href":"https:\/\/www.ego-3d.de\/modellbau\/wp-json\/wp\/v2\/pages\/3101\/revisions\/3103"}],"wp:attachment":[{"href":"https:\/\/www.ego-3d.de\/modellbau\/wp-json\/wp\/v2\/media?parent=3101"}],"curies":[{"name":"wp","href":"https:\/\/api.w.org\/{rel}","templated":true}]}}