{"id":3095,"date":"2023-03-29T15:53:39","date_gmt":"2023-03-29T13:53:39","guid":{"rendered":"https:\/\/www.ego-3d.de\/modellbau\/?page_id=3095"},"modified":"2023-03-29T15:54:52","modified_gmt":"2023-03-29T13:54:52","slug":"skulptur-drittes-tier","status":"publish","type":"page","link":"https:\/\/www.ego-3d.de\/modellbau\/skulptur-drittes-tier\/","title":{"rendered":"Skulptur drittes Tier"},"content":{"rendered":"<p>[et_pb_section fb_built=&#8220;1&#8243; _builder_version=&#8220;4.19.4&#8243; _module_preset=&#8220;default&#8220; background_color=&#8220;RGBA(255,255,255,0)&#8220; background_enable_image=&#8220;off&#8220; background_size=&#8220;initial&#8220; background_position=&#8220;top_center&#8220; background_repeat=&#8220;repeat-y&#8220; global_colors_info=&#8220;{}&#8220; theme_builder_area=&#8220;post_content&#8220;][et_pb_row column_structure=&#8220;1_2,1_2&#8243; _builder_version=&#8220;4.16&#8243; _module_preset=&#8220;default&#8220; background_color=&#8220;rgba(255,255,255,0.65)&#8220; custom_margin=&#8220;0px||20px|&#8220; custom_padding=&#8220;15px|15px|15px|15px&#8220; box_shadow_style=&#8220;preset1&#8243; global_colors_info=&#8220;{}&#8220; theme_builder_area=&#8220;post_content&#8220;][et_pb_column type=&#8220;1_2&#8243; _builder_version=&#8220;4.16&#8243; _module_preset=&#8220;default&#8220; global_colors_info=&#8220;{}&#8220; theme_builder_area=&#8220;post_content&#8220;][et_pb_text _builder_version=&#8220;4.16&#8243; _module_preset=&#8220;default&#8220; global_colors_info=&#8220;{}&#8220; theme_builder_area=&#8220;post_content&#8220;]<\/p>\n<h2 style=\"margin-bottom: 0cm; text-align: justify;\"><strong>Skultpur &#8222;drittes Tier&#8220;<\/strong><\/h2>\n<h2 style=\"margin-bottom: 0cm; text-align: justify;\">Monumentale Vergr\u00f6\u00dferung in nachbearbeitbarem Werkstoff<\/h2>\n<p style=\"margin-bottom: 0cm; text-align: justify;\">Der Bildhauer Thomas Sch\u00fctte entwirft und verwirklicht j\u00e4hrlich zahlreiche monumentale Bronzeskulpturen, die im \u00f6ffentlichen Raum aufgestellt werden. Dabei verl\u00e4sst sich der weltweit bekannte und gefragte K\u00fcnstler nicht selten auf die Leistungen von EGO3D. Ein Beispiel daf\u00fcr ist die Bonzeskulptur \u201cDrittes Tier\u201d von 2017.<\/p>\n<p style=\"margin-bottom: 0cm; text-align: justify;\">Der K\u00fcnstler beauftragte uns hierbei, sein handgefertigtes Modell einzuscannen und zu vergr\u00f6\u00dfern (Endmasse: 3 m hoch, 4,1 m lang und 2,2 m breit). Wir erfassten das Modell mit unserem empfindlichsten 3D-Scanner, um jedes Detail des kleinen Modells zu erfassen. Anschlie\u00dfend vergr\u00f6\u00dferten wir das digitale Modell am Rechner und teilten es zahlreiche Einzelst\u00fccke auf, die wir auf CNC-Fr\u00e4sen fertigten.<\/p>\n<p style=\"margin-bottom: 0cm; text-align: justify;\">[\/et_pb_text][et_pb_image src=&#8220;https:\/\/www.ego-3d.de\/modellbau\/wp-content\/uploads\/2020\/11\/EGO3D_Thomas_Sch\u00fctte_Ausgangsmodell.jpg&#8220; title_text=&#8220;EGO3D_Thomas_Sch\u00fctte_Ausgangsmodell&#8220; align=&#8220;center&#8220; align_tablet=&#8220;center&#8220; align_phone=&#8220;&#8220; align_last_edited=&#8220;on|desktop&#8220; _builder_version=&#8220;4.16&#8243; _module_preset=&#8220;default&#8220; custom_margin=&#8220;||15px|&#8220; box_shadow_style=&#8220;preset1&#8243; box_shadow_blur=&#8220;10px&#8220; global_colors_info=&#8220;{}&#8220; theme_builder_area=&#8220;post_content&#8220;][\/et_pb_image][et_pb_text _builder_version=&#8220;4.16&#8243; _module_preset=&#8220;default&#8220; global_colors_info=&#8220;{}&#8220; theme_builder_area=&#8220;post_content&#8220;]<\/p>\n<p><em>Das Originalmodell des K\u00fcnstlers vor dem 3D-Scannen<\/em><\/p>\n<p>[\/et_pb_text][et_pb_text _builder_version=&#8220;4.16&#8243; _module_preset=&#8220;default&#8220; global_colors_info=&#8220;{}&#8220; theme_builder_area=&#8220;post_content&#8220;]<\/p>\n<p style=\"margin-bottom: 0cm; text-align: justify;\">Da der K\u00fcnstler die vergr\u00f6\u00dferten Modelle grunds\u00e4tzlich in seinem Atelier noch umfangreich bearbeitet, ist es f\u00fcr ihn wichtig, dass die verwendeten Materialien gut nachzubearbeiten sind. In diesem Fall fertigten wir das Modell in Polystyrol. Schlie\u00dflich setzten unsere erfahrenen Handwerker die Einzelteile wieder zusammen.<\/p>\n<p style=\"margin-bottom: 0cm; text-align: justify;\">Das fertige Modell wurde an die beteiligte Gie\u00dferei geliefert. Bei solchen Projekten stehen wir auch immer in direktem Kontakt mit den Gie\u00dfereien, um deren Anforderungen ber\u00fccksichtigen zu k\u00f6nnen. Und wenn ein Projekt besonders z\u00fcgig umgesetzt werden muss, liefern wir gerne bereits fertige Einzelteile aus, damit der Guss beginnen kann, w\u00e4hrend der Rest einer Skulptur noch auf unseren Maschinen hergestellt wird.<\/p>\n<p>[\/et_pb_text][et_pb_image src=&#8220;https:\/\/www.ego-3d.de\/modellbau\/wp-content\/uploads\/2020\/11\/EGO3D_Thomas_Sch\u00fctte_drittes_Tier_gefr\u00e4stes_Modell.jpg&#8220; title_text=&#8220;EGO3D_Thomas_Sch\u00fctte_drittes_Tier_gefr\u00e4stes_Modell&#8220; align=&#8220;center&#8220; align_tablet=&#8220;center&#8220; align_phone=&#8220;&#8220; align_last_edited=&#8220;on|desktop&#8220; _builder_version=&#8220;4.16&#8243; _module_preset=&#8220;default&#8220; custom_margin=&#8220;||15px|&#8220; box_shadow_style=&#8220;preset1&#8243; box_shadow_blur=&#8220;10px&#8220; global_colors_info=&#8220;{}&#8220; theme_builder_area=&#8220;post_content&#8220;][\/et_pb_image][et_pb_text _builder_version=&#8220;4.16&#8243; _module_preset=&#8220;default&#8220; global_colors_info=&#8220;{}&#8220; theme_builder_area=&#8220;post_content&#8220;]<\/p>\n<p><em>Ein Gro\u00dfteil des gefr\u00e4sten Modells bei der Auslieferung<\/em><\/p>\n<p>[\/et_pb_text][\/et_pb_column][et_pb_column type=&#8220;1_2&#8243; _builder_version=&#8220;4.16&#8243; _module_preset=&#8220;default&#8220; global_colors_info=&#8220;{}&#8220; theme_builder_area=&#8220;post_content&#8220;][et_pb_image src=&#8220;https:\/\/www.ego-3d.de\/modellbau\/wp-content\/uploads\/2020\/11\/EGO3D_Thomas_Sch\u00fctte_Bronzeskulptur_Drittes_Tier_KUB_2019_3_Ausschnitt.jpg&#8220; title_text=&#8220;EGO3D_Thomas_Sch\u00fctte_Bronzeskulptur_Drittes_Tier_KUB_2019_3_Ausschnitt&#8220; align=&#8220;center&#8220; align_tablet=&#8220;center&#8220; align_phone=&#8220;&#8220; align_last_edited=&#8220;on|desktop&#8220; _builder_version=&#8220;4.16&#8243; _module_preset=&#8220;default&#8220; custom_margin=&#8220;||15px|&#8220; box_shadow_style=&#8220;preset1&#8243; box_shadow_blur=&#8220;10px&#8220; global_colors_info=&#8220;{}&#8220; theme_builder_area=&#8220;post_content&#8220;][\/et_pb_image][et_pb_text _builder_version=&#8220;4.16&#8243; _module_preset=&#8220;default&#8220; global_colors_info=&#8220;{}&#8220; theme_builder_area=&#8220;post_content&#8220;]<\/p>\n<p><em>Thomas Sch\u00fctte &#8211; <\/em><em>Drittes Tier, 2017<\/em><br \/> <em>Patinierte Bronze, Wasserpumpe<\/em>, <em>350 x 410 x 215 cm<\/em><br \/> <em>Ausstellungsansicht Kunsthaus Bregenz, 2019<\/em><br \/> <em>Foto: Markus Tretter<\/em><\/p>\n<p>[\/et_pb_text][et_pb_video src=&#8220;https:\/\/www.ego-3d.de\/modellbau\/wp-content\/uploads\/2020\/11\/EGO3D_Interview-Ausschnitt_mit_Thomas_Sch\u00fctte.mp4&#8243; image_src=&#8220;https:\/\/www.ego-3d.de\/modellbau\/wp-content\/uploads\/2020\/11\/EGO3D_Interview_mit_Thomas_Sch\u00fctte_thumb.jpg&#8220; thumbnail_overlay_color=&#8220;rgba(0,0,0,0.6)&#8220; _builder_version=&#8220;4.16&#8243; _module_preset=&#8220;default&#8220; custom_margin=&#8220;||15px||false|false&#8220; box_shadow_style=&#8220;preset1&#8243; box_shadow_vertical=&#8220;0px&#8220; box_shadow_blur=&#8220;10px&#8220; box_shadow_spread=&#8220;2px&#8220; global_colors_info=&#8220;{}&#8220; theme_builder_area=&#8220;post_content&#8220;][\/et_pb_video][et_pb_text _builder_version=&#8220;4.16&#8243; _module_preset=&#8220;default&#8220; global_colors_info=&#8220;{}&#8220; theme_builder_area=&#8220;post_content&#8220;]<\/p>\n<p style=\"text-align: justify;\"><em>Ein Interview-Ausschnitt, bei dem der K\u00fcnstler auf die Dienstleistungen von EGO3D Bezug nimmt<br \/> Quelle: Youtube-Kanal &#8222;Kunsthaus Bregenz&#8220;<br \/> <\/em><\/p>\n<p style=\"text-align: justify;\"><em>Das Kunsthaus Bregenz schreibt \u00fcber Thomas Sch\u00fctte:<br \/> Der deutsche Bildhauer und Zeichner Thomas Sch\u00fctte z\u00e4hlt zu den wichtigsten K\u00fcnstlern der Gegenwart. Im April 2016 er\u00f6ffnete der mehrfache documenta-Teilnehmer seine Skulpturenhalle in Neuss \u2013 der Ausstellungsraum dient der Pr\u00e4sentation zeitgen\u00f6ssischer Skulptur und als Lager seiner eigenen Werke.<br \/> [&#8230;]<\/em><em><br \/> Anl\u00e4sslich der Sommerausstellung von Thomas Sch\u00fctte im Kunsthaus Bregenz werden seine Werke nicht nur im KUB, sondern an verschiedenen Orten im \u00f6ffentlichen Raum in Bregenz pr\u00e4sentiert. Wie zum Beispiel ein Wasserdampf schnaubender Hund aus patinierter Bronze auf dem Karl-Tizian-Platz vor dem Kunsthaus Bregenz. <\/em><\/p>\n<p>[\/et_pb_text][et_pb_video src=&#8220;https:\/\/www.ego-3d.de\/modellbau\/wp-content\/uploads\/2020\/11\/EGO_Sch\u00fctte-Skulptur_mit_Dampf.mp4&#8243; _builder_version=&#8220;4.16&#8243; _module_preset=&#8220;default&#8220; custom_margin=&#8220;||15px||false|false&#8220; box_shadow_style=&#8220;preset1&#8243; box_shadow_vertical=&#8220;0px&#8220; box_shadow_blur=&#8220;10px&#8220; box_shadow_spread=&#8220;2px&#8220; global_colors_info=&#8220;{}&#8220; theme_builder_area=&#8220;post_content&#8220;][\/et_pb_video][et_pb_text module_id=&#8220;anker_burgert&#8220; _builder_version=&#8220;4.16&#8243; _module_preset=&#8220;default&#8220; global_colors_info=&#8220;{}&#8220; theme_builder_area=&#8220;post_content&#8220;]<\/p>\n<p><em>Thomas Sch\u00fctte<br \/> Drittes Tier, 2017<br \/> Patinierte Bronze, Wasserpumpe<br \/> 350 x 410 x 215 cm<br \/> Video: Luise Heuter<\/em><\/p>\n<p>[\/et_pb_text][\/et_pb_column][\/et_pb_row][\/et_pb_section]<\/p>\n","protected":false},"excerpt":{"rendered":"<p>Skultpur &#8222;drittes Tier&#8220; Monumentale Vergr\u00f6\u00dferung in nachbearbeitbarem Werkstoff Der Bildhauer Thomas Sch\u00fctte entwirft und verwirklicht j\u00e4hrlich zahlreiche monumentale Bronzeskulpturen, die im \u00f6ffentlichen Raum aufgestellt werden. Dabei verl\u00e4sst sich der weltweit bekannte und gefragte K\u00fcnstler nicht selten auf die Leistungen von EGO3D. Ein Beispiel daf\u00fcr ist die Bonzeskulptur \u201cDrittes Tier\u201d von 2017. Der K\u00fcnstler beauftragte uns [&hellip;]<\/p>\n","protected":false},"author":1,"featured_media":0,"parent":0,"menu_order":0,"comment_status":"closed","ping_status":"closed","template":"","meta":{"_et_pb_use_builder":"on","_et_pb_old_content":"","_et_gb_content_width":""},"_links":{"self":[{"href":"https:\/\/www.ego-3d.de\/modellbau\/wp-json\/wp\/v2\/pages\/3095"}],"collection":[{"href":"https:\/\/www.ego-3d.de\/modellbau\/wp-json\/wp\/v2\/pages"}],"about":[{"href":"https:\/\/www.ego-3d.de\/modellbau\/wp-json\/wp\/v2\/types\/page"}],"author":[{"embeddable":true,"href":"https:\/\/www.ego-3d.de\/modellbau\/wp-json\/wp\/v2\/users\/1"}],"replies":[{"embeddable":true,"href":"https:\/\/www.ego-3d.de\/modellbau\/wp-json\/wp\/v2\/comments?post=3095"}],"version-history":[{"count":2,"href":"https:\/\/www.ego-3d.de\/modellbau\/wp-json\/wp\/v2\/pages\/3095\/revisions"}],"predecessor-version":[{"id":3097,"href":"https:\/\/www.ego-3d.de\/modellbau\/wp-json\/wp\/v2\/pages\/3095\/revisions\/3097"}],"wp:attachment":[{"href":"https:\/\/www.ego-3d.de\/modellbau\/wp-json\/wp\/v2\/media?parent=3095"}],"curies":[{"name":"wp","href":"https:\/\/api.w.org\/{rel}","templated":true}]}}