{"id":3044,"date":"2023-03-07T13:33:30","date_gmt":"2023-03-07T12:33:30","guid":{"rendered":"https:\/\/www.ego-3d.de\/modellbau\/?page_id=3044"},"modified":"2023-03-07T13:33:30","modified_gmt":"2023-03-07T12:33:30","slug":"stadtmodell-neu-ulm","status":"publish","type":"page","link":"https:\/\/www.ego-3d.de\/modellbau\/stadtmodell-neu-ulm\/","title":{"rendered":"Stadtmodell Neu-Ulm"},"content":{"rendered":"<p>[et_pb_section fb_built=&#8220;1&#8243; _builder_version=&#8220;4.19.4&#8243; _module_preset=&#8220;default&#8220; background_color=&#8220;RGBA(255,255,255,0)&#8220; background_enable_image=&#8220;off&#8220; background_size=&#8220;initial&#8220; background_position=&#8220;top_center&#8220; background_repeat=&#8220;repeat-y&#8220; global_colors_info=&#8220;{}&#8220; theme_builder_area=&#8220;post_content&#8220;][et_pb_row column_structure=&#8220;1_2,1_2&#8243; _builder_version=&#8220;4.19.4&#8243; _module_preset=&#8220;default&#8220; background_color=&#8220;rgba(255,255,255,0.65)&#8220; custom_margin=&#8220;0px||20px|&#8220; custom_padding=&#8220;15px|15px|15px|15px&#8220; box_shadow_style=&#8220;preset1&#8243; global_colors_info=&#8220;{}&#8220; theme_builder_area=&#8220;post_content&#8220;][et_pb_column type=&#8220;1_2&#8243; _builder_version=&#8220;4.19.4&#8243; _module_preset=&#8220;default&#8220; global_colors_info=&#8220;{}&#8220; theme_builder_area=&#8220;post_content&#8220;][et_pb_text _builder_version=&#8220;4.19.4&#8243; _module_preset=&#8220;default&#8220; hover_enabled=&#8220;0&#8243; global_colors_info=&#8220;{}&#8220; theme_builder_area=&#8220;post_content&#8220; sticky_enabled=&#8220;0&#8243;]<\/p>\n<h2 style=\"margin-bottom: 0cm;\"><strong>Neu-Ulm wurde in einer Woche erbaut!<br \/>\n<\/strong><\/h2>\n<h2 style=\"margin-bottom: 0cm;\">Ein Stadtmodell in Rekordzeit<\/h2>\n<p style=\"margin-bottom: 0cm; text-align: justify;\">Unser Auftrag: Erstellung eines Modells der Stadt Neu-Ulm im Jahr 1869 als Vorlage f\u00fcr einen Bronzeguss. Dabei standen wir vor zwei gro\u00dfen Herausforderungen. Zum einen war das Modell im Ma\u00dfstab 1:1.000 mit einer Gr\u00f6\u00dfe von 1,70 m x 1,00 m sehr gro\u00df und dennoch detailliert, zum anderen musste es innerhalb nur einer Woche fertiggestellt werden. Es galt also, eine intelligente L\u00f6sung zu finden, die sowohl Platz als auch gleichzeitig Zeit spart.<\/p>\n<p>[\/et_pb_text][et_pb_image src=&#8220;https:\/\/www.ego-3d.de\/modellbau\/wp-content\/uploads\/2023\/03\/EGO3D_Stadtmodell_Neu-Ulm_digitales_Modell.jpg&#8220; title_text=&#8220;EGO3D_Stadtmodell_Neu-Ulm_digitales_Modell&#8220; align_tablet=&#8220;center&#8220; align_phone=&#8220;center&#8220; align_last_edited=&#8220;on|desktop&#8220; _builder_version=&#8220;4.19.4&#8243; _module_preset=&#8220;default&#8220; custom_margin=&#8220;||15px||false|false&#8220; custom_padding=&#8220;||||false|false&#8220; hover_enabled=&#8220;0&#8243; box_shadow_style=&#8220;preset1&#8243; box_shadow_blur=&#8220;10px&#8220; global_colors_info=&#8220;{}&#8220; theme_builder_area=&#8220;post_content&#8220; sticky_enabled=&#8220;0&#8243;][\/et_pb_image][et_pb_text _builder_version=&#8220;4.19.4&#8243; _module_preset=&#8220;default&#8220; hover_enabled=&#8220;0&#8243; global_colors_info=&#8220;{}&#8220; theme_builder_area=&#8220;post_content&#8220; sticky_enabled=&#8220;0&#8243;]<\/p>\n<p style=\"text-align: justify;\">Daher teilten wir das Modell in elf Einzelteile auf und stellten es mit unserem gr\u00f6\u00dften SLA-Drucker in drei Chargen zu jeweils fast 24 Stunden her. Jedoch konnten wir das Gesamtmodell dazu nicht einfach in gleichgro\u00dfe Bereiche aufteilen, denn so h\u00e4tten viele Schnitte quer durch alle Details gef\u00fchrt und unsch\u00f6ne, schwer nachzubearbeitende Spalten erzeugt. Stattdessen haben wir die Schnitte entlang der Stra\u00dfen und Konturen gezogen, wodurch sie nach dem Zusammensetzen kaum noch sichtbar waren.<\/p>\n<p style=\"text-align: justify;\">Um im Sinne unseres Kunden Material und Zeit zu sparen, entfernten wir die Bodenfl\u00e4che des Modells und f\u00fcllten die Unterseite mit einer Lamellenstruktur auf. Diese hatte die zus\u00e4tzlichen Vorteile, dass das Modell weniger St\u00fctzstruktur ben\u00f6tigte und sehr druckstabil wurde \u2013 eine ideale Voraussetzung f\u00fcr das sp\u00e4tere Abformen in der Gie\u00dferei. Zus\u00e4tzlich senkten wir die Druckzeit, indem wir die Einzelteile schr\u00e4g im Drucker staffelten.<\/p>\n<p style=\"text-align: justify;\">Abschlie\u00dfend setzten wir das Modell zusammen. Die pr\u00e4zise gedruckten Teile passten nahtlos aneinander, die Spalten waren kaum zu sehen. Dennoch pr\u00fcften wir das Ergebnis eingehend \u2013 genau wie jedes andere Projekt, das unser Haus verl\u00e4sst.<\/p>\n<p>[\/et_pb_text][et_pb_image src=&#8220;https:\/\/www.ego-3d.de\/modellbau\/wp-content\/uploads\/2023\/03\/EGO3D_Stadtmodell_Neu-Ulm_SLA-Druck_Detail.jpg&#8220; title_text=&#8220;EGO3D_Stadtmodell_Neu-Ulm_SLA-Druck_Detail&#8220; align_tablet=&#8220;center&#8220; align_phone=&#8220;center&#8220; align_last_edited=&#8220;on|desktop&#8220; _builder_version=&#8220;4.19.4&#8243; _module_preset=&#8220;default&#8220; custom_margin=&#8220;||15px||false|false&#8220; custom_padding=&#8220;||||false|false&#8220; hover_enabled=&#8220;0&#8243; box_shadow_style=&#8220;preset1&#8243; box_shadow_blur=&#8220;10px&#8220; global_colors_info=&#8220;{}&#8220; theme_builder_area=&#8220;post_content&#8220; sticky_enabled=&#8220;0&#8243;][\/et_pb_image][et_pb_text _builder_version=&#8220;4.19.4&#8243; _module_preset=&#8220;default&#8220; hover_enabled=&#8220;0&#8243; global_colors_info=&#8220;{}&#8220; theme_builder_area=&#8220;post_content&#8220; sticky_enabled=&#8220;0&#8243;]<\/p>\n<p style=\"text-align: justify;\"><em>Detailansicht des fertigen SLA-3D-Drucks<br \/><\/em><\/p>\n<p>[\/et_pb_text][\/et_pb_column][et_pb_column type=&#8220;1_2&#8243; _builder_version=&#8220;4.19.4&#8243; _module_preset=&#8220;default&#8220; global_colors_info=&#8220;{}&#8220; theme_builder_area=&#8220;post_content&#8220;][et_pb_image src=&#8220;https:\/\/www.ego-3d.de\/modellbau\/wp-content\/uploads\/2023\/03\/EGO3D_Stadtmodell_Neu-Ulm_SLA-Druck_im_Druckraum.jpg&#8220; title_text=&#8220;EGO3D_Stadtmodell_Neu-Ulm_SLA-Druck_im_Druckraum&#8220; align_tablet=&#8220;center&#8220; align_phone=&#8220;center&#8220; align_last_edited=&#8220;on|desktop&#8220; _builder_version=&#8220;4.19.4&#8243; _module_preset=&#8220;default&#8220; custom_margin=&#8220;||15px||false|false&#8220; custom_padding=&#8220;||||false|false&#8220; hover_enabled=&#8220;0&#8243; box_shadow_style=&#8220;preset1&#8243; box_shadow_blur=&#8220;10px&#8220; global_colors_info=&#8220;{}&#8220; theme_builder_area=&#8220;post_content&#8220; sticky_enabled=&#8220;0&#8243;][\/et_pb_image][et_pb_text _builder_version=&#8220;4.19.4&#8243; _module_preset=&#8220;default&#8220; hover_enabled=&#8220;0&#8243; global_colors_info=&#8220;{}&#8220; theme_builder_area=&#8220;post_content&#8220; sticky_enabled=&#8220;0&#8243;]<\/p>\n<p style=\"text-align: justify;\"><em>Mehrere Einzelteile des Modells nach dem Druck. Sie wurden diagonal im Druckraum gestaffelt, damit m\u00f6glichst viele Einzelteile mit einem Druckjob angefertigt werden konnten und somit massiv Zeit eingespart wurde<br \/><\/em><\/p>\n<p>[\/et_pb_text][et_pb_image src=&#8220;https:\/\/www.ego-3d.de\/modellbau\/wp-content\/uploads\/2023\/03\/EGO3D_Stadtmodell_Neu-Ulm_SLA-Druck_wird_entnommen.jpg&#8220; title_text=&#8220;EGO3D_Stadtmodell_Neu-Ulm_SLA-Druck_wird_entnommen&#8220; align_tablet=&#8220;center&#8220; align_phone=&#8220;center&#8220; align_last_edited=&#8220;on|desktop&#8220; _builder_version=&#8220;4.19.4&#8243; _module_preset=&#8220;default&#8220; custom_margin=&#8220;||15px||false|false&#8220; custom_padding=&#8220;||||false|false&#8220; hover_enabled=&#8220;0&#8243; box_shadow_style=&#8220;preset1&#8243; box_shadow_blur=&#8220;10px&#8220; global_colors_info=&#8220;{}&#8220; theme_builder_area=&#8220;post_content&#8220; sticky_enabled=&#8220;0&#8243;][\/et_pb_image][et_pb_text _builder_version=&#8220;4.19.4&#8243; _module_preset=&#8220;default&#8220; hover_enabled=&#8220;0&#8243; global_colors_info=&#8220;{}&#8220; theme_builder_area=&#8220;post_content&#8220; sticky_enabled=&#8220;0&#8243;]<\/p>\n<p style=\"text-align: justify;\"><em>Der gesamte Block aus Einzelteilen und der &#8222;Support-Struktur&#8220;, die das Modell w\u00e4hrend des Druckes stabilisierte, wird dem Druckraum entnommen. Anschlie\u00dfend werden die Einzeleile herausgetrennt, ges\u00e4ubert und in einer UV-Kammer noch einmal belichtet, um Reste der Druckfl\u00fcssigkeit aush\u00e4rten zu lassen<br \/><\/em><\/p>\n<p>[\/et_pb_text][et_pb_image src=&#8220;https:\/\/www.ego-3d.de\/modellbau\/wp-content\/uploads\/2023\/03\/EGO3D_Stadtmodell_Neu-Ulm_SLA-Druck.jpg&#8220; title_text=&#8220;EGO3D_Stadtmodell_Neu-Ulm_SLA-Druck&#8220; align_tablet=&#8220;center&#8220; align_phone=&#8220;center&#8220; align_last_edited=&#8220;on|desktop&#8220; _builder_version=&#8220;4.19.4&#8243; _module_preset=&#8220;default&#8220; custom_margin=&#8220;||15px||false|false&#8220; custom_padding=&#8220;||||false|false&#8220; hover_enabled=&#8220;0&#8243; box_shadow_style=&#8220;preset1&#8243; box_shadow_blur=&#8220;10px&#8220; global_colors_info=&#8220;{}&#8220; theme_builder_area=&#8220;post_content&#8220; sticky_enabled=&#8220;0&#8243;][\/et_pb_image][et_pb_text _builder_version=&#8220;4.19.4&#8243; _module_preset=&#8220;default&#8220; hover_enabled=&#8220;0&#8243; global_colors_info=&#8220;{}&#8220; theme_builder_area=&#8220;post_content&#8220; sticky_enabled=&#8220;0&#8243;]<\/p>\n<p style=\"text-align: justify;\"><em>Das fertige Modell kurz vor der Endpr\u00fcfung und der anschlie\u00dfenden Auslieferung an die Gie\u00dferei. <br \/><\/em><\/p>\n<p>[\/et_pb_text][et_pb_text _builder_version=&#8220;4.19.4&#8243; _module_preset=&#8220;default&#8220; hover_enabled=&#8220;0&#8243; global_colors_info=&#8220;{}&#8220; theme_builder_area=&#8220;post_content&#8220; sticky_enabled=&#8220;0&#8243;]<\/p>\n<p>Manche Kunden haben wie in diesem Fall bereits ein fertiges digitales 3D-Modell, wenn sie mit uns in Kontakt treten. Wenn dann Schnelligkeit und Pr\u00e4zision bei der Druckdienstleistung gew\u00fcnscht sind und sie genau wissen, was sie wollen, k\u00f6nnen sie direkt \u00fcber unsere separate Website <a href=\"https:\/\/www.sla-3d-druck.de\/\">&#8222;SLA-3D-Druck&#8220;<\/a> den Druck in Auftrag geben. Unabh\u00e4ngig davon ist nat\u00fcrlich bei jeglichen Fragen und W\u00fcnschen eine individuelle Beratung unsererseits jederzeit m\u00f6glich.<\/p>\n<p>[\/et_pb_text][\/et_pb_column][\/et_pb_row][\/et_pb_section]<\/p>\n","protected":false},"excerpt":{"rendered":"<p>Neu-Ulm wurde in einer Woche erbaut! Ein Stadtmodell in Rekordzeit Unser Auftrag: Erstellung eines Modells der Stadt Neu-Ulm im Jahr 1869 als Vorlage f\u00fcr einen Bronzeguss. Dabei standen wir vor zwei gro\u00dfen Herausforderungen. Zum einen war das Modell im Ma\u00dfstab 1:1.000 mit einer Gr\u00f6\u00dfe von 1,70 m x 1,00 m sehr gro\u00df und dennoch detailliert, [&hellip;]<\/p>\n","protected":false},"author":1,"featured_media":0,"parent":0,"menu_order":0,"comment_status":"closed","ping_status":"closed","template":"","meta":{"_et_pb_use_builder":"on","_et_pb_old_content":"","_et_gb_content_width":""},"_links":{"self":[{"href":"https:\/\/www.ego-3d.de\/modellbau\/wp-json\/wp\/v2\/pages\/3044"}],"collection":[{"href":"https:\/\/www.ego-3d.de\/modellbau\/wp-json\/wp\/v2\/pages"}],"about":[{"href":"https:\/\/www.ego-3d.de\/modellbau\/wp-json\/wp\/v2\/types\/page"}],"author":[{"embeddable":true,"href":"https:\/\/www.ego-3d.de\/modellbau\/wp-json\/wp\/v2\/users\/1"}],"replies":[{"embeddable":true,"href":"https:\/\/www.ego-3d.de\/modellbau\/wp-json\/wp\/v2\/comments?post=3044"}],"version-history":[{"count":2,"href":"https:\/\/www.ego-3d.de\/modellbau\/wp-json\/wp\/v2\/pages\/3044\/revisions"}],"predecessor-version":[{"id":3052,"href":"https:\/\/www.ego-3d.de\/modellbau\/wp-json\/wp\/v2\/pages\/3044\/revisions\/3052"}],"wp:attachment":[{"href":"https:\/\/www.ego-3d.de\/modellbau\/wp-json\/wp\/v2\/media?parent=3044"}],"curies":[{"name":"wp","href":"https:\/\/api.w.org\/{rel}","templated":true}]}}