{"id":3020,"date":"2023-03-07T10:18:52","date_gmt":"2023-03-07T09:18:52","guid":{"rendered":"https:\/\/www.ego-3d.de\/modellbau\/?page_id=3020"},"modified":"2023-03-08T15:43:50","modified_gmt":"2023-03-08T14:43:50","slug":"stadtmodell-melsungen","status":"publish","type":"page","link":"https:\/\/www.ego-3d.de\/modellbau\/stadtmodell-melsungen\/","title":{"rendered":"Stadtmodell Melsungen"},"content":{"rendered":"<p>[et_pb_section fb_built=&#8220;1&#8243; _builder_version=&#8220;4.19.4&#8243; _module_preset=&#8220;default&#8220; background_color=&#8220;RGBA(255,255,255,0)&#8220; background_enable_image=&#8220;off&#8220; background_size=&#8220;initial&#8220; background_position=&#8220;top_center&#8220; background_repeat=&#8220;repeat-y&#8220; global_colors_info=&#8220;{}&#8220;][et_pb_row column_structure=&#8220;1_2,1_2&#8243; _builder_version=&#8220;4.19.4&#8243; _module_preset=&#8220;default&#8220; background_color=&#8220;rgba(255,255,255,0.65)&#8220; custom_margin=&#8220;0px||20px|&#8220; custom_padding=&#8220;15px|15px|15px|15px&#8220; box_shadow_style=&#8220;preset1&#8243; global_colors_info=&#8220;{}&#8220;][et_pb_column type=&#8220;1_2&#8243; _builder_version=&#8220;4.19.4&#8243; _module_preset=&#8220;default&#8220; global_colors_info=&#8220;{}&#8220;][et_pb_text _builder_version=&#8220;4.19.4&#8243; _module_preset=&#8220;default&#8220; global_colors_info=&#8220;{}&#8220;]<\/p>\n<h2 style=\"margin-bottom: 0cm;\"><strong>Die Altstadt von Melsungen<\/strong><\/h2>\n<h2 style=\"margin-bottom: 0cm;\">Pitoreskes Fachwerk in Szene gesetzt<\/h2>\n<p style=\"margin-bottom: 0cm; text-align: justify;\">Die Altstadt Melsungens besteht aus \u00fcber 400 einzelnen Geb\u00e4uden, vom schmucken freistehenden Rathaus und der un\u00fcbersehbaren Stadtkirche bis zu den eng aneinadergeschmiegten H\u00e4userzeilen in den alten Stra\u00dfen und Gassen. Dicht am alten Stadtkern flie\u00df die Fulda entlang und eine massive alte Br\u00fccke \u00fcberspannt den Fluss.<\/p>\n<p style=\"margin-bottom: 0cm; text-align: justify;\">Wie bei vielen anderen Stadtmodellen f\u00fchrten wir auch bei diesem Auftrag die wichtigsten Geb\u00e4ude besonders detailiert aus, w\u00e4hrend die restliche Bebauung einfach gehalten wurde. Nichtsdestotrotz haben wir auch dieser einige Aufmerksamkeit geschenkt. Wir bekamen von jeder H\u00e4userzeile und vielen Einzelgeb\u00e4uden die genauen Trauf- und Firsth\u00f6hen. In Kombination mit amtlichen Karten und Luftbildern konnten wir so die gesamte Bebauung exakt nachbilden.<\/p>\n<p>[\/et_pb_text][et_pb_image src=&#8220;https:\/\/www.ego-3d.de\/modellbau\/wp-content\/uploads\/2019\/02\/Stadtmodell_Melsungen_Computermodell_Detail.jpg&#8220; title_text=&#8220;EGO3D-Stadtmodell_Melsungen_Computermodell_Detail&#8220; align_tablet=&#8220;center&#8220; align_phone=&#8220;center&#8220; align_last_edited=&#8220;on|desktop&#8220; _builder_version=&#8220;4.19.4&#8243; _module_preset=&#8220;default&#8220; custom_margin=&#8220;||15px||false|false&#8220; custom_padding=&#8220;||||false|false&#8220; box_shadow_style=&#8220;preset1&#8243; box_shadow_blur=&#8220;10px&#8220; global_colors_info=&#8220;{}&#8220;][\/et_pb_image][et_pb_text _builder_version=&#8220;4.19.4&#8243; _module_preset=&#8220;default&#8220; global_colors_info=&#8220;{}&#8220;]<\/p>\n<p><em>Das alte Rathaus entsteht als digitales Modell. Als Referenz dienen zahlreiche Fotos<br \/><\/em><\/p>\n<p>[\/et_pb_text][et_pb_text _builder_version=&#8220;4.19.4&#8243; _module_preset=&#8220;default&#8220; hover_enabled=&#8220;0&#8243; global_colors_info=&#8220;{}&#8220; sticky_enabled=&#8220;0&#8243;]<\/p>\n<p style=\"margin-bottom: 0cm; text-align: justify;\">Eine Besonderheit dieses Modells war, dass zwar die alte Stadtmauer Melsungens nicht mehr existiert, aber ihr Verlauf dem Betrachter sichtbar gemacht werden sollte. Dazu brachten wir in die Terrain-Oberfl\u00e4che eine gleichm\u00e4\u00dfige Rille ein, die exakt den Kartendaten des ehemaligen Mauerverlaufs entsprach. Auch die nicht mehr vorhandenen Stadttore wurden auf diese Weise angedeutet.<\/p>\n<p style=\"margin-bottom: 0cm; text-align: justify;\">Die detailierter ausgef\u00fchrten Geb\u00e4ude und weitere Infos zu Stadtmauer wurden in einer Legende aufgef\u00fchrt und mit Zahlen auf dem Modell bezeichnet. Weitere separate Legenden f\u00fchren die Details in Blindenschrift auf, so dass das Modell sich auch als Tastmodell eignet.<\/p>\n<p style=\"margin-bottom: 0cm; text-align: justify;\">In st\u00e4ndiger Abstimmung mit dem Kunden anhand von zahlreichen Vorschaubildern wurde das Modell schlie\u00dflich perfektioniert. Nach der Freigabe ging das Projekt in die Fertigungs-Phase. Die Geb\u00e4ude wurden von der Oberfl\u00e4che separiert und in einem unserer 3D-Druckverfahren gefertigt.<br \/>In der Gie\u00dferei wurde schlie\u00dflich Das Gel\u00e4nde im Sandguss hergestellt, die Geb\u00e4ude im Wachsausschmelzverfahren. Heute hat das fertige Bronzemodell Melsungens einen prominenten Platz am Eingang zur Altstadt, wenn man diese \u00fcber die Br\u00fccke \u00fcber die Fulda betritt.<\/p>\n<p>[\/et_pb_text][et_pb_image src=&#8220;https:\/\/www.ego-3d.de\/modellbau\/wp-content\/uploads\/2023\/03\/EGO3D_3D-Drucke_und_gefraestes_Gelaende.jpg&#8220; title_text=&#8220;EGO3D_3D-Drucke_und_gefr\u00e4stes_Gel\u00e4nde&#8220; align_tablet=&#8220;center&#8220; align_phone=&#8220;center&#8220; align_last_edited=&#8220;on|desktop&#8220; _builder_version=&#8220;4.19.4&#8243; _module_preset=&#8220;default&#8220; custom_margin=&#8220;||15px||false|false&#8220; custom_padding=&#8220;||||false|false&#8220; box_shadow_style=&#8220;preset1&#8243; box_shadow_blur=&#8220;10px&#8220; global_colors_info=&#8220;{}&#8220;][\/et_pb_image][et_pb_text _builder_version=&#8220;4.19.4&#8243; _module_preset=&#8220;default&#8220; global_colors_info=&#8220;{}&#8220;]<\/p>\n<p style=\"text-align: justify;\"><em>Die 3D-gedruckten Geb\u00e4ude auf dem gefr\u00e4sten Gel\u00e4nde. Die Teile wurden separat an die Gie\u00dferei geliefert und konnten dort mit unterschiedlichen Techniken gegossen werden. Das Gel\u00e4nde wurde im Sandguss hergestellt, die Geb\u00e4ude im Wachsausschmelverfahren.<br \/><\/em><\/p>\n<p>[\/et_pb_text][\/et_pb_column][et_pb_column type=&#8220;1_2&#8243; _builder_version=&#8220;4.19.4&#8243; _module_preset=&#8220;default&#8220; global_colors_info=&#8220;{}&#8220;][et_pb_image src=&#8220;https:\/\/www.ego-3d.de\/modellbau\/wp-content\/uploads\/2023\/03\/EGO3D_fertiges_Bronzemodell_vor_Ort.jpg&#8220; title_text=&#8220;EGO3D_fertiges_Bronzemodell_vor_Ort&#8220; align_tablet=&#8220;center&#8220; align_phone=&#8220;center&#8220; align_last_edited=&#8220;on|desktop&#8220; _builder_version=&#8220;4.19.4&#8243; _module_preset=&#8220;default&#8220; custom_margin=&#8220;||15px||false|false&#8220; custom_padding=&#8220;||||false|false&#8220; box_shadow_style=&#8220;preset1&#8243; box_shadow_blur=&#8220;10px&#8220; global_colors_info=&#8220;{}&#8220;][\/et_pb_image][et_pb_text _builder_version=&#8220;4.19.4&#8243; _module_preset=&#8220;default&#8220; global_colors_info=&#8220;{}&#8220;]<\/p>\n<p><em>Das fertige Bronzemodell vor Ort<br \/>Bildquelle: Reinhold Hocke<br \/><\/em><\/p>\n<p>[\/et_pb_text][et_pb_image src=&#8220;https:\/\/www.ego-3d.de\/modellbau\/wp-content\/uploads\/2023\/03\/EGO3D_fertiges_Bronzemodell_vor_Ort_Detailansicht.jpg&#8220; title_text=&#8220;EGO3D_fertiges_Bronzemodell_vor_Ort_Detailansicht&#8220; align_tablet=&#8220;center&#8220; align_phone=&#8220;center&#8220; align_last_edited=&#8220;on|desktop&#8220; _builder_version=&#8220;4.19.4&#8243; _module_preset=&#8220;default&#8220; custom_margin=&#8220;||15px||false|false&#8220; custom_padding=&#8220;||||false|false&#8220; box_shadow_style=&#8220;preset1&#8243; box_shadow_blur=&#8220;10px&#8220; global_colors_info=&#8220;{}&#8220;][\/et_pb_image][et_pb_text _builder_version=&#8220;4.19.4&#8243; _module_preset=&#8220;default&#8220; global_colors_info=&#8220;{}&#8220;]<\/p>\n<p><em>Detailansicht des Zentrums der Altstadt Melsungens<br \/><\/em><em>Bildquelle: Reinhold Hocke<\/em><\/p>\n<p>[\/et_pb_text][et_pb_image src=&#8220;https:\/\/www.ego-3d.de\/modellbau\/wp-content\/uploads\/2020\/07\/EGO3D-Fr\u00e4sen_des_Logos_des_Sponsors.jpg&#8220; title_text=&#8220;EGO3D-Fr\u00e4sen_des_Logos_des_Sponsors&#8220; align_tablet=&#8220;center&#8220; align_phone=&#8220;center&#8220; align_last_edited=&#8220;on|desktop&#8220; _builder_version=&#8220;4.19.4&#8243; _module_preset=&#8220;default&#8220; custom_margin=&#8220;||15px||false|false&#8220; custom_padding=&#8220;||||false|false&#8220; box_shadow_style=&#8220;preset1&#8243; box_shadow_blur=&#8220;10px&#8220; global_colors_info=&#8220;{}&#8220;][\/et_pb_image][et_pb_text _builder_version=&#8220;4.19.4&#8243; _module_preset=&#8220;default&#8220; global_colors_info=&#8220;{}&#8220;]<\/p>\n<p><em>Das Logo des Sponsors wird auf der Grundplatte gefr\u00e4st<br \/><\/em><\/p>\n<p>[\/et_pb_text][et_pb_image src=&#8220;https:\/\/www.ego-3d.de\/modellbau\/wp-content\/uploads\/2023\/03\/EGO3D_zeilenweises_Fraesen_der_Grundplatte.jpg&#8220; title_text=&#8220;EGO3D_zeilenweises_Fr\u00e4sen_der_Grundplatte&#8220; align_tablet=&#8220;center&#8220; align_phone=&#8220;center&#8220; align_last_edited=&#8220;on|desktop&#8220; _builder_version=&#8220;4.19.4&#8243; _module_preset=&#8220;default&#8220; custom_margin=&#8220;||15px||false|false&#8220; custom_padding=&#8220;||||false|false&#8220; box_shadow_style=&#8220;preset1&#8243; box_shadow_blur=&#8220;10px&#8220; global_colors_info=&#8220;{}&#8220;][\/et_pb_image][et_pb_text _builder_version=&#8220;4.19.4&#8243; _module_preset=&#8220;default&#8220; global_colors_info=&#8220;{}&#8220;]<\/p>\n<p><em>Zeile f\u00fcr Zeile arbeitet der Fr\u00e4ser das Gel\u00e4nde, das Sponsorenlogo und die Schrift der Legenden aus dem Material, erst grob, dann immer feiner, bis zur gew\u00fcnschten Detaildichte.<br \/><\/em><\/p>\n<p>[\/et_pb_text][\/et_pb_column][\/et_pb_row][et_pb_row _builder_version=&#8220;4.19.4&#8243; _module_preset=&#8220;default&#8220; background_color=&#8220;rgba(255,255,255,0.65)&#8220; custom_margin=&#8220;0px||20px|&#8220; custom_padding=&#8220;15px|15px|15px|15px&#8220; box_shadow_style=&#8220;preset1&#8243; global_colors_info=&#8220;{}&#8220;][et_pb_column type=&#8220;4_4&#8243; _builder_version=&#8220;4.19.4&#8243; _module_preset=&#8220;default&#8220; global_colors_info=&#8220;{}&#8220;][et_pb_image src=&#8220;https:\/\/www.ego-3d.de\/modellbau\/wp-content\/uploads\/2023\/03\/EGO3D_fertiges_Bronzemodell_vor_Ort_1080px.jpg&#8220; title_text=&#8220;EGO3D_fertiges_Bronzemodell_vor_Ort_1080px&#8220; align_tablet=&#8220;center&#8220; align_phone=&#8220;center&#8220; align_last_edited=&#8220;on|desktop&#8220; _builder_version=&#8220;4.19.4&#8243; _module_preset=&#8220;default&#8220; custom_margin=&#8220;||15px||false|false&#8220; custom_padding=&#8220;||||false|false&#8220; box_shadow_style=&#8220;preset1&#8243; box_shadow_blur=&#8220;10px&#8220; global_colors_info=&#8220;{}&#8220;][\/et_pb_image][et_pb_text _builder_version=&#8220;4.19.4&#8243; _module_preset=&#8220;default&#8220; global_colors_info=&#8220;{}&#8220;]<\/p>\n<p><em>Bildquelle: Reinhold Hocke<br \/><\/em><\/p>\n<p>[\/et_pb_text][\/et_pb_column][\/et_pb_row][\/et_pb_section]<\/p>\n","protected":false},"excerpt":{"rendered":"<p>Die Altstadt von Melsungen Pitoreskes Fachwerk in Szene gesetzt Die Altstadt Melsungens besteht aus \u00fcber 400 einzelnen Geb\u00e4uden, vom schmucken freistehenden Rathaus und der un\u00fcbersehbaren Stadtkirche bis zu den eng aneinadergeschmiegten H\u00e4userzeilen in den alten Stra\u00dfen und Gassen. Dicht am alten Stadtkern flie\u00df die Fulda entlang und eine massive alte Br\u00fccke \u00fcberspannt den Fluss. Wie [&hellip;]<\/p>\n","protected":false},"author":1,"featured_media":0,"parent":0,"menu_order":0,"comment_status":"closed","ping_status":"closed","template":"","meta":{"_et_pb_use_builder":"on","_et_pb_old_content":"","_et_gb_content_width":""},"_links":{"self":[{"href":"https:\/\/www.ego-3d.de\/modellbau\/wp-json\/wp\/v2\/pages\/3020"}],"collection":[{"href":"https:\/\/www.ego-3d.de\/modellbau\/wp-json\/wp\/v2\/pages"}],"about":[{"href":"https:\/\/www.ego-3d.de\/modellbau\/wp-json\/wp\/v2\/types\/page"}],"author":[{"embeddable":true,"href":"https:\/\/www.ego-3d.de\/modellbau\/wp-json\/wp\/v2\/users\/1"}],"replies":[{"embeddable":true,"href":"https:\/\/www.ego-3d.de\/modellbau\/wp-json\/wp\/v2\/comments?post=3020"}],"version-history":[{"count":5,"href":"https:\/\/www.ego-3d.de\/modellbau\/wp-json\/wp\/v2\/pages\/3020\/revisions"}],"predecessor-version":[{"id":3059,"href":"https:\/\/www.ego-3d.de\/modellbau\/wp-json\/wp\/v2\/pages\/3020\/revisions\/3059"}],"wp:attachment":[{"href":"https:\/\/www.ego-3d.de\/modellbau\/wp-json\/wp\/v2\/media?parent=3020"}],"curies":[{"name":"wp","href":"https:\/\/api.w.org\/{rel}","templated":true}]}}