{"id":2983,"date":"2023-03-02T15:13:46","date_gmt":"2023-03-02T14:13:46","guid":{"rendered":"https:\/\/www.ego-3d.de\/modellbau\/?page_id=2983"},"modified":"2023-03-07T10:27:09","modified_gmt":"2023-03-07T09:27:09","slug":"stadtmodell-mittweida","status":"publish","type":"page","link":"https:\/\/www.ego-3d.de\/modellbau\/stadtmodell-mittweida\/","title":{"rendered":"Stadtmodell Mittweida"},"content":{"rendered":"<p>[et_pb_section fb_built=&#8220;1&#8243; _builder_version=&#8220;4.19.4&#8243; _module_preset=&#8220;default&#8220; background_color=&#8220;RGBA(255,255,255,0)&#8220; background_enable_image=&#8220;off&#8220; background_size=&#8220;initial&#8220; background_position=&#8220;top_center&#8220; background_repeat=&#8220;repeat-y&#8220; global_colors_info=&#8220;{}&#8220;][et_pb_row column_structure=&#8220;1_2,1_2&#8243; _builder_version=&#8220;4.19.4&#8243; _module_preset=&#8220;default&#8220; background_color=&#8220;rgba(255,255,255,0.65)&#8220; custom_margin=&#8220;0px||20px|&#8220; custom_padding=&#8220;15px|15px|15px|15px&#8220; box_shadow_style=&#8220;preset1&#8243; global_colors_info=&#8220;{}&#8220;][et_pb_column type=&#8220;1_2&#8243; _builder_version=&#8220;4.19.4&#8243; _module_preset=&#8220;default&#8220; global_colors_info=&#8220;{}&#8220;][et_pb_text _builder_version=&#8220;4.19.4&#8243; _module_preset=&#8220;default&#8220; global_colors_info=&#8220;{}&#8220;]<\/p>\n<h2 style=\"margin-bottom: 0cm;\"><strong>Der Kirchberg in Mittweida<br \/>\n<\/strong><\/h2>\n<h2>Ein Stadtmodell mit Gew\u00f6lbekellern im Untergrund<\/h2>\n<p style=\"margin-bottom: 0cm; text-align: justify;\">Das Stadtmodell \u201eMittweida\u201c war ein ungew\u00f6hnliches und sehr interessantes Projekt. Anders als bei allen unseren bisherigen Stadtmodellen wurde hier nicht nur die Stadtlandschaft mit Geb\u00e4uden, Stra\u00dfen und Umgebung dargestellt, sondern auch das Geschehen unter der Oberfl\u00e4che. Unter dem Kirchberg Mittweidas befinden sich seit Jahrhunderten zahlreiche Kellergew\u00f6lbe, die unter anderem als Lagerr\u00e4ume genutzt wurden. Daher sollte das Bronzemodell teilweise auch von unten betrachtbar gestaltet werden, so dass man dort die Lage und Form des kleinen Labyrinths aus G\u00e4ngen und R\u00e4umen erkennen kann.<\/p>\n<p>[\/et_pb_text][et_pb_image src=&#8220;https:\/\/www.ego-3d.de\/modellbau\/wp-content\/uploads\/2023\/03\/EGO3D_Vorschau_Modell_Mittweida_Ober-und_Unterseite.jpg&#8220; title_text=&#8220;EGO3D_Vorschau_Modell_Mittweida_Ober-und_Unterseite&#8220; align_tablet=&#8220;center&#8220; align_phone=&#8220;center&#8220; align_last_edited=&#8220;on|desktop&#8220; _builder_version=&#8220;4.19.4&#8243; _module_preset=&#8220;default&#8220; custom_margin=&#8220;||15px||false|false&#8220; custom_padding=&#8220;||||false|false&#8220; box_shadow_style=&#8220;preset1&#8243; box_shadow_blur=&#8220;10px&#8220; global_colors_info=&#8220;{}&#8220;][\/et_pb_image][et_pb_text _builder_version=&#8220;4.19.4&#8243; _module_preset=&#8220;default&#8220; global_colors_info=&#8220;{}&#8220;]<\/p>\n<p><em>Digitale Vorschau der Ober- und Unterseite des Modells<\/em><\/p>\n<p>[\/et_pb_text][et_pb_text _builder_version=&#8220;4.19.4&#8243; _module_preset=&#8220;default&#8220; global_colors_info=&#8220;{}&#8220;]<\/p>\n<p style=\"margin-bottom: 0cm; text-align: justify;\">Aber auch oberirdisch gab es einige sehr umfangreich zu gestaltende Geb\u00e4ude, wie eine Kirche und ein gro\u00dfes Schulgeb\u00e4ude, dar\u00fcber hinaus ein unebenes H\u00fcgelgel\u00e4nde, auf dem all die Geb\u00e4ude stehen, mit steilen Stra\u00dfen und Wegen und einem reichen Baumbestand.<\/p>\n<p>[\/et_pb_text][et_pb_image src=&#8220;https:\/\/www.ego-3d.de\/modellbau\/wp-content\/uploads\/2023\/03\/EGO3D_digitales_Vorschaubild.jpg&#8220; title_text=&#8220;EGO3D_digitales_Vorschaubild&#8220; align_tablet=&#8220;center&#8220; align_phone=&#8220;center&#8220; align_last_edited=&#8220;on|desktop&#8220; _builder_version=&#8220;4.19.4&#8243; _module_preset=&#8220;default&#8220; custom_margin=&#8220;||15px||false|false&#8220; custom_padding=&#8220;||||false|false&#8220; box_shadow_style=&#8220;preset1&#8243; box_shadow_blur=&#8220;10px&#8220; global_colors_info=&#8220;{}&#8220;][\/et_pb_image][et_pb_text _builder_version=&#8220;4.19.4&#8243; _module_preset=&#8220;default&#8220; global_colors_info=&#8220;{}&#8220;]<\/p>\n<p>Vorschau des digitalen Modells f\u00fcr den Kunden<\/p>\n<p>[\/et_pb_text][et_pb_text _builder_version=&#8220;4.19.4&#8243; _module_preset=&#8220;default&#8220; global_colors_info=&#8220;{}&#8220;]<\/p>\n<p style=\"margin-bottom: 0cm; text-align: justify;\">Wir bekamen von unserem Kunden ein unfertiges Grundmodell mit dem Terrain und der Kirche sowie den Kellerr\u00e4umen unter der Oberfl\u00e4che (noch ohne Gew\u00f6lbedecken). Damit starteten wir das digitale Modellieren. Wir stellten das Gel\u00e4nde fertig, f\u00fcgten Stra\u00dfenz\u00fcge ein, modellierten Mauern, Begrenzungen, den Schulhof, das Kirchengel\u00e4nde mit Wegen und Treppen und den Verlauf des Baches am Rand der Terrains.<\/p>\n<p style=\"margin-bottom: 0cm; text-align: justify;\">Anschlie\u00dfend wurde die Details des vorhandenen Kirchenmodells optimiert und erweitert (immer in Ber\u00fccksichtigung der M\u00f6glichkeiten und Grenzen des sp\u00e4teren Bronzegusses). Wir modellierten zahlreiche weitere Geb\u00e4ude, von der kleinen H\u00fctte im Museumsgarten bis hin zu den Geb\u00e4udefl\u00fcgeln des gro\u00dfen Schulbaus, inklusive eines Reliefs an einer Firstfl\u00e4che, die weit \u00fcber dem Schulhof trohnt.<\/p>\n<p>[\/et_pb_text][et_pb_image src=&#8220;https:\/\/www.ego-3d.de\/modellbau\/wp-content\/uploads\/2023\/03\/EGO3D_digitales_Vorschaubild_Detailansicht.jpg&#8220; title_text=&#8220;EGO3D_digitales_Vorschaubild_Detailansicht&#8220; align_tablet=&#8220;center&#8220; align_phone=&#8220;center&#8220; align_last_edited=&#8220;on|desktop&#8220; _builder_version=&#8220;4.19.4&#8243; _module_preset=&#8220;default&#8220; custom_margin=&#8220;||15px||false|false&#8220; custom_padding=&#8220;||||false|false&#8220; box_shadow_style=&#8220;preset1&#8243; box_shadow_blur=&#8220;10px&#8220; global_colors_info=&#8220;{}&#8220;][\/et_pb_image][et_pb_text _builder_version=&#8220;4.19.4&#8243; _module_preset=&#8220;default&#8220; global_colors_info=&#8220;{}&#8220;]<\/p>\n<p><em>Detailansicht des digitalen Modells<br \/><\/em><\/p>\n<p>[\/et_pb_text][et_pb_text _builder_version=&#8220;4.19.4&#8243; _module_preset=&#8220;default&#8220; global_colors_info=&#8220;{}&#8220;]<\/p>\n<p style=\"margin-bottom: 0cm; text-align: justify;\"><strong>Das Modell in Zahlen:<\/strong><\/p>\n<ul>\n<li>Insgesamt modellierten wir an allen Geb\u00e4uden zusammen <strong>\u00fcber 650 Fenster und T\u00fcren<\/strong>, die meisten davon mit Rahmen und Fenstersprossen, da der gro\u00dfe Ma\u00dfstab des Modells diese Detailgenauigkeit im Guss erm\u00f6glichte.<\/li>\n<li style=\"text-align: justify;\">Alle D\u00e4cher wurden mit Ziegelstrukturen versehen, die mit knapp 1 mm Ziegelgr\u00f6\u00dfe zugleich gussgerecht und hochdetailiert ausgef\u00fchrt wurden. Insgesamt wurden so ca.<strong> 25.000 einzelne Ziegel<\/strong> dargestellt.<\/li>\n<li style=\"text-align: justify;\"><strong>16 Kellereing\u00e4nge<\/strong> wurden eingef\u00fcgt, die sich \u00fcber das Modell verteilen. Alle Eing\u00e4nge waren exakt so positioniert, dass sie zum Modell der Kellergw\u00f6lbe auf der Unterseite des Stadtmodells passten, und dem Betrachter einen perfekten \u00dcberblick \u00fcber die Lage und Zug\u00e4nglichkeit der Kelleranlagen bietet.<\/li>\n<li style=\"text-align: justify;\"><strong>27 B\u00e4ume<\/strong> in unterschiedlichen Gr\u00f6\u00dfen haben wir separat vorbereitet, damit die Gie\u00dferei sie gesondert gie\u00dfen und abschlie\u00dfend mit dem Modell verschwei\u00dfen konnte<\/li>\n<li style=\"text-align: justify;\"><strong>\u00dcber 80 Vorschaubilder und mehrere 3D-Vorschauszenen<\/strong> haben wir im Verlauf der Modellerstellung gemacht und dem Kunden geschickt, damit er alles begutachten konnte und \u00c4nderungsw\u00fcnsche einbringen konnte, bis das Modell schlie\u00dflich voll und ganz seinen W\u00fcnschen entsprach und f\u00fcr den Druck und den Guss freigegeben wurde.<\/li>\n<li style=\"text-align: justify;\"><strong>Weit \u00fcber 200 Fotos<\/strong> der verschiedenen Geb\u00e4ude und zahlreiche Grundrisse und Architektonische Zeichnungen halfen uns bei der Modellierung aller Details<\/li>\n<\/ul>\n<p>[\/et_pb_text][\/et_pb_column][et_pb_column type=&#8220;1_2&#8243; _builder_version=&#8220;4.19.4&#8243; _module_preset=&#8220;default&#8220; global_colors_info=&#8220;{}&#8220;][et_pb_image src=&#8220;https:\/\/www.ego-3d.de\/modellbau\/wp-content\/uploads\/2023\/03\/EGO3D_das_fertige_Bronzemodell_Mittweidas_vor_Ort.jpg&#8220; title_text=&#8220;EGO3D_das_fertige_Bronzemodell_Mittweidas_vor_Ort&#8220; align_tablet=&#8220;center&#8220; align_phone=&#8220;center&#8220; align_last_edited=&#8220;on|desktop&#8220; _builder_version=&#8220;4.19.4&#8243; _module_preset=&#8220;default&#8220; custom_margin=&#8220;||15px||false|false&#8220; custom_padding=&#8220;||||false|false&#8220; box_shadow_style=&#8220;preset1&#8243; box_shadow_blur=&#8220;10px&#8220; global_colors_info=&#8220;{}&#8220;][\/et_pb_image][et_pb_text _builder_version=&#8220;4.19.4&#8243; _module_preset=&#8220;default&#8220; global_colors_info=&#8220;{}&#8220;]<\/p>\n<p><em>Das fertige Bronzemodell vor Ort<br \/><\/em><\/p>\n<p>[\/et_pb_text][et_pb_text _builder_version=&#8220;4.19.4&#8243; _module_preset=&#8220;default&#8220; global_colors_info=&#8220;{}&#8220;]<\/p>\n<p style=\"text-align: justify;\">In fortlaufender Abstimmung mit dem Kunden modellierten wir das gesamte digitale Modell bis zur Freigabe. Der gro\u00dfe Vorteil des digitalen Modellierens ist dabei, dass es praktisch keine Grenzen gibt. Es ist ohne Probleme m\u00f6glich, im einen Moment technisch exakt zu modellieren wie ein Architekt oder Ingenieur und im n\u00e4chsten Moment wie ein Bildhauer Details auf und abzutragen, als arbeite man mit Ton oder Stein. Bei Stadtmodellen kann man diese Techniken sehr gut kombinieren und erh\u00e4lt so ein hochdetailiertes, ma\u00dfgenaues Ergebnis, das aber auch lebendige organische Formen aufweisen kann, wo sie notwendig sind, wie zum Beispiel beim Terrain, dem Bewuchs oder beim Beispiel des Schulgeb\u00e4udes des Modells Mittweida das Relief auf der Firstfl\u00e4che.<\/p>\n<p>[\/et_pb_text][et_pb_image src=&#8220;https:\/\/www.ego-3d.de\/modellbau\/wp-content\/uploads\/2023\/03\/EGO3D_3D-gedrucktes_Modell_der_Kirche.jpg&#8220; title_text=&#8220;EGO3D_3D-gedrucktes_Modell_der_Kirche&#8220; align_tablet=&#8220;center&#8220; align_phone=&#8220;center&#8220; align_last_edited=&#8220;on|desktop&#8220; _builder_version=&#8220;4.19.4&#8243; _module_preset=&#8220;default&#8220; custom_margin=&#8220;||15px||false|false&#8220; custom_padding=&#8220;||||false|false&#8220; box_shadow_style=&#8220;preset1&#8243; box_shadow_blur=&#8220;10px&#8220; global_colors_info=&#8220;{}&#8220;][\/et_pb_image][et_pb_text _builder_version=&#8220;4.19.4&#8243; _module_preset=&#8220;default&#8220; global_colors_info=&#8220;{}&#8220;]<\/p>\n<p><em>3D-Druck des Kirche kurz vor dem Versand zur Gie\u00dferei<br \/><\/em><\/p>\n<p>[\/et_pb_text][et_pb_text _builder_version=&#8220;4.19.4&#8243; _module_preset=&#8220;default&#8220; global_colors_info=&#8220;{}&#8220;]<\/p>\n<p style=\"text-align: justify;\">Nachdem das Modell fertig war, f\u00fcgten wir eine Legende hinzu und beschrifteten die Stra\u00dfenz\u00fcge und Kellereing\u00e4nge. Zus\u00e4tzlich wurde die Beschriftung auch in der Blindenschrift Braille umgesetzt, nat\u00fcrlich nach den offiziellen DIN-Vorgaben, um eine optimale Lesbarkeit zu gew\u00e4hrleisten.<\/p>\n<p>[\/et_pb_text][et_pb_image src=&#8220;https:\/\/www.ego-3d.de\/modellbau\/wp-content\/uploads\/2023\/03\/EGO3D_Detailansicht_des_3D-gedruckten_Modells.jpg&#8220; title_text=&#8220;EGO3D_Detailansicht_des_3D-gedruckten_Modells&#8220; align_tablet=&#8220;center&#8220; align_phone=&#8220;center&#8220; align_last_edited=&#8220;on|desktop&#8220; _builder_version=&#8220;4.19.4&#8243; _module_preset=&#8220;default&#8220; custom_margin=&#8220;||15px||false|false&#8220; custom_padding=&#8220;||||false|false&#8220; box_shadow_style=&#8220;preset1&#8243; box_shadow_blur=&#8220;10px&#8220; global_colors_info=&#8220;{}&#8220;][\/et_pb_image][et_pb_text _builder_version=&#8220;4.19.4&#8243; _module_preset=&#8220;default&#8220; global_colors_info=&#8220;{}&#8220;]<\/p>\n<p style=\"text-align: justify;\">Nachdem das Modell freigegen wurde, stellten wir es mit verschiedenen 3D-Druckverfahren her. Das Terrain wurde in mehrere, vorher mit der Gie\u00dferei abgesprochene Teile unterteilt. Die Geb\u00e4ude wurden ebenfalls herausgetrennt und separat gedruckt. Alle Druckteile wurden in zwei Schichten hergestellt. F\u00fcr die detailreiche Au\u00dfenseite nutzten wir das SLA-Verfahren. 2 mm dick wurden so alle Objekte als H\u00fcllen gedruckt. Im FDM-Verfahren stellten wir dann die Innenh\u00fclle der Objekte mit 4 mm Dicke her. Dieses Zweischicht-System gew\u00e4hrleistete, dass alle Druckteile von der Gie\u00dferei direkt ausgebrannt werden konnten, um die Gussformen zu erhalten. Die Gie\u00dferei musste also nicht zuerst alles aufw\u00e4ndig mit Silikon abformen. Dies ersparte eine Menge Zeit und Kosten.<\/p>\n<p style=\"text-align: justify;\">Auch die Kellergew\u00f6lbe lieferten wir als Einzelteile ab. Zus\u00e4tzlich hatten wir auf der Unterseite des Modells Markierungen angebracht, damit die Gie\u00dferei nach dem Guss genau erkennen konnte, wo die Kellergew\u00f6lbe abschlie\u00dfend angeschwei\u00dft werden mussten.<\/p>\n<p style=\"text-align: justify;\">Dem Steinmetz, der f\u00fcr den Sockel zust\u00e4ndig war, stellten wir 3D-Daten und Zeichnungen des Modells zur Verf\u00fcgung, damit er den Sockel bereits fertigen konnte, ehe das Bronzemodell vor Ort ankam.<\/p>\n<p>[\/et_pb_text][et_pb_image src=&#8220;https:\/\/www.ego-3d.de\/modellbau\/wp-content\/uploads\/2023\/03\/EGO3D_das_fertige_Bronzemodell_Mittweidas_vor_Ort_Detailansicht.jpg&#8220; title_text=&#8220;EGO3D_das_fertige_Bronzemodell_Mittweidas_vor_Ort_Detailansicht&#8220; align_tablet=&#8220;center&#8220; align_phone=&#8220;center&#8220; align_last_edited=&#8220;on|desktop&#8220; _builder_version=&#8220;4.19.4&#8243; _module_preset=&#8220;default&#8220; custom_margin=&#8220;||15px||false|false&#8220; custom_padding=&#8220;||||false|false&#8220; box_shadow_style=&#8220;preset1&#8243; box_shadow_blur=&#8220;10px&#8220; global_colors_info=&#8220;{}&#8220;][\/et_pb_image][\/et_pb_column][\/et_pb_row][et_pb_row _builder_version=&#8220;4.19.4&#8243; _module_preset=&#8220;default&#8220; background_color=&#8220;rgba(255,255,255,0.65)&#8220; custom_margin=&#8220;0px||20px|&#8220; custom_padding=&#8220;15px|15px|15px|15px&#8220; box_shadow_style=&#8220;preset1&#8243; global_colors_info=&#8220;{}&#8220;][et_pb_column type=&#8220;4_4&#8243; _builder_version=&#8220;4.19.4&#8243; _module_preset=&#8220;default&#8220; global_colors_info=&#8220;{}&#8220;][et_pb_image src=&#8220;https:\/\/www.ego-3d.de\/modellbau\/wp-content\/uploads\/2023\/03\/EGO3D_das_fertige_Bronzemodell_Mittweidas_in_der_Giesserei.jpg&#8220; title_text=&#8220;EGO3D_das_fertige_Bronzemodell_Mittweidas_in_der_Gie\u00dferei&#8220; _builder_version=&#8220;4.19.4&#8243; _module_preset=&#8220;default&#8220; global_colors_info=&#8220;{}&#8220;][\/et_pb_image][\/et_pb_column][\/et_pb_row][et_pb_row _builder_version=&#8220;4.19.4&#8243; _module_preset=&#8220;default&#8220; background_color=&#8220;rgba(255,255,255,0.65)&#8220; custom_margin=&#8220;0px||20px|&#8220; custom_padding=&#8220;15px|15px|15px|15px&#8220; box_shadow_style=&#8220;preset1&#8243; global_colors_info=&#8220;{}&#8220;][et_pb_column type=&#8220;4_4&#8243; _builder_version=&#8220;4.19.4&#8243; _module_preset=&#8220;default&#8220; global_colors_info=&#8220;{}&#8220;][et_pb_image src=&#8220;https:\/\/www.ego-3d.de\/modellbau\/wp-content\/uploads\/2023\/03\/EGO3D_das_fertige_Bronzemodell_Mittweidas_vor_Ort_2.jpg&#8220; title_text=&#8220;EGO3D_das_fertige_Bronzemodell_Mittweidas_vor_Ort_2&#8243; _builder_version=&#8220;4.19.4&#8243; _module_preset=&#8220;default&#8220; hover_enabled=&#8220;0&#8243; global_colors_info=&#8220;{}&#8220; sticky_enabled=&#8220;0&#8243;][\/et_pb_image][\/et_pb_column][\/et_pb_row][\/et_pb_section]<\/p>\n","protected":false},"excerpt":{"rendered":"<p>Der Kirchberg in Mittweida Ein Stadtmodell mit Gew\u00f6lbekellern im Untergrund Das Stadtmodell \u201eMittweida\u201c war ein ungew\u00f6hnliches und sehr interessantes Projekt. Anders als bei allen unseren bisherigen Stadtmodellen wurde hier nicht nur die Stadtlandschaft mit Geb\u00e4uden, Stra\u00dfen und Umgebung dargestellt, sondern auch das Geschehen unter der Oberfl\u00e4che. Unter dem Kirchberg Mittweidas befinden sich seit Jahrhunderten zahlreiche [&hellip;]<\/p>\n","protected":false},"author":1,"featured_media":0,"parent":0,"menu_order":0,"comment_status":"closed","ping_status":"closed","template":"","meta":{"_et_pb_use_builder":"on","_et_pb_old_content":"","_et_gb_content_width":""},"_links":{"self":[{"href":"https:\/\/www.ego-3d.de\/modellbau\/wp-json\/wp\/v2\/pages\/2983"}],"collection":[{"href":"https:\/\/www.ego-3d.de\/modellbau\/wp-json\/wp\/v2\/pages"}],"about":[{"href":"https:\/\/www.ego-3d.de\/modellbau\/wp-json\/wp\/v2\/types\/page"}],"author":[{"embeddable":true,"href":"https:\/\/www.ego-3d.de\/modellbau\/wp-json\/wp\/v2\/users\/1"}],"replies":[{"embeddable":true,"href":"https:\/\/www.ego-3d.de\/modellbau\/wp-json\/wp\/v2\/comments?post=2983"}],"version-history":[{"count":6,"href":"https:\/\/www.ego-3d.de\/modellbau\/wp-json\/wp\/v2\/pages\/2983\/revisions"}],"predecessor-version":[{"id":3036,"href":"https:\/\/www.ego-3d.de\/modellbau\/wp-json\/wp\/v2\/pages\/2983\/revisions\/3036"}],"wp:attachment":[{"href":"https:\/\/www.ego-3d.de\/modellbau\/wp-json\/wp\/v2\/media?parent=2983"}],"curies":[{"name":"wp","href":"https:\/\/api.w.org\/{rel}","templated":true}]}}