{"id":2966,"date":"2023-03-02T11:03:30","date_gmt":"2023-03-02T10:03:30","guid":{"rendered":"https:\/\/www.ego-3d.de\/modellbau\/?page_id=2966"},"modified":"2025-06-23T08:24:33","modified_gmt":"2025-06-23T06:24:33","slug":"burgmodell-kaiserpfalz","status":"publish","type":"page","link":"https:\/\/www.ego-3d.de\/modellbau\/burgmodell-kaiserpfalz\/","title":{"rendered":"Burgmodell Kaiserpfalz"},"content":{"rendered":"<p>[et_pb_section fb_built=&#8220;1&#8243; _builder_version=&#8220;4.19.4&#8243; _module_preset=&#8220;default&#8220; background_color=&#8220;RGBA(255,255,255,0)&#8220; background_enable_image=&#8220;off&#8220; background_size=&#8220;initial&#8220; background_position=&#8220;top_center&#8220; background_repeat=&#8220;repeat-y&#8220; global_colors_info=&#8220;{}&#8220;][et_pb_row column_structure=&#8220;1_2,1_2&#8243; _builder_version=&#8220;4.16&#8243; _module_preset=&#8220;default&#8220; background_color=&#8220;rgba(255,255,255,0.65)&#8220; custom_margin=&#8220;0px||20px|&#8220; custom_padding=&#8220;15px|15px|15px|15px&#8220; box_shadow_style=&#8220;preset1&#8243; global_colors_info=&#8220;{}&#8220;][et_pb_column type=&#8220;1_2&#8243; _builder_version=&#8220;4.16&#8243; _module_preset=&#8220;default&#8220; global_colors_info=&#8220;{}&#8220;][et_pb_text _builder_version=&#8220;4.16&#8243; _module_preset=&#8220;default&#8220; global_colors_info=&#8220;{}&#8220;]<\/p>\n<h2 style=\"margin-bottom: 0cm;\"><strong>\u00a0Kaiserpfalz in Kaiserswerth<\/strong><\/h2>\n<h2>3D-Druck einer alten Burganlage<\/h2>\n<p style=\"margin-bottom: 0cm; text-align: justify;\">Die Kaiserpfalz Kaiserswerth ist eine Ruine, direkt am Rhein gelegen. Die Pfalz geht auf eine Klostergr\u00fcndung des M\u00f6nchs Suitbert(us) um 700 zur\u00fcck. Im Jahr 1016 wird das Geb\u00e4ude zum ersten Mal urkundlich erw\u00e4hnt. Heute stehen nur noch Teile der Grundmauern vor Ort.<\/p>\n<p style=\"margin-bottom: 0cm; text-align: justify;\">Im Auftrag der Hochschule D\u00fcsseldorf setzen wir dieses Bronzemodell um. Das digitale Modell unseres Kunden bestand aus zwei Teilen, die komplette Anlage in ihrer gr\u00f6\u00dften Ausbauphase ab dem 12 Jahrhundert, und eine Ansicht der heutigen Ruinen-Anlage. Am Modell von damals sind an der Fassade die heute noch vorhandenen Mauern ebenfalls angedeutet. Beide Modelle fertigten wir im 3D-Druck.<\/p>\n<p style=\"margin-bottom: 0cm; text-align: justify;\">Dar\u00fcber hinaus fertigten wir f\u00fcnf kleinere Versionen des Modells an. F\u00fcr den Versand und die sp\u00e4tere \u00dcbergabe modellierten wir kleine Boxen, die an die Au\u00dfenform der Modelle perfekt angepasst waren. So waren die kleinen Modelle auf dem Versandweg gut gesch\u00fctzt. Der Kunde brachte die Modelle f\u00fcr die \u00dcbergabe auf Holzsockeln an.<\/p>\n<p style=\"margin-bottom: 0cm; text-align: justify;\">Besucher der Ruine Kaiserpfalz k\u00f6nnen neben dem imposanten Geb\u00e4ude heute auch verschiedene Kunstwerke bestaunen, unter anderem eine B\u00fcste Florence Nightingales. Auch EGO3D modellierte ein Bildnis der ber\u00fchmten Begr\u00fcnderin der modernen Krankenpflege, welches in unserem Sortiment <a href=\"https:\/\/www.ego-3d.de\/Nightingale-Bueste\">&#8222;B\u00fcsten ber\u00fchmter Pers\u00f6nlichkeiten&#8220;<\/a> erh\u00e4ltlich ist.<\/p>\n<p>[\/et_pb_text][et_pb_image src=&#8220;https:\/\/www.ego-3d.de\/modellbau\/wp-content\/uploads\/2021\/03\/EGO3D_digitales_Vorschaubild_der_Kaiserpfalz.jpg&#8220; title_text=&#8220;EGO3D_digitales_Vorschaubild_der_Kaiserpfalz&#8220; align_tablet=&#8220;center&#8220; align_phone=&#8220;&#8220; align_last_edited=&#8220;on|desktop&#8220; _builder_version=&#8220;4.16&#8243; _module_preset=&#8220;default&#8220; custom_margin=&#8220;||15px||false|false&#8220; custom_padding=&#8220;||||false|false&#8220; box_shadow_style=&#8220;preset1&#8243; box_shadow_blur=&#8220;10px&#8220; global_colors_info=&#8220;{}&#8220;][\/et_pb_image][et_pb_text _builder_version=&#8220;4.16&#8243; _module_preset=&#8220;default&#8220; global_colors_info=&#8220;{}&#8220;]<\/p>\n<p><em>Digitales Vorschaubild der Kaiserpfalz<br \/> <\/em><\/p>\n<p>[\/et_pb_text][et_pb_image src=&#8220;https:\/\/www.ego-3d.de\/modellbau\/wp-content\/uploads\/2021\/03\/EGO3D_3D-Druck_der_Kaiserpfalz.jpg&#8220; title_text=&#8220;EGO3D_3D-Druck_der_Kaiserpfalz&#8220; align_tablet=&#8220;center&#8220; align_phone=&#8220;&#8220; align_last_edited=&#8220;on|desktop&#8220; _builder_version=&#8220;4.16&#8243; _module_preset=&#8220;default&#8220; custom_margin=&#8220;||15px||false|false&#8220; custom_padding=&#8220;||||false|false&#8220; box_shadow_style=&#8220;preset1&#8243; box_shadow_blur=&#8220;10px&#8220; global_colors_info=&#8220;{}&#8220;][\/et_pb_image][et_pb_text _builder_version=&#8220;4.16&#8243; _module_preset=&#8220;default&#8220; global_colors_info=&#8220;{}&#8220;]<\/p>\n<p><em>Der fertige 3D-Druck der Kaiserpfalz<br \/> <\/em><\/p>\n<p>[\/et_pb_text][\/et_pb_column][et_pb_column type=&#8220;1_2&#8243; _builder_version=&#8220;4.16&#8243; _module_preset=&#8220;default&#8220; global_colors_info=&#8220;{}&#8220;][et_pb_image src=&#8220;https:\/\/www.ego-3d.de\/modellbau\/wp-content\/uploads\/2025\/06\/Kaiserpfalz_fertiger_Guss.jpg&#8220; title_text=&#8220;Kaiserpfalz_fertiger_Guss&#8220; align_tablet=&#8220;center&#8220; align_phone=&#8220;&#8220; align_last_edited=&#8220;on|desktop&#8220; _builder_version=&#8220;4.19.4&#8243; _module_preset=&#8220;default&#8220; custom_margin=&#8220;||15px||false|false&#8220; custom_padding=&#8220;||||false|false&#8220; hover_enabled=&#8220;0&#8243; box_shadow_style=&#8220;preset1&#8243; box_shadow_blur=&#8220;10px&#8220; global_colors_info=&#8220;{}&#8220; alt=&#8220;Kaiserpfalz_fertiger_Guss&#8220; sticky_enabled=&#8220;0&#8243;][\/et_pb_image][et_pb_text _builder_version=&#8220;4.19.4&#8243; _module_preset=&#8220;default&#8220; hover_enabled=&#8220;0&#8243; global_colors_info=&#8220;{}&#8220; sticky_enabled=&#8220;0&#8243;]<\/p>\n<p>Der fertige Bronzeguss zeigt, die die Kaiserpfalz einst aussah &#8230;<\/p>\n<p>[\/et_pb_text][et_pb_image src=&#8220;https:\/\/www.ego-3d.de\/modellbau\/wp-content\/uploads\/2025\/06\/Kaiserpfalz-Ruine_fertiger_Guss.jpg&#8220; title_text=&#8220;Kaiserpfalz-Ruine_fertiger_Guss&#8220; align_tablet=&#8220;center&#8220; align_phone=&#8220;&#8220; align_last_edited=&#8220;on|desktop&#8220; _builder_version=&#8220;4.19.4&#8243; _module_preset=&#8220;default&#8220; custom_margin=&#8220;||15px||false|false&#8220; custom_padding=&#8220;||||false|false&#8220; hover_enabled=&#8220;0&#8243; box_shadow_style=&#8220;preset1&#8243; box_shadow_blur=&#8220;10px&#8220; global_colors_info=&#8220;{}&#8220; alt=&#8220;Kaiserpfalz-Ruine_fertiger_Guss&#8220; sticky_enabled=&#8220;0&#8243;][\/et_pb_image][et_pb_text _builder_version=&#8220;4.19.4&#8243; _module_preset=&#8220;default&#8220; hover_enabled=&#8220;0&#8243; global_colors_info=&#8220;{}&#8220; sticky_enabled=&#8220;0&#8243;]<\/p>\n<p><em>&#8230; und was heute davon noch vorhanden ist.<\/em><\/p>\n<p>[\/et_pb_text][et_pb_image src=&#8220;https:\/\/www.ego-3d.de\/modellbau\/wp-content\/uploads\/2021\/03\/EGO3D_Kaiserpfalz-Modelle_mit_3D-gedruckter_Verpackungsbox.jpg&#8220; title_text=&#8220;EGO3D_Kaiserpfalz-Modelle_mit_3D-gedruckter_Verpackungsbox&#8220; align_tablet=&#8220;center&#8220; align_phone=&#8220;&#8220; align_last_edited=&#8220;on|desktop&#8220; _builder_version=&#8220;4.16&#8243; _module_preset=&#8220;default&#8220; custom_margin=&#8220;||15px||false|false&#8220; custom_padding=&#8220;||||false|false&#8220; box_shadow_style=&#8220;preset1&#8243; box_shadow_blur=&#8220;10px&#8220; global_colors_info=&#8220;{}&#8220;][\/et_pb_image][et_pb_text _builder_version=&#8220;4.16&#8243; _module_preset=&#8220;default&#8220; global_colors_info=&#8220;{}&#8220;]<\/p>\n<p><em>Kleine Modelle der Kaiserpfalz mit 3D-gedruckten &#8222;Schutz-Schachteln&#8220;<br \/> <\/em><\/p>\n<p>[\/et_pb_text][\/et_pb_column][\/et_pb_row][\/et_pb_section]<\/p>\n","protected":false},"excerpt":{"rendered":"<p>\u00a0Kaiserpfalz in Kaiserswerth 3D-Druck einer alten Burganlage Die Kaiserpfalz Kaiserswerth ist eine Ruine, direkt am Rhein gelegen. Die Pfalz geht auf eine Klostergr\u00fcndung des M\u00f6nchs Suitbert(us) um 700 zur\u00fcck. Im Jahr 1016 wird das Geb\u00e4ude zum ersten Mal urkundlich erw\u00e4hnt. Heute stehen nur noch Teile der Grundmauern vor Ort. Im Auftrag der Hochschule D\u00fcsseldorf setzen [&hellip;]<\/p>\n","protected":false},"author":1,"featured_media":0,"parent":0,"menu_order":0,"comment_status":"closed","ping_status":"closed","template":"","meta":{"_et_pb_use_builder":"on","_et_pb_old_content":"","_et_gb_content_width":""},"_links":{"self":[{"href":"https:\/\/www.ego-3d.de\/modellbau\/wp-json\/wp\/v2\/pages\/2966"}],"collection":[{"href":"https:\/\/www.ego-3d.de\/modellbau\/wp-json\/wp\/v2\/pages"}],"about":[{"href":"https:\/\/www.ego-3d.de\/modellbau\/wp-json\/wp\/v2\/types\/page"}],"author":[{"embeddable":true,"href":"https:\/\/www.ego-3d.de\/modellbau\/wp-json\/wp\/v2\/users\/1"}],"replies":[{"embeddable":true,"href":"https:\/\/www.ego-3d.de\/modellbau\/wp-json\/wp\/v2\/comments?post=2966"}],"version-history":[{"count":3,"href":"https:\/\/www.ego-3d.de\/modellbau\/wp-json\/wp\/v2\/pages\/2966\/revisions"}],"predecessor-version":[{"id":3689,"href":"https:\/\/www.ego-3d.de\/modellbau\/wp-json\/wp\/v2\/pages\/2966\/revisions\/3689"}],"wp:attachment":[{"href":"https:\/\/www.ego-3d.de\/modellbau\/wp-json\/wp\/v2\/media?parent=2966"}],"curies":[{"name":"wp","href":"https:\/\/api.w.org\/{rel}","templated":true}]}}