{"id":2963,"date":"2023-03-02T11:01:13","date_gmt":"2023-03-02T10:01:13","guid":{"rendered":"https:\/\/www.ego-3d.de\/modellbau\/?page_id=2963"},"modified":"2023-03-02T11:01:13","modified_gmt":"2023-03-02T10:01:13","slug":"modell-besenbinderdorf-eill","status":"publish","type":"page","link":"https:\/\/www.ego-3d.de\/modellbau\/modell-besenbinderdorf-eill\/","title":{"rendered":"Modell Besenbinderdorf Eill"},"content":{"rendered":"<p>[et_pb_section fb_built=&#8220;1&#8243; _builder_version=&#8220;4.19.4&#8243; _module_preset=&#8220;default&#8220; background_color=&#8220;RGBA(255,255,255,0)&#8220; background_enable_image=&#8220;off&#8220; background_size=&#8220;initial&#8220; background_position=&#8220;top_center&#8220; background_repeat=&#8220;repeat-y&#8220; global_colors_info=&#8220;{}&#8220; theme_builder_area=&#8220;post_content&#8220;][et_pb_row column_structure=&#8220;1_2,1_2&#8243; _builder_version=&#8220;4.19.4&#8243; _module_preset=&#8220;default&#8220; background_color=&#8220;rgba(255,255,255,0.65)&#8220; custom_margin=&#8220;0px||20px|&#8220; custom_padding=&#8220;15px|15px|15px|15px&#8220; box_shadow_style=&#8220;preset1&#8243; global_colors_info=&#8220;{}&#8220; theme_builder_area=&#8220;post_content&#8220;][et_pb_column type=&#8220;1_2&#8243; _builder_version=&#8220;4.19.4&#8243; _module_preset=&#8220;default&#8220; global_colors_info=&#8220;{}&#8220; theme_builder_area=&#8220;post_content&#8220;][et_pb_text _builder_version=&#8220;4.19.4&#8243; _module_preset=&#8220;default&#8220; global_colors_info=&#8220;{}&#8220; theme_builder_area=&#8220;post_content&#8220;]<\/p>\n<h2 style=\"margin-bottom: 0cm;\"><strong>Das Besenbinderdorf &#8222;Eill&#8220;<br \/><\/strong><\/h2>\n<h2>Bronzemodell einer historischen Ortschaft<\/h2>\n<p style=\"margin-bottom: 0cm; text-align: justify;\">St\u00e4dte und Ortschaften mit historischem Baubestand und zahlreichen Sehensw\u00fcrdigkeiten werden gerne in Modellen verewigt, die es Besuchern erm\u00f6glichen, auf einen Blick und sogar mit den H\u00e4nden alles zu erkunden. Doch gerade Ortschaften, in denen weder Geb\u00e4ude noch Stra\u00dfenz\u00fcge von einst \u00fcbrig sind, k\u00f6nnen durch ein sehenswertes Modell an ihre fast vergessene Geschichte erinnern.<\/p>\n<p style=\"margin-bottom: 0cm; text-align: justify;\">Mit diesem Anliegen wurde auch das Modell des historischen Besenbinder-Dorfes &#8222;Eill&#8220; aus dem Jahre 1773 gefertigt. Eil ist heute ein Stadtteil K\u00f6lns im Bezirk Porz. Nur die Position eines Brunnens sowie ein Geb\u00e4ude aus dem 18. Jahrhundert sind verblieben. Als Vorlage gab es lediglich eine alte undeutliche Zeichnung, die grob den Stra\u00dfenverlauf und die Position einiger Geb\u00e4ude wiedergab.<\/p>\n<p style=\"margin-bottom: 0cm; text-align: justify;\">Wir modellierten die Geb\u00e4ude als historische Fachwerkh\u00e4user und integierten das noch existierende Geb\u00e4ude und den Brunnen. In Absprache mit dem Kunden passten wir das Ortsbild so an, dass Betrachter sich einen Eindruck von der Ortschaft verschaffen k\u00f6nnen, der allein anhand der alten ungenauen Karte nicht m\u00f6glich w\u00e4re.<\/p>\n<p style=\"margin-bottom: 0cm; text-align: justify;\">Abschlie\u00dfend wurde das Modell in Bronze gegossen und auf einem markanten Sockel inklusive Schriftfeld und Wappen aufgebracht. Mit einem Fest wurde das Modell 2022 eingeweiht und erinnert nun vor Ort an das historische Dorf.<\/p>\n<p>[\/et_pb_text][et_pb_image src=&#8220;https:\/\/www.ego-3d.de\/modellbau\/wp-content\/uploads\/2023\/01\/EGO3D_Ortsmodell_Eill_fertig_mit_Sockel.jpg&#8220; title_text=&#8220;EGO3D_Ortsmodell_Eill_fertig_mit_Sockel&#8220; align_tablet=&#8220;center&#8220; align_phone=&#8220;&#8220; align_last_edited=&#8220;on|desktop&#8220; _builder_version=&#8220;4.16&#8243; _module_preset=&#8220;default&#8220; custom_margin=&#8220;||15px||false|false&#8220; custom_padding=&#8220;||||false|false&#8220; box_shadow_style=&#8220;preset1&#8243; box_shadow_blur=&#8220;10px&#8220; global_colors_info=&#8220;{}&#8220; theme_builder_area=&#8220;post_content&#8220;][\/et_pb_image][et_pb_text _builder_version=&#8220;4.16&#8243; _module_preset=&#8220;default&#8220; global_colors_info=&#8220;{}&#8220; theme_builder_area=&#8220;post_content&#8220;]<\/p>\n<p><em>Das fertige Modell inklusive Sockel, beim Einweihungsfest vor Ort<br \/> <\/em><\/p>\n<p>[\/et_pb_text][\/et_pb_column][et_pb_column type=&#8220;1_2&#8243; _builder_version=&#8220;4.19.4&#8243; _module_preset=&#8220;default&#8220; global_colors_info=&#8220;{}&#8220; theme_builder_area=&#8220;post_content&#8220;][et_pb_image src=&#8220;https:\/\/www.ego-3d.de\/modellbau\/wp-content\/uploads\/2023\/01\/EGO3D_Ortsmodell_Eill_Detailansicht_des_Gussmodells.jpg&#8220; title_text=&#8220;EGO3D_Ortsmodell_Eill_Detailansicht_des_Gussmodells&#8220; align_tablet=&#8220;center&#8220; align_phone=&#8220;&#8220; align_last_edited=&#8220;on|desktop&#8220; _builder_version=&#8220;4.16&#8243; _module_preset=&#8220;default&#8220; custom_margin=&#8220;||15px||false|false&#8220; custom_padding=&#8220;||||false|false&#8220; box_shadow_style=&#8220;preset1&#8243; box_shadow_blur=&#8220;10px&#8220; global_colors_info=&#8220;{}&#8220; theme_builder_area=&#8220;post_content&#8220;][\/et_pb_image][et_pb_text _builder_version=&#8220;4.16&#8243; _module_preset=&#8220;default&#8220; global_colors_info=&#8220;{}&#8220; theme_builder_area=&#8220;post_content&#8220;]<\/p>\n<p><em>Detailansicht der 3D-gedruckten Gussvorlage<br \/> <\/em><\/p>\n<p>[\/et_pb_text][et_pb_image src=&#8220;https:\/\/www.ego-3d.de\/modellbau\/wp-content\/uploads\/2023\/01\/EGO3D_Ortsmodell_Eill_Detailansicht_des_Bronzegusses.jpg&#8220; title_text=&#8220;EGO3D_Ortsmodell_Eill_Detailansicht_des_Bronzegusses&#8220; align_tablet=&#8220;center&#8220; align_phone=&#8220;&#8220; align_last_edited=&#8220;on|desktop&#8220; _builder_version=&#8220;4.16&#8243; _module_preset=&#8220;default&#8220; custom_margin=&#8220;||15px||false|false&#8220; custom_padding=&#8220;||||false|false&#8220; box_shadow_style=&#8220;preset1&#8243; box_shadow_blur=&#8220;10px&#8220; global_colors_info=&#8220;{}&#8220; theme_builder_area=&#8220;post_content&#8220;][\/et_pb_image][et_pb_text _builder_version=&#8220;4.16&#8243; _module_preset=&#8220;default&#8220; global_colors_info=&#8220;{}&#8220; theme_builder_area=&#8220;post_content&#8220;]<\/p>\n<p><em>Detailansicht des fertigen Bronzemodells<br \/> <\/em><\/p>\n<p>[\/et_pb_text][et_pb_image src=&#8220;https:\/\/www.ego-3d.de\/modellbau\/wp-content\/uploads\/2023\/01\/EGO3D_Ortsmodell_Eill_Bronzeguss.jpg&#8220; title_text=&#8220;EGO3D_Ortsmodell_Eill_Bronzeguss&#8220; align_tablet=&#8220;center&#8220; align_phone=&#8220;&#8220; align_last_edited=&#8220;on|desktop&#8220; _builder_version=&#8220;4.16&#8243; _module_preset=&#8220;default&#8220; custom_margin=&#8220;||15px||false|false&#8220; custom_padding=&#8220;||||false|false&#8220; box_shadow_style=&#8220;preset1&#8243; box_shadow_blur=&#8220;10px&#8220; global_colors_info=&#8220;{}&#8220; theme_builder_area=&#8220;post_content&#8220;][\/et_pb_image][et_pb_text _builder_version=&#8220;4.16&#8243; _module_preset=&#8220;default&#8220; global_colors_info=&#8220;{}&#8220; theme_builder_area=&#8220;post_content&#8220;]<\/p>\n<p><em>Das fertige Bronzemodell<br \/> <\/em><\/p>\n<p>[\/et_pb_text][\/et_pb_column][\/et_pb_row][\/et_pb_section]<\/p>\n","protected":false},"excerpt":{"rendered":"<p>Das Besenbinderdorf &#8222;Eill&#8220; Bronzemodell einer historischen Ortschaft St\u00e4dte und Ortschaften mit historischem Baubestand und zahlreichen Sehensw\u00fcrdigkeiten werden gerne in Modellen verewigt, die es Besuchern erm\u00f6glichen, auf einen Blick und sogar mit den H\u00e4nden alles zu erkunden. Doch gerade Ortschaften, in denen weder Geb\u00e4ude noch Stra\u00dfenz\u00fcge von einst \u00fcbrig sind, k\u00f6nnen durch ein sehenswertes Modell an [&hellip;]<\/p>\n","protected":false},"author":1,"featured_media":0,"parent":0,"menu_order":0,"comment_status":"closed","ping_status":"closed","template":"","meta":{"_et_pb_use_builder":"on","_et_pb_old_content":"","_et_gb_content_width":""},"_links":{"self":[{"href":"https:\/\/www.ego-3d.de\/modellbau\/wp-json\/wp\/v2\/pages\/2963"}],"collection":[{"href":"https:\/\/www.ego-3d.de\/modellbau\/wp-json\/wp\/v2\/pages"}],"about":[{"href":"https:\/\/www.ego-3d.de\/modellbau\/wp-json\/wp\/v2\/types\/page"}],"author":[{"embeddable":true,"href":"https:\/\/www.ego-3d.de\/modellbau\/wp-json\/wp\/v2\/users\/1"}],"replies":[{"embeddable":true,"href":"https:\/\/www.ego-3d.de\/modellbau\/wp-json\/wp\/v2\/comments?post=2963"}],"version-history":[{"count":2,"href":"https:\/\/www.ego-3d.de\/modellbau\/wp-json\/wp\/v2\/pages\/2963\/revisions"}],"predecessor-version":[{"id":2965,"href":"https:\/\/www.ego-3d.de\/modellbau\/wp-json\/wp\/v2\/pages\/2963\/revisions\/2965"}],"wp:attachment":[{"href":"https:\/\/www.ego-3d.de\/modellbau\/wp-json\/wp\/v2\/media?parent=2963"}],"curies":[{"name":"wp","href":"https:\/\/api.w.org\/{rel}","templated":true}]}}