{"id":2960,"date":"2023-03-02T10:58:34","date_gmt":"2023-03-02T09:58:34","guid":{"rendered":"https:\/\/www.ego-3d.de\/modellbau\/?page_id=2960"},"modified":"2023-03-02T10:58:34","modified_gmt":"2023-03-02T09:58:34","slug":"modell-roemerkastell-arnsburg","status":"publish","type":"page","link":"https:\/\/www.ego-3d.de\/modellbau\/modell-roemerkastell-arnsburg\/","title":{"rendered":"Modell R\u00f6merkastell Arnsburg"},"content":{"rendered":"<p>[et_pb_section fb_built=&#8220;1&#8243; _builder_version=&#8220;4.19.4&#8243; _module_preset=&#8220;default&#8220; background_color=&#8220;RGBA(255,255,255,0)&#8220; background_enable_image=&#8220;off&#8220; background_size=&#8220;initial&#8220; background_position=&#8220;top_center&#8220; background_repeat=&#8220;repeat-y&#8220; global_colors_info=&#8220;{}&#8220; theme_builder_area=&#8220;post_content&#8220;][et_pb_row column_structure=&#8220;1_2,1_2&#8243; _builder_version=&#8220;4.16&#8243; _module_preset=&#8220;default&#8220; background_color=&#8220;rgba(255,255,255,0.65)&#8220; custom_margin=&#8220;0px||20px|&#8220; custom_padding=&#8220;15px|15px|15px|15px&#8220; box_shadow_style=&#8220;preset1&#8243; global_colors_info=&#8220;{}&#8220; theme_builder_area=&#8220;post_content&#8220;][et_pb_column type=&#8220;1_2&#8243; _builder_version=&#8220;4.16&#8243; _module_preset=&#8220;default&#8220; global_colors_info=&#8220;{}&#8220; theme_builder_area=&#8220;post_content&#8220;][et_pb_text _builder_version=&#8220;4.16&#8243; _module_preset=&#8220;default&#8220; global_colors_info=&#8220;{}&#8220; theme_builder_area=&#8220;post_content&#8220;]<\/p>\n<h2 style=\"margin-bottom: 0cm;\"><strong>R\u00f6merkastell Arnsburg<\/strong><\/h2>\n<h2 style=\"text-align: justify;\">Erstellung eines Gussmodells der antiken Anlage am hessischen Limes<\/h2>\n<p 0cm=\"\" style=\"text-align: justify;\">Westlich der Kleinstadt Lich in Hessen befand sich von 90 bis 260 n. Chr. ein r\u00f6misches Kohortenkastell. Unweit davon verlief der Limes und somit ist das Areal heute Teil des UNESC-Weltkulturerbes Obergermanisch-Raetischer Limes.<\/p>\n<p 0cm=\"\" style=\"text-align: justify;\">Nur wenige Bereiche des Areals wurden im Laufe der Zeit ausgegraben und der Nachwelt sichtbar gemacht. Der gr\u00f6\u00dfte Teil liegt weiterhin unter Erdschichten begraben. Durch geophysikalische Untersuchungen und die Analyse von Luftbildern konnte jedoch einiges mehr \u00fcber das antike Lager in Erfahrung gebracht werden.<\/p>\n<p 0cm=\"\" style=\"text-align: justify;\">Und so entstand die Idee, das Lager als Modell nachzubilden und vor Ort f\u00fcr Interessierte sichtbar zu machen. Schlie\u00dflich traten die Initiatoren \u00fcber die beteiligte Gie\u00dferei EGO3D in Kontakt und lieferten uns ein digitales Modell der Anlage.<\/p>\n<p>[\/et_pb_text][et_pb_image src=&#8220;https:\/\/www.ego-3d.de\/modellbau\/wp-content\/uploads\/2020\/11\/EGO3D_digitales_Modell_r\u00f6misches_Kastell_Arnsburg.jpg&#8220; title_text=&#8220;EGO3D_digitales_Modell_r\u00f6misches_Kastell_Arnsburg&#8220; align_tablet=&#8220;center&#8220; align_phone=&#8220;&#8220; align_last_edited=&#8220;on|desktop&#8220; _builder_version=&#8220;4.16&#8243; _module_preset=&#8220;default&#8220; custom_margin=&#8220;||15px||false|false&#8220; custom_padding=&#8220;||||false|false&#8220; box_shadow_style=&#8220;preset1&#8243; box_shadow_blur=&#8220;10px&#8220; global_colors_info=&#8220;{}&#8220; theme_builder_area=&#8220;post_content&#8220;][\/et_pb_image][et_pb_text _builder_version=&#8220;4.16&#8243; _module_preset=&#8220;default&#8220; global_colors_info=&#8220;{}&#8220; theme_builder_area=&#8220;post_content&#8220;]<\/p>\n<p><em>Digitales Modell des r\u00f6mischen Kastells Arnsburg<\/em><\/p>\n<p>[\/et_pb_text][et_pb_image src=&#8220;https:\/\/www.ego-3d.de\/modellbau\/wp-content\/uploads\/2020\/11\/EGO3D_digitales_Modell_r\u00f6misches_Kastell_Arnsburg_Detail.jpg&#8220; title_text=&#8220;EGO3D_digitales_Modell_r\u00f6misches_Kastell_Arnsburg_Detail&#8220; align_tablet=&#8220;center&#8220; align_phone=&#8220;&#8220; align_last_edited=&#8220;on|desktop&#8220; _builder_version=&#8220;4.16&#8243; _module_preset=&#8220;default&#8220; custom_margin=&#8220;||15px||false|false&#8220; custom_padding=&#8220;||||false|false&#8220; box_shadow_style=&#8220;preset1&#8243; box_shadow_blur=&#8220;10px&#8220; global_colors_info=&#8220;{}&#8220; theme_builder_area=&#8220;post_content&#8220;][\/et_pb_image][et_pb_text _builder_version=&#8220;4.16&#8243; _module_preset=&#8220;default&#8220; global_colors_info=&#8220;{}&#8220; theme_builder_area=&#8220;post_content&#8220;]<\/p>\n<p><em>Digitales Modell des r\u00f6mischen Kastells Arnsburg (Ausschnitt)<br \/><\/em><\/p>\n<p>[\/et_pb_text][\/et_pb_column][et_pb_column type=&#8220;1_2&#8243; _builder_version=&#8220;4.16&#8243; _module_preset=&#8220;default&#8220; global_colors_info=&#8220;{}&#8220; theme_builder_area=&#8220;post_content&#8220;][et_pb_image src=&#8220;https:\/\/www.ego-3d.de\/modellbau\/wp-content\/uploads\/2020\/11\/EGO3D_Aluminium-Modell_r\u00f6misches_Kastell_Arnsburg.jpg&#8220; title_text=&#8220;EGO3D_Aluminium-Modell_r\u00f6misches_Kastell_Arnsburg&#8220; align_tablet=&#8220;center&#8220; align_phone=&#8220;&#8220; align_last_edited=&#8220;on|desktop&#8220; _builder_version=&#8220;4.16&#8243; _module_preset=&#8220;default&#8220; custom_margin=&#8220;||15px||false|false&#8220; custom_padding=&#8220;||||false|false&#8220; box_shadow_style=&#8220;preset1&#8243; box_shadow_blur=&#8220;10px&#8220; global_colors_info=&#8220;{}&#8220; theme_builder_area=&#8220;post_content&#8220;][\/et_pb_image][et_pb_text _builder_version=&#8220;4.16&#8243; _module_preset=&#8220;default&#8220; global_colors_info=&#8220;{}&#8220; theme_builder_area=&#8220;post_content&#8220;]<\/p>\n<p><em>Fertiges Modell in Aluminium gegossen<br \/><\/em><\/p>\n<p>[\/et_pb_text][et_pb_text _builder_version=&#8220;4.16&#8243; _module_preset=&#8220;default&#8220; global_colors_info=&#8220;{}&#8220; theme_builder_area=&#8220;post_content&#8220;]<\/p>\n<p style=\"margin-bottom: 0cm; text-align: justify;\">Unsere Modellierer \u00fcberarbeiteten das Modell, um es f\u00fcr den 3D-Druck und den anschlie\u00dfenden Guss vorzubereiten. Durch unsere jahrelange Erfahung mit Gussmodellen und den individuellen Anforderungen der vielen Gie\u00dfereien, mit denen wir regelm\u00e4\u00dfig zusammenarbeiten, konnten wir auch in diesem Fall unseren Kunden helfen, Details im Modell so zu optimieren, dass einem sehenswerten Guss nichts mehr im Wege stand.<\/p>\n<p style=\"margin-bottom: 0cm; text-align: justify;\">Schlie\u00dflich wurde das Terrain mit einer CNC-Fr\u00e4se gefertigt, die einzelnen Geb\u00e4ude und der Schutzwall des Kastells im 3D-Druck umgesetzt und in das Terrain eingesetzt, bevor wir das Gussmodell an die beteiligte Gie\u00dferei lieferten. Dort wurde das gesamte Modell im Sandgussverfahren in Aluminium abgegossen.<\/p>\n<p style=\"margin-bottom: 0cm; text-align: justify;\">Im Oktober 2020 wurde das Modell dann vor Ort feierlich eingeweiht.<\/p>\n<p>[\/et_pb_text][et_pb_image src=&#8220;https:\/\/www.ego-3d.de\/modellbau\/wp-content\/uploads\/2020\/11\/EGO3D_Gussmodell_r\u00f6misches_Kastell_Arnsburg_kurz_vor_der_Auslieferung.jpg&#8220; title_text=&#8220;EGO3D_Gussmodell_r\u00f6misches_Kastell_Arnsburg_kurz_vor_der_Auslieferung&#8220; align_tablet=&#8220;center&#8220; align_phone=&#8220;&#8220; align_last_edited=&#8220;on|desktop&#8220; _builder_version=&#8220;4.16&#8243; _module_preset=&#8220;default&#8220; custom_margin=&#8220;||15px||false|false&#8220; custom_padding=&#8220;||||false|false&#8220; box_shadow_style=&#8220;preset1&#8243; box_shadow_blur=&#8220;10px&#8220; global_colors_info=&#8220;{}&#8220; theme_builder_area=&#8220;post_content&#8220;][\/et_pb_image][et_pb_text _builder_version=&#8220;4.16&#8243; _module_preset=&#8220;default&#8220; global_colors_info=&#8220;{}&#8220; theme_builder_area=&#8220;post_content&#8220;]<\/p>\n<p><em>Das Gussmodell von EGO3D kurz vor der Auslieferung<br \/> <\/em><\/p>\n<p>[\/et_pb_text][\/et_pb_column][\/et_pb_row][\/et_pb_section]<\/p>\n","protected":false},"excerpt":{"rendered":"<p>R\u00f6merkastell Arnsburg Erstellung eines Gussmodells der antiken Anlage am hessischen Limes Westlich der Kleinstadt Lich in Hessen befand sich von 90 bis 260 n. Chr. ein r\u00f6misches Kohortenkastell. Unweit davon verlief der Limes und somit ist das Areal heute Teil des UNESC-Weltkulturerbes Obergermanisch-Raetischer Limes. Nur wenige Bereiche des Areals wurden im Laufe der Zeit ausgegraben [&hellip;]<\/p>\n","protected":false},"author":1,"featured_media":0,"parent":0,"menu_order":0,"comment_status":"closed","ping_status":"closed","template":"","meta":{"_et_pb_use_builder":"on","_et_pb_old_content":"","_et_gb_content_width":""},"_links":{"self":[{"href":"https:\/\/www.ego-3d.de\/modellbau\/wp-json\/wp\/v2\/pages\/2960"}],"collection":[{"href":"https:\/\/www.ego-3d.de\/modellbau\/wp-json\/wp\/v2\/pages"}],"about":[{"href":"https:\/\/www.ego-3d.de\/modellbau\/wp-json\/wp\/v2\/types\/page"}],"author":[{"embeddable":true,"href":"https:\/\/www.ego-3d.de\/modellbau\/wp-json\/wp\/v2\/users\/1"}],"replies":[{"embeddable":true,"href":"https:\/\/www.ego-3d.de\/modellbau\/wp-json\/wp\/v2\/comments?post=2960"}],"version-history":[{"count":2,"href":"https:\/\/www.ego-3d.de\/modellbau\/wp-json\/wp\/v2\/pages\/2960\/revisions"}],"predecessor-version":[{"id":2962,"href":"https:\/\/www.ego-3d.de\/modellbau\/wp-json\/wp\/v2\/pages\/2960\/revisions\/2962"}],"wp:attachment":[{"href":"https:\/\/www.ego-3d.de\/modellbau\/wp-json\/wp\/v2\/media?parent=2960"}],"curies":[{"name":"wp","href":"https:\/\/api.w.org\/{rel}","templated":true}]}}