{"id":2953,"date":"2023-03-02T10:51:05","date_gmt":"2023-03-02T09:51:05","guid":{"rendered":"https:\/\/www.ego-3d.de\/modellbau\/?page_id=2953"},"modified":"2023-03-02T10:51:05","modified_gmt":"2023-03-02T09:51:05","slug":"stadtmodell-kursdorf","status":"publish","type":"page","link":"https:\/\/www.ego-3d.de\/modellbau\/stadtmodell-kursdorf\/","title":{"rendered":"Stadtmodell Kursdorf"},"content":{"rendered":"<p>[et_pb_section fb_built=&#8220;1&#8243; _builder_version=&#8220;4.19.4&#8243; _module_preset=&#8220;default&#8220; background_color=&#8220;RGBA(255,255,255,0)&#8220; background_enable_image=&#8220;off&#8220; background_size=&#8220;initial&#8220; background_position=&#8220;top_center&#8220; background_repeat=&#8220;repeat-y&#8220; global_colors_info=&#8220;{}&#8220; theme_builder_area=&#8220;post_content&#8220;][et_pb_row column_structure=&#8220;1_2,1_2&#8243; _builder_version=&#8220;4.19.4&#8243; _module_preset=&#8220;default&#8220; background_color=&#8220;rgba(255,255,255,0.65)&#8220; custom_margin=&#8220;0px||20px|&#8220; custom_padding=&#8220;15px|15px|15px|15px&#8220; box_shadow_style=&#8220;preset1&#8243; global_colors_info=&#8220;{}&#8220; theme_builder_area=&#8220;post_content&#8220;][et_pb_column type=&#8220;1_2&#8243; _builder_version=&#8220;4.19.4&#8243; _module_preset=&#8220;default&#8220; global_colors_info=&#8220;{}&#8220; theme_builder_area=&#8220;post_content&#8220;][et_pb_text _builder_version=&#8220;4.19.4&#8243; global_colors_info=&#8220;{}&#8220; theme_builder_area=&#8220;post_content&#8220;]<\/p>\n<h2><strong>Ein Dorf wurde von der Landkarte gefegt:<\/strong><\/h2>\n<h2 style=\"text-align: left;\">Modell der Ortschaft Kursdorf, die dem Leipziger Flughafen weichen musste<strong><br \/><\/strong><\/h2>\n<h2><\/h2>\n<p style=\"text-align: justify;\">Das Modell Kursdorf war ein etwas ungew\u00f6hnlicher Auftrag f\u00fcr ein Stadtmodell, da eine Ecke der Grundplatte von einer Hand wie ein Blatt Papier angehoben werden, bzw. von der Unterlage gerissen werden sollte. Dies symbolisierte die Verdr\u00e4ngung des Dorfes Kursdorf, das von den Landebahnen des Leipziger Flugplatzes eingschlossen wurde als dieser zum wichtigsten Umschlagplatz f\u00fcr DHL wurde. Die Einwohner wurden \u00fcber die Jahre in die Hauptgemeinde weiter s\u00fcdlich umgesiedelt.<\/p>\n<p style=\"text-align: justify;\">In diesem Fall bekamen wir vom Kunden bereits eine digitale Datei des Modells. Wir erg\u00e4nzten die Hand und bereiteten das Modell f\u00fcr den 3D-Druck vor. Nicht selten bekommen wir von unseren Kunden bereits modellierte 3D-Daten. Unser Job ist es dann, diese Daten so zu modifizieren, dass sie einerseits f\u00fcr den 3D-Druck geeignet, und andererseits auch gie\u00dfbar sind. Vieles ist dabei zu beachten, wie z.B. Lesbarkeit von Schriften, maximal gie\u00dfbare Detaildichte, Sauber vernetzte 3D-Modelle, die von 3D-Druckern hergestellt werden k\u00f6nnen, und vieles mehr.<\/p>\n<p style=\"text-align: justify;\">Durch unsere jahrelange Erfahrung kennen wir die M\u00f6glichkeiten und Grenzen sowohl unserer Maschinen, als auch der Gusstechniken verschiedenster Kunstgie\u00dfereien. Auch bei diesem Modell erm\u00f6glichte das eine reibungslose Umsetzung vom digitalen Modell bis zum fertigen Bronzeguss.<\/p>\n<p>[\/et_pb_text][et_pb_image src=&#8220;https:\/\/www.ego-3d.de\/modellbau\/wp-content\/uploads\/2023\/01\/EGO3D_Stadtmodell_Kursdorf_Vorschau_des_digitalen_Modells.jpg&#8220; title_text=&#8220;EGO3D_Stadtmodell_Kursdorf_Vorschau_des_digitalen_Modells&#8220; _builder_version=&#8220;4.19.4&#8243; _module_preset=&#8220;default&#8220; global_colors_info=&#8220;{}&#8220; theme_builder_area=&#8220;post_content&#8220;][\/et_pb_image][et_pb_text _builder_version=&#8220;4.19.4&#8243; custom_margin=&#8220;-15px|||&#8220; global_colors_info=&#8220;{}&#8220; theme_builder_area=&#8220;post_content&#8220;]<\/p>\n<p style=\"text-align: justify;\"><em>Vorschau des digitalen Modells<br \/><\/em><\/p>\n<p>[\/et_pb_text][\/et_pb_column][et_pb_column type=&#8220;1_2&#8243; _builder_version=&#8220;4.19.4&#8243; _module_preset=&#8220;default&#8220; global_colors_info=&#8220;{}&#8220; theme_builder_area=&#8220;post_content&#8220;][et_pb_image src=&#8220;https:\/\/www.ego-3d.de\/modellbau\/wp-content\/uploads\/2023\/01\/EGO3D_Stadtmodell_Kursdorf_3D-Druck.jpg&#8220; title_text=&#8220;EGO3D_Stadtmodell_Kursdorf_3D-Druck&#8220; _builder_version=&#8220;4.19.4&#8243; _module_preset=&#8220;default&#8220; global_colors_info=&#8220;{}&#8220; theme_builder_area=&#8220;post_content&#8220;][\/et_pb_image][et_pb_image src=&#8220;https:\/\/www.ego-3d.de\/modellbau\/wp-content\/uploads\/2023\/01\/EGO3D_gegossenes_Modell_Kursdorf.jpg&#8220; title_text=&#8220;EGO3D_gegossenes_Modell_Kursdorf&#8220; _builder_version=&#8220;4.19.4&#8243; _module_preset=&#8220;default&#8220; global_colors_info=&#8220;{}&#8220; theme_builder_area=&#8220;post_content&#8220;][\/et_pb_image][et_pb_text _builder_version=&#8220;4.19.4&#8243; custom_margin=&#8220;-15px|||&#8220; global_colors_info=&#8220;{}&#8220; theme_builder_area=&#8220;post_content&#8220;]<\/p>\n<p style=\"text-align: justify;\"><em>Das fertige Modell vor Ort<br \/>\nBildquelle: Glaube + Heimat, Mitteldeutsche Kirchenzeitung, Nr. 39\/2020\/ S. 7, cutt.ly\/andacht-landebahn<br \/>\n<\/em><\/p>\n<p>[\/et_pb_text][\/et_pb_column][\/et_pb_row][\/et_pb_section]<\/p>\n","protected":false},"excerpt":{"rendered":"<p>Ein Dorf wurde von der Landkarte gefegt: Modell der Ortschaft Kursdorf, die dem Leipziger Flughafen weichen musste Das Modell Kursdorf war ein etwas ungew\u00f6hnlicher Auftrag f\u00fcr ein Stadtmodell, da eine Ecke der Grundplatte von einer Hand wie ein Blatt Papier angehoben werden, bzw. von der Unterlage gerissen werden sollte. Dies symbolisierte die Verdr\u00e4ngung des Dorfes [&hellip;]<\/p>\n","protected":false},"author":1,"featured_media":0,"parent":0,"menu_order":0,"comment_status":"closed","ping_status":"closed","template":"","meta":{"_et_pb_use_builder":"on","_et_pb_old_content":"","_et_gb_content_width":""},"_links":{"self":[{"href":"https:\/\/www.ego-3d.de\/modellbau\/wp-json\/wp\/v2\/pages\/2953"}],"collection":[{"href":"https:\/\/www.ego-3d.de\/modellbau\/wp-json\/wp\/v2\/pages"}],"about":[{"href":"https:\/\/www.ego-3d.de\/modellbau\/wp-json\/wp\/v2\/types\/page"}],"author":[{"embeddable":true,"href":"https:\/\/www.ego-3d.de\/modellbau\/wp-json\/wp\/v2\/users\/1"}],"replies":[{"embeddable":true,"href":"https:\/\/www.ego-3d.de\/modellbau\/wp-json\/wp\/v2\/comments?post=2953"}],"version-history":[{"count":2,"href":"https:\/\/www.ego-3d.de\/modellbau\/wp-json\/wp\/v2\/pages\/2953\/revisions"}],"predecessor-version":[{"id":2955,"href":"https:\/\/www.ego-3d.de\/modellbau\/wp-json\/wp\/v2\/pages\/2953\/revisions\/2955"}],"wp:attachment":[{"href":"https:\/\/www.ego-3d.de\/modellbau\/wp-json\/wp\/v2\/media?parent=2953"}],"curies":[{"name":"wp","href":"https:\/\/api.w.org\/{rel}","templated":true}]}}