{"id":2948,"date":"2023-03-02T10:46:12","date_gmt":"2023-03-02T09:46:12","guid":{"rendered":"https:\/\/www.ego-3d.de\/modellbau\/?page_id=2948"},"modified":"2023-03-29T14:16:27","modified_gmt":"2023-03-29T12:16:27","slug":"gutshofmodell-kuenzell","status":"publish","type":"page","link":"https:\/\/www.ego-3d.de\/modellbau\/gutshofmodell-kuenzell\/","title":{"rendered":"Gutshofmodell K\u00fcnzell"},"content":{"rendered":"<p>[et_pb_section fb_built=&#8220;1&#8243; _builder_version=&#8220;4.19.4&#8243; _module_preset=&#8220;default&#8220; background_color=&#8220;RGBA(255,255,255,0)&#8220; background_enable_image=&#8220;off&#8220; background_size=&#8220;initial&#8220; background_position=&#8220;top_center&#8220; background_repeat=&#8220;repeat-y&#8220; global_colors_info=&#8220;{}&#8220;][et_pb_row _builder_version=&#8220;4.19.4&#8243; _module_preset=&#8220;default&#8220; custom_margin=&#8220;0px||0px||false|false&#8220; custom_padding=&#8220;0px||0px||false|false&#8220; box_shadow_style=&#8220;preset1&#8243; global_colors_info=&#8220;{}&#8220;][et_pb_column type=&#8220;4_4&#8243; _builder_version=&#8220;4.19.4&#8243; _module_preset=&#8220;default&#8220; global_colors_info=&#8220;{}&#8220;][et_pb_image src=&#8220;https:\/\/www.ego-3d.de\/modellbau\/wp-content\/uploads\/2023\/01\/EGO3D_Modell_Gutshof_Kuenzel_3D-Vorschau_Gesamtansicht_Headert.jpg&#8220; title_text=&#8220;EGO3D_Modell_Gutshof_K\u00fcnzel_3D-Vorschau_Gesamtansicht_Headert&#8220; _builder_version=&#8220;4.19.4&#8243; _module_preset=&#8220;default&#8220; custom_margin=&#8220;||0px||false|false&#8220; global_colors_info=&#8220;{}&#8220;][\/et_pb_image][\/et_pb_column][\/et_pb_row][et_pb_row column_structure=&#8220;1_2,1_2&#8243; _builder_version=&#8220;4.16&#8243; _module_preset=&#8220;default&#8220; background_color=&#8220;rgba(255,255,255,0.65)&#8220; custom_margin=&#8220;0px||20px|&#8220; custom_padding=&#8220;15px|15px|15px|15px&#8220; box_shadow_style=&#8220;preset1&#8243; global_colors_info=&#8220;{}&#8220;][et_pb_column type=&#8220;1_2&#8243; _builder_version=&#8220;4.16&#8243; _module_preset=&#8220;default&#8220; global_colors_info=&#8220;{}&#8220;][et_pb_text _builder_version=&#8220;4.16&#8243; _module_preset=&#8220;default&#8220; global_colors_info=&#8220;{}&#8220;]<\/p>\n<h2><strong>Gutshof-Modell &#8222;K\u00fcnzell&#8220;<br \/><\/strong><\/h2>\n<h2>Ein Modell als Erinnerung<\/h2>\n<p style=\"margin-bottom: 0cm; text-align: justify;\">In der Ortschaft K\u00fcnzell gibt es heute den Festplatz &#8222;Am Gutshof&#8220;. Nur dieser Name erinnert noch an den Gutshof, der mehrere Jahrhunderte an diesem Ort stand. Das Gel\u00e4nde mit zahlreichen Geb\u00e4uden hatte viele Besitzer, auch ein Baron war darunter.<\/p>\n<p style=\"margin-bottom: 0cm; text-align: justify;\">1963 wurde der Gutshof von der Gemeinde erworben und 1971 wurden schlie\u00dflich alle verbliebenen Geb\u00e4ude abgerissen. Da der Gutshof f\u00fcr die Gemeinde jedoch sehr geschichtstr\u00e4chtig ist, entschied man sich, in der \u00d6ffentlichkeit ein Bronzemodell der gesamten Anlage aufzustellen, das den Gutshof so zeigt, wie er bis Mitte der 1960er-Jahre bestand hatte.<\/p>\n<p style=\"margin-bottom: 0cm; text-align: justify;\">Als Vorlage dienten uns zahlreiche Fotos eines bereits existierenden, sehr detailreich gestalteten Modells aus Holz, bedruckter Pappe und Modellbau-Vegetation.<\/p>\n<p style=\"margin-bottom: 0cm; text-align: justify;\">Anders als bei den meisten Stadtmodellen, hatten hier die einzelnen Geb\u00e4ude einen wesentlich gr\u00f6\u00dferen Ma\u00dfstab, so dass auch Dachziegel, Fachwerkstruktur und alle einzelnen Fenster, T\u00fcren und Wandelemente dargestellt werden mussten. Hinzu kamen die \u00fcppige Vegetation des Gel\u00e4ndes, bestehend aus Busch- und Waldbereichen, G\u00e4rten, landwirtschaftlichen Fl\u00e4chen und Gew\u00e4ssern.<\/p>\n<p style=\"margin-bottom: 0cm; text-align: justify;\">In stetiger Abstimmung mit dem Kunden entstand so ein sehenswertes, Modell, das der Betrachter mit den Augen bis in jedes Detail erkunden kann. In Bronze gegossen steht das Modell inzwischen an jenem Ort, wo sich jahrhundertelang der Gutshof befand und erinnert an diesen geschichtlich relevanten Teil der Gemeinde K\u00fcnzell.<\/p>\n<p style=\"margin-bottom: 0cm; text-align: justify;\">\n<p>[\/et_pb_text][et_pb_image src=&#8220;https:\/\/www.ego-3d.de\/modellbau\/wp-content\/uploads\/2023\/01\/EGO3D_Modell_Gutshof_Kuenzel_Bronzeguss_Gesamtansicht.jpg&#8220; title_text=&#8220;EGO3D_Modell_Gutshof_K\u00fcnzel_Bronzeguss_Gesamtansicht&#8220; _builder_version=&#8220;4.19.4&#8243; _module_preset=&#8220;default&#8220; global_colors_info=&#8220;{}&#8220;][\/et_pb_image][et_pb_text _builder_version=&#8220;4.19.4&#8243; _module_preset=&#8220;default&#8220; custom_margin=&#8220;-15px|||&#8220; global_colors_info=&#8220;{}&#8220;]<em>Gesamtansicht des fertigen Bronzemodells<br \/>\n<\/em>[\/et_pb_text][et_pb_image src=&#8220;https:\/\/www.ego-3d.de\/modellbau\/wp-content\/uploads\/2023\/01\/EGO3D_Modell_Gutshof_Kuenzel_Bronzeguss_Detailansicht_2.jpg&#8220; title_text=&#8220;EGO3D_Modell_Gutshof_K\u00fcnzel_Bronzeguss_Detailansicht_2&#8243; _builder_version=&#8220;4.19.4&#8243; _module_preset=&#8220;default&#8220; global_colors_info=&#8220;{}&#8220;][\/et_pb_image][et_pb_text _builder_version=&#8220;4.19.4&#8243; _module_preset=&#8220;default&#8220; custom_margin=&#8220;-15px|||&#8220; global_colors_info=&#8220;{}&#8220;]<em>Detail des fertigen Bronzemodells<br \/>\n<\/em>[\/et_pb_text][\/et_pb_column][et_pb_column type=&#8220;1_2&#8243; _builder_version=&#8220;4.16&#8243; _module_preset=&#8220;default&#8220; global_colors_info=&#8220;{}&#8220;][et_pb_image src=&#8220;https:\/\/www.ego-3d.de\/modellbau\/wp-content\/uploads\/2023\/01\/EGO3D_Modell_Gutshof_Kuenzel_3D-Vorschau.jpg&#8220; title_text=&#8220;EGO3D_Modell_Gutshof_K\u00fcnzel_3D-Vorschau&#8220; _builder_version=&#8220;4.19.4&#8243; _module_preset=&#8220;default&#8220; global_colors_info=&#8220;{}&#8220;][\/et_pb_image][et_pb_text _builder_version=&#8220;4.19.4&#8243; _module_preset=&#8220;default&#8220; custom_margin=&#8220;-15px|||&#8220; global_colors_info=&#8220;{}&#8220;]<em>Verschiedene Vorschau-Ansichten des digitalen Modells<br \/>\n<\/em>[\/et_pb_text][et_pb_image src=&#8220;https:\/\/www.ego-3d.de\/modellbau\/wp-content\/uploads\/2023\/01\/EGO3D_Modell_Gutshof_Kuenzel_3D-Vorschau_Detailansicht.jpg&#8220; title_text=&#8220;EGO3D_Modell_Gutshof_K\u00fcnzel_3D-Vorschau_Detailansicht&#8220; _builder_version=&#8220;4.19.4&#8243; _module_preset=&#8220;default&#8220; global_colors_info=&#8220;{}&#8220;][\/et_pb_image][et_pb_text _builder_version=&#8220;4.19.4&#8243; _module_preset=&#8220;default&#8220; custom_margin=&#8220;-15px|||&#8220; global_colors_info=&#8220;{}&#8220;]<em>Detailansicht des digitalen Modells<br \/>\n<\/em>[\/et_pb_text][et_pb_image src=&#8220;https:\/\/www.ego-3d.de\/modellbau\/wp-content\/uploads\/2023\/01\/EGO3D_Modell_Gutshof_Kuenzel_Bronzeguss_Detailansicht_1.jpg&#8220; title_text=&#8220;EGO3D_Modell_Gutshof_K\u00fcnzel_Bronzeguss_Detailansicht_1&#8243; _builder_version=&#8220;4.19.4&#8243; _module_preset=&#8220;default&#8220; global_colors_info=&#8220;{}&#8220;][\/et_pb_image][et_pb_text module_id=&#8220;anker_kursdorf&#8220; _builder_version=&#8220;4.19.4&#8243; _module_preset=&#8220;default&#8220; custom_margin=&#8220;-15px|||&#8220; global_colors_info=&#8220;{}&#8220;]<em>Detail des fertigen Bronzemodells<br \/>\n<\/em>[\/et_pb_text][\/et_pb_column][\/et_pb_row][et_pb_row _builder_version=&#8220;4.19.4&#8243; _module_preset=&#8220;default&#8220; column_structure=&#8220;1_2,1_2&#8243; background_color=&#8220;rgba(255,255,255,0.65)&#8220; custom_margin=&#8220;0px||20px|&#8220; custom_padding=&#8220;15px|15px|15px|15px&#8220; box_shadow_style=&#8220;preset1&#8243;][et_pb_column _builder_version=&#8220;4.19.4&#8243; _module_preset=&#8220;default&#8220; type=&#8220;1_2&#8243;][et_pb_image src=&#8220;https:\/\/www.ego-3d.de\/modellbau\/wp-content\/uploads\/2023\/03\/EGO3D_Enthuellung_Bronzemodell_Gutshof_Kuenzell.jpg&#8220; _builder_version=&#8220;4.19.4&#8243; _module_preset=&#8220;default&#8220; title_text=&#8220;EGO3D_Enth\u00fcllung_Bronzemodell_Gutshof_K\u00fcnzell&#8220; hover_enabled=&#8220;0&#8243; sticky_enabled=&#8220;0&#8243;][\/et_pb_image][\/et_pb_column][et_pb_column _builder_version=&#8220;4.19.4&#8243; _module_preset=&#8220;default&#8220; type=&#8220;1_2&#8243;][et_pb_image src=&#8220;https:\/\/www.ego-3d.de\/modellbau\/wp-content\/uploads\/2023\/03\/EGO3D_Enthuellung_Bronzemodell_Gutshof_Kuenzell_2.jpg&#8220; _builder_version=&#8220;4.19.4&#8243; _module_preset=&#8220;default&#8220; title_text=&#8220;EGO3D_Enth\u00fcllung_Bronzemodell_Gutshof_K\u00fcnzell_2&#8243; hover_enabled=&#8220;0&#8243; sticky_enabled=&#8220;0&#8243;][\/et_pb_image][\/et_pb_column][\/et_pb_row][et_pb_row _builder_version=&#8220;4.19.4&#8243; _module_preset=&#8220;default&#8220; background_color=&#8220;rgba(255,255,255,0.65)&#8220; custom_margin=&#8220;0px||20px|&#8220; custom_padding=&#8220;15px|15px|15px|15px&#8220; box_shadow_style=&#8220;preset1&#8243;][et_pb_column _builder_version=&#8220;4.19.4&#8243; _module_preset=&#8220;default&#8220; type=&#8220;4_4&#8243;][et_pb_image src=&#8220;https:\/\/www.ego-3d.de\/modellbau\/wp-content\/uploads\/2023\/03\/EGO3D_Kuenzell-Bronzemodell_im_Grezzbachpark.jpg&#8220; _builder_version=&#8220;4.19.4&#8243; _module_preset=&#8220;default&#8220; title_text=&#8220;EGO3D_K\u00fcnzell-Bronzemodell_im_Grezzbachpark&#8220; hover_enabled=&#8220;0&#8243; sticky_enabled=&#8220;0&#8243;][\/et_pb_image][\/et_pb_column][\/et_pb_row][\/et_pb_section]<\/p>\n","protected":false},"excerpt":{"rendered":"<p>Gutshof-Modell &#8222;K\u00fcnzell&#8220; Ein Modell als Erinnerung In der Ortschaft K\u00fcnzell gibt es heute den Festplatz &#8222;Am Gutshof&#8220;. Nur dieser Name erinnert noch an den Gutshof, der mehrere Jahrhunderte an diesem Ort stand. Das Gel\u00e4nde mit zahlreichen Geb\u00e4uden hatte viele Besitzer, auch ein Baron war darunter. 1963 wurde der Gutshof von der Gemeinde erworben und 1971 [&hellip;]<\/p>\n","protected":false},"author":1,"featured_media":0,"parent":0,"menu_order":0,"comment_status":"closed","ping_status":"closed","template":"","meta":{"_et_pb_use_builder":"on","_et_pb_old_content":"","_et_gb_content_width":""},"_links":{"self":[{"href":"https:\/\/www.ego-3d.de\/modellbau\/wp-json\/wp\/v2\/pages\/2948"}],"collection":[{"href":"https:\/\/www.ego-3d.de\/modellbau\/wp-json\/wp\/v2\/pages"}],"about":[{"href":"https:\/\/www.ego-3d.de\/modellbau\/wp-json\/wp\/v2\/types\/page"}],"author":[{"embeddable":true,"href":"https:\/\/www.ego-3d.de\/modellbau\/wp-json\/wp\/v2\/users\/1"}],"replies":[{"embeddable":true,"href":"https:\/\/www.ego-3d.de\/modellbau\/wp-json\/wp\/v2\/comments?post=2948"}],"version-history":[{"count":3,"href":"https:\/\/www.ego-3d.de\/modellbau\/wp-json\/wp\/v2\/pages\/2948\/revisions"}],"predecessor-version":[{"id":3082,"href":"https:\/\/www.ego-3d.de\/modellbau\/wp-json\/wp\/v2\/pages\/2948\/revisions\/3082"}],"wp:attachment":[{"href":"https:\/\/www.ego-3d.de\/modellbau\/wp-json\/wp\/v2\/media?parent=2948"}],"curies":[{"name":"wp","href":"https:\/\/api.w.org\/{rel}","templated":true}]}}