{"id":2945,"date":"2023-03-02T10:35:29","date_gmt":"2023-03-02T09:35:29","guid":{"rendered":"https:\/\/www.ego-3d.de\/modellbau\/?page_id=2945"},"modified":"2023-03-02T10:35:29","modified_gmt":"2023-03-02T09:35:29","slug":"gebaeudemodell-ulmer-muenster","status":"publish","type":"page","link":"https:\/\/www.ego-3d.de\/modellbau\/gebaeudemodell-ulmer-muenster\/","title":{"rendered":"Geb\u00e4udemodell Ulmer M\u00fcnster"},"content":{"rendered":"<p>[et_pb_section fb_built=&#8220;1&#8243; _builder_version=&#8220;4.19.4&#8243; _module_preset=&#8220;default&#8220; background_color=&#8220;RGBA(255,255,255,0)&#8220; background_enable_image=&#8220;off&#8220; background_size=&#8220;initial&#8220; background_position=&#8220;top_center&#8220; background_repeat=&#8220;repeat-y&#8220; global_colors_info=&#8220;{}&#8220; theme_builder_area=&#8220;post_content&#8220;][et_pb_row column_structure=&#8220;1_2,1_2&#8243; _builder_version=&#8220;4.16&#8243; _module_preset=&#8220;default&#8220; background_color=&#8220;rgba(255,255,255,0.65)&#8220; custom_margin=&#8220;0px||20px|&#8220; custom_padding=&#8220;15px|15px|15px|15px&#8220; box_shadow_style=&#8220;preset1&#8243; global_colors_info=&#8220;{}&#8220; theme_builder_area=&#8220;post_content&#8220;][et_pb_column type=&#8220;1_2&#8243; _builder_version=&#8220;4.16&#8243; _module_preset=&#8220;default&#8220; global_colors_info=&#8220;{}&#8220; theme_builder_area=&#8220;post_content&#8220;][et_pb_text _builder_version=&#8220;4.16&#8243; _module_preset=&#8220;default&#8220; global_colors_info=&#8220;{}&#8220; theme_builder_area=&#8220;post_content&#8220;]<\/p>\n<h2><strong>Das Ulmer M\u00fcnster:<\/strong><\/h2>\n<h2>Ein Modell der h\u00f6chsten Kirche der Welt<\/h2>\n<p style=\"margin-bottom: 0cm; text-align: justify;\">Ein besonderer Auftrag war die Modellierung des Ulmer M\u00fcnsters als Miniatur in 30 cm Gr\u00f6\u00dfe f\u00fcr den Bronzeguss. Das Original mit seinem \u00fcber 160 m hohen Turm ist als h\u00f6chstes sakrales Geb\u00e4ude der Welt bekannt. Der Detailreichtum seiner Fassade sprengt die Vorstellungskraft.<\/p>\n<p>[\/et_pb_text][et_pb_image src=&#8220;https:\/\/www.ego-3d.de\/modellbau\/wp-content\/uploads\/2021\/03\/EGO3D-Vorschaubild_des_digitalen_Modells_des_Ulmer_M\u00fcnsters_f\u00fcr_den_Kunden.jpg&#8220; title_text=&#8220;EGO3D-Vorschaubild_des_digitalen_Modells_des_Ulmer_M\u00fcnsters_f\u00fcr_den_Kunden&#8220; align_tablet=&#8220;center&#8220; align_phone=&#8220;&#8220; align_last_edited=&#8220;on|desktop&#8220; _builder_version=&#8220;4.16&#8243; _module_preset=&#8220;default&#8220; box_shadow_style=&#8220;preset1&#8243; box_shadow_blur=&#8220;10px&#8220; global_colors_info=&#8220;{}&#8220; theme_builder_area=&#8220;post_content&#8220;][\/et_pb_image][et_pb_text _builder_version=&#8220;4.16&#8243; _module_preset=&#8220;default&#8220; custom_margin=&#8220;-15px|||&#8220; global_colors_info=&#8220;{}&#8220; theme_builder_area=&#8220;post_content&#8220;]<\/p>\n<p><em>Digitales Vorschaubild des Ulmer M\u00fcnsters f\u00fcr den Kunden<\/em><\/p>\n<p>[\/et_pb_text][et_pb_image src=&#8220;https:\/\/www.ego-3d.de\/modellbau\/wp-content\/uploads\/2021\/03\/EGO3D-Detailansicht_des_digitalen_Modells_des_Ulmer_M\u00fcnsters.jpg&#8220; title_text=&#8220;EGO3D-Detailansicht_des_digitalen_Modells_des_Ulmer_M\u00fcnsters&#8220; align_tablet=&#8220;center&#8220; align_phone=&#8220;&#8220; align_last_edited=&#8220;on|desktop&#8220; _builder_version=&#8220;4.16&#8243; _module_preset=&#8220;default&#8220; box_shadow_style=&#8220;preset1&#8243; box_shadow_blur=&#8220;10px&#8220; global_colors_info=&#8220;{}&#8220; theme_builder_area=&#8220;post_content&#8220;][\/et_pb_image][et_pb_text _builder_version=&#8220;4.16&#8243; _module_preset=&#8220;default&#8220; custom_margin=&#8220;-15px|||&#8220; global_colors_info=&#8220;{}&#8220; theme_builder_area=&#8220;post_content&#8220;]<\/p>\n<p style=\"text-align: justify;\"><em>Detailansicht des digitalen Modells. Gut zu erkennen ist die gleichm\u00e4\u00dfig modellierte Detaildichte, die die Gie\u00dfbarkeit gew\u00e4hrleistet.<br \/><\/em><\/p>\n<p>[\/et_pb_text][et_pb_image src=&#8220;https:\/\/www.ego-3d.de\/modellbau\/wp-content\/uploads\/2021\/03\/EGO3D_fertiger_SLA-Druck_des_Ulmer_M\u00fcnsters_im_Druckraum.jpg&#8220; title_text=&#8220;EGO3D_fertiger_SLA-Druck_des_Ulmer_M\u00fcnsters_im_Druckraum&#8220; align_tablet=&#8220;center&#8220; align_phone=&#8220;&#8220; align_last_edited=&#8220;on|desktop&#8220; _builder_version=&#8220;4.16&#8243; _module_preset=&#8220;default&#8220; box_shadow_style=&#8220;preset1&#8243; box_shadow_blur=&#8220;10px&#8220; global_colors_info=&#8220;{}&#8220; theme_builder_area=&#8220;post_content&#8220;][\/et_pb_image][et_pb_text _builder_version=&#8220;4.16&#8243; _module_preset=&#8220;default&#8220; custom_margin=&#8220;-15px|||&#8220; global_colors_info=&#8220;{}&#8220; theme_builder_area=&#8220;post_content&#8220;]<\/p>\n<p><em>Fertiger SLA-Druck des Modells im Druckraum.<\/em><\/p>\n<p>[\/et_pb_text][\/et_pb_column][et_pb_column type=&#8220;1_2&#8243; _builder_version=&#8220;4.16&#8243; _module_preset=&#8220;default&#8220; global_colors_info=&#8220;{}&#8220; theme_builder_area=&#8220;post_content&#8220;][et_pb_text _builder_version=&#8220;4.16&#8243; _module_preset=&#8220;default&#8220; global_colors_info=&#8220;{}&#8220; theme_builder_area=&#8220;post_content&#8220;]<\/p>\n<p style=\"margin-bottom: 0cm; text-align: justify;\">Die gro\u00dfe Herausforderung war es, so viele Details wie m\u00f6glich im Modell unterzubringen, um dem Charakter des Originals gerecht zu werden, ohne dabei die gusstechnischen Grenzen zu \u00fcberschreiten. Die Gr\u00f6\u00dfe von 30 cm bedeutete eine Verkleinerung um das 440-fache. Figurative Details wie Wasserspeier oder Heiligenfiguren konnten daher nicht mehr dargestellt werden. Andere filigrane Partien wie zum Beispiel die gotisch vielseitigen Fenstersprossen haben wir im Modell etwas gr\u00f6ber dargestellt, damit sie mit ca. 0,5 mm Dicke auch nach dem Guss noch erkennbar blieben. Die durchbrochene Struktur des Hauptturms und der Nebent\u00fcrme haben wir ebenfalls so vereinfacht, dass ihr Charakter erhalten blieb, sie aber gleichzeitig gussgerecht waren.<\/p>\n<p style=\"margin-bottom: 0cm; text-align: justify;\">Auf diese Weise haben unsere digitalen Bildhauer jede Partie des riesigen Geb\u00e4udes anhand zahlreicher Fotografien analysiert und im 3D-Modell umgesetzt. Fenster, Ballustraden, Pfeiler, Dachschindeln, Chort\u00fcrme, Strebeb\u00f6gen, Haupt- und Nebeneing\u00e4nge mit S\u00e4ulen und viele weitere Details des gotischen Bauwerks wurden immer mit hoher und einheitlicher Detaildichte angefertigt, um ein gussgerechtes Modell zu gew\u00e4hrleisten.<\/p>\n<p style=\"margin-bottom: 0cm; text-align: justify;\">F\u00fcr die Ma\u00dfgenauigkeit des Gesamtmodells verwendeten wir einen groben Drohnen-Scan als Orientierung. Nach dem Modellieren erstellten wir zahlreiche Vorschaubilder aus verschiedenen Perspektiven, damit unser Kunde das Modell begutachten und freigeben konnte. Schlie\u00dflich wurde das Modell im SLA-Verfahren gedruckt, dass den Detailreichtum problemlos darstellen kann und so als Gussmodell f\u00fcr die beteiligte Gie\u00dferei diente.<\/p>\n<p>[\/et_pb_text][et_pb_image src=&#8220;https:\/\/www.ego-3d.de\/modellbau\/wp-content\/uploads\/2021\/03\/EGO3D_fertiger_SLA-Druck_des_Ulmer_M\u00fcnsters_Detailansicht.jpg&#8220; title_text=&#8220;EGO3D_fertiger_SLA-Druck_des_Ulmer_M\u00fcnsters_Detailansicht&#8220; align_tablet=&#8220;center&#8220; align_phone=&#8220;&#8220; align_last_edited=&#8220;on|desktop&#8220; module_id=&#8220;anker_arnsburg&#8220; _builder_version=&#8220;4.16&#8243; _module_preset=&#8220;default&#8220; box_shadow_style=&#8220;preset1&#8243; box_shadow_blur=&#8220;10px&#8220; global_colors_info=&#8220;{}&#8220; theme_builder_area=&#8220;post_content&#8220;][\/et_pb_image][et_pb_text _builder_version=&#8220;4.16&#8243; _module_preset=&#8220;default&#8220; custom_margin=&#8220;-15px|||&#8220; global_colors_info=&#8220;{}&#8220; theme_builder_area=&#8220;post_content&#8220;]<\/p>\n<p><em>Detailansicht des fertig gedruckten Modells vor der Ausllieferung<br \/><\/em><\/p>\n<p>[\/et_pb_text][et_pb_image src=&#8220;https:\/\/www.ego-3d.de\/modellbau\/wp-content\/uploads\/2023\/01\/EGO3D-Vorschaubild_des_fertigen_Gusses_des_Ulmer_Muensters.jpg&#8220; title_text=&#8220;EGO3D-Vorschaubild_des_fertigen_Gusses_des_Ulmer_M\u00fcnsters&#8220; align_tablet=&#8220;center&#8220; align_phone=&#8220;center&#8220; align_last_edited=&#8220;on|desktop&#8220; _builder_version=&#8220;4.19.4&#8243; _module_preset=&#8220;default&#8220; box_shadow_style=&#8220;preset1&#8243; box_shadow_blur=&#8220;10px&#8220; global_colors_info=&#8220;{}&#8220; theme_builder_area=&#8220;post_content&#8220;][\/et_pb_image][et_pb_text _builder_version=&#8220;4.16&#8243; _module_preset=&#8220;default&#8220; custom_margin=&#8220;-15px|||&#8220; global_colors_info=&#8220;{}&#8220; theme_builder_area=&#8220;post_content&#8220;]<\/p>\n<p style=\"text-align: justify;\"><em>Das fertige Bronzemodell<br \/><\/em><\/p>\n<p>[\/et_pb_text][\/et_pb_column][\/et_pb_row][\/et_pb_section]<\/p>\n","protected":false},"excerpt":{"rendered":"<p>Das Ulmer M\u00fcnster: Ein Modell der h\u00f6chsten Kirche der Welt Ein besonderer Auftrag war die Modellierung des Ulmer M\u00fcnsters als Miniatur in 30 cm Gr\u00f6\u00dfe f\u00fcr den Bronzeguss. Das Original mit seinem \u00fcber 160 m hohen Turm ist als h\u00f6chstes sakrales Geb\u00e4ude der Welt bekannt. Der Detailreichtum seiner Fassade sprengt die Vorstellungskraft.Digitales Vorschaubild des Ulmer [&hellip;]<\/p>\n","protected":false},"author":1,"featured_media":0,"parent":0,"menu_order":0,"comment_status":"closed","ping_status":"closed","template":"","meta":{"_et_pb_use_builder":"on","_et_pb_old_content":"","_et_gb_content_width":""},"_links":{"self":[{"href":"https:\/\/www.ego-3d.de\/modellbau\/wp-json\/wp\/v2\/pages\/2945"}],"collection":[{"href":"https:\/\/www.ego-3d.de\/modellbau\/wp-json\/wp\/v2\/pages"}],"about":[{"href":"https:\/\/www.ego-3d.de\/modellbau\/wp-json\/wp\/v2\/types\/page"}],"author":[{"embeddable":true,"href":"https:\/\/www.ego-3d.de\/modellbau\/wp-json\/wp\/v2\/users\/1"}],"replies":[{"embeddable":true,"href":"https:\/\/www.ego-3d.de\/modellbau\/wp-json\/wp\/v2\/comments?post=2945"}],"version-history":[{"count":2,"href":"https:\/\/www.ego-3d.de\/modellbau\/wp-json\/wp\/v2\/pages\/2945\/revisions"}],"predecessor-version":[{"id":2947,"href":"https:\/\/www.ego-3d.de\/modellbau\/wp-json\/wp\/v2\/pages\/2945\/revisions\/2947"}],"wp:attachment":[{"href":"https:\/\/www.ego-3d.de\/modellbau\/wp-json\/wp\/v2\/media?parent=2945"}],"curies":[{"name":"wp","href":"https:\/\/api.w.org\/{rel}","templated":true}]}}