{"id":2942,"date":"2023-03-02T10:31:14","date_gmt":"2023-03-02T09:31:14","guid":{"rendered":"https:\/\/www.ego-3d.de\/modellbau\/?page_id=2942"},"modified":"2023-03-02T10:31:14","modified_gmt":"2023-03-02T09:31:14","slug":"stadtmodell-wetzlar","status":"publish","type":"page","link":"https:\/\/www.ego-3d.de\/modellbau\/stadtmodell-wetzlar\/","title":{"rendered":"Stadtmodell Wetzlar"},"content":{"rendered":"<p>[et_pb_section fb_built=&#8220;1&#8243; _builder_version=&#8220;4.19.4&#8243; _module_preset=&#8220;default&#8220; background_color=&#8220;RGBA(255,255,255,0)&#8220; background_enable_image=&#8220;off&#8220; background_size=&#8220;initial&#8220; background_position=&#8220;top_center&#8220; background_repeat=&#8220;repeat-y&#8220; global_colors_info=&#8220;{}&#8220; theme_builder_area=&#8220;post_content&#8220;][et_pb_row column_structure=&#8220;1_2,1_2&#8243; _builder_version=&#8220;4.16&#8243; background_color=&#8220;rgba(255,255,255,0.65)&#8220; custom_margin=&#8220;0px||20px|&#8220; custom_padding=&#8220;15px|15px|15px|15px&#8220; box_shadow_style=&#8220;preset1&#8243; global_colors_info=&#8220;{}&#8220; theme_builder_area=&#8220;post_content&#8220;][et_pb_column type=&#8220;1_2&#8243; _builder_version=&#8220;4.16&#8243; custom_padding=&#8220;|||&#8220; global_colors_info=&#8220;{}&#8220; custom_padding__hover=&#8220;|||&#8220; theme_builder_area=&#8220;post_content&#8220;][et_pb_text _builder_version=&#8220;4.16&#8243; global_colors_info=&#8220;{}&#8220; theme_builder_area=&#8220;post_content&#8220;]<\/p>\n<h2><strong>Ein Stadtmodell f\u00fcr Wetzlar:<\/strong><\/h2>\n<h2>Blindentastmodell der gesamten Altstadt mit Brailleschrift und detailierten Einzelgeb\u00e4uden<\/h2>\n<p style=\"text-align: justify;\">Der Lionsclub Wetzlar plante f\u00fcr den Domplatz in\u00a0 Wetzlar ein Stadtmodell und beauftragte uns mit der Erstellung des 3D-Modells und der Fertigung eines Gussmodells f\u00fcr eine Kunstgie\u00dferei, mit der wir regelm\u00e4\u00dfig zusammenarbeiten. Wir erstellten das Modell mithilfe von Luftbild- und Satelittenaufnahmen, sowie detailierten Daten und Fotos des Kunden, und erschufen so ein sehr akurates Abbild der Altstadt Wetzlar.<\/p>\n<p style=\"text-align: justify;\">Einige Geb\u00e4ude, wie der Dom und besonders sehenswerte Altbauten wurden besonders Detailreich ausgef\u00fchrt, um im endg\u00fcltigen Modell gut zur Geltung zu kommen. Das Stadthaus, ein gesamter H\u00e4userblock im Zentrum der Altstadt, wird in den n\u00e4chsten Jahren komplett neu gebaut. Somit war zum Zeitpunkt der Modellerstellung das sp\u00e4tere Aussehen noch nicht sicher. Daher fertigten wir diesen H\u00e4userblock als eigenst\u00e4ndiges Teil, das von der Gie\u00dferei separat abgegossen und ins Modell eingesetzt wurde. So kann es bei Bedarf nach Fertigstellung des echten Stadthauses noch einmal ersetzt werden, um eventuelle Abweichungen zu korrigieren.<\/p>\n<p style=\"text-align: justify;\">Dar\u00fcber hinaus brachten wir Logos der Stadt und des Lionsclubs auf dem Modell auf, erstellten eine Legende und planten mit dem Auftraggeber die Aufbringung einer zus\u00e4tzlichen Legende und zahlreicher Ortsmarkierungen in Blindenschrift ein. In direkter Absprache mit &#8222;Blista-Brailletec&#8220;, einer gemeinn\u00fctzigen GmbH f\u00fcr Blinden- und Sehbehindertentechnik konnten wir die notwenigen Aussparungen f\u00fcr die sp\u00e4ter gelieferten Braille-Nummerierungen und Braille-Legende exakt einkalkulieren.<\/p>\n<p style=\"text-align: justify;\">Damit unsere Kunden das digital modellierte Endergebnis eingehend pr\u00fcfen konnten, machten wir es als interaktives 3D-Modell zug\u00e4nglich \u00fcber einen einfachen Link. Unabh\u00e4ngig vom Endger\u00e4t konnten sie so das Modell aus allen Richtungen betrachten und begutachten.<\/p>\n<p style=\"text-align: justify;\">Eine Herausforderung des Auftrags war der relativ enge Zeitrahmen zwischen Freigabe des digitalen Modells und des eigentlichen Liefertermins. Wir teilten das gesamte Modell in Einzelabschnitte auf, die exakt an Stra\u00dfenr\u00e4ndern, H\u00e4userkanten und Br\u00fcckenfluchten entlang zerschnitten wurden. Die Einzelteile wurden anschlie\u00dfend in unserem gr\u00f6\u00dften SLA-Drucker hintereinander gestaffelt und so innerhalb von einer Woche gedruckt.Die Unterseiten der Druckteile lie\u00dfen wir offen und brachten Lamellen ein, die beim sp\u00e4teren Abformen in der Gie\u00dferei die notwendige Druckstabilit\u00e4t gew\u00e4hrleisteten.<\/p>\n<p style=\"text-align: justify;\">Abschlie\u00dfend konnten wir die Einzelteile passgenau wieder zusammenf\u00fcgen und das Modell im ganzen an die Gie\u00dferei liefern. So konnten wir den Liefertermin spielend einhalten, trotz der Gr\u00f6\u00dfe und des Detailreichtums des Modells.<\/p>\n<p style=\"text-align: justify;\">[\/et_pb_text][et_pb_image src=&#8220;https:\/\/www.ego-3d.de\/modellbau\/wp-content\/uploads\/2020\/07\/EGO3D_Stadtmodell_Wetzlar_detailiertere_Geb\u00e4ude.jpg&#8220; align_tablet=&#8220;center&#8220; align_phone=&#8220;&#8220; align_last_edited=&#8220;on|desktop&#8220; _builder_version=&#8220;4.16&#8243; custom_margin=&#8220;||15px||false|false&#8220; box_shadow_style=&#8220;preset1&#8243; box_shadow_blur=&#8220;10px&#8220; global_colors_info=&#8220;{}&#8220; theme_builder_area=&#8220;post_content&#8220;][\/et_pb_image][et_pb_text _builder_version=&#8220;4.16&#8243; _module_preset=&#8220;default&#8220; global_colors_info=&#8220;{}&#8220; theme_builder_area=&#8220;post_content&#8220;]<\/p>\n<p><em>Ausschnitt des digitalen Modells<br \/><\/em><\/p>\n<p>[\/et_pb_text][\/et_pb_column][et_pb_column type=&#8220;1_2&#8243; _builder_version=&#8220;4.16&#8243; custom_padding=&#8220;|||&#8220; global_colors_info=&#8220;{}&#8220; custom_padding__hover=&#8220;|||&#8220; theme_builder_area=&#8220;post_content&#8220;][et_pb_image src=&#8220;https:\/\/www.ego-3d.de\/modellbau\/wp-content\/uploads\/2020\/07\/EGO3D_Bauteile_gestaffelt_im_3D-Drucker.jpg&#8220; align_tablet=&#8220;center&#8220; align_phone=&#8220;&#8220; align_last_edited=&#8220;on|desktop&#8220; _builder_version=&#8220;4.16&#8243; custom_margin=&#8220;||15px||false|false&#8220; box_shadow_style=&#8220;preset1&#8243; box_shadow_blur=&#8220;10px&#8220; global_colors_info=&#8220;{}&#8220; theme_builder_area=&#8220;post_content&#8220;][\/et_pb_image][et_pb_text _builder_version=&#8220;4.16&#8243; _module_preset=&#8220;default&#8220; global_colors_info=&#8220;{}&#8220; theme_builder_area=&#8220;post_content&#8220;]<\/p>\n<p><em>Ein Teil des Modells im Druckraum unseres gr\u00f6\u00dften SLA-Druckers<\/em><\/p>\n<p>[\/et_pb_text][et_pb_image src=&#8220;https:\/\/www.ego-3d.de\/modellbau\/wp-content\/uploads\/2020\/09\/EGO3D_fertiges_Stadtmodell_Wetzlar_auf_dem_Domplatz.jpg&#8220; title_text=&#8220;EGO3D_fertiges_Stadtmodell_Wetzlar_auf_dem_Domplatz&#8220; align_tablet=&#8220;center&#8220; align_phone=&#8220;&#8220; align_last_edited=&#8220;on|desktop&#8220; _builder_version=&#8220;4.16&#8243; _module_preset=&#8220;default&#8220; custom_margin=&#8220;||15px||false|false&#8220; box_shadow_style=&#8220;preset1&#8243; box_shadow_blur=&#8220;10px&#8220; global_colors_info=&#8220;{}&#8220; theme_builder_area=&#8220;post_content&#8220;][\/et_pb_image][et_pb_text _builder_version=&#8220;4.16&#8243; _module_preset=&#8220;default&#8220; global_colors_info=&#8220;{}&#8220; theme_builder_area=&#8220;post_content&#8220;]<\/p>\n<p><em>Das fertige Stadtmodell auf dem Domplatz in Wetzlar<br \/><\/em><\/p>\n<p>[\/et_pb_text][et_pb_image src=&#8220;https:\/\/www.ego-3d.de\/modellbau\/wp-content\/uploads\/2020\/09\/EGO3D_fertiges_Stadtmodell_Wetzlar_Ausschnitt.jpg&#8220; title_text=&#8220;EGO3D_fertiges_Stadtmodell_Wetzlar_Ausschnitt&#8220; align_tablet=&#8220;center&#8220; align_phone=&#8220;&#8220; align_last_edited=&#8220;on|desktop&#8220; _builder_version=&#8220;4.16&#8243; _module_preset=&#8220;default&#8220; custom_margin=&#8220;||15px||false|false&#8220; box_shadow_style=&#8220;preset1&#8243; box_shadow_blur=&#8220;10px&#8220; global_colors_info=&#8220;{}&#8220; theme_builder_area=&#8220;post_content&#8220;][\/et_pb_image][et_pb_text _builder_version=&#8220;4.16&#8243; _module_preset=&#8220;default&#8220; global_colors_info=&#8220;{}&#8220; theme_builder_area=&#8220;post_content&#8220;]<\/p>\n<p><em>Ausschnitt mit dem besonders detailiert ausgef\u00fchrten Dom<br \/> <\/em><\/p>\n<p>[\/et_pb_text][\/et_pb_column][\/et_pb_row][et_pb_row _builder_version=&#8220;4.16&#8243; background_color=&#8220;rgba(255,255,255,0.65)&#8220; custom_margin=&#8220;0px||20px|&#8220; custom_padding=&#8220;15px|15px|15px|15px&#8220; box_shadow_style=&#8220;preset1&#8243; global_colors_info=&#8220;{}&#8220; theme_builder_area=&#8220;post_content&#8220;][et_pb_column type=&#8220;4_4&#8243; _builder_version=&#8220;4.16&#8243; custom_padding=&#8220;|||&#8220; global_colors_info=&#8220;{}&#8220; custom_padding__hover=&#8220;|||&#8220; theme_builder_area=&#8220;post_content&#8220;][et_pb_video src=&#8220;https:\/\/www.ego-3d.de\/modellbau\/wp-content\/uploads\/2020\/07\/EGO3D-SLA-Druck_Zeitraffervideo.mp4&#8243; _builder_version=&#8220;4.16&#8243; custom_margin=&#8220;||15px||false|false&#8220; global_colors_info=&#8220;{}&#8220; theme_builder_area=&#8220;post_content&#8220;][\/et_pb_video][\/et_pb_column][\/et_pb_row][et_pb_row _builder_version=&#8220;4.16&#8243; background_color=&#8220;rgba(255,255,255,0.65)&#8220; custom_margin=&#8220;0px||20px|&#8220; custom_padding=&#8220;15px|15px|15px|15px&#8220; box_shadow_style=&#8220;preset1&#8243; global_colors_info=&#8220;{}&#8220; theme_builder_area=&#8220;post_content&#8220;][et_pb_column type=&#8220;4_4&#8243; _builder_version=&#8220;4.16&#8243; custom_padding=&#8220;|||&#8220; global_colors_info=&#8220;{}&#8220; custom_padding__hover=&#8220;|||&#8220; theme_builder_area=&#8220;post_content&#8220;][et_pb_image src=&#8220;https:\/\/www.ego-3d.de\/modellbau\/wp-content\/uploads\/2020\/07\/EGO3D-Vorschau_Stadtmodell_Wetzlar.jpg&#8220; align_tablet=&#8220;center&#8220; align_phone=&#8220;&#8220; align_last_edited=&#8220;on|desktop&#8220; _builder_version=&#8220;4.16&#8243; box_shadow_style=&#8220;preset1&#8243; box_shadow_blur=&#8220;10px&#8220; global_colors_info=&#8220;{}&#8220; theme_builder_area=&#8220;post_content&#8220;][\/et_pb_image][et_pb_text _builder_version=&#8220;4.16&#8243; custom_margin=&#8220;-15px|||&#8220; global_colors_info=&#8220;{}&#8220; theme_builder_area=&#8220;post_content&#8220;]<em>Ein Vorschaubild des fertigen digitalen Modells. Blau markiert wurden hier Bereiche, die sp\u00e4ter mit Tafeln und Pl\u00e4ttchen mit Brailleschrift f\u00fcr Blinde ersetzt wurden. Die genauen Positionen und Gr\u00f6\u00dfen legten wir in Absprache mit dem Hersteller der Brailleschrift fest, so dass sie vor dem Guss auf unser Modell problemlos aufgebracht werden konnten.<\/em>[\/et_pb_text][et_pb_image src=&#8220;https:\/\/www.ego-3d.de\/modellbau\/wp-content\/uploads\/2020\/09\/EGO3D-fertig_gedrucktes_Stadtmodell_Wetzlar_kurz_vor_der_Auslieferung.jpg&#8220; title_text=&#8220;EGO3D-fertig_gedrucktes_Stadtmodell_Wetzlar_kurz_vor_der_Auslieferung&#8220; align_tablet=&#8220;center&#8220; align_phone=&#8220;&#8220; align_last_edited=&#8220;on|desktop&#8220; _builder_version=&#8220;4.16&#8243; box_shadow_style=&#8220;preset1&#8243; box_shadow_blur=&#8220;10px&#8220; global_colors_info=&#8220;{}&#8220; theme_builder_area=&#8220;post_content&#8220;][\/et_pb_image][et_pb_text _builder_version=&#8220;4.16&#8243; custom_margin=&#8220;-15px|||&#8220; global_colors_info=&#8220;{}&#8220; theme_builder_area=&#8220;post_content&#8220;]<em>Das fertig gedruckte Modell kurz vor der Auslieferung<\/em>[\/et_pb_text][et_pb_image src=&#8220;https:\/\/www.ego-3d.de\/modellbau\/wp-content\/uploads\/2020\/09\/EGO3D_fertiges_Stadtmodell_Wetzlar_in_Bronze.jpg&#8220; title_text=&#8220;EGO3D_fertiges_Stadtmodell_Wetzlar_in_Bronze&#8220; align_tablet=&#8220;center&#8220; align_phone=&#8220;&#8220; align_last_edited=&#8220;on|desktop&#8220; module_id=&#8220;anker_arnsburg&#8220; _builder_version=&#8220;4.16&#8243; _module_preset=&#8220;default&#8220; box_shadow_style=&#8220;preset1&#8243; box_shadow_blur=&#8220;10px&#8220; global_colors_info=&#8220;{}&#8220; theme_builder_area=&#8220;post_content&#8220;][\/et_pb_image][et_pb_text _builder_version=&#8220;4.16&#8243; custom_margin=&#8220;-15px|||&#8220; global_colors_info=&#8220;{}&#8220; theme_builder_area=&#8220;post_content&#8220;]<\/p>\n<p><em>Das fertige Stadtmodell auf dem Domplatz in Wetzlar<br \/><\/em><\/p>\n<p>[\/et_pb_text][\/et_pb_column][\/et_pb_row][\/et_pb_section]<\/p>\n","protected":false},"excerpt":{"rendered":"<p>Ein Stadtmodell f\u00fcr Wetzlar: Blindentastmodell der gesamten Altstadt mit Brailleschrift und detailierten Einzelgeb\u00e4uden Der Lionsclub Wetzlar plante f\u00fcr den Domplatz in\u00a0 Wetzlar ein Stadtmodell und beauftragte uns mit der Erstellung des 3D-Modells und der Fertigung eines Gussmodells f\u00fcr eine Kunstgie\u00dferei, mit der wir regelm\u00e4\u00dfig zusammenarbeiten. Wir erstellten das Modell mithilfe von Luftbild- und Satelittenaufnahmen, sowie [&hellip;]<\/p>\n","protected":false},"author":1,"featured_media":0,"parent":0,"menu_order":0,"comment_status":"closed","ping_status":"closed","template":"","meta":{"_et_pb_use_builder":"on","_et_pb_old_content":"","_et_gb_content_width":""},"_links":{"self":[{"href":"https:\/\/www.ego-3d.de\/modellbau\/wp-json\/wp\/v2\/pages\/2942"}],"collection":[{"href":"https:\/\/www.ego-3d.de\/modellbau\/wp-json\/wp\/v2\/pages"}],"about":[{"href":"https:\/\/www.ego-3d.de\/modellbau\/wp-json\/wp\/v2\/types\/page"}],"author":[{"embeddable":true,"href":"https:\/\/www.ego-3d.de\/modellbau\/wp-json\/wp\/v2\/users\/1"}],"replies":[{"embeddable":true,"href":"https:\/\/www.ego-3d.de\/modellbau\/wp-json\/wp\/v2\/comments?post=2942"}],"version-history":[{"count":2,"href":"https:\/\/www.ego-3d.de\/modellbau\/wp-json\/wp\/v2\/pages\/2942\/revisions"}],"predecessor-version":[{"id":2944,"href":"https:\/\/www.ego-3d.de\/modellbau\/wp-json\/wp\/v2\/pages\/2942\/revisions\/2944"}],"wp:attachment":[{"href":"https:\/\/www.ego-3d.de\/modellbau\/wp-json\/wp\/v2\/media?parent=2942"}],"curies":[{"name":"wp","href":"https:\/\/api.w.org\/{rel}","templated":true}]}}