{"id":2921,"date":"2023-03-02T10:08:53","date_gmt":"2023-03-02T09:08:53","guid":{"rendered":"https:\/\/www.ego-3d.de\/modellbau\/?page_id=2921"},"modified":"2023-03-02T11:13:51","modified_gmt":"2023-03-02T10:13:51","slug":"dresnder-residenzschloss","status":"publish","type":"page","link":"https:\/\/www.ego-3d.de\/modellbau\/dresnder-residenzschloss\/","title":{"rendered":"Dresdner Residenzschloss"},"content":{"rendered":"\n[et_pb_section fb_built=&#8220;1&#8243; theme_builder_area=&#8220;post_content&#8220; _builder_version=&#8220;4.19.4&#8243; _module_preset=&#8220;default&#8220; background_color=&#8220;RGBA(255,255,255,0)&#8220; background_enable_image=&#8220;off&#8220; background_size=&#8220;initial&#8220; background_position=&#8220;top_center&#8220; background_repeat=&#8220;repeat-y&#8220;][et_pb_row column_structure=&#8220;1_2,1_2&#8243; _builder_version=&#8220;4.16&#8243; background_color=&#8220;rgba(255,255,255,0.65)&#8220; custom_margin=&#8220;0px||20px|&#8220; custom_padding=&#8220;15px|15px|15px|15px&#8220; box_shadow_style=&#8220;preset1&#8243; global_colors_info=&#8220;{}&#8220; theme_builder_area=&#8220;post_content&#8220;][et_pb_column type=&#8220;1_2&#8243; _builder_version=&#8220;4.16&#8243; custom_padding=&#8220;|||&#8220; global_colors_info=&#8220;{}&#8220; custom_padding__hover=&#8220;|||&#8220; theme_builder_area=&#8220;post_content&#8220;][et_pb_text _builder_version=&#8220;4.16&#8243; global_colors_info=&#8220;{}&#8220; theme_builder_area=&#8220;post_content&#8220;]<h2><strong>Burgmodell Dresdner Residenzschloss:<\/strong><\/h2>\n<h2 style=\"text-align: left;\">3D-Scan, Teilmodellierung der Schlossanlage und 3D-Druck als Gussmodell<strong><br \/><\/strong><\/h2>\n<h2><\/h2>\n<p style=\"text-align: justify;\">Im Dresnder Residenzschloss befindet sich ein filigranes Modell des gesamten Schlosses, das nicht f\u00fcr jeden zug\u00e4nglich ist. Wir bekamen den Auftrag, dieses Schlossmodell einzuscannen und zu modifizieren, damit es sp\u00e4ter in Bronze gegossen werden konnte. Dieses wurde dann in einem der Innenh\u00f6fe aufgestellt, zug\u00e4nglich und ber\u00fchrbar f\u00fcr alle Besucher der Schlossanlage.<\/p>\n<p style=\"text-align: justify;\">Der 3D-Scan fand direkt vor Ort statt. Mit unseren mobilen 3D-Scannern erfassten wir das komplette Modell. Der gro\u00dfe Vorteil der 3D-Scanmethode ist, dass das Modell daf\u00fcr nicht ber\u00fchrt werden muss. So k\u00f6nnen auch hochempfindliche Objekte, wie alte und wertvolle Kunstwerke digitalisiert werden. Auch eine digitale Archivierung von Skulpturen ist so zum Beispiel m\u00f6glich.<\/p>\n<p style=\"text-align: justify;\">Nach dem Scannen arbeiteten wir in das digitale Modell noch einige Einzelheiten ein, die im Original nicht vorhanden waren:<\/p>\n<p style=\"text-align: justify;\">1. Gro\u00dfer Innenhof mit aufw\u00e4ndig nachgebildeten Sgraffito-W\u00e4nden<br \/> Ein wichtiger Meilenstein in der Restaurierung des Dresdner Residenzschlosses war die Wiederherstellung der Sgraffito-W\u00e4nde im gro\u00dfen Innenhof und angrenzenden Geb\u00e4udebereichen. Diese sollten auch in unserem Modell zu sehen sein. Da sie im Ursprungsmodell fehlten, erstellten wir die gesamten Sgraffitow\u00e4nde neu, indem wir anhand zahlreicher Fotografien vor Ort die gesamten Bildmotive als Reliefs modellierten und auf den W\u00e4nden des Modells anbrachten. Aufgrund der hohen Detaildichte der Sgraffitos war es hier unerl\u00e4sslich, dass wir uns mit der Gie\u00dferei genau abstimmten und mit kleinen Probeg\u00fcssen die richtigen Relieftiefen und den maximal m\u00f6glichen Detailgrad ermittelten.<\/p>\n<p style=\"text-align: justify;\">2. Modernes Kuppeldach \u00fcber dem zweiten Innenhof<br \/> Heute ist einer der Innenh\u00f6fe komplett mit einem segmentierten Glaskuppeldach \u00fcberspannt. Dieses sollte auch im neuen Modell angedeutet werden, jedoch nicht vollst\u00e4ndig, damit der Blick in den Innenhof noch frei blieb. Hierzu lieferten wir mehrere Designvorschl\u00e4ge, aus denen der Kunde w\u00e4hlen konnte.<\/p>\n<p style=\"text-align: justify;\">Schlie\u00dflich lieferten wir das gesamte Modell inklusive Sgraffito-Reliefs und angedeutetem Kuppeldach an die beteiligte Gie\u00dferei. Heute steht das fertige Bronzemodell im kleinsten Innenhof des Schlosses, zug\u00e4nglich f\u00fcr alle Besucher des Schlosses, und dient als Orientierungshilfe und Visualisierung der weitl\u00e4ufigen und sehenswerten Schlossanlage.<\/p>[\/et_pb_text][et_pb_image src=&#8220;https:\/\/www.ego-3d.de\/modellbau\/wp-content\/uploads\/2020\/07\/EGO3D_Sgraffitodetails_des_Innenhofs_des_Dresdner_Schlosses_als_Relief.jpg&#8220; align_tablet=&#8220;center&#8220; align_phone=&#8220;&#8220; align_last_edited=&#8220;on|desktop&#8220; _builder_version=&#8220;4.16&#8243; box_shadow_style=&#8220;preset1&#8243; box_shadow_blur=&#8220;10px&#8220; global_colors_info=&#8220;{}&#8220; theme_builder_area=&#8220;post_content&#8220;][\/et_pb_image][et_pb_text _builder_version=&#8220;4.16&#8243; custom_margin=&#8220;-15px|||&#8220; global_colors_info=&#8220;{}&#8220; theme_builder_area=&#8220;post_content&#8220;]<p style=\"text-align: justify;\"><em>Vorschaubild mit Sgraffito-Details des Innenhofs, die im Modell als Relief umgesetzt wurden.<\/em><\/p>[\/et_pb_text][et_pb_image src=&#8220;https:\/\/www.ego-3d.de\/modellbau\/wp-content\/uploads\/2020\/07\/EGO3D_Modellabschnitt_im_3D-Drucker.jpg&#8220; align_tablet=&#8220;center&#8220; align_phone=&#8220;&#8220; align_last_edited=&#8220;on|desktop&#8220; _builder_version=&#8220;4.16&#8243; box_shadow_style=&#8220;preset1&#8243; box_shadow_blur=&#8220;10px&#8220; global_colors_info=&#8220;{}&#8220; theme_builder_area=&#8220;post_content&#8220;][\/et_pb_image][et_pb_text _builder_version=&#8220;4.16&#8243; custom_margin=&#8220;-15px|||&#8220; global_colors_info=&#8220;{}&#8220; theme_builder_area=&#8220;post_content&#8220;]<em>Ein Teilabschnitt des Modells im 3D-Drucker<\/em>[\/et_pb_text][\/et_pb_column][et_pb_column type=&#8220;1_2&#8243; _builder_version=&#8220;4.16&#8243; custom_padding=&#8220;|||&#8220; global_colors_info=&#8220;{}&#8220; custom_padding__hover=&#8220;|||&#8220; theme_builder_area=&#8220;post_content&#8220;][et_pb_image src=&#8220;https:\/\/www.ego-3d.de\/modellbau\/wp-content\/uploads\/2020\/07\/EGO3D_Modell_Dresdner_Schloss-1.jpg&#8220; align_tablet=&#8220;center&#8220; align_phone=&#8220;&#8220; align_last_edited=&#8220;on|desktop&#8220; _builder_version=&#8220;4.16&#8243; box_shadow_style=&#8220;preset1&#8243; box_shadow_blur=&#8220;10px&#8220; global_colors_info=&#8220;{}&#8220; theme_builder_area=&#8220;post_content&#8220;][\/et_pb_image][et_pb_text _builder_version=&#8220;4.16&#8243; custom_margin=&#8220;-15px|||&#8220; global_colors_info=&#8220;{}&#8220; theme_builder_area=&#8220;post_content&#8220;]<p style=\"text-align: justify;\"><em>Eines unserer Vorschaubilder, die dem Kunden unser digitales Modell kurz vor Abschluss der Modellierarbeiten pr\u00e4sentierten<\/em><\/p>[\/et_pb_text][et_pb_image src=&#8220;https:\/\/www.ego-3d.de\/modellbau\/wp-content\/uploads\/2020\/07\/EGO3D_Varianten_des_Kuppeldachs_\u00fcber_dem_kleinen_Schlosshof_des_Dresdner_Residenzschlosses.jpg&#8220; align_tablet=&#8220;center&#8220; align_phone=&#8220;&#8220; align_last_edited=&#8220;on|desktop&#8220; _builder_version=&#8220;4.16&#8243; box_shadow_style=&#8220;preset1&#8243; box_shadow_blur=&#8220;10px&#8220; global_colors_info=&#8220;{}&#8220; theme_builder_area=&#8220;post_content&#8220;][\/et_pb_image][et_pb_text _builder_version=&#8220;4.16&#8243; custom_margin=&#8220;-15px|||&#8220; global_colors_info=&#8220;{}&#8220; theme_builder_area=&#8220;post_content&#8220;]<p style=\"text-align: justify;\"><em>Drei Varianten des Kuppeldachs, das seit einigen Jahren den kleinen Schlosshof \u00fcberspannt. Die untere Variante erm\u00f6glichte weiterhin den Blick in den Innenhof und wurde schlie\u00dflich so \u00e4hnlich umgesetzt.<\/em>\n<em> Besondere Ausf\u00fchrungen wie dieses Kuppeldach sind immer m\u00f6glich. Ein digitales Modell am Rechner kann beliebig erg\u00e4nzt und ver\u00e4ndert werden.<\/em>[\/et_pb_text][et_pb_image src=&#8220;https:\/\/www.ego-3d.de\/modellbau\/wp-content\/uploads\/2020\/07\/EGO3D_das_fertige_Modell_des_Dresdner_Schlosses.jpg&#8220; align_tablet=&#8220;center&#8220; align_phone=&#8220;&#8220; align_last_edited=&#8220;on|desktop&#8220; _builder_version=&#8220;4.16&#8243; box_shadow_style=&#8220;preset1&#8243; box_shadow_blur=&#8220;10px&#8220; global_colors_info=&#8220;{}&#8220; theme_builder_area=&#8220;post_content&#8220;][\/et_pb_image][et_pb_text module_id=&#8220;anker_wetzlar&#8220; _builder_version=&#8220;4.16&#8243; custom_margin=&#8220;-15px|||&#8220; global_colors_info=&#8220;{}&#8220; theme_builder_area=&#8220;post_content&#8220;]<p style=\"text-align: justify;\"><em>Das fertig gegossene Modell bei der Einweihung im B\u00e4rengarten des Residenzschlosses. Das fertige Modell wiegt 200 kg und ist nun f\u00fcr alle Interessierten zug\u00e4nglich und kann ohne Scheu betastet und erkundet werden.<\/em>\n<em> Quelle des Fotos: Dietrich Flechtner<\/em>\n<em> Aus einem Beitrag auf &#8222;DNN &#8211; Dresnder Neueste Nachrichten&#8220;<\/em>[\/et_pb_text][\/et_pb_column][\/et_pb_row][\/et_pb_section]\n","protected":false},"excerpt":{"rendered":"<p>Burgmodell Dresdner Residenzschloss: 3D-Scan, Teilmodellierung der Schlossanlage und 3D-Druck als Gussmodell Im Dresnder Residenzschloss befindet sich ein filigranes Modell des gesamten Schlosses, das nicht f\u00fcr jeden zug\u00e4nglich ist. Wir bekamen den Auftrag, dieses Schlossmodell einzuscannen und zu modifizieren, damit es sp\u00e4ter in Bronze gegossen werden konnte. Dieses wurde dann in einem der Innenh\u00f6fe aufgestellt, zug\u00e4nglich [&hellip;]<\/p>\n","protected":false},"author":1,"featured_media":0,"parent":0,"menu_order":0,"comment_status":"closed","ping_status":"closed","template":"","meta":{"_et_pb_use_builder":"on","_et_pb_old_content":"","_et_gb_content_width":""},"_links":{"self":[{"href":"https:\/\/www.ego-3d.de\/modellbau\/wp-json\/wp\/v2\/pages\/2921"}],"collection":[{"href":"https:\/\/www.ego-3d.de\/modellbau\/wp-json\/wp\/v2\/pages"}],"about":[{"href":"https:\/\/www.ego-3d.de\/modellbau\/wp-json\/wp\/v2\/types\/page"}],"author":[{"embeddable":true,"href":"https:\/\/www.ego-3d.de\/modellbau\/wp-json\/wp\/v2\/users\/1"}],"replies":[{"embeddable":true,"href":"https:\/\/www.ego-3d.de\/modellbau\/wp-json\/wp\/v2\/comments?post=2921"}],"version-history":[{"count":4,"href":"https:\/\/www.ego-3d.de\/modellbau\/wp-json\/wp\/v2\/pages\/2921\/revisions"}],"predecessor-version":[{"id":2980,"href":"https:\/\/www.ego-3d.de\/modellbau\/wp-json\/wp\/v2\/pages\/2921\/revisions\/2980"}],"wp:attachment":[{"href":"https:\/\/www.ego-3d.de\/modellbau\/wp-json\/wp\/v2\/media?parent=2921"}],"curies":[{"name":"wp","href":"https:\/\/api.w.org\/{rel}","templated":true}]}}